

{"id":223279,"date":"2025-03-17T01:33:29","date_gmt":"2025-03-16T23:33:29","guid":{"rendered":"https:\/\/www.alucomfort.be\/product\/waku-ecarteur-mural-avec-des-tampons-tres-larges\/"},"modified":"2025-11-23T21:50:29","modified_gmt":"2025-11-23T19:50:29","slug":"waku-ecarteur-mural-avec-des-tampons-tres-larges","status":"publish","type":"product","link":"https:\/\/www.alucomfort.be\/fr\/product\/waku-ecarteur-mural-avec-des-tampons-tres-larges\/","title":{"rendered":"Waku &#8211; Ecarteur mural avec des tampons tr\u00e8s larges"},"content":{"rendered":"<p>* Entretoise murale Wak\u00fc avec grand support, * Les points de contact extra-larges \u00e9vitent d&rsquo;endommager le mur, * Patins doux, r\u00e9sistants \u00e0 l&rsquo;abrasion et antid\u00e9rapants, * Id\u00e9al \u00e9galement pour une utilisation contre les fa\u00e7ades d&rsquo;isolation thermique, les fa\u00e7ades en verre, les camions, * Convient \u00e0 toutes les \u00e9chelles \u00e0 \u00e9chelons avec une largeur libre d&rsquo;au moins 30 cm, * Montage rapide, * La distance au mur est r\u00e9glable (de 410 mm \u00e0 585 mm).<\/p>\n","protected":false},"excerpt":{"rendered":"<p>Entretoise murale Entretoise murale avec des tampons tr\u00e8s larges<\/p>\n","protected":false},"featured_media":223238,"template":"","meta":{"_acf_changed":false},"product_brand":[],"product_cat":[8059],"product_tag":[],"class_list":{"0":"post-223279","1":"product","2":"type-product","3":"status-publish","4":"has-post-thumbnail","6":"product_cat-echelles-telescopiques","8":"first","9":"instock","10":"taxable","11":"shipping-taxable","12":"purchasable","13":"product-type-simple"},"acf":[],"yoast_head":"<!-- This site is optimized with the Yoast SEO plugin v24.8.1 - https:\/\/yoast.com\/wordpress\/plugins\/seo\/ -->\n<title>S\u00fbr et fiable: \u00e9chelles Wak\u00fc d&#039;Alu Comfort | Alu Comfort |<\/title>\n<meta name=\"description\" content=\"Alu Comfort : gamme Wak\u00fc compl\u00e8te, y compris accessoires et pi\u00e8ces d\u00e9tach\u00e9es. Alu Comfort livre aussi en France.\" \/>\n<meta name=\"robots\" content=\"index, follow, max-snippet:-1, max-image-preview:large, max-video-preview:-1\" \/>\n<link rel=\"canonical\" href=\"https:\/\/www.alucomfort.be\/product\/waku-muurafhouder-met-extra-grote-pads\/\" \/>\n<meta property=\"og:locale\" content=\"fr_FR\" \/>\n<meta property=\"og:type\" content=\"article\" \/>\n<meta property=\"og:title\" content=\"S\u00fbr et fiable: \u00e9chelles Wak\u00fc d&#039;Alu Comfort | Alu Comfort |\" \/>\n<meta property=\"og:description\" content=\"Alu Comfort : gamme Wak\u00fc compl\u00e8te, y compris accessoires et pi\u00e8ces d\u00e9tach\u00e9es. Alu Comfort livre aussi en France.\" \/>\n<meta property=\"og:url\" content=\"https:\/\/www.alucomfort.be\/product\/waku-muurafhouder-met-extra-grote-pads\/\" \/>\n<meta property=\"og:site_name\" content=\"Alu Comfort\" \/>\n<meta property=\"article:modified_time\" content=\"2025-11-23T19:50:29+00:00\" \/>\n<meta property=\"og:image\" content=\"https:\/\/www.alucomfort.be\/wp-content\/uploads\/106D-Wandafstandshouder-Muurafhouder-Ecarteur-Mural-.jpg\" \/>\n\t<meta property=\"og:image:width\" content=\"1920\" \/>\n\t<meta property=\"og:image:height\" content=\"2880\" \/>\n\t<meta property=\"og:image:type\" content=\"image\/jpeg\" \/>\n<meta name=\"twitter:card\" content=\"summary_large_image\" \/>\n<script type=\"application\/ld+json\" class=\"yoast-schema-graph\">{\"@context\":\"https:\/\/schema.org\",\"@graph\":[{\"@type\":\"WebPage\",\"@id\":\"https:\/\/www.alucomfort.be\/product\/waku-muurafhouder-met-extra-grote-pads\/\",\"url\":\"https:\/\/www.alucomfort.be\/product\/waku-muurafhouder-met-extra-grote-pads\/\",\"name\":\"S\u00fbr et fiable: \u00e9chelles Wak\u00fc d'Alu Comfort | Alu Comfort |\",\"isPartOf\":{\"@id\":\"https:\/\/www.alucomfort.be\/#website\"},\"primaryImageOfPage\":{\"@id\":\"https:\/\/www.alucomfort.be\/product\/waku-muurafhouder-met-extra-grote-pads\/#primaryimage\"},\"image\":{\"@id\":\"https:\/\/www.alucomfort.be\/product\/waku-muurafhouder-met-extra-grote-pads\/#primaryimage\"},\"thumbnailUrl\":\"https:\/\/www.alucomfort.be\/wp-content\/uploads\/106D-Wandafstandshouder-Muurafhouder-Ecarteur-Mural-.jpg\",\"datePublished\":\"2025-03-16T23:33:29+00:00\",\"dateModified\":\"2025-11-23T19:50:29+00:00\",\"description\":\"Alu Comfort : gamme Wak\u00fc compl\u00e8te, y compris accessoires et pi\u00e8ces d\u00e9tach\u00e9es. Alu Comfort livre aussi en France.\",\"breadcrumb\":{\"@id\":\"https:\/\/www.alucomfort.be\/product\/waku-muurafhouder-met-extra-grote-pads\/#breadcrumb\"},\"inLanguage\":\"fr-FR\",\"potentialAction\":[{\"@type\":\"ReadAction\",\"target\":[\"https:\/\/www.alucomfort.be\/product\/waku-muurafhouder-met-extra-grote-pads\/\"]}]},{\"@type\":\"ImageObject\",\"inLanguage\":\"fr-FR\",\"@id\":\"https:\/\/www.alucomfort.be\/product\/waku-muurafhouder-met-extra-grote-pads\/#primaryimage\",\"url\":\"https:\/\/www.alucomfort.be\/wp-content\/uploads\/106D-Wandafstandshouder-Muurafhouder-Ecarteur-Mural-.jpg\",\"contentUrl\":\"https:\/\/www.alucomfort.be\/wp-content\/uploads\/106D-Wandafstandshouder-Muurafhouder-Ecarteur-Mural-.jpg\",\"width\":1920,\"height\":2880,\"caption\":\"106D_Wandafstandshouder_Muurafhouder_Ecarteur Mural_\"},{\"@type\":\"BreadcrumbList\",\"@id\":\"https:\/\/www.alucomfort.be\/product\/waku-muurafhouder-met-extra-grote-pads\/#breadcrumb\",\"itemListElement\":[{\"@type\":\"ListItem\",\"position\":1,\"name\":\"Home\",\"item\":\"https:\/\/www.alucomfort.be\/fr\/\"},{\"@type\":\"ListItem\",\"position\":2,\"name\":\"Producten\",\"item\":\"https:\/\/www.alucomfort.be\/producten\/\"},{\"@type\":\"ListItem\",\"position\":3,\"name\":\"Waku &#8211; Ecarteur mural avec des tampons tr\u00e8s larges\"}]},{\"@type\":\"WebSite\",\"@id\":\"https:\/\/www.alucomfort.be\/#website\",\"url\":\"https:\/\/www.alucomfort.be\/\",\"name\":\"Alu Comfort\",\"description\":\"\",\"potentialAction\":[{\"@type\":\"SearchAction\",\"target\":{\"@type\":\"EntryPoint\",\"urlTemplate\":\"https:\/\/www.alucomfort.be\/?s={search_term_string}\"},\"query-input\":{\"@type\":\"PropertyValueSpecification\",\"valueRequired\":true,\"valueName\":\"search_term_string\"}}],\"inLanguage\":\"fr-FR\"}]}<\/script>\n<!-- \/ Yoast SEO plugin. -->","yoast_head_json":{"title":"S\u00fbr et fiable: \u00e9chelles Wak\u00fc d'Alu Comfort | Alu Comfort |","description":"Alu Comfort : gamme Wak\u00fc compl\u00e8te, y compris accessoires et pi\u00e8ces d\u00e9tach\u00e9es. Alu Comfort livre aussi en France.","robots":{"index":"index","follow":"follow","max-snippet":"max-snippet:-1","max-image-preview":"max-image-preview:large","max-video-preview":"max-video-preview:-1"},"canonical":"https:\/\/www.alucomfort.be\/product\/waku-muurafhouder-met-extra-grote-pads\/","og_locale":"fr_FR","og_type":"article","og_title":"S\u00fbr et fiable: \u00e9chelles Wak\u00fc d'Alu Comfort | Alu Comfort |","og_description":"Alu Comfort : gamme Wak\u00fc compl\u00e8te, y compris accessoires et pi\u00e8ces d\u00e9tach\u00e9es. Alu Comfort livre aussi en France.","og_url":"https:\/\/www.alucomfort.be\/product\/waku-muurafhouder-met-extra-grote-pads\/","og_site_name":"Alu Comfort","article_modified_time":"2025-11-23T19:50:29+00:00","og_image":[{"width":1920,"height":2880,"url":"https:\/\/www.alucomfort.be\/wp-content\/uploads\/106D-Wandafstandshouder-Muurafhouder-Ecarteur-Mural-.jpg","type":"image\/jpeg"}],"twitter_card":"summary_large_image","schema":{"@context":"https:\/\/schema.org","@graph":[{"@type":"WebPage","@id":"https:\/\/www.alucomfort.be\/product\/waku-muurafhouder-met-extra-grote-pads\/","url":"https:\/\/www.alucomfort.be\/product\/waku-muurafhouder-met-extra-grote-pads\/","name":"S\u00fbr et fiable: \u00e9chelles Wak\u00fc d'Alu Comfort | Alu Comfort |","isPartOf":{"@id":"https:\/\/www.alucomfort.be\/#website"},"primaryImageOfPage":{"@id":"https:\/\/www.alucomfort.be\/product\/waku-muurafhouder-met-extra-grote-pads\/#primaryimage"},"image":{"@id":"https:\/\/www.alucomfort.be\/product\/waku-muurafhouder-met-extra-grote-pads\/#primaryimage"},"thumbnailUrl":"https:\/\/www.alucomfort.be\/wp-content\/uploads\/106D-Wandafstandshouder-Muurafhouder-Ecarteur-Mural-.jpg","datePublished":"2025-03-16T23:33:29+00:00","dateModified":"2025-11-23T19:50:29+00:00","description":"Alu Comfort : gamme Wak\u00fc compl\u00e8te, y compris accessoires et pi\u00e8ces d\u00e9tach\u00e9es. Alu Comfort livre aussi en France.","breadcrumb":{"@id":"https:\/\/www.alucomfort.be\/product\/waku-muurafhouder-met-extra-grote-pads\/#breadcrumb"},"inLanguage":"fr-FR","potentialAction":[{"@type":"ReadAction","target":["https:\/\/www.alucomfort.be\/product\/waku-muurafhouder-met-extra-grote-pads\/"]}]},{"@type":"ImageObject","inLanguage":"fr-FR","@id":"https:\/\/www.alucomfort.be\/product\/waku-muurafhouder-met-extra-grote-pads\/#primaryimage","url":"https:\/\/www.alucomfort.be\/wp-content\/uploads\/106D-Wandafstandshouder-Muurafhouder-Ecarteur-Mural-.jpg","contentUrl":"https:\/\/www.alucomfort.be\/wp-content\/uploads\/106D-Wandafstandshouder-Muurafhouder-Ecarteur-Mural-.jpg","width":1920,"height":2880,"caption":"106D_Wandafstandshouder_Muurafhouder_Ecarteur Mural_"},{"@type":"BreadcrumbList","@id":"https:\/\/www.alucomfort.be\/product\/waku-muurafhouder-met-extra-grote-pads\/#breadcrumb","itemListElement":[{"@type":"ListItem","position":1,"name":"Home","item":"https:\/\/www.alucomfort.be\/fr\/"},{"@type":"ListItem","position":2,"name":"Producten","item":"https:\/\/www.alucomfort.be\/producten\/"},{"@type":"ListItem","position":3,"name":"Waku &#8211; Ecarteur mural avec des tampons tr\u00e8s larges"}]},{"@type":"WebSite","@id":"https:\/\/www.alucomfort.be\/#website","url":"https:\/\/www.alucomfort.be\/","name":"Alu Comfort","description":"","potentialAction":[{"@type":"SearchAction","target":{"@type":"EntryPoint","urlTemplate":"https:\/\/www.alucomfort.be\/?s={search_term_string}"},"query-input":{"@type":"PropertyValueSpecification","valueRequired":true,"valueName":"search_term_string"}}],"inLanguage":"fr-FR"}]}},"_links":{"self":[{"href":"https:\/\/www.alucomfort.be\/fr\/wp-json\/wp\/v2\/product\/223279","targetHints":{"allow":["GET"]}}],"collection":[{"href":"https:\/\/www.alucomfort.be\/fr\/wp-json\/wp\/v2\/product"}],"about":[{"href":"https:\/\/www.alucomfort.be\/fr\/wp-json\/wp\/v2\/types\/product"}],"wp:featuredmedia":[{"embeddable":true,"href":"https:\/\/www.alucomfort.be\/fr\/wp-json\/wp\/v2\/media\/223238"}],"wp:attachment":[{"href":"https:\/\/www.alucomfort.be\/fr\/wp-json\/wp\/v2\/media?parent=223279"}],"wp:term":[{"taxonomy":"product_brand","embeddable":true,"href":"https:\/\/www.alucomfort.be\/fr\/wp-json\/wp\/v2\/product_brand?post=223279"},{"taxonomy":"product_cat","embeddable":true,"href":"https:\/\/www.alucomfort.be\/fr\/wp-json\/wp\/v2\/product_cat?post=223279"},{"taxonomy":"product_tag","embeddable":true,"href":"https:\/\/www.alucomfort.be\/fr\/wp-json\/wp\/v2\/product_tag?post=223279"}],"curies":[{"name":"wp","href":"https:\/\/api.w.org\/{rel}","templated":true}]}}