

{"id":223281,"date":"2025-03-17T01:33:33","date_gmt":"2025-03-16T23:33:33","guid":{"rendered":"https:\/\/www.alucomfort.be\/product\/waku-echelle-de-laveur-de-vitre-partie-superieure-de-lechelle\/"},"modified":"2025-11-23T21:50:32","modified_gmt":"2025-11-23T19:50:32","slug":"waku-echelle-de-laveur-de-vitre-partie-superieure-de-lechelle","status":"publish","type":"product","link":"https:\/\/www.alucomfort.be\/fr\/product\/waku-echelle-de-laveur-de-vitre-partie-superieure-de-lechelle\/","title":{"rendered":"Wak\u00fc &#8211; \u00e9chelle de laveur de vitre &#8211; partie sup\u00e9rieure de l&rsquo;\u00e9chelle"},"content":{"rendered":"<p>* Transformez votre \u00e9chelle Wak\u00fc en l&rsquo;\u00e9chelle de laveur de vitres id\u00e9ale, * Compatible avec toutes les \u00e9chelles multifonctionnelles Wak\u00fc, * La pointe d&rsquo;\u00e9chelle permet un positionnement sur le cadre de l&rsquo;\u00e9chelle.<\/p>\n","protected":false},"excerpt":{"rendered":"<p>Wak\u00fc extr\u00e9mit\u00e9 en pointe<\/p>\n","protected":false},"featured_media":223242,"template":"","meta":{"_acf_changed":false},"product_brand":[],"product_cat":[8059],"product_tag":[],"class_list":{"0":"post-223281","1":"product","2":"type-product","3":"status-publish","4":"has-post-thumbnail","6":"product_cat-echelles-telescopiques","8":"first","9":"instock","10":"taxable","11":"shipping-taxable","12":"purchasable","13":"product-type-simple"},"acf":[],"yoast_head":"<!-- This site is optimized with the Yoast SEO plugin v24.8.1 - https:\/\/yoast.com\/wordpress\/plugins\/seo\/ -->\n<title>Waku \u00e9chelle t\u00e9lescopique | Alu Comfort |Revendeur officiel<\/title>\n<meta name=\"description\" content=\"Alu Comfort : \u00e9chelles Wak\u00fc pour professionnels et bricoleurs.\" \/>\n<meta name=\"robots\" content=\"index, follow, max-snippet:-1, max-image-preview:large, max-video-preview:-1\" \/>\n<link rel=\"canonical\" href=\"https:\/\/www.alucomfort.be\/product\/waku-laddertop-glazenwasserladder\/\" \/>\n<meta property=\"og:locale\" content=\"fr_FR\" \/>\n<meta property=\"og:type\" content=\"article\" \/>\n<meta property=\"og:title\" content=\"Waku \u00e9chelle t\u00e9lescopique | Alu Comfort |Revendeur officiel\" \/>\n<meta property=\"og:description\" content=\"Alu Comfort : \u00e9chelles Wak\u00fc pour professionnels et bricoleurs.\" \/>\n<meta property=\"og:url\" content=\"https:\/\/www.alucomfort.be\/product\/waku-laddertop-glazenwasserladder\/\" \/>\n<meta property=\"og:site_name\" content=\"Alu Comfort\" \/>\n<meta property=\"article:modified_time\" content=\"2025-11-23T19:50:32+00:00\" \/>\n<meta property=\"og:image\" content=\"https:\/\/www.alucomfort.be\/wp-content\/uploads\/110-Waku-laddertop-Glazenwassersladder-Waku-echelle-de-laveur-de-vitre.jpg\" \/>\n\t<meta property=\"og:image:width\" content=\"1920\" \/>\n\t<meta property=\"og:image:height\" content=\"2880\" \/>\n\t<meta property=\"og:image:type\" content=\"image\/jpeg\" \/>\n<meta name=\"twitter:card\" content=\"summary_large_image\" \/>\n<script type=\"application\/ld+json\" class=\"yoast-schema-graph\">{\"@context\":\"https:\/\/schema.org\",\"@graph\":[{\"@type\":\"WebPage\",\"@id\":\"https:\/\/www.alucomfort.be\/product\/waku-laddertop-glazenwasserladder\/\",\"url\":\"https:\/\/www.alucomfort.be\/product\/waku-laddertop-glazenwasserladder\/\",\"name\":\"Waku \u00e9chelle t\u00e9lescopique | Alu Comfort |Revendeur officiel\",\"isPartOf\":{\"@id\":\"https:\/\/www.alucomfort.be\/#website\"},\"primaryImageOfPage\":{\"@id\":\"https:\/\/www.alucomfort.be\/product\/waku-laddertop-glazenwasserladder\/#primaryimage\"},\"image\":{\"@id\":\"https:\/\/www.alucomfort.be\/product\/waku-laddertop-glazenwasserladder\/#primaryimage\"},\"thumbnailUrl\":\"https:\/\/www.alucomfort.be\/wp-content\/uploads\/110-Waku-laddertop-Glazenwassersladder-Waku-echelle-de-laveur-de-vitre.jpg\",\"datePublished\":\"2025-03-16T23:33:33+00:00\",\"dateModified\":\"2025-11-23T19:50:32+00:00\",\"description\":\"Alu Comfort : \u00e9chelles Wak\u00fc pour professionnels et bricoleurs.\",\"breadcrumb\":{\"@id\":\"https:\/\/www.alucomfort.be\/product\/waku-laddertop-glazenwasserladder\/#breadcrumb\"},\"inLanguage\":\"fr-FR\",\"potentialAction\":[{\"@type\":\"ReadAction\",\"target\":[\"https:\/\/www.alucomfort.be\/product\/waku-laddertop-glazenwasserladder\/\"]}]},{\"@type\":\"ImageObject\",\"inLanguage\":\"fr-FR\",\"@id\":\"https:\/\/www.alucomfort.be\/product\/waku-laddertop-glazenwasserladder\/#primaryimage\",\"url\":\"https:\/\/www.alucomfort.be\/wp-content\/uploads\/110-Waku-laddertop-Glazenwassersladder-Waku-echelle-de-laveur-de-vitre.jpg\",\"contentUrl\":\"https:\/\/www.alucomfort.be\/wp-content\/uploads\/110-Waku-laddertop-Glazenwassersladder-Waku-echelle-de-laveur-de-vitre.jpg\",\"width\":1920,\"height\":2880,\"caption\":\"110_Waku_laddertop_Glazenwassersladder_Wak\u00fc - \u00e9chelle de laveur\"},{\"@type\":\"BreadcrumbList\",\"@id\":\"https:\/\/www.alucomfort.be\/product\/waku-laddertop-glazenwasserladder\/#breadcrumb\",\"itemListElement\":[{\"@type\":\"ListItem\",\"position\":1,\"name\":\"Home\",\"item\":\"https:\/\/www.alucomfort.be\/fr\/\"},{\"@type\":\"ListItem\",\"position\":2,\"name\":\"Producten\",\"item\":\"https:\/\/www.alucomfort.be\/producten\/\"},{\"@type\":\"ListItem\",\"position\":3,\"name\":\"Wak\u00fc &#8211; \u00e9chelle de laveur de vitre &#8211; partie sup\u00e9rieure de l&#8217;\u00e9chelle\"}]},{\"@type\":\"WebSite\",\"@id\":\"https:\/\/www.alucomfort.be\/#website\",\"url\":\"https:\/\/www.alucomfort.be\/\",\"name\":\"Alu Comfort\",\"description\":\"\",\"potentialAction\":[{\"@type\":\"SearchAction\",\"target\":{\"@type\":\"EntryPoint\",\"urlTemplate\":\"https:\/\/www.alucomfort.be\/?s={search_term_string}\"},\"query-input\":{\"@type\":\"PropertyValueSpecification\",\"valueRequired\":true,\"valueName\":\"search_term_string\"}}],\"inLanguage\":\"fr-FR\"}]}<\/script>\n<!-- \/ Yoast SEO plugin. -->","yoast_head_json":{"title":"Waku \u00e9chelle t\u00e9lescopique | Alu Comfort |Revendeur officiel","description":"Alu Comfort : \u00e9chelles Wak\u00fc pour professionnels et bricoleurs.","robots":{"index":"index","follow":"follow","max-snippet":"max-snippet:-1","max-image-preview":"max-image-preview:large","max-video-preview":"max-video-preview:-1"},"canonical":"https:\/\/www.alucomfort.be\/product\/waku-laddertop-glazenwasserladder\/","og_locale":"fr_FR","og_type":"article","og_title":"Waku \u00e9chelle t\u00e9lescopique | Alu Comfort |Revendeur officiel","og_description":"Alu Comfort : \u00e9chelles Wak\u00fc pour professionnels et bricoleurs.","og_url":"https:\/\/www.alucomfort.be\/product\/waku-laddertop-glazenwasserladder\/","og_site_name":"Alu Comfort","article_modified_time":"2025-11-23T19:50:32+00:00","og_image":[{"width":1920,"height":2880,"url":"https:\/\/www.alucomfort.be\/wp-content\/uploads\/110-Waku-laddertop-Glazenwassersladder-Waku-echelle-de-laveur-de-vitre.jpg","type":"image\/jpeg"}],"twitter_card":"summary_large_image","schema":{"@context":"https:\/\/schema.org","@graph":[{"@type":"WebPage","@id":"https:\/\/www.alucomfort.be\/product\/waku-laddertop-glazenwasserladder\/","url":"https:\/\/www.alucomfort.be\/product\/waku-laddertop-glazenwasserladder\/","name":"Waku \u00e9chelle t\u00e9lescopique | Alu Comfort |Revendeur officiel","isPartOf":{"@id":"https:\/\/www.alucomfort.be\/#website"},"primaryImageOfPage":{"@id":"https:\/\/www.alucomfort.be\/product\/waku-laddertop-glazenwasserladder\/#primaryimage"},"image":{"@id":"https:\/\/www.alucomfort.be\/product\/waku-laddertop-glazenwasserladder\/#primaryimage"},"thumbnailUrl":"https:\/\/www.alucomfort.be\/wp-content\/uploads\/110-Waku-laddertop-Glazenwassersladder-Waku-echelle-de-laveur-de-vitre.jpg","datePublished":"2025-03-16T23:33:33+00:00","dateModified":"2025-11-23T19:50:32+00:00","description":"Alu Comfort : \u00e9chelles Wak\u00fc pour professionnels et bricoleurs.","breadcrumb":{"@id":"https:\/\/www.alucomfort.be\/product\/waku-laddertop-glazenwasserladder\/#breadcrumb"},"inLanguage":"fr-FR","potentialAction":[{"@type":"ReadAction","target":["https:\/\/www.alucomfort.be\/product\/waku-laddertop-glazenwasserladder\/"]}]},{"@type":"ImageObject","inLanguage":"fr-FR","@id":"https:\/\/www.alucomfort.be\/product\/waku-laddertop-glazenwasserladder\/#primaryimage","url":"https:\/\/www.alucomfort.be\/wp-content\/uploads\/110-Waku-laddertop-Glazenwassersladder-Waku-echelle-de-laveur-de-vitre.jpg","contentUrl":"https:\/\/www.alucomfort.be\/wp-content\/uploads\/110-Waku-laddertop-Glazenwassersladder-Waku-echelle-de-laveur-de-vitre.jpg","width":1920,"height":2880,"caption":"110_Waku_laddertop_Glazenwassersladder_Wak\u00fc - \u00e9chelle de laveur"},{"@type":"BreadcrumbList","@id":"https:\/\/www.alucomfort.be\/product\/waku-laddertop-glazenwasserladder\/#breadcrumb","itemListElement":[{"@type":"ListItem","position":1,"name":"Home","item":"https:\/\/www.alucomfort.be\/fr\/"},{"@type":"ListItem","position":2,"name":"Producten","item":"https:\/\/www.alucomfort.be\/producten\/"},{"@type":"ListItem","position":3,"name":"Wak\u00fc &#8211; \u00e9chelle de laveur de vitre &#8211; partie sup\u00e9rieure de l&#8217;\u00e9chelle"}]},{"@type":"WebSite","@id":"https:\/\/www.alucomfort.be\/#website","url":"https:\/\/www.alucomfort.be\/","name":"Alu Comfort","description":"","potentialAction":[{"@type":"SearchAction","target":{"@type":"EntryPoint","urlTemplate":"https:\/\/www.alucomfort.be\/?s={search_term_string}"},"query-input":{"@type":"PropertyValueSpecification","valueRequired":true,"valueName":"search_term_string"}}],"inLanguage":"fr-FR"}]}},"_links":{"self":[{"href":"https:\/\/www.alucomfort.be\/fr\/wp-json\/wp\/v2\/product\/223281","targetHints":{"allow":["GET"]}}],"collection":[{"href":"https:\/\/www.alucomfort.be\/fr\/wp-json\/wp\/v2\/product"}],"about":[{"href":"https:\/\/www.alucomfort.be\/fr\/wp-json\/wp\/v2\/types\/product"}],"wp:featuredmedia":[{"embeddable":true,"href":"https:\/\/www.alucomfort.be\/fr\/wp-json\/wp\/v2\/media\/223242"}],"wp:attachment":[{"href":"https:\/\/www.alucomfort.be\/fr\/wp-json\/wp\/v2\/media?parent=223281"}],"wp:term":[{"taxonomy":"product_brand","embeddable":true,"href":"https:\/\/www.alucomfort.be\/fr\/wp-json\/wp\/v2\/product_brand?post=223281"},{"taxonomy":"product_cat","embeddable":true,"href":"https:\/\/www.alucomfort.be\/fr\/wp-json\/wp\/v2\/product_cat?post=223281"},{"taxonomy":"product_tag","embeddable":true,"href":"https:\/\/www.alucomfort.be\/fr\/wp-json\/wp\/v2\/product_tag?post=223281"}],"curies":[{"name":"wp","href":"https:\/\/api.w.org\/{rel}","templated":true}]}}