

{"id":223283,"date":"2025-03-17T01:33:35","date_gmt":"2025-03-16T23:33:35","guid":{"rendered":"https:\/\/www.alucomfort.be\/product\/waku-pointes-de-terre-avec-des-roulettes\/"},"modified":"2025-11-23T21:50:34","modified_gmt":"2025-11-23T19:50:34","slug":"waku-pointes-de-terre-avec-des-roulettes","status":"publish","type":"product","link":"https:\/\/www.alucomfort.be\/fr\/product\/waku-pointes-de-terre-avec-des-roulettes\/","title":{"rendered":"Wak\u00fc &#8211; Pointes de terre avec des roulettes"},"content":{"rendered":"<p>* Avec des roues caoutchout\u00e9es, vous pouvez facilement tirer votre \u00e9chelle derri\u00e8re vous, * L&rsquo;outil multifonction : lorsqu&rsquo;il est mont\u00e9 \u00e0 l&rsquo;envers, les roues se transforment en pointes de sol, offrant une excellente adh\u00e9rence sur l&rsquo;herbe<\/p>\n","protected":false},"excerpt":{"rendered":"<p>Waku piquets avec roues<\/p>\n","protected":false},"featured_media":223246,"template":"","meta":{"_acf_changed":false},"product_brand":[],"product_cat":[8059],"product_tag":[],"class_list":{"0":"post-223283","1":"product","2":"type-product","3":"status-publish","4":"has-post-thumbnail","6":"product_cat-echelles-telescopiques","8":"first","9":"instock","10":"taxable","11":"shipping-taxable","12":"purchasable","13":"product-type-simple"},"acf":[],"yoast_head":"<!-- This site is optimized with the Yoast SEO plugin v24.8.1 - https:\/\/yoast.com\/wordpress\/plugins\/seo\/ -->\n<title>\u00e9chelles Wak\u00fc: qualit\u00e9 sup\u00e9rieure pour chaque t\u00e2che | Alu Comfort |<\/title>\n<meta name=\"description\" content=\"S\u00fbr et fiable : \u00e9chelles Wak\u00fc d&#039;Alu Comfort.\" \/>\n<meta name=\"robots\" content=\"index, follow, max-snippet:-1, max-image-preview:large, max-video-preview:-1\" \/>\n<link rel=\"canonical\" href=\"https:\/\/www.alucomfort.be\/product\/waku-wielen-met-aardpinnen\/\" \/>\n<meta property=\"og:locale\" content=\"fr_FR\" \/>\n<meta property=\"og:type\" content=\"article\" \/>\n<meta property=\"og:title\" content=\"\u00e9chelles Wak\u00fc: qualit\u00e9 sup\u00e9rieure pour chaque t\u00e2che | Alu Comfort |\" \/>\n<meta property=\"og:description\" content=\"S\u00fbr et fiable : \u00e9chelles Wak\u00fc d&#039;Alu Comfort.\" \/>\n<meta property=\"og:url\" content=\"https:\/\/www.alucomfort.be\/product\/waku-wielen-met-aardpinnen\/\" \/>\n<meta property=\"og:site_name\" content=\"Alu Comfort\" \/>\n<meta property=\"article:modified_time\" content=\"2025-11-23T19:50:34+00:00\" \/>\n<meta property=\"og:image\" content=\"https:\/\/www.alucomfort.be\/wp-content\/uploads\/160-Waku-Aardpinnen-Met-Wielen.jpg\" \/>\n\t<meta property=\"og:image:width\" content=\"1561\" \/>\n\t<meta property=\"og:image:height\" content=\"1772\" \/>\n\t<meta property=\"og:image:type\" content=\"image\/jpeg\" \/>\n<meta name=\"twitter:card\" content=\"summary_large_image\" \/>\n<script type=\"application\/ld+json\" class=\"yoast-schema-graph\">{\"@context\":\"https:\/\/schema.org\",\"@graph\":[{\"@type\":\"WebPage\",\"@id\":\"https:\/\/www.alucomfort.be\/product\/waku-wielen-met-aardpinnen\/\",\"url\":\"https:\/\/www.alucomfort.be\/product\/waku-wielen-met-aardpinnen\/\",\"name\":\"\u00e9chelles Wak\u00fc: qualit\u00e9 sup\u00e9rieure pour chaque t\u00e2che | Alu Comfort |\",\"isPartOf\":{\"@id\":\"https:\/\/www.alucomfort.be\/#website\"},\"primaryImageOfPage\":{\"@id\":\"https:\/\/www.alucomfort.be\/product\/waku-wielen-met-aardpinnen\/#primaryimage\"},\"image\":{\"@id\":\"https:\/\/www.alucomfort.be\/product\/waku-wielen-met-aardpinnen\/#primaryimage\"},\"thumbnailUrl\":\"https:\/\/www.alucomfort.be\/wp-content\/uploads\/160-Waku-Aardpinnen-Met-Wielen.jpg\",\"datePublished\":\"2025-03-16T23:33:35+00:00\",\"dateModified\":\"2025-11-23T19:50:34+00:00\",\"description\":\"S\u00fbr et fiable : \u00e9chelles Wak\u00fc d'Alu Comfort.\",\"breadcrumb\":{\"@id\":\"https:\/\/www.alucomfort.be\/product\/waku-wielen-met-aardpinnen\/#breadcrumb\"},\"inLanguage\":\"fr-FR\",\"potentialAction\":[{\"@type\":\"ReadAction\",\"target\":[\"https:\/\/www.alucomfort.be\/product\/waku-wielen-met-aardpinnen\/\"]}]},{\"@type\":\"ImageObject\",\"inLanguage\":\"fr-FR\",\"@id\":\"https:\/\/www.alucomfort.be\/product\/waku-wielen-met-aardpinnen\/#primaryimage\",\"url\":\"https:\/\/www.alucomfort.be\/wp-content\/uploads\/160-Waku-Aardpinnen-Met-Wielen.jpg\",\"contentUrl\":\"https:\/\/www.alucomfort.be\/wp-content\/uploads\/160-Waku-Aardpinnen-Met-Wielen.jpg\",\"width\":1561,\"height\":1772,\"caption\":\"160_Waku_Aardpinnen Met Wielen\"},{\"@type\":\"BreadcrumbList\",\"@id\":\"https:\/\/www.alucomfort.be\/product\/waku-wielen-met-aardpinnen\/#breadcrumb\",\"itemListElement\":[{\"@type\":\"ListItem\",\"position\":1,\"name\":\"Home\",\"item\":\"https:\/\/www.alucomfort.be\/fr\/\"},{\"@type\":\"ListItem\",\"position\":2,\"name\":\"Producten\",\"item\":\"https:\/\/www.alucomfort.be\/producten\/\"},{\"@type\":\"ListItem\",\"position\":3,\"name\":\"Wak\u00fc &#8211; Pointes de terre avec des roulettes\"}]},{\"@type\":\"WebSite\",\"@id\":\"https:\/\/www.alucomfort.be\/#website\",\"url\":\"https:\/\/www.alucomfort.be\/\",\"name\":\"Alu Comfort\",\"description\":\"\",\"potentialAction\":[{\"@type\":\"SearchAction\",\"target\":{\"@type\":\"EntryPoint\",\"urlTemplate\":\"https:\/\/www.alucomfort.be\/?s={search_term_string}\"},\"query-input\":{\"@type\":\"PropertyValueSpecification\",\"valueRequired\":true,\"valueName\":\"search_term_string\"}}],\"inLanguage\":\"fr-FR\"}]}<\/script>\n<!-- \/ Yoast SEO plugin. -->","yoast_head_json":{"title":"\u00e9chelles Wak\u00fc: qualit\u00e9 sup\u00e9rieure pour chaque t\u00e2che | Alu Comfort |","description":"S\u00fbr et fiable : \u00e9chelles Wak\u00fc d'Alu Comfort.","robots":{"index":"index","follow":"follow","max-snippet":"max-snippet:-1","max-image-preview":"max-image-preview:large","max-video-preview":"max-video-preview:-1"},"canonical":"https:\/\/www.alucomfort.be\/product\/waku-wielen-met-aardpinnen\/","og_locale":"fr_FR","og_type":"article","og_title":"\u00e9chelles Wak\u00fc: qualit\u00e9 sup\u00e9rieure pour chaque t\u00e2che | Alu Comfort |","og_description":"S\u00fbr et fiable : \u00e9chelles Wak\u00fc d'Alu Comfort.","og_url":"https:\/\/www.alucomfort.be\/product\/waku-wielen-met-aardpinnen\/","og_site_name":"Alu Comfort","article_modified_time":"2025-11-23T19:50:34+00:00","og_image":[{"width":1561,"height":1772,"url":"https:\/\/www.alucomfort.be\/wp-content\/uploads\/160-Waku-Aardpinnen-Met-Wielen.jpg","type":"image\/jpeg"}],"twitter_card":"summary_large_image","schema":{"@context":"https:\/\/schema.org","@graph":[{"@type":"WebPage","@id":"https:\/\/www.alucomfort.be\/product\/waku-wielen-met-aardpinnen\/","url":"https:\/\/www.alucomfort.be\/product\/waku-wielen-met-aardpinnen\/","name":"\u00e9chelles Wak\u00fc: qualit\u00e9 sup\u00e9rieure pour chaque t\u00e2che | Alu Comfort |","isPartOf":{"@id":"https:\/\/www.alucomfort.be\/#website"},"primaryImageOfPage":{"@id":"https:\/\/www.alucomfort.be\/product\/waku-wielen-met-aardpinnen\/#primaryimage"},"image":{"@id":"https:\/\/www.alucomfort.be\/product\/waku-wielen-met-aardpinnen\/#primaryimage"},"thumbnailUrl":"https:\/\/www.alucomfort.be\/wp-content\/uploads\/160-Waku-Aardpinnen-Met-Wielen.jpg","datePublished":"2025-03-16T23:33:35+00:00","dateModified":"2025-11-23T19:50:34+00:00","description":"S\u00fbr et fiable : \u00e9chelles Wak\u00fc d'Alu Comfort.","breadcrumb":{"@id":"https:\/\/www.alucomfort.be\/product\/waku-wielen-met-aardpinnen\/#breadcrumb"},"inLanguage":"fr-FR","potentialAction":[{"@type":"ReadAction","target":["https:\/\/www.alucomfort.be\/product\/waku-wielen-met-aardpinnen\/"]}]},{"@type":"ImageObject","inLanguage":"fr-FR","@id":"https:\/\/www.alucomfort.be\/product\/waku-wielen-met-aardpinnen\/#primaryimage","url":"https:\/\/www.alucomfort.be\/wp-content\/uploads\/160-Waku-Aardpinnen-Met-Wielen.jpg","contentUrl":"https:\/\/www.alucomfort.be\/wp-content\/uploads\/160-Waku-Aardpinnen-Met-Wielen.jpg","width":1561,"height":1772,"caption":"160_Waku_Aardpinnen Met Wielen"},{"@type":"BreadcrumbList","@id":"https:\/\/www.alucomfort.be\/product\/waku-wielen-met-aardpinnen\/#breadcrumb","itemListElement":[{"@type":"ListItem","position":1,"name":"Home","item":"https:\/\/www.alucomfort.be\/fr\/"},{"@type":"ListItem","position":2,"name":"Producten","item":"https:\/\/www.alucomfort.be\/producten\/"},{"@type":"ListItem","position":3,"name":"Wak\u00fc &#8211; Pointes de terre avec des roulettes"}]},{"@type":"WebSite","@id":"https:\/\/www.alucomfort.be\/#website","url":"https:\/\/www.alucomfort.be\/","name":"Alu Comfort","description":"","potentialAction":[{"@type":"SearchAction","target":{"@type":"EntryPoint","urlTemplate":"https:\/\/www.alucomfort.be\/?s={search_term_string}"},"query-input":{"@type":"PropertyValueSpecification","valueRequired":true,"valueName":"search_term_string"}}],"inLanguage":"fr-FR"}]}},"_links":{"self":[{"href":"https:\/\/www.alucomfort.be\/fr\/wp-json\/wp\/v2\/product\/223283","targetHints":{"allow":["GET"]}}],"collection":[{"href":"https:\/\/www.alucomfort.be\/fr\/wp-json\/wp\/v2\/product"}],"about":[{"href":"https:\/\/www.alucomfort.be\/fr\/wp-json\/wp\/v2\/types\/product"}],"wp:featuredmedia":[{"embeddable":true,"href":"https:\/\/www.alucomfort.be\/fr\/wp-json\/wp\/v2\/media\/223246"}],"wp:attachment":[{"href":"https:\/\/www.alucomfort.be\/fr\/wp-json\/wp\/v2\/media?parent=223283"}],"wp:term":[{"taxonomy":"product_brand","embeddable":true,"href":"https:\/\/www.alucomfort.be\/fr\/wp-json\/wp\/v2\/product_brand?post=223283"},{"taxonomy":"product_cat","embeddable":true,"href":"https:\/\/www.alucomfort.be\/fr\/wp-json\/wp\/v2\/product_cat?post=223283"},{"taxonomy":"product_tag","embeddable":true,"href":"https:\/\/www.alucomfort.be\/fr\/wp-json\/wp\/v2\/product_tag?post=223283"}],"curies":[{"name":"wp","href":"https:\/\/api.w.org\/{rel}","templated":true}]}}