

{"id":223311,"date":"2025-03-19T23:51:47","date_gmt":"2025-03-19T21:51:47","guid":{"rendered":"https:\/\/www.alucomfort.be\/product\/rampe-de-chargement-pour-remorque\/"},"modified":"2025-03-19T23:51:47","modified_gmt":"2025-03-19T21:51:47","slug":"rampe-de-chargement-pour-remorque","status":"publish","type":"product","link":"https:\/\/www.alucomfort.be\/fr\/product\/rampe-de-chargement-pour-remorque\/","title":{"rendered":"Rampe de chargement pour remorque"},"content":{"rendered":"<p>* Rampe de chargement pliable pour charger et d\u00e9charger toutes vos machines rapidement et en toute s\u00e9curit\u00e9, * Dim. pli\u00e9 : 2400 x 240 x 60 mm, * Dim. ouvert : 1230 x 240 x 160 mm, * Charge concentr\u00e9e max. : 500 kg\/plaque, * Charge totale max. : 1000 kg\/paire (entraxe 75 cm), * Poids 14,80 kg, * Avec poign\u00e9es et verrouillage, * Par 2 pi\u00e8ces, * NE convient PAS aux v\u00e9hicules \u00e0 chenilles.<\/p>\n","protected":false},"excerpt":{"rendered":"<p>Plaque de chargement repliable en alu<\/p>\n","protected":false},"featured_media":223306,"template":"","meta":{"_acf_changed":false},"product_brand":[],"product_cat":[9652],"product_tag":[],"class_list":{"0":"post-223311","1":"product","2":"type-product","3":"status-publish","4":"has-post-thumbnail","6":"product_cat-rampes-de-chargement","8":"first","9":"instock","10":"taxable","11":"shipping-taxable","12":"purchasable","13":"product-type-simple"},"acf":[],"yoast_head":"<!-- This site is optimized with the Yoast SEO plugin v24.8.1 - https:\/\/yoast.com\/wordpress\/plugins\/seo\/ -->\n<title>Rampe de chargement pour remorque<\/title>\n<meta name=\"description\" content=\"Plaque de chargement repliable en alu\" \/>\n<meta name=\"robots\" content=\"index, follow, max-snippet:-1, max-image-preview:large, max-video-preview:-1\" \/>\n<link rel=\"canonical\" href=\"https:\/\/www.alucomfort.be\/product\/oprijplaat\/\" \/>\n<meta property=\"og:locale\" content=\"fr_FR\" \/>\n<meta property=\"og:type\" content=\"article\" \/>\n<meta property=\"og:title\" content=\"Rampe de chargement pour remorque\" \/>\n<meta property=\"og:description\" content=\"Plaque de chargement repliable en alu\" \/>\n<meta property=\"og:url\" content=\"https:\/\/www.alucomfort.be\/product\/oprijplaat\/\" \/>\n<meta property=\"og:site_name\" content=\"Alu Comfort\" \/>\n<meta property=\"og:image\" content=\"https:\/\/www.alucomfort.be\/wp-content\/uploads\/Rampe-de-chargement-pour-remorque-Plaque-de-chargement-repliable-en-alu.jpg\" \/>\n\t<meta property=\"og:image:width\" content=\"1920\" \/>\n\t<meta property=\"og:image:height\" content=\"692\" \/>\n\t<meta property=\"og:image:type\" content=\"image\/jpeg\" \/>\n<meta name=\"twitter:card\" content=\"summary_large_image\" \/>\n<script type=\"application\/ld+json\" class=\"yoast-schema-graph\">{\"@context\":\"https:\/\/schema.org\",\"@graph\":[{\"@type\":\"WebPage\",\"@id\":\"https:\/\/www.alucomfort.be\/product\/oprijplaat\/\",\"url\":\"https:\/\/www.alucomfort.be\/product\/oprijplaat\/\",\"name\":\"Rampe de chargement pour remorque\",\"isPartOf\":{\"@id\":\"https:\/\/www.alucomfort.be\/#website\"},\"primaryImageOfPage\":{\"@id\":\"https:\/\/www.alucomfort.be\/product\/oprijplaat\/#primaryimage\"},\"image\":{\"@id\":\"https:\/\/www.alucomfort.be\/product\/oprijplaat\/#primaryimage\"},\"thumbnailUrl\":\"https:\/\/www.alucomfort.be\/wp-content\/uploads\/Rampe-de-chargement-pour-remorque-Plaque-de-chargement-repliable-en-alu.jpg\",\"datePublished\":\"2025-03-19T21:51:47+00:00\",\"description\":\"Plaque de chargement repliable en alu\",\"breadcrumb\":{\"@id\":\"https:\/\/www.alucomfort.be\/product\/oprijplaat\/#breadcrumb\"},\"inLanguage\":\"fr-FR\",\"potentialAction\":[{\"@type\":\"ReadAction\",\"target\":[\"https:\/\/www.alucomfort.be\/product\/oprijplaat\/\"]}]},{\"@type\":\"ImageObject\",\"inLanguage\":\"fr-FR\",\"@id\":\"https:\/\/www.alucomfort.be\/product\/oprijplaat\/#primaryimage\",\"url\":\"https:\/\/www.alucomfort.be\/wp-content\/uploads\/Rampe-de-chargement-pour-remorque-Plaque-de-chargement-repliable-en-alu.jpg\",\"contentUrl\":\"https:\/\/www.alucomfort.be\/wp-content\/uploads\/Rampe-de-chargement-pour-remorque-Plaque-de-chargement-repliable-en-alu.jpg\",\"width\":1920,\"height\":692,\"caption\":\"Rampe de chargement pour remorque_Plaque de chargement repliable en alu\"},{\"@type\":\"BreadcrumbList\",\"@id\":\"https:\/\/www.alucomfort.be\/product\/oprijplaat\/#breadcrumb\",\"itemListElement\":[{\"@type\":\"ListItem\",\"position\":1,\"name\":\"Home\",\"item\":\"https:\/\/www.alucomfort.be\/fr\/\"},{\"@type\":\"ListItem\",\"position\":2,\"name\":\"Producten\",\"item\":\"https:\/\/www.alucomfort.be\/producten\/\"},{\"@type\":\"ListItem\",\"position\":3,\"name\":\"Rampe de chargement pour remorque\"}]},{\"@type\":\"WebSite\",\"@id\":\"https:\/\/www.alucomfort.be\/#website\",\"url\":\"https:\/\/www.alucomfort.be\/\",\"name\":\"Alu Comfort\",\"description\":\"\",\"potentialAction\":[{\"@type\":\"SearchAction\",\"target\":{\"@type\":\"EntryPoint\",\"urlTemplate\":\"https:\/\/www.alucomfort.be\/?s={search_term_string}\"},\"query-input\":{\"@type\":\"PropertyValueSpecification\",\"valueRequired\":true,\"valueName\":\"search_term_string\"}}],\"inLanguage\":\"fr-FR\"}]}<\/script>\n<!-- \/ Yoast SEO plugin. -->","yoast_head_json":{"title":"Rampe de chargement pour remorque","description":"Plaque de chargement repliable en alu","robots":{"index":"index","follow":"follow","max-snippet":"max-snippet:-1","max-image-preview":"max-image-preview:large","max-video-preview":"max-video-preview:-1"},"canonical":"https:\/\/www.alucomfort.be\/product\/oprijplaat\/","og_locale":"fr_FR","og_type":"article","og_title":"Rampe de chargement pour remorque","og_description":"Plaque de chargement repliable en alu","og_url":"https:\/\/www.alucomfort.be\/product\/oprijplaat\/","og_site_name":"Alu Comfort","og_image":[{"width":1920,"height":692,"url":"https:\/\/www.alucomfort.be\/wp-content\/uploads\/Rampe-de-chargement-pour-remorque-Plaque-de-chargement-repliable-en-alu.jpg","type":"image\/jpeg"}],"twitter_card":"summary_large_image","schema":{"@context":"https:\/\/schema.org","@graph":[{"@type":"WebPage","@id":"https:\/\/www.alucomfort.be\/product\/oprijplaat\/","url":"https:\/\/www.alucomfort.be\/product\/oprijplaat\/","name":"Rampe de chargement pour remorque","isPartOf":{"@id":"https:\/\/www.alucomfort.be\/#website"},"primaryImageOfPage":{"@id":"https:\/\/www.alucomfort.be\/product\/oprijplaat\/#primaryimage"},"image":{"@id":"https:\/\/www.alucomfort.be\/product\/oprijplaat\/#primaryimage"},"thumbnailUrl":"https:\/\/www.alucomfort.be\/wp-content\/uploads\/Rampe-de-chargement-pour-remorque-Plaque-de-chargement-repliable-en-alu.jpg","datePublished":"2025-03-19T21:51:47+00:00","description":"Plaque de chargement repliable en alu","breadcrumb":{"@id":"https:\/\/www.alucomfort.be\/product\/oprijplaat\/#breadcrumb"},"inLanguage":"fr-FR","potentialAction":[{"@type":"ReadAction","target":["https:\/\/www.alucomfort.be\/product\/oprijplaat\/"]}]},{"@type":"ImageObject","inLanguage":"fr-FR","@id":"https:\/\/www.alucomfort.be\/product\/oprijplaat\/#primaryimage","url":"https:\/\/www.alucomfort.be\/wp-content\/uploads\/Rampe-de-chargement-pour-remorque-Plaque-de-chargement-repliable-en-alu.jpg","contentUrl":"https:\/\/www.alucomfort.be\/wp-content\/uploads\/Rampe-de-chargement-pour-remorque-Plaque-de-chargement-repliable-en-alu.jpg","width":1920,"height":692,"caption":"Rampe de chargement pour remorque_Plaque de chargement repliable en alu"},{"@type":"BreadcrumbList","@id":"https:\/\/www.alucomfort.be\/product\/oprijplaat\/#breadcrumb","itemListElement":[{"@type":"ListItem","position":1,"name":"Home","item":"https:\/\/www.alucomfort.be\/fr\/"},{"@type":"ListItem","position":2,"name":"Producten","item":"https:\/\/www.alucomfort.be\/producten\/"},{"@type":"ListItem","position":3,"name":"Rampe de chargement pour remorque"}]},{"@type":"WebSite","@id":"https:\/\/www.alucomfort.be\/#website","url":"https:\/\/www.alucomfort.be\/","name":"Alu Comfort","description":"","potentialAction":[{"@type":"SearchAction","target":{"@type":"EntryPoint","urlTemplate":"https:\/\/www.alucomfort.be\/?s={search_term_string}"},"query-input":{"@type":"PropertyValueSpecification","valueRequired":true,"valueName":"search_term_string"}}],"inLanguage":"fr-FR"}]}},"_links":{"self":[{"href":"https:\/\/www.alucomfort.be\/fr\/wp-json\/wp\/v2\/product\/223311","targetHints":{"allow":["GET"]}}],"collection":[{"href":"https:\/\/www.alucomfort.be\/fr\/wp-json\/wp\/v2\/product"}],"about":[{"href":"https:\/\/www.alucomfort.be\/fr\/wp-json\/wp\/v2\/types\/product"}],"wp:featuredmedia":[{"embeddable":true,"href":"https:\/\/www.alucomfort.be\/fr\/wp-json\/wp\/v2\/media\/223306"}],"wp:attachment":[{"href":"https:\/\/www.alucomfort.be\/fr\/wp-json\/wp\/v2\/media?parent=223311"}],"wp:term":[{"taxonomy":"product_brand","embeddable":true,"href":"https:\/\/www.alucomfort.be\/fr\/wp-json\/wp\/v2\/product_brand?post=223311"},{"taxonomy":"product_cat","embeddable":true,"href":"https:\/\/www.alucomfort.be\/fr\/wp-json\/wp\/v2\/product_cat?post=223311"},{"taxonomy":"product_tag","embeddable":true,"href":"https:\/\/www.alucomfort.be\/fr\/wp-json\/wp\/v2\/product_tag?post=223311"}],"curies":[{"name":"wp","href":"https:\/\/api.w.org\/{rel}","templated":true}]}}