

{"id":223353,"date":"2025-03-25T22:25:44","date_gmt":"2025-03-25T20:25:44","guid":{"rendered":"https:\/\/www.alucomfort.be\/product\/plaque-vibrante-pclx-13-40\/"},"modified":"2025-03-25T22:33:45","modified_gmt":"2025-03-25T20:33:45","slug":"plaque-vibrante-pclx-13-40","status":"publish","type":"product","link":"https:\/\/www.alucomfort.be\/fr\/product\/plaque-vibrante-pclx-13-40\/","title":{"rendered":"Plaque vibrante PCLX 13\/40"},"content":{"rendered":"<p>* Plaque vibrante multifonctionnelle adapt\u00e9e \u00e0 tous les types de sols.  V\u00e9ritable outil polyvalent!, * Convient \u00e9galement parfaitement \u00e0 la location, * Disponible en option avec kit d&rsquo;arrosage, kit de roues et\/ou tapis de pavage pour les pav\u00e9s, * \u00c9quip\u00e9e d&rsquo;un moteur Honda GX160, * Dimensions de la plaque : 400 x 606 mm, * Poids : 84 kg.<\/p>\n","protected":false},"excerpt":{"rendered":"<p>Plaque vibrante compact, tr\u00e8s maniable et multifonctionnelle<\/p>\n","protected":false},"featured_media":223344,"template":"","meta":{"_acf_changed":false},"product_brand":[],"product_cat":[9662],"product_tag":[],"class_list":{"0":"post-223353","1":"product","2":"type-product","3":"status-publish","4":"has-post-thumbnail","6":"product_cat-plaque-vibrante","8":"first","9":"outofstock","10":"taxable","11":"shipping-taxable","12":"purchasable","13":"product-type-variable"},"acf":[],"yoast_head":"<!-- This site is optimized with the Yoast SEO plugin v24.8.1 - https:\/\/yoast.com\/wordpress\/plugins\/seo\/ -->\n<title>Plaque vibrante | Alu Comfort | Belle Altrad dealer<\/title>\n<meta name=\"description\" content=\"Plaque vibrante? Chez Alu Comfort \u00e0 Halen : compacte, puissante, efficace. D\u00e9couvrez notre s\u00e9lection!\" \/>\n<meta name=\"robots\" content=\"index, follow, max-snippet:-1, max-image-preview:large, max-video-preview:-1\" \/>\n<link rel=\"canonical\" href=\"https:\/\/www.alucomfort.be\/product\/trilplaat-belle-multifunctioneel-pcx-13-40\/\" \/>\n<meta property=\"og:locale\" content=\"fr_FR\" \/>\n<meta property=\"og:type\" content=\"article\" \/>\n<meta property=\"og:title\" content=\"Plaque vibrante | Alu Comfort | Belle Altrad dealer\" \/>\n<meta property=\"og:description\" content=\"Plaque vibrante? Chez Alu Comfort \u00e0 Halen : compacte, puissante, efficace. D\u00e9couvrez notre s\u00e9lection!\" \/>\n<meta property=\"og:url\" content=\"https:\/\/www.alucomfort.be\/product\/trilplaat-belle-multifunctioneel-pcx-13-40\/\" \/>\n<meta property=\"og:site_name\" content=\"Alu Comfort\" \/>\n<meta property=\"article:modified_time\" content=\"2025-03-25T20:33:45+00:00\" \/>\n<meta property=\"og:image\" content=\"https:\/\/www.alucomfort.be\/wp-content\/uploads\/Plaque-Vibrantes-Marche-avant-Belle-PCLX1340.jpg\" \/>\n\t<meta property=\"og:image:width\" content=\"1920\" \/>\n\t<meta property=\"og:image:height\" content=\"2453\" \/>\n\t<meta property=\"og:image:type\" content=\"image\/jpeg\" \/>\n<meta name=\"twitter:card\" content=\"summary_large_image\" \/>\n<script type=\"application\/ld+json\" class=\"yoast-schema-graph\">{\"@context\":\"https:\/\/schema.org\",\"@graph\":[{\"@type\":\"WebPage\",\"@id\":\"https:\/\/www.alucomfort.be\/product\/trilplaat-belle-multifunctioneel-pcx-13-40\/\",\"url\":\"https:\/\/www.alucomfort.be\/product\/trilplaat-belle-multifunctioneel-pcx-13-40\/\",\"name\":\"Plaque vibrante | Alu Comfort | Belle Altrad dealer\",\"isPartOf\":{\"@id\":\"https:\/\/www.alucomfort.be\/#website\"},\"primaryImageOfPage\":{\"@id\":\"https:\/\/www.alucomfort.be\/product\/trilplaat-belle-multifunctioneel-pcx-13-40\/#primaryimage\"},\"image\":{\"@id\":\"https:\/\/www.alucomfort.be\/product\/trilplaat-belle-multifunctioneel-pcx-13-40\/#primaryimage\"},\"thumbnailUrl\":\"https:\/\/www.alucomfort.be\/wp-content\/uploads\/Plaque-Vibrantes-Marche-avant-Belle-PCLX1340.jpg\",\"datePublished\":\"2025-03-25T20:25:44+00:00\",\"dateModified\":\"2025-03-25T20:33:45+00:00\",\"description\":\"Plaque vibrante? Chez Alu Comfort \u00e0 Halen : compacte, puissante, efficace. D\u00e9couvrez notre s\u00e9lection!\",\"breadcrumb\":{\"@id\":\"https:\/\/www.alucomfort.be\/product\/trilplaat-belle-multifunctioneel-pcx-13-40\/#breadcrumb\"},\"inLanguage\":\"fr-FR\",\"potentialAction\":[{\"@type\":\"ReadAction\",\"target\":[\"https:\/\/www.alucomfort.be\/product\/trilplaat-belle-multifunctioneel-pcx-13-40\/\"]}]},{\"@type\":\"ImageObject\",\"inLanguage\":\"fr-FR\",\"@id\":\"https:\/\/www.alucomfort.be\/product\/trilplaat-belle-multifunctioneel-pcx-13-40\/#primaryimage\",\"url\":\"https:\/\/www.alucomfort.be\/wp-content\/uploads\/Plaque-Vibrantes-Marche-avant-Belle-PCLX1340.jpg\",\"contentUrl\":\"https:\/\/www.alucomfort.be\/wp-content\/uploads\/Plaque-Vibrantes-Marche-avant-Belle-PCLX1340.jpg\",\"width\":1920,\"height\":2453,\"caption\":\"34,35,309,320.843201\"},{\"@type\":\"BreadcrumbList\",\"@id\":\"https:\/\/www.alucomfort.be\/product\/trilplaat-belle-multifunctioneel-pcx-13-40\/#breadcrumb\",\"itemListElement\":[{\"@type\":\"ListItem\",\"position\":1,\"name\":\"Home\",\"item\":\"https:\/\/www.alucomfort.be\/fr\/\"},{\"@type\":\"ListItem\",\"position\":2,\"name\":\"Producten\",\"item\":\"https:\/\/www.alucomfort.be\/producten\/\"},{\"@type\":\"ListItem\",\"position\":3,\"name\":\"Plaque vibrante PCLX 13\/40\"}]},{\"@type\":\"WebSite\",\"@id\":\"https:\/\/www.alucomfort.be\/#website\",\"url\":\"https:\/\/www.alucomfort.be\/\",\"name\":\"Alu Comfort\",\"description\":\"\",\"potentialAction\":[{\"@type\":\"SearchAction\",\"target\":{\"@type\":\"EntryPoint\",\"urlTemplate\":\"https:\/\/www.alucomfort.be\/?s={search_term_string}\"},\"query-input\":{\"@type\":\"PropertyValueSpecification\",\"valueRequired\":true,\"valueName\":\"search_term_string\"}}],\"inLanguage\":\"fr-FR\"}]}<\/script>\n<!-- \/ Yoast SEO plugin. -->","yoast_head_json":{"title":"Plaque vibrante | Alu Comfort | Belle Altrad dealer","description":"Plaque vibrante? Chez Alu Comfort \u00e0 Halen : compacte, puissante, efficace. D\u00e9couvrez notre s\u00e9lection!","robots":{"index":"index","follow":"follow","max-snippet":"max-snippet:-1","max-image-preview":"max-image-preview:large","max-video-preview":"max-video-preview:-1"},"canonical":"https:\/\/www.alucomfort.be\/product\/trilplaat-belle-multifunctioneel-pcx-13-40\/","og_locale":"fr_FR","og_type":"article","og_title":"Plaque vibrante | Alu Comfort | Belle Altrad dealer","og_description":"Plaque vibrante? Chez Alu Comfort \u00e0 Halen : compacte, puissante, efficace. D\u00e9couvrez notre s\u00e9lection!","og_url":"https:\/\/www.alucomfort.be\/product\/trilplaat-belle-multifunctioneel-pcx-13-40\/","og_site_name":"Alu Comfort","article_modified_time":"2025-03-25T20:33:45+00:00","og_image":[{"width":1920,"height":2453,"url":"https:\/\/www.alucomfort.be\/wp-content\/uploads\/Plaque-Vibrantes-Marche-avant-Belle-PCLX1340.jpg","type":"image\/jpeg"}],"twitter_card":"summary_large_image","schema":{"@context":"https:\/\/schema.org","@graph":[{"@type":"WebPage","@id":"https:\/\/www.alucomfort.be\/product\/trilplaat-belle-multifunctioneel-pcx-13-40\/","url":"https:\/\/www.alucomfort.be\/product\/trilplaat-belle-multifunctioneel-pcx-13-40\/","name":"Plaque vibrante | Alu Comfort | Belle Altrad dealer","isPartOf":{"@id":"https:\/\/www.alucomfort.be\/#website"},"primaryImageOfPage":{"@id":"https:\/\/www.alucomfort.be\/product\/trilplaat-belle-multifunctioneel-pcx-13-40\/#primaryimage"},"image":{"@id":"https:\/\/www.alucomfort.be\/product\/trilplaat-belle-multifunctioneel-pcx-13-40\/#primaryimage"},"thumbnailUrl":"https:\/\/www.alucomfort.be\/wp-content\/uploads\/Plaque-Vibrantes-Marche-avant-Belle-PCLX1340.jpg","datePublished":"2025-03-25T20:25:44+00:00","dateModified":"2025-03-25T20:33:45+00:00","description":"Plaque vibrante? Chez Alu Comfort \u00e0 Halen : compacte, puissante, efficace. D\u00e9couvrez notre s\u00e9lection!","breadcrumb":{"@id":"https:\/\/www.alucomfort.be\/product\/trilplaat-belle-multifunctioneel-pcx-13-40\/#breadcrumb"},"inLanguage":"fr-FR","potentialAction":[{"@type":"ReadAction","target":["https:\/\/www.alucomfort.be\/product\/trilplaat-belle-multifunctioneel-pcx-13-40\/"]}]},{"@type":"ImageObject","inLanguage":"fr-FR","@id":"https:\/\/www.alucomfort.be\/product\/trilplaat-belle-multifunctioneel-pcx-13-40\/#primaryimage","url":"https:\/\/www.alucomfort.be\/wp-content\/uploads\/Plaque-Vibrantes-Marche-avant-Belle-PCLX1340.jpg","contentUrl":"https:\/\/www.alucomfort.be\/wp-content\/uploads\/Plaque-Vibrantes-Marche-avant-Belle-PCLX1340.jpg","width":1920,"height":2453,"caption":"34,35,309,320.843201"},{"@type":"BreadcrumbList","@id":"https:\/\/www.alucomfort.be\/product\/trilplaat-belle-multifunctioneel-pcx-13-40\/#breadcrumb","itemListElement":[{"@type":"ListItem","position":1,"name":"Home","item":"https:\/\/www.alucomfort.be\/fr\/"},{"@type":"ListItem","position":2,"name":"Producten","item":"https:\/\/www.alucomfort.be\/producten\/"},{"@type":"ListItem","position":3,"name":"Plaque vibrante PCLX 13\/40"}]},{"@type":"WebSite","@id":"https:\/\/www.alucomfort.be\/#website","url":"https:\/\/www.alucomfort.be\/","name":"Alu Comfort","description":"","potentialAction":[{"@type":"SearchAction","target":{"@type":"EntryPoint","urlTemplate":"https:\/\/www.alucomfort.be\/?s={search_term_string}"},"query-input":{"@type":"PropertyValueSpecification","valueRequired":true,"valueName":"search_term_string"}}],"inLanguage":"fr-FR"}]}},"_links":{"self":[{"href":"https:\/\/www.alucomfort.be\/fr\/wp-json\/wp\/v2\/product\/223353","targetHints":{"allow":["GET"]}}],"collection":[{"href":"https:\/\/www.alucomfort.be\/fr\/wp-json\/wp\/v2\/product"}],"about":[{"href":"https:\/\/www.alucomfort.be\/fr\/wp-json\/wp\/v2\/types\/product"}],"wp:featuredmedia":[{"embeddable":true,"href":"https:\/\/www.alucomfort.be\/fr\/wp-json\/wp\/v2\/media\/223344"}],"wp:attachment":[{"href":"https:\/\/www.alucomfort.be\/fr\/wp-json\/wp\/v2\/media?parent=223353"}],"wp:term":[{"taxonomy":"product_brand","embeddable":true,"href":"https:\/\/www.alucomfort.be\/fr\/wp-json\/wp\/v2\/product_brand?post=223353"},{"taxonomy":"product_cat","embeddable":true,"href":"https:\/\/www.alucomfort.be\/fr\/wp-json\/wp\/v2\/product_cat?post=223353"},{"taxonomy":"product_tag","embeddable":true,"href":"https:\/\/www.alucomfort.be\/fr\/wp-json\/wp\/v2\/product_tag?post=223353"}],"curies":[{"name":"wp","href":"https:\/\/api.w.org\/{rel}","templated":true}]}}