

{"id":223361,"date":"2025-03-26T00:24:39","date_gmt":"2025-03-25T22:24:39","guid":{"rendered":"https:\/\/www.alucomfort.be\/product\/brouette-vabor\/"},"modified":"2025-03-26T00:24:39","modified_gmt":"2025-03-25T22:24:39","slug":"brouette-vabor","status":"publish","type":"product","link":"https:\/\/www.alucomfort.be\/fr\/product\/brouette-vabor\/","title":{"rendered":"Brouette Vabor"},"content":{"rendered":"<p>* La c\u00e9l\u00e8bre brouette Vabor, * Cuve en acier de 90 litres avec ch\u00e2ssis, * Laquage vert, * \u00c9paisseur de la cuve : 1,1 mm, * Barre de basculement et d&rsquo;appui, * Soud\u00e9e, * Supports de cuve, * Poids : +\/- 13,9 kg, * Dimensions : 1440 x 650 x 600 mm.<\/p>\n","protected":false},"excerpt":{"rendered":"<p>Brouette Vabor &#8211; \u00e9paisseur bac: 1,1 mm<\/p>\n","protected":false},"featured_media":223358,"template":"","meta":{"_acf_changed":false},"product_brand":[],"product_cat":[9668],"product_tag":[],"class_list":{"0":"post-223361","1":"product","2":"type-product","3":"status-publish","4":"has-post-thumbnail","6":"product_cat-brouette-vabor","8":"first","9":"instock","10":"taxable","11":"shipping-taxable","12":"purchasable","13":"product-type-simple"},"acf":[],"yoast_head":"<!-- This site is optimized with the Yoast SEO plugin v24.8.1 - https:\/\/yoast.com\/wordpress\/plugins\/seo\/ -->\n<title>Acheter une brouette Vabor? | Alu Comfort | Id\u00e9al pour les travaux de jardinage et de construction.<\/title>\n<meta name=\"description\" content=\"Brouette Vabor \u00e0 vendre chez Alu Comfort ? Robuste, durable et id\u00e9ale pour les travaux de construction et de jardinage. Consultez notre offre !\" \/>\n<meta name=\"robots\" content=\"index, follow, max-snippet:-1, max-image-preview:large, max-video-preview:-1\" \/>\n<link rel=\"canonical\" href=\"https:\/\/www.alucomfort.be\/product\/vabor-kruiwagen\/\" \/>\n<meta property=\"og:locale\" content=\"fr_FR\" \/>\n<meta property=\"og:type\" content=\"article\" \/>\n<meta property=\"og:title\" content=\"Acheter une brouette Vabor? | Alu Comfort | Id\u00e9al pour les travaux de jardinage et de construction.\" \/>\n<meta property=\"og:description\" content=\"Brouette Vabor \u00e0 vendre chez Alu Comfort ? Robuste, durable et id\u00e9ale pour les travaux de construction et de jardinage. Consultez notre offre !\" \/>\n<meta property=\"og:url\" content=\"https:\/\/www.alucomfort.be\/product\/vabor-kruiwagen\/\" \/>\n<meta property=\"og:site_name\" content=\"Alu Comfort\" \/>\n<meta property=\"og:image\" content=\"https:\/\/www.alucomfort.be\/wp-content\/uploads\/Vabor-Kruiwagen-Bouwkruiwagen-Tuinkuiwagen-Brouettes.png\" \/>\n\t<meta property=\"og:image:width\" content=\"1920\" \/>\n\t<meta property=\"og:image:height\" content=\"1223\" \/>\n\t<meta property=\"og:image:type\" content=\"image\/png\" \/>\n<meta name=\"twitter:card\" content=\"summary_large_image\" \/>\n<script type=\"application\/ld+json\" class=\"yoast-schema-graph\">{\"@context\":\"https:\/\/schema.org\",\"@graph\":[{\"@type\":\"WebPage\",\"@id\":\"https:\/\/www.alucomfort.be\/product\/vabor-kruiwagen\/\",\"url\":\"https:\/\/www.alucomfort.be\/product\/vabor-kruiwagen\/\",\"name\":\"Acheter une brouette Vabor? | Alu Comfort | Id\u00e9al pour les travaux de jardinage et de construction.\",\"isPartOf\":{\"@id\":\"https:\/\/www.alucomfort.be\/#website\"},\"primaryImageOfPage\":{\"@id\":\"https:\/\/www.alucomfort.be\/product\/vabor-kruiwagen\/#primaryimage\"},\"image\":{\"@id\":\"https:\/\/www.alucomfort.be\/product\/vabor-kruiwagen\/#primaryimage\"},\"thumbnailUrl\":\"https:\/\/www.alucomfort.be\/wp-content\/uploads\/Vabor-Kruiwagen-Bouwkruiwagen-Tuinkuiwagen-Brouettes.png\",\"datePublished\":\"2025-03-25T22:24:39+00:00\",\"description\":\"Brouette Vabor \u00e0 vendre chez Alu Comfort ? Robuste, durable et id\u00e9ale pour les travaux de construction et de jardinage. Consultez notre offre !\",\"breadcrumb\":{\"@id\":\"https:\/\/www.alucomfort.be\/product\/vabor-kruiwagen\/#breadcrumb\"},\"inLanguage\":\"fr-FR\",\"potentialAction\":[{\"@type\":\"ReadAction\",\"target\":[\"https:\/\/www.alucomfort.be\/product\/vabor-kruiwagen\/\"]}]},{\"@type\":\"ImageObject\",\"inLanguage\":\"fr-FR\",\"@id\":\"https:\/\/www.alucomfort.be\/product\/vabor-kruiwagen\/#primaryimage\",\"url\":\"https:\/\/www.alucomfort.be\/wp-content\/uploads\/Vabor-Kruiwagen-Bouwkruiwagen-Tuinkuiwagen-Brouettes.png\",\"contentUrl\":\"https:\/\/www.alucomfort.be\/wp-content\/uploads\/Vabor-Kruiwagen-Bouwkruiwagen-Tuinkuiwagen-Brouettes.png\",\"width\":1920,\"height\":1223,\"caption\":\"Vabor_Kruiwagen_Bouwkruiwagen_Tuinkuiwagen_Brouettes\"},{\"@type\":\"BreadcrumbList\",\"@id\":\"https:\/\/www.alucomfort.be\/product\/vabor-kruiwagen\/#breadcrumb\",\"itemListElement\":[{\"@type\":\"ListItem\",\"position\":1,\"name\":\"Home\",\"item\":\"https:\/\/www.alucomfort.be\/fr\/\"},{\"@type\":\"ListItem\",\"position\":2,\"name\":\"Producten\",\"item\":\"https:\/\/www.alucomfort.be\/producten\/\"},{\"@type\":\"ListItem\",\"position\":3,\"name\":\"Brouette Vabor\"}]},{\"@type\":\"WebSite\",\"@id\":\"https:\/\/www.alucomfort.be\/#website\",\"url\":\"https:\/\/www.alucomfort.be\/\",\"name\":\"Alu Comfort\",\"description\":\"\",\"potentialAction\":[{\"@type\":\"SearchAction\",\"target\":{\"@type\":\"EntryPoint\",\"urlTemplate\":\"https:\/\/www.alucomfort.be\/?s={search_term_string}\"},\"query-input\":{\"@type\":\"PropertyValueSpecification\",\"valueRequired\":true,\"valueName\":\"search_term_string\"}}],\"inLanguage\":\"fr-FR\"}]}<\/script>\n<!-- \/ Yoast SEO plugin. -->","yoast_head_json":{"title":"Acheter une brouette Vabor? | Alu Comfort | Id\u00e9al pour les travaux de jardinage et de construction.","description":"Brouette Vabor \u00e0 vendre chez Alu Comfort ? Robuste, durable et id\u00e9ale pour les travaux de construction et de jardinage. Consultez notre offre !","robots":{"index":"index","follow":"follow","max-snippet":"max-snippet:-1","max-image-preview":"max-image-preview:large","max-video-preview":"max-video-preview:-1"},"canonical":"https:\/\/www.alucomfort.be\/product\/vabor-kruiwagen\/","og_locale":"fr_FR","og_type":"article","og_title":"Acheter une brouette Vabor? | Alu Comfort | Id\u00e9al pour les travaux de jardinage et de construction.","og_description":"Brouette Vabor \u00e0 vendre chez Alu Comfort ? Robuste, durable et id\u00e9ale pour les travaux de construction et de jardinage. Consultez notre offre !","og_url":"https:\/\/www.alucomfort.be\/product\/vabor-kruiwagen\/","og_site_name":"Alu Comfort","og_image":[{"width":1920,"height":1223,"url":"https:\/\/www.alucomfort.be\/wp-content\/uploads\/Vabor-Kruiwagen-Bouwkruiwagen-Tuinkuiwagen-Brouettes.png","type":"image\/png"}],"twitter_card":"summary_large_image","schema":{"@context":"https:\/\/schema.org","@graph":[{"@type":"WebPage","@id":"https:\/\/www.alucomfort.be\/product\/vabor-kruiwagen\/","url":"https:\/\/www.alucomfort.be\/product\/vabor-kruiwagen\/","name":"Acheter une brouette Vabor? | Alu Comfort | Id\u00e9al pour les travaux de jardinage et de construction.","isPartOf":{"@id":"https:\/\/www.alucomfort.be\/#website"},"primaryImageOfPage":{"@id":"https:\/\/www.alucomfort.be\/product\/vabor-kruiwagen\/#primaryimage"},"image":{"@id":"https:\/\/www.alucomfort.be\/product\/vabor-kruiwagen\/#primaryimage"},"thumbnailUrl":"https:\/\/www.alucomfort.be\/wp-content\/uploads\/Vabor-Kruiwagen-Bouwkruiwagen-Tuinkuiwagen-Brouettes.png","datePublished":"2025-03-25T22:24:39+00:00","description":"Brouette Vabor \u00e0 vendre chez Alu Comfort ? Robuste, durable et id\u00e9ale pour les travaux de construction et de jardinage. Consultez notre offre !","breadcrumb":{"@id":"https:\/\/www.alucomfort.be\/product\/vabor-kruiwagen\/#breadcrumb"},"inLanguage":"fr-FR","potentialAction":[{"@type":"ReadAction","target":["https:\/\/www.alucomfort.be\/product\/vabor-kruiwagen\/"]}]},{"@type":"ImageObject","inLanguage":"fr-FR","@id":"https:\/\/www.alucomfort.be\/product\/vabor-kruiwagen\/#primaryimage","url":"https:\/\/www.alucomfort.be\/wp-content\/uploads\/Vabor-Kruiwagen-Bouwkruiwagen-Tuinkuiwagen-Brouettes.png","contentUrl":"https:\/\/www.alucomfort.be\/wp-content\/uploads\/Vabor-Kruiwagen-Bouwkruiwagen-Tuinkuiwagen-Brouettes.png","width":1920,"height":1223,"caption":"Vabor_Kruiwagen_Bouwkruiwagen_Tuinkuiwagen_Brouettes"},{"@type":"BreadcrumbList","@id":"https:\/\/www.alucomfort.be\/product\/vabor-kruiwagen\/#breadcrumb","itemListElement":[{"@type":"ListItem","position":1,"name":"Home","item":"https:\/\/www.alucomfort.be\/fr\/"},{"@type":"ListItem","position":2,"name":"Producten","item":"https:\/\/www.alucomfort.be\/producten\/"},{"@type":"ListItem","position":3,"name":"Brouette Vabor"}]},{"@type":"WebSite","@id":"https:\/\/www.alucomfort.be\/#website","url":"https:\/\/www.alucomfort.be\/","name":"Alu Comfort","description":"","potentialAction":[{"@type":"SearchAction","target":{"@type":"EntryPoint","urlTemplate":"https:\/\/www.alucomfort.be\/?s={search_term_string}"},"query-input":{"@type":"PropertyValueSpecification","valueRequired":true,"valueName":"search_term_string"}}],"inLanguage":"fr-FR"}]}},"_links":{"self":[{"href":"https:\/\/www.alucomfort.be\/fr\/wp-json\/wp\/v2\/product\/223361","targetHints":{"allow":["GET"]}}],"collection":[{"href":"https:\/\/www.alucomfort.be\/fr\/wp-json\/wp\/v2\/product"}],"about":[{"href":"https:\/\/www.alucomfort.be\/fr\/wp-json\/wp\/v2\/types\/product"}],"wp:featuredmedia":[{"embeddable":true,"href":"https:\/\/www.alucomfort.be\/fr\/wp-json\/wp\/v2\/media\/223358"}],"wp:attachment":[{"href":"https:\/\/www.alucomfort.be\/fr\/wp-json\/wp\/v2\/media?parent=223361"}],"wp:term":[{"taxonomy":"product_brand","embeddable":true,"href":"https:\/\/www.alucomfort.be\/fr\/wp-json\/wp\/v2\/product_brand?post=223361"},{"taxonomy":"product_cat","embeddable":true,"href":"https:\/\/www.alucomfort.be\/fr\/wp-json\/wp\/v2\/product_cat?post=223361"},{"taxonomy":"product_tag","embeddable":true,"href":"https:\/\/www.alucomfort.be\/fr\/wp-json\/wp\/v2\/product_tag?post=223361"}],"curies":[{"name":"wp","href":"https:\/\/api.w.org\/{rel}","templated":true}]}}