

{"id":223408,"date":"2025-03-31T16:55:47","date_gmt":"2025-03-31T14:55:47","guid":{"rendered":"https:\/\/www.alucomfort.be\/product\/plaque-de-calage-carree-pour-grue\/"},"modified":"2025-03-31T17:00:27","modified_gmt":"2025-03-31T15:00:27","slug":"plaque-de-calage-carree-pour-grue","status":"publish","type":"product","link":"https:\/\/www.alucomfort.be\/fr\/product\/plaque-de-calage-carree-pour-grue\/","title":{"rendered":"Plaque de calage carr\u00e9e pour grue"},"content":{"rendered":"<p>* Plaques de stabilisation pour grues, nacelles \u00e9l\u00e9vatrices, pompes \u00e0 b\u00e9ton, grues auxiliaires de chargement ou plateformes, \u0085, * Tapis stabilisateurs de grue pour une utilisation par tous les temps, * Plaques de stabilisation qui sont solides et durables, * Simple et rapide \u00e0 installer et \u00e0 ranger, * Avec des boucles de transport pour une prise et un d\u00e9placement rapides, * Forme: carr\u00e9e, * Couleur : Noir, * En option, possibilit\u00e9 de diverses finitions telles qu&rsquo;une bague frais\u00e9e, une finition antid\u00e9rapante, une gravure de nom ou des cha\u00eenes \u00e0 la place des cordes. Contactez-nous pour cela.<\/p>\n","protected":false},"excerpt":{"rendered":"<p>Plaques de calage robustes pour tous types de grues et de terrains.<\/p>\n","protected":false},"featured_media":223370,"template":"","meta":{"_acf_changed":false},"product_brand":[],"product_cat":[9500],"product_tag":[],"class_list":{"0":"post-223408","1":"product","2":"type-product","3":"status-publish","4":"has-post-thumbnail","6":"product_cat-plaque-de-calage","8":"first","9":"outofstock","10":"taxable","11":"shipping-taxable","12":"purchasable","13":"product-type-variable"},"acf":[],"yoast_head":"<!-- This site is optimized with the Yoast SEO plugin v24.8.1 - https:\/\/yoast.com\/wordpress\/plugins\/seo\/ -->\n<title>Plaques de calage pour grues | Alu Comfort | Revendeur Lodax<\/title>\n<meta name=\"description\" content=\"Plaques de calage de haute qualit\u00e9 pour grues : durables, s\u00fbres et faciles \u00e0 utiliser. Contactez d\u00e8s maintenant Alu Comfort!\" \/>\n<meta name=\"robots\" content=\"index, follow, max-snippet:-1, max-image-preview:large, max-video-preview:-1\" \/>\n<link rel=\"canonical\" href=\"https:\/\/www.alucomfort.be\/product\/vierkante-stempelplaat-voor-kraan\/\" \/>\n<meta property=\"og:locale\" content=\"fr_FR\" \/>\n<meta property=\"og:type\" content=\"article\" \/>\n<meta property=\"og:title\" content=\"Plaques de calage pour grues | Alu Comfort | Revendeur Lodax\" \/>\n<meta property=\"og:description\" content=\"Plaques de calage de haute qualit\u00e9 pour grues : durables, s\u00fbres et faciles \u00e0 utiliser. Contactez d\u00e8s maintenant Alu Comfort!\" \/>\n<meta property=\"og:url\" content=\"https:\/\/www.alucomfort.be\/product\/vierkante-stempelplaat-voor-kraan\/\" \/>\n<meta property=\"og:site_name\" content=\"Alu Comfort\" \/>\n<meta property=\"article:modified_time\" content=\"2025-03-31T15:00:27+00:00\" \/>\n<meta property=\"og:image\" content=\"https:\/\/www.alucomfort.be\/wp-content\/uploads\/Plaque-De-Calage--Plaque-de-Stabilisation-pour-grue-Lodax.png\" \/>\n\t<meta property=\"og:image:width\" content=\"549\" \/>\n\t<meta property=\"og:image:height\" content=\"364\" \/>\n\t<meta property=\"og:image:type\" content=\"image\/png\" \/>\n<meta name=\"twitter:card\" content=\"summary_large_image\" \/>\n<script type=\"application\/ld+json\" class=\"yoast-schema-graph\">{\"@context\":\"https:\/\/schema.org\",\"@graph\":[{\"@type\":\"WebPage\",\"@id\":\"https:\/\/www.alucomfort.be\/product\/vierkante-stempelplaat-voor-kraan\/\",\"url\":\"https:\/\/www.alucomfort.be\/product\/vierkante-stempelplaat-voor-kraan\/\",\"name\":\"Plaques de calage pour grues | Alu Comfort | Revendeur Lodax\",\"isPartOf\":{\"@id\":\"https:\/\/www.alucomfort.be\/#website\"},\"primaryImageOfPage\":{\"@id\":\"https:\/\/www.alucomfort.be\/product\/vierkante-stempelplaat-voor-kraan\/#primaryimage\"},\"image\":{\"@id\":\"https:\/\/www.alucomfort.be\/product\/vierkante-stempelplaat-voor-kraan\/#primaryimage\"},\"thumbnailUrl\":\"https:\/\/www.alucomfort.be\/wp-content\/uploads\/Plaque-De-Calage--Plaque-de-Stabilisation-pour-grue-Lodax.png\",\"datePublished\":\"2025-03-31T14:55:47+00:00\",\"dateModified\":\"2025-03-31T15:00:27+00:00\",\"description\":\"Plaques de calage de haute qualit\u00e9 pour grues : durables, s\u00fbres et faciles \u00e0 utiliser. Contactez d\u00e8s maintenant Alu Comfort!\",\"breadcrumb\":{\"@id\":\"https:\/\/www.alucomfort.be\/product\/vierkante-stempelplaat-voor-kraan\/#breadcrumb\"},\"inLanguage\":\"fr-FR\",\"potentialAction\":[{\"@type\":\"ReadAction\",\"target\":[\"https:\/\/www.alucomfort.be\/product\/vierkante-stempelplaat-voor-kraan\/\"]}]},{\"@type\":\"ImageObject\",\"inLanguage\":\"fr-FR\",\"@id\":\"https:\/\/www.alucomfort.be\/product\/vierkante-stempelplaat-voor-kraan\/#primaryimage\",\"url\":\"https:\/\/www.alucomfort.be\/wp-content\/uploads\/Plaque-De-Calage--Plaque-de-Stabilisation-pour-grue-Lodax.png\",\"contentUrl\":\"https:\/\/www.alucomfort.be\/wp-content\/uploads\/Plaque-De-Calage--Plaque-de-Stabilisation-pour-grue-Lodax.png\",\"width\":549,\"height\":364,\"caption\":\"Plaque De Calage__Plaque_de_Stabilisation_pour_grue_Lodax\"},{\"@type\":\"BreadcrumbList\",\"@id\":\"https:\/\/www.alucomfort.be\/product\/vierkante-stempelplaat-voor-kraan\/#breadcrumb\",\"itemListElement\":[{\"@type\":\"ListItem\",\"position\":1,\"name\":\"Home\",\"item\":\"https:\/\/www.alucomfort.be\/fr\/\"},{\"@type\":\"ListItem\",\"position\":2,\"name\":\"Producten\",\"item\":\"https:\/\/www.alucomfort.be\/producten\/\"},{\"@type\":\"ListItem\",\"position\":3,\"name\":\"Plaque de calage carr\u00e9e pour grue\"}]},{\"@type\":\"WebSite\",\"@id\":\"https:\/\/www.alucomfort.be\/#website\",\"url\":\"https:\/\/www.alucomfort.be\/\",\"name\":\"Alu Comfort\",\"description\":\"\",\"potentialAction\":[{\"@type\":\"SearchAction\",\"target\":{\"@type\":\"EntryPoint\",\"urlTemplate\":\"https:\/\/www.alucomfort.be\/?s={search_term_string}\"},\"query-input\":{\"@type\":\"PropertyValueSpecification\",\"valueRequired\":true,\"valueName\":\"search_term_string\"}}],\"inLanguage\":\"fr-FR\"}]}<\/script>\n<!-- \/ Yoast SEO plugin. -->","yoast_head_json":{"title":"Plaques de calage pour grues | Alu Comfort | Revendeur Lodax","description":"Plaques de calage de haute qualit\u00e9 pour grues : durables, s\u00fbres et faciles \u00e0 utiliser. Contactez d\u00e8s maintenant Alu Comfort!","robots":{"index":"index","follow":"follow","max-snippet":"max-snippet:-1","max-image-preview":"max-image-preview:large","max-video-preview":"max-video-preview:-1"},"canonical":"https:\/\/www.alucomfort.be\/product\/vierkante-stempelplaat-voor-kraan\/","og_locale":"fr_FR","og_type":"article","og_title":"Plaques de calage pour grues | Alu Comfort | Revendeur Lodax","og_description":"Plaques de calage de haute qualit\u00e9 pour grues : durables, s\u00fbres et faciles \u00e0 utiliser. Contactez d\u00e8s maintenant Alu Comfort!","og_url":"https:\/\/www.alucomfort.be\/product\/vierkante-stempelplaat-voor-kraan\/","og_site_name":"Alu Comfort","article_modified_time":"2025-03-31T15:00:27+00:00","og_image":[{"width":549,"height":364,"url":"https:\/\/www.alucomfort.be\/wp-content\/uploads\/Plaque-De-Calage--Plaque-de-Stabilisation-pour-grue-Lodax.png","type":"image\/png"}],"twitter_card":"summary_large_image","schema":{"@context":"https:\/\/schema.org","@graph":[{"@type":"WebPage","@id":"https:\/\/www.alucomfort.be\/product\/vierkante-stempelplaat-voor-kraan\/","url":"https:\/\/www.alucomfort.be\/product\/vierkante-stempelplaat-voor-kraan\/","name":"Plaques de calage pour grues | Alu Comfort | Revendeur Lodax","isPartOf":{"@id":"https:\/\/www.alucomfort.be\/#website"},"primaryImageOfPage":{"@id":"https:\/\/www.alucomfort.be\/product\/vierkante-stempelplaat-voor-kraan\/#primaryimage"},"image":{"@id":"https:\/\/www.alucomfort.be\/product\/vierkante-stempelplaat-voor-kraan\/#primaryimage"},"thumbnailUrl":"https:\/\/www.alucomfort.be\/wp-content\/uploads\/Plaque-De-Calage--Plaque-de-Stabilisation-pour-grue-Lodax.png","datePublished":"2025-03-31T14:55:47+00:00","dateModified":"2025-03-31T15:00:27+00:00","description":"Plaques de calage de haute qualit\u00e9 pour grues : durables, s\u00fbres et faciles \u00e0 utiliser. Contactez d\u00e8s maintenant Alu Comfort!","breadcrumb":{"@id":"https:\/\/www.alucomfort.be\/product\/vierkante-stempelplaat-voor-kraan\/#breadcrumb"},"inLanguage":"fr-FR","potentialAction":[{"@type":"ReadAction","target":["https:\/\/www.alucomfort.be\/product\/vierkante-stempelplaat-voor-kraan\/"]}]},{"@type":"ImageObject","inLanguage":"fr-FR","@id":"https:\/\/www.alucomfort.be\/product\/vierkante-stempelplaat-voor-kraan\/#primaryimage","url":"https:\/\/www.alucomfort.be\/wp-content\/uploads\/Plaque-De-Calage--Plaque-de-Stabilisation-pour-grue-Lodax.png","contentUrl":"https:\/\/www.alucomfort.be\/wp-content\/uploads\/Plaque-De-Calage--Plaque-de-Stabilisation-pour-grue-Lodax.png","width":549,"height":364,"caption":"Plaque De Calage__Plaque_de_Stabilisation_pour_grue_Lodax"},{"@type":"BreadcrumbList","@id":"https:\/\/www.alucomfort.be\/product\/vierkante-stempelplaat-voor-kraan\/#breadcrumb","itemListElement":[{"@type":"ListItem","position":1,"name":"Home","item":"https:\/\/www.alucomfort.be\/fr\/"},{"@type":"ListItem","position":2,"name":"Producten","item":"https:\/\/www.alucomfort.be\/producten\/"},{"@type":"ListItem","position":3,"name":"Plaque de calage carr\u00e9e pour grue"}]},{"@type":"WebSite","@id":"https:\/\/www.alucomfort.be\/#website","url":"https:\/\/www.alucomfort.be\/","name":"Alu Comfort","description":"","potentialAction":[{"@type":"SearchAction","target":{"@type":"EntryPoint","urlTemplate":"https:\/\/www.alucomfort.be\/?s={search_term_string}"},"query-input":{"@type":"PropertyValueSpecification","valueRequired":true,"valueName":"search_term_string"}}],"inLanguage":"fr-FR"}]}},"_links":{"self":[{"href":"https:\/\/www.alucomfort.be\/fr\/wp-json\/wp\/v2\/product\/223408","targetHints":{"allow":["GET"]}}],"collection":[{"href":"https:\/\/www.alucomfort.be\/fr\/wp-json\/wp\/v2\/product"}],"about":[{"href":"https:\/\/www.alucomfort.be\/fr\/wp-json\/wp\/v2\/types\/product"}],"wp:featuredmedia":[{"embeddable":true,"href":"https:\/\/www.alucomfort.be\/fr\/wp-json\/wp\/v2\/media\/223370"}],"wp:attachment":[{"href":"https:\/\/www.alucomfort.be\/fr\/wp-json\/wp\/v2\/media?parent=223408"}],"wp:term":[{"taxonomy":"product_brand","embeddable":true,"href":"https:\/\/www.alucomfort.be\/fr\/wp-json\/wp\/v2\/product_brand?post=223408"},{"taxonomy":"product_cat","embeddable":true,"href":"https:\/\/www.alucomfort.be\/fr\/wp-json\/wp\/v2\/product_cat?post=223408"},{"taxonomy":"product_tag","embeddable":true,"href":"https:\/\/www.alucomfort.be\/fr\/wp-json\/wp\/v2\/product_tag?post=223408"}],"curies":[{"name":"wp","href":"https:\/\/api.w.org\/{rel}","templated":true}]}}