

{"id":223500,"date":"2025-03-31T16:56:59","date_gmt":"2025-03-31T14:56:59","guid":{"rendered":"https:\/\/www.alucomfort.be\/product\/plaque-de-protection-de-sol-pour-bennes-amovibles\/"},"modified":"2025-03-31T17:01:10","modified_gmt":"2025-03-31T15:01:10","slug":"plaque-de-protection-de-sol-pour-bennes-amovibles","status":"publish","type":"product","link":"https:\/\/www.alucomfort.be\/fr\/product\/plaque-de-protection-de-sol-pour-bennes-amovibles\/","title":{"rendered":"Plaque de protection de sol pour bennes amovibles"},"content":{"rendered":"<p>* Plaque de protection pour le sol.  Solution simple pour \u00e9viter d&rsquo;endommager le sol (asphalte, pav\u00e9s,\u0085) lors du placement ou du retrait de conteneurs, * Mise en place rapide et facile, * De forme rectangulaire, * Charge max.: 25 T, * Dim.: 665 x 240 mm, * Poids: 7 kg<\/p>\n","protected":false},"excerpt":{"rendered":"<p>Plaque de protection pour le sol.  Pour \u00e9viter d&rsquo;endommager le sol (asphalte, pav\u00e9s,\u0085) lors du placement ou du retrait de conteneurs.<\/p>\n","protected":false},"featured_media":223403,"template":"","meta":{"_acf_changed":false},"product_brand":[],"product_cat":[9500],"product_tag":[],"class_list":{"0":"post-223500","1":"product","2":"type-product","3":"status-publish","4":"has-post-thumbnail","6":"product_cat-plaque-de-calage","8":"first","9":"instock","10":"taxable","11":"shipping-taxable","12":"purchasable","13":"product-type-simple"},"acf":[],"yoast_head":"<!-- This site is optimized with the Yoast SEO plugin v24.8.1 - https:\/\/yoast.com\/wordpress\/plugins\/seo\/ -->\n<title>Plaque de protection de sol pour bennes amovibles | Alu Comfort | Plaques de stabilisation<\/title>\n<meta name=\"description\" content=\"Solution simple et super pratique pour \u00e9viter d&#039;endommager le sol lors du placement ou de l&#039;enl\u00e8vement de bennes. Contactez Alu Comfort d\u00e8s maintenant!\" \/>\n<meta name=\"robots\" content=\"index, follow, max-snippet:-1, max-image-preview:large, max-video-preview:-1\" \/>\n<link rel=\"canonical\" href=\"https:\/\/www.alucomfort.be\/product\/afzetcontainer-pad-grondbeschermingsplaat\/\" \/>\n<meta property=\"og:locale\" content=\"fr_FR\" \/>\n<meta property=\"og:type\" content=\"article\" \/>\n<meta property=\"og:title\" content=\"Plaque de protection de sol pour bennes amovibles | Alu Comfort | Plaques de stabilisation\" \/>\n<meta property=\"og:description\" content=\"Solution simple et super pratique pour \u00e9viter d&#039;endommager le sol lors du placement ou de l&#039;enl\u00e8vement de bennes. Contactez Alu Comfort d\u00e8s maintenant!\" \/>\n<meta property=\"og:url\" content=\"https:\/\/www.alucomfort.be\/product\/afzetcontainer-pad-grondbeschermingsplaat\/\" \/>\n<meta property=\"og:site_name\" content=\"Alu Comfort\" \/>\n<meta property=\"article:modified_time\" content=\"2025-03-31T15:01:10+00:00\" \/>\n<meta property=\"og:image\" content=\"https:\/\/www.alucomfort.be\/wp-content\/uploads\/Grondplaat-voor-afzetcontainers-Plaque-pour-conteneur-amovible.png\" \/>\n\t<meta property=\"og:image:width\" content=\"840\" \/>\n\t<meta property=\"og:image:height\" content=\"574\" \/>\n\t<meta property=\"og:image:type\" content=\"image\/png\" \/>\n<meta name=\"twitter:card\" content=\"summary_large_image\" \/>\n<script type=\"application\/ld+json\" class=\"yoast-schema-graph\">{\"@context\":\"https:\/\/schema.org\",\"@graph\":[{\"@type\":\"WebPage\",\"@id\":\"https:\/\/www.alucomfort.be\/product\/afzetcontainer-pad-grondbeschermingsplaat\/\",\"url\":\"https:\/\/www.alucomfort.be\/product\/afzetcontainer-pad-grondbeschermingsplaat\/\",\"name\":\"Plaque de protection de sol pour bennes amovibles | Alu Comfort | Plaques de stabilisation\",\"isPartOf\":{\"@id\":\"https:\/\/www.alucomfort.be\/#website\"},\"primaryImageOfPage\":{\"@id\":\"https:\/\/www.alucomfort.be\/product\/afzetcontainer-pad-grondbeschermingsplaat\/#primaryimage\"},\"image\":{\"@id\":\"https:\/\/www.alucomfort.be\/product\/afzetcontainer-pad-grondbeschermingsplaat\/#primaryimage\"},\"thumbnailUrl\":\"https:\/\/www.alucomfort.be\/wp-content\/uploads\/Grondplaat-voor-afzetcontainers-Plaque-pour-conteneur-amovible.png\",\"datePublished\":\"2025-03-31T14:56:59+00:00\",\"dateModified\":\"2025-03-31T15:01:10+00:00\",\"description\":\"Solution simple et super pratique pour \u00e9viter d'endommager le sol lors du placement ou de l'enl\u00e8vement de bennes. Contactez Alu Comfort d\u00e8s maintenant!\",\"breadcrumb\":{\"@id\":\"https:\/\/www.alucomfort.be\/product\/afzetcontainer-pad-grondbeschermingsplaat\/#breadcrumb\"},\"inLanguage\":\"fr-FR\",\"potentialAction\":[{\"@type\":\"ReadAction\",\"target\":[\"https:\/\/www.alucomfort.be\/product\/afzetcontainer-pad-grondbeschermingsplaat\/\"]}]},{\"@type\":\"ImageObject\",\"inLanguage\":\"fr-FR\",\"@id\":\"https:\/\/www.alucomfort.be\/product\/afzetcontainer-pad-grondbeschermingsplaat\/#primaryimage\",\"url\":\"https:\/\/www.alucomfort.be\/wp-content\/uploads\/Grondplaat-voor-afzetcontainers-Plaque-pour-conteneur-amovible.png\",\"contentUrl\":\"https:\/\/www.alucomfort.be\/wp-content\/uploads\/Grondplaat-voor-afzetcontainers-Plaque-pour-conteneur-amovible.png\",\"width\":840,\"height\":574,\"caption\":\"Grondplaat voor afzetcontainers_Plaque pour conteneur amovible\"},{\"@type\":\"BreadcrumbList\",\"@id\":\"https:\/\/www.alucomfort.be\/product\/afzetcontainer-pad-grondbeschermingsplaat\/#breadcrumb\",\"itemListElement\":[{\"@type\":\"ListItem\",\"position\":1,\"name\":\"Home\",\"item\":\"https:\/\/www.alucomfort.be\/fr\/\"},{\"@type\":\"ListItem\",\"position\":2,\"name\":\"Producten\",\"item\":\"https:\/\/www.alucomfort.be\/producten\/\"},{\"@type\":\"ListItem\",\"position\":3,\"name\":\"Plaque de protection de sol pour bennes amovibles\"}]},{\"@type\":\"WebSite\",\"@id\":\"https:\/\/www.alucomfort.be\/#website\",\"url\":\"https:\/\/www.alucomfort.be\/\",\"name\":\"Alu Comfort\",\"description\":\"\",\"potentialAction\":[{\"@type\":\"SearchAction\",\"target\":{\"@type\":\"EntryPoint\",\"urlTemplate\":\"https:\/\/www.alucomfort.be\/?s={search_term_string}\"},\"query-input\":{\"@type\":\"PropertyValueSpecification\",\"valueRequired\":true,\"valueName\":\"search_term_string\"}}],\"inLanguage\":\"fr-FR\"}]}<\/script>\n<!-- \/ Yoast SEO plugin. -->","yoast_head_json":{"title":"Plaque de protection de sol pour bennes amovibles | Alu Comfort | Plaques de stabilisation","description":"Solution simple et super pratique pour \u00e9viter d'endommager le sol lors du placement ou de l'enl\u00e8vement de bennes. Contactez Alu Comfort d\u00e8s maintenant!","robots":{"index":"index","follow":"follow","max-snippet":"max-snippet:-1","max-image-preview":"max-image-preview:large","max-video-preview":"max-video-preview:-1"},"canonical":"https:\/\/www.alucomfort.be\/product\/afzetcontainer-pad-grondbeschermingsplaat\/","og_locale":"fr_FR","og_type":"article","og_title":"Plaque de protection de sol pour bennes amovibles | Alu Comfort | Plaques de stabilisation","og_description":"Solution simple et super pratique pour \u00e9viter d'endommager le sol lors du placement ou de l'enl\u00e8vement de bennes. Contactez Alu Comfort d\u00e8s maintenant!","og_url":"https:\/\/www.alucomfort.be\/product\/afzetcontainer-pad-grondbeschermingsplaat\/","og_site_name":"Alu Comfort","article_modified_time":"2025-03-31T15:01:10+00:00","og_image":[{"width":840,"height":574,"url":"https:\/\/www.alucomfort.be\/wp-content\/uploads\/Grondplaat-voor-afzetcontainers-Plaque-pour-conteneur-amovible.png","type":"image\/png"}],"twitter_card":"summary_large_image","schema":{"@context":"https:\/\/schema.org","@graph":[{"@type":"WebPage","@id":"https:\/\/www.alucomfort.be\/product\/afzetcontainer-pad-grondbeschermingsplaat\/","url":"https:\/\/www.alucomfort.be\/product\/afzetcontainer-pad-grondbeschermingsplaat\/","name":"Plaque de protection de sol pour bennes amovibles | Alu Comfort | Plaques de stabilisation","isPartOf":{"@id":"https:\/\/www.alucomfort.be\/#website"},"primaryImageOfPage":{"@id":"https:\/\/www.alucomfort.be\/product\/afzetcontainer-pad-grondbeschermingsplaat\/#primaryimage"},"image":{"@id":"https:\/\/www.alucomfort.be\/product\/afzetcontainer-pad-grondbeschermingsplaat\/#primaryimage"},"thumbnailUrl":"https:\/\/www.alucomfort.be\/wp-content\/uploads\/Grondplaat-voor-afzetcontainers-Plaque-pour-conteneur-amovible.png","datePublished":"2025-03-31T14:56:59+00:00","dateModified":"2025-03-31T15:01:10+00:00","description":"Solution simple et super pratique pour \u00e9viter d'endommager le sol lors du placement ou de l'enl\u00e8vement de bennes. Contactez Alu Comfort d\u00e8s maintenant!","breadcrumb":{"@id":"https:\/\/www.alucomfort.be\/product\/afzetcontainer-pad-grondbeschermingsplaat\/#breadcrumb"},"inLanguage":"fr-FR","potentialAction":[{"@type":"ReadAction","target":["https:\/\/www.alucomfort.be\/product\/afzetcontainer-pad-grondbeschermingsplaat\/"]}]},{"@type":"ImageObject","inLanguage":"fr-FR","@id":"https:\/\/www.alucomfort.be\/product\/afzetcontainer-pad-grondbeschermingsplaat\/#primaryimage","url":"https:\/\/www.alucomfort.be\/wp-content\/uploads\/Grondplaat-voor-afzetcontainers-Plaque-pour-conteneur-amovible.png","contentUrl":"https:\/\/www.alucomfort.be\/wp-content\/uploads\/Grondplaat-voor-afzetcontainers-Plaque-pour-conteneur-amovible.png","width":840,"height":574,"caption":"Grondplaat voor afzetcontainers_Plaque pour conteneur amovible"},{"@type":"BreadcrumbList","@id":"https:\/\/www.alucomfort.be\/product\/afzetcontainer-pad-grondbeschermingsplaat\/#breadcrumb","itemListElement":[{"@type":"ListItem","position":1,"name":"Home","item":"https:\/\/www.alucomfort.be\/fr\/"},{"@type":"ListItem","position":2,"name":"Producten","item":"https:\/\/www.alucomfort.be\/producten\/"},{"@type":"ListItem","position":3,"name":"Plaque de protection de sol pour bennes amovibles"}]},{"@type":"WebSite","@id":"https:\/\/www.alucomfort.be\/#website","url":"https:\/\/www.alucomfort.be\/","name":"Alu Comfort","description":"","potentialAction":[{"@type":"SearchAction","target":{"@type":"EntryPoint","urlTemplate":"https:\/\/www.alucomfort.be\/?s={search_term_string}"},"query-input":{"@type":"PropertyValueSpecification","valueRequired":true,"valueName":"search_term_string"}}],"inLanguage":"fr-FR"}]}},"_links":{"self":[{"href":"https:\/\/www.alucomfort.be\/fr\/wp-json\/wp\/v2\/product\/223500","targetHints":{"allow":["GET"]}}],"collection":[{"href":"https:\/\/www.alucomfort.be\/fr\/wp-json\/wp\/v2\/product"}],"about":[{"href":"https:\/\/www.alucomfort.be\/fr\/wp-json\/wp\/v2\/types\/product"}],"wp:featuredmedia":[{"embeddable":true,"href":"https:\/\/www.alucomfort.be\/fr\/wp-json\/wp\/v2\/media\/223403"}],"wp:attachment":[{"href":"https:\/\/www.alucomfort.be\/fr\/wp-json\/wp\/v2\/media?parent=223500"}],"wp:term":[{"taxonomy":"product_brand","embeddable":true,"href":"https:\/\/www.alucomfort.be\/fr\/wp-json\/wp\/v2\/product_brand?post=223500"},{"taxonomy":"product_cat","embeddable":true,"href":"https:\/\/www.alucomfort.be\/fr\/wp-json\/wp\/v2\/product_cat?post=223500"},{"taxonomy":"product_tag","embeddable":true,"href":"https:\/\/www.alucomfort.be\/fr\/wp-json\/wp\/v2\/product_tag?post=223500"}],"curies":[{"name":"wp","href":"https:\/\/api.w.org\/{rel}","templated":true}]}}