

{"id":223635,"date":"2025-04-17T12:05:03","date_gmt":"2025-04-17T10:05:03","guid":{"rendered":"https:\/\/www.alucomfort.be\/product\/rampe-de-trottoir\/"},"modified":"2025-04-17T12:09:54","modified_gmt":"2025-04-17T10:09:54","slug":"rampe-de-trottoir","status":"publish","type":"product","link":"https:\/\/www.alucomfort.be\/fr\/product\/rampe-de-trottoir\/","title":{"rendered":"Rampe de trottoir"},"content":{"rendered":"<p>* 2 versions: avec hauteur de 100 mm ou 150 mm, * Avec drainage, * Aussi pour de poids lourdes, * Utilisation int\u00e9rieur et ext\u00e9rieur, * Fixation au sol possible.<\/p>\n","protected":false},"excerpt":{"rendered":"<p>Rampe de troittoir en caoutchouc.<\/p>\n","protected":false},"featured_media":223605,"template":"","meta":{"_acf_changed":false},"product_brand":[],"product_cat":[9763],"product_tag":[],"class_list":{"0":"post-223635","1":"product","2":"type-product","3":"status-publish","4":"has-post-thumbnail","6":"product_cat-rampe-de-franchissement-de-trottoir","8":"first","9":"outofstock","10":"taxable","11":"shipping-taxable","12":"purchasable","13":"product-type-variable"},"acf":[],"yoast_head":"<!-- This site is optimized with the Yoast SEO plugin v24.8.1 - https:\/\/yoast.com\/wordpress\/plugins\/seo\/ -->\n<title>Rampe de trottoir | Alu Comfort |<\/title>\n<meta name=\"description\" content=\"Rampe de troittoir. Pour un acc\u00e8s ais\u00e9 et s\u00e9curis\u00e9 de votre v\u00e9hicule \u00e0 votre propri\u00e9t\u00e9, d\u00e9couvrez la gamme de rampes d&#039;acc\u00e8s de trottoir disponible chez Alu Comfort.\" \/>\n<meta name=\"robots\" content=\"index, follow, max-snippet:-1, max-image-preview:large, max-video-preview:-1\" \/>\n<link rel=\"canonical\" href=\"https:\/\/www.alucomfort.be\/product\/drempelhelling\/\" \/>\n<meta property=\"og:locale\" content=\"fr_FR\" \/>\n<meta property=\"og:type\" content=\"article\" \/>\n<meta property=\"og:title\" content=\"Rampe de trottoir | Alu Comfort |\" \/>\n<meta property=\"og:description\" content=\"Rampe de troittoir. Pour un acc\u00e8s ais\u00e9 et s\u00e9curis\u00e9 de votre v\u00e9hicule \u00e0 votre propri\u00e9t\u00e9, d\u00e9couvrez la gamme de rampes d&#039;acc\u00e8s de trottoir disponible chez Alu Comfort.\" \/>\n<meta property=\"og:url\" content=\"https:\/\/www.alucomfort.be\/product\/drempelhelling\/\" \/>\n<meta property=\"og:site_name\" content=\"Alu Comfort\" \/>\n<meta property=\"article:modified_time\" content=\"2025-04-17T10:09:54+00:00\" \/>\n<meta property=\"og:image\" content=\"https:\/\/www.alucomfort.be\/wp-content\/uploads\/Drempelhulp-Stoeprand-BSR100-Dancop.jpg\" \/>\n\t<meta property=\"og:image:width\" content=\"1920\" \/>\n\t<meta property=\"og:image:height\" content=\"1920\" \/>\n\t<meta property=\"og:image:type\" content=\"image\/jpeg\" \/>\n<meta name=\"twitter:card\" content=\"summary_large_image\" \/>\n<script type=\"application\/ld+json\" class=\"yoast-schema-graph\">{\"@context\":\"https:\/\/schema.org\",\"@graph\":[{\"@type\":\"WebPage\",\"@id\":\"https:\/\/www.alucomfort.be\/product\/drempelhelling\/\",\"url\":\"https:\/\/www.alucomfort.be\/product\/drempelhelling\/\",\"name\":\"Rampe de trottoir | Alu Comfort |\",\"isPartOf\":{\"@id\":\"https:\/\/www.alucomfort.be\/#website\"},\"primaryImageOfPage\":{\"@id\":\"https:\/\/www.alucomfort.be\/product\/drempelhelling\/#primaryimage\"},\"image\":{\"@id\":\"https:\/\/www.alucomfort.be\/product\/drempelhelling\/#primaryimage\"},\"thumbnailUrl\":\"https:\/\/www.alucomfort.be\/wp-content\/uploads\/Drempelhulp-Stoeprand-BSR100-Dancop.jpg\",\"datePublished\":\"2025-04-17T10:05:03+00:00\",\"dateModified\":\"2025-04-17T10:09:54+00:00\",\"description\":\"Rampe de troittoir. Pour un acc\u00e8s ais\u00e9 et s\u00e9curis\u00e9 de votre v\u00e9hicule \u00e0 votre propri\u00e9t\u00e9, d\u00e9couvrez la gamme de rampes d'acc\u00e8s de trottoir disponible chez Alu Comfort.\",\"breadcrumb\":{\"@id\":\"https:\/\/www.alucomfort.be\/product\/drempelhelling\/#breadcrumb\"},\"inLanguage\":\"fr-FR\",\"potentialAction\":[{\"@type\":\"ReadAction\",\"target\":[\"https:\/\/www.alucomfort.be\/product\/drempelhelling\/\"]}]},{\"@type\":\"ImageObject\",\"inLanguage\":\"fr-FR\",\"@id\":\"https:\/\/www.alucomfort.be\/product\/drempelhelling\/#primaryimage\",\"url\":\"https:\/\/www.alucomfort.be\/wp-content\/uploads\/Drempelhulp-Stoeprand-BSR100-Dancop.jpg\",\"contentUrl\":\"https:\/\/www.alucomfort.be\/wp-content\/uploads\/Drempelhulp-Stoeprand-BSR100-Dancop.jpg\",\"width\":1920,\"height\":1920,\"caption\":\"Drempelhulp_Stoeprand_BSR100_Dancop\"},{\"@type\":\"BreadcrumbList\",\"@id\":\"https:\/\/www.alucomfort.be\/product\/drempelhelling\/#breadcrumb\",\"itemListElement\":[{\"@type\":\"ListItem\",\"position\":1,\"name\":\"Home\",\"item\":\"https:\/\/www.alucomfort.be\/fr\/\"},{\"@type\":\"ListItem\",\"position\":2,\"name\":\"Producten\",\"item\":\"https:\/\/www.alucomfort.be\/producten\/\"},{\"@type\":\"ListItem\",\"position\":3,\"name\":\"Rampe de trottoir\"}]},{\"@type\":\"WebSite\",\"@id\":\"https:\/\/www.alucomfort.be\/#website\",\"url\":\"https:\/\/www.alucomfort.be\/\",\"name\":\"Alu Comfort\",\"description\":\"\",\"potentialAction\":[{\"@type\":\"SearchAction\",\"target\":{\"@type\":\"EntryPoint\",\"urlTemplate\":\"https:\/\/www.alucomfort.be\/?s={search_term_string}\"},\"query-input\":{\"@type\":\"PropertyValueSpecification\",\"valueRequired\":true,\"valueName\":\"search_term_string\"}}],\"inLanguage\":\"fr-FR\"}]}<\/script>\n<!-- \/ Yoast SEO plugin. -->","yoast_head_json":{"title":"Rampe de trottoir | Alu Comfort |","description":"Rampe de troittoir. Pour un acc\u00e8s ais\u00e9 et s\u00e9curis\u00e9 de votre v\u00e9hicule \u00e0 votre propri\u00e9t\u00e9, d\u00e9couvrez la gamme de rampes d'acc\u00e8s de trottoir disponible chez Alu Comfort.","robots":{"index":"index","follow":"follow","max-snippet":"max-snippet:-1","max-image-preview":"max-image-preview:large","max-video-preview":"max-video-preview:-1"},"canonical":"https:\/\/www.alucomfort.be\/product\/drempelhelling\/","og_locale":"fr_FR","og_type":"article","og_title":"Rampe de trottoir | Alu Comfort |","og_description":"Rampe de troittoir. Pour un acc\u00e8s ais\u00e9 et s\u00e9curis\u00e9 de votre v\u00e9hicule \u00e0 votre propri\u00e9t\u00e9, d\u00e9couvrez la gamme de rampes d'acc\u00e8s de trottoir disponible chez Alu Comfort.","og_url":"https:\/\/www.alucomfort.be\/product\/drempelhelling\/","og_site_name":"Alu Comfort","article_modified_time":"2025-04-17T10:09:54+00:00","og_image":[{"width":1920,"height":1920,"url":"https:\/\/www.alucomfort.be\/wp-content\/uploads\/Drempelhulp-Stoeprand-BSR100-Dancop.jpg","type":"image\/jpeg"}],"twitter_card":"summary_large_image","schema":{"@context":"https:\/\/schema.org","@graph":[{"@type":"WebPage","@id":"https:\/\/www.alucomfort.be\/product\/drempelhelling\/","url":"https:\/\/www.alucomfort.be\/product\/drempelhelling\/","name":"Rampe de trottoir | Alu Comfort |","isPartOf":{"@id":"https:\/\/www.alucomfort.be\/#website"},"primaryImageOfPage":{"@id":"https:\/\/www.alucomfort.be\/product\/drempelhelling\/#primaryimage"},"image":{"@id":"https:\/\/www.alucomfort.be\/product\/drempelhelling\/#primaryimage"},"thumbnailUrl":"https:\/\/www.alucomfort.be\/wp-content\/uploads\/Drempelhulp-Stoeprand-BSR100-Dancop.jpg","datePublished":"2025-04-17T10:05:03+00:00","dateModified":"2025-04-17T10:09:54+00:00","description":"Rampe de troittoir. Pour un acc\u00e8s ais\u00e9 et s\u00e9curis\u00e9 de votre v\u00e9hicule \u00e0 votre propri\u00e9t\u00e9, d\u00e9couvrez la gamme de rampes d'acc\u00e8s de trottoir disponible chez Alu Comfort.","breadcrumb":{"@id":"https:\/\/www.alucomfort.be\/product\/drempelhelling\/#breadcrumb"},"inLanguage":"fr-FR","potentialAction":[{"@type":"ReadAction","target":["https:\/\/www.alucomfort.be\/product\/drempelhelling\/"]}]},{"@type":"ImageObject","inLanguage":"fr-FR","@id":"https:\/\/www.alucomfort.be\/product\/drempelhelling\/#primaryimage","url":"https:\/\/www.alucomfort.be\/wp-content\/uploads\/Drempelhulp-Stoeprand-BSR100-Dancop.jpg","contentUrl":"https:\/\/www.alucomfort.be\/wp-content\/uploads\/Drempelhulp-Stoeprand-BSR100-Dancop.jpg","width":1920,"height":1920,"caption":"Drempelhulp_Stoeprand_BSR100_Dancop"},{"@type":"BreadcrumbList","@id":"https:\/\/www.alucomfort.be\/product\/drempelhelling\/#breadcrumb","itemListElement":[{"@type":"ListItem","position":1,"name":"Home","item":"https:\/\/www.alucomfort.be\/fr\/"},{"@type":"ListItem","position":2,"name":"Producten","item":"https:\/\/www.alucomfort.be\/producten\/"},{"@type":"ListItem","position":3,"name":"Rampe de trottoir"}]},{"@type":"WebSite","@id":"https:\/\/www.alucomfort.be\/#website","url":"https:\/\/www.alucomfort.be\/","name":"Alu Comfort","description":"","potentialAction":[{"@type":"SearchAction","target":{"@type":"EntryPoint","urlTemplate":"https:\/\/www.alucomfort.be\/?s={search_term_string}"},"query-input":{"@type":"PropertyValueSpecification","valueRequired":true,"valueName":"search_term_string"}}],"inLanguage":"fr-FR"}]}},"_links":{"self":[{"href":"https:\/\/www.alucomfort.be\/fr\/wp-json\/wp\/v2\/product\/223635","targetHints":{"allow":["GET"]}}],"collection":[{"href":"https:\/\/www.alucomfort.be\/fr\/wp-json\/wp\/v2\/product"}],"about":[{"href":"https:\/\/www.alucomfort.be\/fr\/wp-json\/wp\/v2\/types\/product"}],"wp:featuredmedia":[{"embeddable":true,"href":"https:\/\/www.alucomfort.be\/fr\/wp-json\/wp\/v2\/media\/223605"}],"wp:attachment":[{"href":"https:\/\/www.alucomfort.be\/fr\/wp-json\/wp\/v2\/media?parent=223635"}],"wp:term":[{"taxonomy":"product_brand","embeddable":true,"href":"https:\/\/www.alucomfort.be\/fr\/wp-json\/wp\/v2\/product_brand?post=223635"},{"taxonomy":"product_cat","embeddable":true,"href":"https:\/\/www.alucomfort.be\/fr\/wp-json\/wp\/v2\/product_cat?post=223635"},{"taxonomy":"product_tag","embeddable":true,"href":"https:\/\/www.alucomfort.be\/fr\/wp-json\/wp\/v2\/product_tag?post=223635"}],"curies":[{"name":"wp","href":"https:\/\/api.w.org\/{rel}","templated":true}]}}