

{"id":223672,"date":"2025-04-24T09:34:50","date_gmt":"2025-04-24T07:34:50","guid":{"rendered":"https:\/\/www.alucomfort.be\/product\/pompe-pour-ibc-ou-fut\/"},"modified":"2025-07-24T18:23:30","modified_gmt":"2025-07-24T16:23:30","slug":"pompe-pour-ibc-ou-fut","status":"publish","type":"product","link":"https:\/\/www.alucomfort.be\/fr\/product\/pompe-pour-ibc-ou-fut\/","title":{"rendered":"Pompe pour IBC ou f\u00fbt"},"content":{"rendered":"<p>* Pompe \u00e9lectrique pour f\u00fbts id\u00e9ale pour vider les f\u00fbts de 200 l ou les IBC, * En fonction du type de liquide\/substance chimique que l&rsquo;on souhaite transvaser, le type de pompe appropri\u00e9 doit \u00eatre d\u00e9termin\u00e9. Veuillez nous contacter en indiquant le type de liquide que vous souhaitez pomper, * Pompe pour f\u00fbts avec moteur 230V \u00e0 6 vitesses, * Facile \u00e0 nettoyer, * Rapide \u00e0 installer et \u00e0 retirer, * Temps d&rsquo;utilisation court possible en cas de f\u00fbt\/IBC vide.<\/p>\n","protected":false},"excerpt":{"rendered":"<p>Pompe de transfert pour une vidange optimale de f\u00fbts de 200 l ou de GRV (IBC)<\/p>\n","protected":false},"featured_media":223666,"template":"","meta":{"_acf_changed":false},"product_brand":[],"product_cat":[9771],"product_tag":[],"class_list":{"0":"post-223672","1":"product","2":"type-product","3":"status-publish","4":"has-post-thumbnail","6":"product_cat-pompe-pour-ibc-pompe-pour-fut","8":"first","9":"instock","10":"taxable","11":"shipping-taxable","12":"purchasable","13":"product-type-simple"},"acf":[],"yoast_head":"<!-- This site is optimized with the Yoast SEO plugin v24.8.1 - https:\/\/yoast.com\/wordpress\/plugins\/seo\/ -->\n<title>Pompe pour GRV | Alu Comfort | Pompes pour f\u00fbts au meilleur prix!<\/title>\n<meta name=\"description\" content=\"Besoin d&#039;une pompe pour f\u00fbts ou d&#039;une pompe IBC puissante? Trouvez la pompe id\u00e9ale pour vider rapidement et efficacement les f\u00fbts de 200 litres et les IBC. Consultez notre offre et profitez du meilleur prix!\" \/>\n<meta name=\"robots\" content=\"index, follow, max-snippet:-1, max-image-preview:large, max-video-preview:-1\" \/>\n<link rel=\"canonical\" href=\"https:\/\/www.alucomfort.be\/product\/vatpomp-of-ibc-pomp\/\" \/>\n<meta property=\"og:locale\" content=\"fr_FR\" \/>\n<meta property=\"og:type\" content=\"article\" \/>\n<meta property=\"og:title\" content=\"Pompe pour GRV | Alu Comfort | Pompes pour f\u00fbts au meilleur prix!\" \/>\n<meta property=\"og:description\" content=\"Besoin d&#039;une pompe pour f\u00fbts ou d&#039;une pompe IBC puissante? Trouvez la pompe id\u00e9ale pour vider rapidement et efficacement les f\u00fbts de 200 litres et les IBC. Consultez notre offre et profitez du meilleur prix!\" \/>\n<meta property=\"og:url\" content=\"https:\/\/www.alucomfort.be\/product\/vatpomp-of-ibc-pomp\/\" \/>\n<meta property=\"og:site_name\" content=\"Alu Comfort\" \/>\n<meta property=\"article:modified_time\" content=\"2025-07-24T16:23:30+00:00\" \/>\n<meta property=\"og:image\" content=\"https:\/\/www.alucomfort.be\/wp-content\/uploads\/Vatenpomp-IBC-pomp.png\" \/>\n\t<meta property=\"og:image:width\" content=\"1255\" \/>\n\t<meta property=\"og:image:height\" content=\"987\" \/>\n\t<meta property=\"og:image:type\" content=\"image\/png\" \/>\n<meta name=\"twitter:card\" content=\"summary_large_image\" \/>\n<script type=\"application\/ld+json\" class=\"yoast-schema-graph\">{\"@context\":\"https:\/\/schema.org\",\"@graph\":[{\"@type\":\"WebPage\",\"@id\":\"https:\/\/www.alucomfort.be\/product\/vatpomp-of-ibc-pomp\/\",\"url\":\"https:\/\/www.alucomfort.be\/product\/vatpomp-of-ibc-pomp\/\",\"name\":\"Pompe pour GRV | Alu Comfort | Pompes pour f\u00fbts au meilleur prix!\",\"isPartOf\":{\"@id\":\"https:\/\/www.alucomfort.be\/#website\"},\"primaryImageOfPage\":{\"@id\":\"https:\/\/www.alucomfort.be\/product\/vatpomp-of-ibc-pomp\/#primaryimage\"},\"image\":{\"@id\":\"https:\/\/www.alucomfort.be\/product\/vatpomp-of-ibc-pomp\/#primaryimage\"},\"thumbnailUrl\":\"https:\/\/www.alucomfort.be\/wp-content\/uploads\/Vatenpomp-IBC-pomp.png\",\"datePublished\":\"2025-04-24T07:34:50+00:00\",\"dateModified\":\"2025-07-24T16:23:30+00:00\",\"description\":\"Besoin d'une pompe pour f\u00fbts ou d'une pompe IBC puissante? Trouvez la pompe id\u00e9ale pour vider rapidement et efficacement les f\u00fbts de 200 litres et les IBC. Consultez notre offre et profitez du meilleur prix!\",\"breadcrumb\":{\"@id\":\"https:\/\/www.alucomfort.be\/product\/vatpomp-of-ibc-pomp\/#breadcrumb\"},\"inLanguage\":\"fr-FR\",\"potentialAction\":[{\"@type\":\"ReadAction\",\"target\":[\"https:\/\/www.alucomfort.be\/product\/vatpomp-of-ibc-pomp\/\"]}]},{\"@type\":\"ImageObject\",\"inLanguage\":\"fr-FR\",\"@id\":\"https:\/\/www.alucomfort.be\/product\/vatpomp-of-ibc-pomp\/#primaryimage\",\"url\":\"https:\/\/www.alucomfort.be\/wp-content\/uploads\/Vatenpomp-IBC-pomp.png\",\"contentUrl\":\"https:\/\/www.alucomfort.be\/wp-content\/uploads\/Vatenpomp-IBC-pomp.png\",\"width\":1255,\"height\":987,\"caption\":\"Vatenpomp_IBC pomp\"},{\"@type\":\"BreadcrumbList\",\"@id\":\"https:\/\/www.alucomfort.be\/product\/vatpomp-of-ibc-pomp\/#breadcrumb\",\"itemListElement\":[{\"@type\":\"ListItem\",\"position\":1,\"name\":\"Home\",\"item\":\"https:\/\/www.alucomfort.be\/fr\/\"},{\"@type\":\"ListItem\",\"position\":2,\"name\":\"Producten\",\"item\":\"https:\/\/www.alucomfort.be\/producten\/\"},{\"@type\":\"ListItem\",\"position\":3,\"name\":\"Pompe pour IBC ou f\u00fbt\"}]},{\"@type\":\"WebSite\",\"@id\":\"https:\/\/www.alucomfort.be\/#website\",\"url\":\"https:\/\/www.alucomfort.be\/\",\"name\":\"Alu Comfort\",\"description\":\"\",\"potentialAction\":[{\"@type\":\"SearchAction\",\"target\":{\"@type\":\"EntryPoint\",\"urlTemplate\":\"https:\/\/www.alucomfort.be\/?s={search_term_string}\"},\"query-input\":{\"@type\":\"PropertyValueSpecification\",\"valueRequired\":true,\"valueName\":\"search_term_string\"}}],\"inLanguage\":\"fr-FR\"}]}<\/script>\n<!-- \/ Yoast SEO plugin. -->","yoast_head_json":{"title":"Pompe pour GRV | Alu Comfort | Pompes pour f\u00fbts au meilleur prix!","description":"Besoin d'une pompe pour f\u00fbts ou d'une pompe IBC puissante? Trouvez la pompe id\u00e9ale pour vider rapidement et efficacement les f\u00fbts de 200 litres et les IBC. Consultez notre offre et profitez du meilleur prix!","robots":{"index":"index","follow":"follow","max-snippet":"max-snippet:-1","max-image-preview":"max-image-preview:large","max-video-preview":"max-video-preview:-1"},"canonical":"https:\/\/www.alucomfort.be\/product\/vatpomp-of-ibc-pomp\/","og_locale":"fr_FR","og_type":"article","og_title":"Pompe pour GRV | Alu Comfort | Pompes pour f\u00fbts au meilleur prix!","og_description":"Besoin d'une pompe pour f\u00fbts ou d'une pompe IBC puissante? Trouvez la pompe id\u00e9ale pour vider rapidement et efficacement les f\u00fbts de 200 litres et les IBC. Consultez notre offre et profitez du meilleur prix!","og_url":"https:\/\/www.alucomfort.be\/product\/vatpomp-of-ibc-pomp\/","og_site_name":"Alu Comfort","article_modified_time":"2025-07-24T16:23:30+00:00","og_image":[{"width":1255,"height":987,"url":"https:\/\/www.alucomfort.be\/wp-content\/uploads\/Vatenpomp-IBC-pomp.png","type":"image\/png"}],"twitter_card":"summary_large_image","schema":{"@context":"https:\/\/schema.org","@graph":[{"@type":"WebPage","@id":"https:\/\/www.alucomfort.be\/product\/vatpomp-of-ibc-pomp\/","url":"https:\/\/www.alucomfort.be\/product\/vatpomp-of-ibc-pomp\/","name":"Pompe pour GRV | Alu Comfort | Pompes pour f\u00fbts au meilleur prix!","isPartOf":{"@id":"https:\/\/www.alucomfort.be\/#website"},"primaryImageOfPage":{"@id":"https:\/\/www.alucomfort.be\/product\/vatpomp-of-ibc-pomp\/#primaryimage"},"image":{"@id":"https:\/\/www.alucomfort.be\/product\/vatpomp-of-ibc-pomp\/#primaryimage"},"thumbnailUrl":"https:\/\/www.alucomfort.be\/wp-content\/uploads\/Vatenpomp-IBC-pomp.png","datePublished":"2025-04-24T07:34:50+00:00","dateModified":"2025-07-24T16:23:30+00:00","description":"Besoin d'une pompe pour f\u00fbts ou d'une pompe IBC puissante? Trouvez la pompe id\u00e9ale pour vider rapidement et efficacement les f\u00fbts de 200 litres et les IBC. Consultez notre offre et profitez du meilleur prix!","breadcrumb":{"@id":"https:\/\/www.alucomfort.be\/product\/vatpomp-of-ibc-pomp\/#breadcrumb"},"inLanguage":"fr-FR","potentialAction":[{"@type":"ReadAction","target":["https:\/\/www.alucomfort.be\/product\/vatpomp-of-ibc-pomp\/"]}]},{"@type":"ImageObject","inLanguage":"fr-FR","@id":"https:\/\/www.alucomfort.be\/product\/vatpomp-of-ibc-pomp\/#primaryimage","url":"https:\/\/www.alucomfort.be\/wp-content\/uploads\/Vatenpomp-IBC-pomp.png","contentUrl":"https:\/\/www.alucomfort.be\/wp-content\/uploads\/Vatenpomp-IBC-pomp.png","width":1255,"height":987,"caption":"Vatenpomp_IBC pomp"},{"@type":"BreadcrumbList","@id":"https:\/\/www.alucomfort.be\/product\/vatpomp-of-ibc-pomp\/#breadcrumb","itemListElement":[{"@type":"ListItem","position":1,"name":"Home","item":"https:\/\/www.alucomfort.be\/fr\/"},{"@type":"ListItem","position":2,"name":"Producten","item":"https:\/\/www.alucomfort.be\/producten\/"},{"@type":"ListItem","position":3,"name":"Pompe pour IBC ou f\u00fbt"}]},{"@type":"WebSite","@id":"https:\/\/www.alucomfort.be\/#website","url":"https:\/\/www.alucomfort.be\/","name":"Alu Comfort","description":"","potentialAction":[{"@type":"SearchAction","target":{"@type":"EntryPoint","urlTemplate":"https:\/\/www.alucomfort.be\/?s={search_term_string}"},"query-input":{"@type":"PropertyValueSpecification","valueRequired":true,"valueName":"search_term_string"}}],"inLanguage":"fr-FR"}]}},"_links":{"self":[{"href":"https:\/\/www.alucomfort.be\/fr\/wp-json\/wp\/v2\/product\/223672","targetHints":{"allow":["GET"]}}],"collection":[{"href":"https:\/\/www.alucomfort.be\/fr\/wp-json\/wp\/v2\/product"}],"about":[{"href":"https:\/\/www.alucomfort.be\/fr\/wp-json\/wp\/v2\/types\/product"}],"wp:featuredmedia":[{"embeddable":true,"href":"https:\/\/www.alucomfort.be\/fr\/wp-json\/wp\/v2\/media\/223666"}],"wp:attachment":[{"href":"https:\/\/www.alucomfort.be\/fr\/wp-json\/wp\/v2\/media?parent=223672"}],"wp:term":[{"taxonomy":"product_brand","embeddable":true,"href":"https:\/\/www.alucomfort.be\/fr\/wp-json\/wp\/v2\/product_brand?post=223672"},{"taxonomy":"product_cat","embeddable":true,"href":"https:\/\/www.alucomfort.be\/fr\/wp-json\/wp\/v2\/product_cat?post=223672"},{"taxonomy":"product_tag","embeddable":true,"href":"https:\/\/www.alucomfort.be\/fr\/wp-json\/wp\/v2\/product_tag?post=223672"}],"curies":[{"name":"wp","href":"https:\/\/api.w.org\/{rel}","templated":true}]}}