

{"id":223682,"date":"2025-04-24T11:27:03","date_gmt":"2025-04-24T09:27:03","guid":{"rendered":"https:\/\/www.alucomfort.be\/product\/pompe-manuelle-pour-futs\/"},"modified":"2025-07-24T18:23:35","modified_gmt":"2025-07-24T16:23:35","slug":"pompe-manuelle-pour-futs","status":"publish","type":"product","link":"https:\/\/www.alucomfort.be\/fr\/product\/pompe-manuelle-pour-futs\/","title":{"rendered":"Pompe manuelle pour f\u00fbts"},"content":{"rendered":"<p>* Pompe manuelle pour f\u00fbts jusqu&rsquo;\u00e0 220 l, * Incl. adaptateur S70x6, S56x4 et 2&Prime; BSP, * Diam\u00e8tre du tube 41 mm, * Profondeur d&rsquo;immersion max. 930 mm, * Sortie 20 mm, * D\u00e9bit 0,4 l\/coup, * Mat\u00e9riau : Plastique polypropyl\u00e8ne et poly\u00e9thyl\u00e8ne, * Apte au contact alimentaire, * Double action, * Raccord de sortie adapt\u00e9 au raccordement d&rsquo;un tuyau DN 25, * Convient par ex. pour l&rsquo;acide propionique, la m\u00e9lasse, les produits de nettoyage, les lubrifiants, l&rsquo;AdBlue\u00ae \/ DEF \/ ARLA 32, les engrais liquides, les aliments liquides pour animaux, les produits phytosanitaires, \u0085, * Ne convient pas aux substances facilement inflammables et aux solvants puissants.<\/p>\n","protected":false},"excerpt":{"rendered":"<p>Pompe manuelle pour f\u00fbts jusqu&rsquo;\u00e0 220 l<\/p>\n","protected":false},"featured_media":223675,"template":"","meta":{"_acf_changed":false},"product_brand":[],"product_cat":[9771],"product_tag":[],"class_list":{"0":"post-223682","1":"product","2":"type-product","3":"status-publish","4":"has-post-thumbnail","6":"product_cat-pompe-pour-ibc-pompe-pour-fut","8":"first","9":"instock","10":"taxable","11":"shipping-taxable","12":"purchasable","13":"product-type-simple"},"acf":[],"yoast_head":"<!-- This site is optimized with the Yoast SEO plugin v24.8.1 - https:\/\/yoast.com\/wordpress\/plugins\/seo\/ -->\n<title>Pompe manuelle pour f\u00fbts | Alu Comfort | Pompes pour f\u00fbts au meilleur prix!<\/title>\n<meta name=\"description\" content=\"Besoin d&#039;une pompe manuelle performante pour f\u00fbts? Alu Comfort propose des pompes \u00e0 main fiables pour vider sans effort les f\u00fbts de 200 litres. Consultez notre offre et profitez-en!\" \/>\n<meta name=\"robots\" content=\"index, follow, max-snippet:-1, max-image-preview:large, max-video-preview:-1\" \/>\n<link rel=\"canonical\" href=\"https:\/\/www.alucomfort.be\/product\/handpomp-voor-vaten-tot-200-l\/\" \/>\n<meta property=\"og:locale\" content=\"fr_FR\" \/>\n<meta property=\"og:type\" content=\"article\" \/>\n<meta property=\"og:title\" content=\"Pompe manuelle pour f\u00fbts | Alu Comfort | Pompes pour f\u00fbts au meilleur prix!\" \/>\n<meta property=\"og:description\" content=\"Besoin d&#039;une pompe manuelle performante pour f\u00fbts? Alu Comfort propose des pompes \u00e0 main fiables pour vider sans effort les f\u00fbts de 200 litres. Consultez notre offre et profitez-en!\" \/>\n<meta property=\"og:url\" content=\"https:\/\/www.alucomfort.be\/product\/handpomp-voor-vaten-tot-200-l\/\" \/>\n<meta property=\"og:site_name\" content=\"Alu Comfort\" \/>\n<meta property=\"article:modified_time\" content=\"2025-07-24T16:23:35+00:00\" \/>\n<meta property=\"og:image\" content=\"https:\/\/www.alucomfort.be\/wp-content\/uploads\/Handpomp-voor-vaten-Pompe-a-main-pour-futs.png\" \/>\n\t<meta property=\"og:image:width\" content=\"469\" \/>\n\t<meta property=\"og:image:height\" content=\"1746\" \/>\n\t<meta property=\"og:image:type\" content=\"image\/png\" \/>\n<meta name=\"twitter:card\" content=\"summary_large_image\" \/>\n<script type=\"application\/ld+json\" class=\"yoast-schema-graph\">{\"@context\":\"https:\/\/schema.org\",\"@graph\":[{\"@type\":\"WebPage\",\"@id\":\"https:\/\/www.alucomfort.be\/product\/handpomp-voor-vaten-tot-200-l\/\",\"url\":\"https:\/\/www.alucomfort.be\/product\/handpomp-voor-vaten-tot-200-l\/\",\"name\":\"Pompe manuelle pour f\u00fbts | Alu Comfort | Pompes pour f\u00fbts au meilleur prix!\",\"isPartOf\":{\"@id\":\"https:\/\/www.alucomfort.be\/#website\"},\"primaryImageOfPage\":{\"@id\":\"https:\/\/www.alucomfort.be\/product\/handpomp-voor-vaten-tot-200-l\/#primaryimage\"},\"image\":{\"@id\":\"https:\/\/www.alucomfort.be\/product\/handpomp-voor-vaten-tot-200-l\/#primaryimage\"},\"thumbnailUrl\":\"https:\/\/www.alucomfort.be\/wp-content\/uploads\/Handpomp-voor-vaten-Pompe-a-main-pour-futs.png\",\"datePublished\":\"2025-04-24T09:27:03+00:00\",\"dateModified\":\"2025-07-24T16:23:35+00:00\",\"description\":\"Besoin d'une pompe manuelle performante pour f\u00fbts? Alu Comfort propose des pompes \u00e0 main fiables pour vider sans effort les f\u00fbts de 200 litres. Consultez notre offre et profitez-en!\",\"breadcrumb\":{\"@id\":\"https:\/\/www.alucomfort.be\/product\/handpomp-voor-vaten-tot-200-l\/#breadcrumb\"},\"inLanguage\":\"fr-FR\",\"potentialAction\":[{\"@type\":\"ReadAction\",\"target\":[\"https:\/\/www.alucomfort.be\/product\/handpomp-voor-vaten-tot-200-l\/\"]}]},{\"@type\":\"ImageObject\",\"inLanguage\":\"fr-FR\",\"@id\":\"https:\/\/www.alucomfort.be\/product\/handpomp-voor-vaten-tot-200-l\/#primaryimage\",\"url\":\"https:\/\/www.alucomfort.be\/wp-content\/uploads\/Handpomp-voor-vaten-Pompe-a-main-pour-futs.png\",\"contentUrl\":\"https:\/\/www.alucomfort.be\/wp-content\/uploads\/Handpomp-voor-vaten-Pompe-a-main-pour-futs.png\",\"width\":469,\"height\":1746,\"caption\":\"Handpomp voor vaten_Pompe \u00e0 main pour f\u00fbts\"},{\"@type\":\"BreadcrumbList\",\"@id\":\"https:\/\/www.alucomfort.be\/product\/handpomp-voor-vaten-tot-200-l\/#breadcrumb\",\"itemListElement\":[{\"@type\":\"ListItem\",\"position\":1,\"name\":\"Home\",\"item\":\"https:\/\/www.alucomfort.be\/fr\/\"},{\"@type\":\"ListItem\",\"position\":2,\"name\":\"Producten\",\"item\":\"https:\/\/www.alucomfort.be\/producten\/\"},{\"@type\":\"ListItem\",\"position\":3,\"name\":\"Pompe manuelle pour f\u00fbts\"}]},{\"@type\":\"WebSite\",\"@id\":\"https:\/\/www.alucomfort.be\/#website\",\"url\":\"https:\/\/www.alucomfort.be\/\",\"name\":\"Alu Comfort\",\"description\":\"\",\"potentialAction\":[{\"@type\":\"SearchAction\",\"target\":{\"@type\":\"EntryPoint\",\"urlTemplate\":\"https:\/\/www.alucomfort.be\/?s={search_term_string}\"},\"query-input\":{\"@type\":\"PropertyValueSpecification\",\"valueRequired\":true,\"valueName\":\"search_term_string\"}}],\"inLanguage\":\"fr-FR\"}]}<\/script>\n<!-- \/ Yoast SEO plugin. -->","yoast_head_json":{"title":"Pompe manuelle pour f\u00fbts | Alu Comfort | Pompes pour f\u00fbts au meilleur prix!","description":"Besoin d'une pompe manuelle performante pour f\u00fbts? Alu Comfort propose des pompes \u00e0 main fiables pour vider sans effort les f\u00fbts de 200 litres. Consultez notre offre et profitez-en!","robots":{"index":"index","follow":"follow","max-snippet":"max-snippet:-1","max-image-preview":"max-image-preview:large","max-video-preview":"max-video-preview:-1"},"canonical":"https:\/\/www.alucomfort.be\/product\/handpomp-voor-vaten-tot-200-l\/","og_locale":"fr_FR","og_type":"article","og_title":"Pompe manuelle pour f\u00fbts | Alu Comfort | Pompes pour f\u00fbts au meilleur prix!","og_description":"Besoin d'une pompe manuelle performante pour f\u00fbts? Alu Comfort propose des pompes \u00e0 main fiables pour vider sans effort les f\u00fbts de 200 litres. Consultez notre offre et profitez-en!","og_url":"https:\/\/www.alucomfort.be\/product\/handpomp-voor-vaten-tot-200-l\/","og_site_name":"Alu Comfort","article_modified_time":"2025-07-24T16:23:35+00:00","og_image":[{"width":469,"height":1746,"url":"https:\/\/www.alucomfort.be\/wp-content\/uploads\/Handpomp-voor-vaten-Pompe-a-main-pour-futs.png","type":"image\/png"}],"twitter_card":"summary_large_image","schema":{"@context":"https:\/\/schema.org","@graph":[{"@type":"WebPage","@id":"https:\/\/www.alucomfort.be\/product\/handpomp-voor-vaten-tot-200-l\/","url":"https:\/\/www.alucomfort.be\/product\/handpomp-voor-vaten-tot-200-l\/","name":"Pompe manuelle pour f\u00fbts | Alu Comfort | Pompes pour f\u00fbts au meilleur prix!","isPartOf":{"@id":"https:\/\/www.alucomfort.be\/#website"},"primaryImageOfPage":{"@id":"https:\/\/www.alucomfort.be\/product\/handpomp-voor-vaten-tot-200-l\/#primaryimage"},"image":{"@id":"https:\/\/www.alucomfort.be\/product\/handpomp-voor-vaten-tot-200-l\/#primaryimage"},"thumbnailUrl":"https:\/\/www.alucomfort.be\/wp-content\/uploads\/Handpomp-voor-vaten-Pompe-a-main-pour-futs.png","datePublished":"2025-04-24T09:27:03+00:00","dateModified":"2025-07-24T16:23:35+00:00","description":"Besoin d'une pompe manuelle performante pour f\u00fbts? Alu Comfort propose des pompes \u00e0 main fiables pour vider sans effort les f\u00fbts de 200 litres. Consultez notre offre et profitez-en!","breadcrumb":{"@id":"https:\/\/www.alucomfort.be\/product\/handpomp-voor-vaten-tot-200-l\/#breadcrumb"},"inLanguage":"fr-FR","potentialAction":[{"@type":"ReadAction","target":["https:\/\/www.alucomfort.be\/product\/handpomp-voor-vaten-tot-200-l\/"]}]},{"@type":"ImageObject","inLanguage":"fr-FR","@id":"https:\/\/www.alucomfort.be\/product\/handpomp-voor-vaten-tot-200-l\/#primaryimage","url":"https:\/\/www.alucomfort.be\/wp-content\/uploads\/Handpomp-voor-vaten-Pompe-a-main-pour-futs.png","contentUrl":"https:\/\/www.alucomfort.be\/wp-content\/uploads\/Handpomp-voor-vaten-Pompe-a-main-pour-futs.png","width":469,"height":1746,"caption":"Handpomp voor vaten_Pompe \u00e0 main pour f\u00fbts"},{"@type":"BreadcrumbList","@id":"https:\/\/www.alucomfort.be\/product\/handpomp-voor-vaten-tot-200-l\/#breadcrumb","itemListElement":[{"@type":"ListItem","position":1,"name":"Home","item":"https:\/\/www.alucomfort.be\/fr\/"},{"@type":"ListItem","position":2,"name":"Producten","item":"https:\/\/www.alucomfort.be\/producten\/"},{"@type":"ListItem","position":3,"name":"Pompe manuelle pour f\u00fbts"}]},{"@type":"WebSite","@id":"https:\/\/www.alucomfort.be\/#website","url":"https:\/\/www.alucomfort.be\/","name":"Alu Comfort","description":"","potentialAction":[{"@type":"SearchAction","target":{"@type":"EntryPoint","urlTemplate":"https:\/\/www.alucomfort.be\/?s={search_term_string}"},"query-input":{"@type":"PropertyValueSpecification","valueRequired":true,"valueName":"search_term_string"}}],"inLanguage":"fr-FR"}]}},"_links":{"self":[{"href":"https:\/\/www.alucomfort.be\/fr\/wp-json\/wp\/v2\/product\/223682","targetHints":{"allow":["GET"]}}],"collection":[{"href":"https:\/\/www.alucomfort.be\/fr\/wp-json\/wp\/v2\/product"}],"about":[{"href":"https:\/\/www.alucomfort.be\/fr\/wp-json\/wp\/v2\/types\/product"}],"wp:featuredmedia":[{"embeddable":true,"href":"https:\/\/www.alucomfort.be\/fr\/wp-json\/wp\/v2\/media\/223675"}],"wp:attachment":[{"href":"https:\/\/www.alucomfort.be\/fr\/wp-json\/wp\/v2\/media?parent=223682"}],"wp:term":[{"taxonomy":"product_brand","embeddable":true,"href":"https:\/\/www.alucomfort.be\/fr\/wp-json\/wp\/v2\/product_brand?post=223682"},{"taxonomy":"product_cat","embeddable":true,"href":"https:\/\/www.alucomfort.be\/fr\/wp-json\/wp\/v2\/product_cat?post=223682"},{"taxonomy":"product_tag","embeddable":true,"href":"https:\/\/www.alucomfort.be\/fr\/wp-json\/wp\/v2\/product_tag?post=223682"}],"curies":[{"name":"wp","href":"https:\/\/api.w.org\/{rel}","templated":true}]}}