

{"id":223881,"date":"2025-05-19T17:39:15","date_gmt":"2025-05-19T15:39:15","guid":{"rendered":"https:\/\/www.alucomfort.be\/product\/kit-de-roulements-pour-betonnieres-lescha\/"},"modified":"2025-05-19T17:47:50","modified_gmt":"2025-05-19T15:47:50","slug":"kit-de-roulements-pour-betonnieres-lescha","status":"publish","type":"product","link":"https:\/\/www.alucomfort.be\/fr\/product\/kit-de-roulements-pour-betonnieres-lescha\/","title":{"rendered":"Kit de roulements pour b\u00e9tonni\u00e8res Lescha"},"content":{"rendered":"<p>* Kit de roulements pour b\u00e9tonni\u00e8res Lescha, * Important : Pour identifier la pi\u00e8ce ad\u00e9quate, s\u00e9lectionnez le mod\u00e8le de b\u00e9tonni\u00e8re correct!<\/p>\n","protected":false},"excerpt":{"rendered":"<p>Kit de roulements pour b\u00e9tonni\u00e8res Lescha<\/p>\n","protected":false},"featured_media":223717,"template":"","meta":{"_acf_changed":false},"product_brand":[],"product_cat":[9781],"product_tag":[],"class_list":{"0":"post-223881","1":"product","2":"type-product","3":"status-publish","4":"has-post-thumbnail","6":"product_cat-pieces-de-rechange-pour-betonniere-lescha","8":"first","9":"outofstock","10":"taxable","11":"shipping-taxable","12":"purchasable","13":"product-type-variable"},"acf":[],"yoast_head":"<!-- This site is optimized with the Yoast SEO plugin v24.8.1 - https:\/\/yoast.com\/wordpress\/plugins\/seo\/ -->\n<title>Roulements Lescha pour b\u00e9tonni\u00e8re | Alu Comfort | Large offre!<\/title>\n<meta name=\"description\" content=\"Besoin de nouveaux roulements pour votre b\u00e9tonni\u00e8re Lescha ? Consultez vite le site web d&#039;Alu Comfort pour le plus grand choix de pi\u00e8ces d\u00e9tach\u00e9es\" \/>\n<meta name=\"robots\" content=\"index, follow, max-snippet:-1, max-image-preview:large, max-video-preview:-1\" \/>\n<link rel=\"canonical\" href=\"https:\/\/www.alucomfort.be\/product\/lagerset-voor-lescha-betonmolen\/\" \/>\n<meta property=\"og:locale\" content=\"fr_FR\" \/>\n<meta property=\"og:type\" content=\"article\" \/>\n<meta property=\"og:title\" content=\"Roulements Lescha pour b\u00e9tonni\u00e8re | Alu Comfort | Large offre!\" \/>\n<meta property=\"og:description\" content=\"Besoin de nouveaux roulements pour votre b\u00e9tonni\u00e8re Lescha ? Consultez vite le site web d&#039;Alu Comfort pour le plus grand choix de pi\u00e8ces d\u00e9tach\u00e9es\" \/>\n<meta property=\"og:url\" content=\"https:\/\/www.alucomfort.be\/product\/lagerset-voor-lescha-betonmolen\/\" \/>\n<meta property=\"og:site_name\" content=\"Alu Comfort\" \/>\n<meta property=\"article:modified_time\" content=\"2025-05-19T15:47:50+00:00\" \/>\n<meta property=\"og:image\" content=\"https:\/\/www.alucomfort.be\/wp-content\/uploads\/Lescha-betonmolen-lagerset-Lescha-Kit-de-Roulements.png\" \/>\n\t<meta property=\"og:image:width\" content=\"900\" \/>\n\t<meta property=\"og:image:height\" content=\"675\" \/>\n\t<meta property=\"og:image:type\" content=\"image\/png\" \/>\n<meta name=\"twitter:card\" content=\"summary_large_image\" \/>\n<script type=\"application\/ld+json\" class=\"yoast-schema-graph\">{\"@context\":\"https:\/\/schema.org\",\"@graph\":[{\"@type\":\"WebPage\",\"@id\":\"https:\/\/www.alucomfort.be\/product\/lagerset-voor-lescha-betonmolen\/\",\"url\":\"https:\/\/www.alucomfort.be\/product\/lagerset-voor-lescha-betonmolen\/\",\"name\":\"Roulements Lescha pour b\u00e9tonni\u00e8re | Alu Comfort | Large offre!\",\"isPartOf\":{\"@id\":\"https:\/\/www.alucomfort.be\/#website\"},\"primaryImageOfPage\":{\"@id\":\"https:\/\/www.alucomfort.be\/product\/lagerset-voor-lescha-betonmolen\/#primaryimage\"},\"image\":{\"@id\":\"https:\/\/www.alucomfort.be\/product\/lagerset-voor-lescha-betonmolen\/#primaryimage\"},\"thumbnailUrl\":\"https:\/\/www.alucomfort.be\/wp-content\/uploads\/Lescha-betonmolen-lagerset-Lescha-Kit-de-Roulements.png\",\"datePublished\":\"2025-05-19T15:39:15+00:00\",\"dateModified\":\"2025-05-19T15:47:50+00:00\",\"description\":\"Besoin de nouveaux roulements pour votre b\u00e9tonni\u00e8re Lescha ? Consultez vite le site web d'Alu Comfort pour le plus grand choix de pi\u00e8ces d\u00e9tach\u00e9es\",\"breadcrumb\":{\"@id\":\"https:\/\/www.alucomfort.be\/product\/lagerset-voor-lescha-betonmolen\/#breadcrumb\"},\"inLanguage\":\"fr-FR\",\"potentialAction\":[{\"@type\":\"ReadAction\",\"target\":[\"https:\/\/www.alucomfort.be\/product\/lagerset-voor-lescha-betonmolen\/\"]}]},{\"@type\":\"ImageObject\",\"inLanguage\":\"fr-FR\",\"@id\":\"https:\/\/www.alucomfort.be\/product\/lagerset-voor-lescha-betonmolen\/#primaryimage\",\"url\":\"https:\/\/www.alucomfort.be\/wp-content\/uploads\/Lescha-betonmolen-lagerset-Lescha-Kit-de-Roulements.png\",\"contentUrl\":\"https:\/\/www.alucomfort.be\/wp-content\/uploads\/Lescha-betonmolen-lagerset-Lescha-Kit-de-Roulements.png\",\"width\":900,\"height\":675,\"caption\":\"Lescha betonmolen lagerset_Lescha Kit de Roulements\"},{\"@type\":\"BreadcrumbList\",\"@id\":\"https:\/\/www.alucomfort.be\/product\/lagerset-voor-lescha-betonmolen\/#breadcrumb\",\"itemListElement\":[{\"@type\":\"ListItem\",\"position\":1,\"name\":\"Home\",\"item\":\"https:\/\/www.alucomfort.be\/fr\/\"},{\"@type\":\"ListItem\",\"position\":2,\"name\":\"Producten\",\"item\":\"https:\/\/www.alucomfort.be\/producten\/\"},{\"@type\":\"ListItem\",\"position\":3,\"name\":\"Kit de roulements pour b\u00e9tonni\u00e8res Lescha\"}]},{\"@type\":\"WebSite\",\"@id\":\"https:\/\/www.alucomfort.be\/#website\",\"url\":\"https:\/\/www.alucomfort.be\/\",\"name\":\"Alu Comfort\",\"description\":\"\",\"potentialAction\":[{\"@type\":\"SearchAction\",\"target\":{\"@type\":\"EntryPoint\",\"urlTemplate\":\"https:\/\/www.alucomfort.be\/?s={search_term_string}\"},\"query-input\":{\"@type\":\"PropertyValueSpecification\",\"valueRequired\":true,\"valueName\":\"search_term_string\"}}],\"inLanguage\":\"fr-FR\"}]}<\/script>\n<!-- \/ Yoast SEO plugin. -->","yoast_head_json":{"title":"Roulements Lescha pour b\u00e9tonni\u00e8re | Alu Comfort | Large offre!","description":"Besoin de nouveaux roulements pour votre b\u00e9tonni\u00e8re Lescha ? Consultez vite le site web d'Alu Comfort pour le plus grand choix de pi\u00e8ces d\u00e9tach\u00e9es","robots":{"index":"index","follow":"follow","max-snippet":"max-snippet:-1","max-image-preview":"max-image-preview:large","max-video-preview":"max-video-preview:-1"},"canonical":"https:\/\/www.alucomfort.be\/product\/lagerset-voor-lescha-betonmolen\/","og_locale":"fr_FR","og_type":"article","og_title":"Roulements Lescha pour b\u00e9tonni\u00e8re | Alu Comfort | Large offre!","og_description":"Besoin de nouveaux roulements pour votre b\u00e9tonni\u00e8re Lescha ? Consultez vite le site web d'Alu Comfort pour le plus grand choix de pi\u00e8ces d\u00e9tach\u00e9es","og_url":"https:\/\/www.alucomfort.be\/product\/lagerset-voor-lescha-betonmolen\/","og_site_name":"Alu Comfort","article_modified_time":"2025-05-19T15:47:50+00:00","og_image":[{"width":900,"height":675,"url":"https:\/\/www.alucomfort.be\/wp-content\/uploads\/Lescha-betonmolen-lagerset-Lescha-Kit-de-Roulements.png","type":"image\/png"}],"twitter_card":"summary_large_image","schema":{"@context":"https:\/\/schema.org","@graph":[{"@type":"WebPage","@id":"https:\/\/www.alucomfort.be\/product\/lagerset-voor-lescha-betonmolen\/","url":"https:\/\/www.alucomfort.be\/product\/lagerset-voor-lescha-betonmolen\/","name":"Roulements Lescha pour b\u00e9tonni\u00e8re | Alu Comfort | Large offre!","isPartOf":{"@id":"https:\/\/www.alucomfort.be\/#website"},"primaryImageOfPage":{"@id":"https:\/\/www.alucomfort.be\/product\/lagerset-voor-lescha-betonmolen\/#primaryimage"},"image":{"@id":"https:\/\/www.alucomfort.be\/product\/lagerset-voor-lescha-betonmolen\/#primaryimage"},"thumbnailUrl":"https:\/\/www.alucomfort.be\/wp-content\/uploads\/Lescha-betonmolen-lagerset-Lescha-Kit-de-Roulements.png","datePublished":"2025-05-19T15:39:15+00:00","dateModified":"2025-05-19T15:47:50+00:00","description":"Besoin de nouveaux roulements pour votre b\u00e9tonni\u00e8re Lescha ? Consultez vite le site web d'Alu Comfort pour le plus grand choix de pi\u00e8ces d\u00e9tach\u00e9es","breadcrumb":{"@id":"https:\/\/www.alucomfort.be\/product\/lagerset-voor-lescha-betonmolen\/#breadcrumb"},"inLanguage":"fr-FR","potentialAction":[{"@type":"ReadAction","target":["https:\/\/www.alucomfort.be\/product\/lagerset-voor-lescha-betonmolen\/"]}]},{"@type":"ImageObject","inLanguage":"fr-FR","@id":"https:\/\/www.alucomfort.be\/product\/lagerset-voor-lescha-betonmolen\/#primaryimage","url":"https:\/\/www.alucomfort.be\/wp-content\/uploads\/Lescha-betonmolen-lagerset-Lescha-Kit-de-Roulements.png","contentUrl":"https:\/\/www.alucomfort.be\/wp-content\/uploads\/Lescha-betonmolen-lagerset-Lescha-Kit-de-Roulements.png","width":900,"height":675,"caption":"Lescha betonmolen lagerset_Lescha Kit de Roulements"},{"@type":"BreadcrumbList","@id":"https:\/\/www.alucomfort.be\/product\/lagerset-voor-lescha-betonmolen\/#breadcrumb","itemListElement":[{"@type":"ListItem","position":1,"name":"Home","item":"https:\/\/www.alucomfort.be\/fr\/"},{"@type":"ListItem","position":2,"name":"Producten","item":"https:\/\/www.alucomfort.be\/producten\/"},{"@type":"ListItem","position":3,"name":"Kit de roulements pour b\u00e9tonni\u00e8res Lescha"}]},{"@type":"WebSite","@id":"https:\/\/www.alucomfort.be\/#website","url":"https:\/\/www.alucomfort.be\/","name":"Alu Comfort","description":"","potentialAction":[{"@type":"SearchAction","target":{"@type":"EntryPoint","urlTemplate":"https:\/\/www.alucomfort.be\/?s={search_term_string}"},"query-input":{"@type":"PropertyValueSpecification","valueRequired":true,"valueName":"search_term_string"}}],"inLanguage":"fr-FR"}]}},"_links":{"self":[{"href":"https:\/\/www.alucomfort.be\/fr\/wp-json\/wp\/v2\/product\/223881","targetHints":{"allow":["GET"]}}],"collection":[{"href":"https:\/\/www.alucomfort.be\/fr\/wp-json\/wp\/v2\/product"}],"about":[{"href":"https:\/\/www.alucomfort.be\/fr\/wp-json\/wp\/v2\/types\/product"}],"wp:featuredmedia":[{"embeddable":true,"href":"https:\/\/www.alucomfort.be\/fr\/wp-json\/wp\/v2\/media\/223717"}],"wp:attachment":[{"href":"https:\/\/www.alucomfort.be\/fr\/wp-json\/wp\/v2\/media?parent=223881"}],"wp:term":[{"taxonomy":"product_brand","embeddable":true,"href":"https:\/\/www.alucomfort.be\/fr\/wp-json\/wp\/v2\/product_brand?post=223881"},{"taxonomy":"product_cat","embeddable":true,"href":"https:\/\/www.alucomfort.be\/fr\/wp-json\/wp\/v2\/product_cat?post=223881"},{"taxonomy":"product_tag","embeddable":true,"href":"https:\/\/www.alucomfort.be\/fr\/wp-json\/wp\/v2\/product_tag?post=223881"}],"curies":[{"name":"wp","href":"https:\/\/api.w.org\/{rel}","templated":true}]}}