

{"id":223925,"date":"2025-05-21T20:28:37","date_gmt":"2025-05-21T18:28:37","guid":{"rendered":"https:\/\/www.alucomfort.be\/product\/geniegrips-coussins-de-protection\/"},"modified":"2025-05-21T20:32:11","modified_gmt":"2025-05-21T18:32:11","slug":"geniegrips-coussins-de-protection","status":"publish","type":"product","link":"https:\/\/www.alucomfort.be\/fr\/product\/geniegrips-coussins-de-protection\/","title":{"rendered":"GenieGrips\u00ae Coussins de protection"},"content":{"rendered":"<p>* GenieGrips\u00ae : Coussin d&rsquo;impact \u00e0 fixer sur le c\u00f4t\u00e9 droit des fourches de chariot \u00e9l\u00e9vateur, * Coussinet qui absorbe les chocs lors des contacts entre les marchandises et les porte-fourches, * Haute visibilit\u00e9 gr\u00e2ce \u00e0 la couleur jaune pour une s\u00e9curit\u00e9 maximale, * Pr\u00e9vient les dommages aux marchandises, * Facile \u00e0 installer et \u00e0 retirer gr\u00e2ce aux aimant.<\/p>\n","protected":false},"excerpt":{"rendered":"<p>Coussins de protection GenieGrips\u00ae pour les c\u00f4t\u00e9s verticaux des fourches de chariot \u00e9l\u00e9vateu<\/p>\n","protected":false},"featured_media":221125,"template":"","meta":{"_acf_changed":false},"product_brand":[],"product_cat":[9464],"product_tag":[],"class_list":{"0":"post-223925","1":"product","2":"type-product","3":"status-publish","4":"has-post-thumbnail","6":"product_cat-geniegrips-tapis-antiderapants-coussins-de-protection-et-embouts-de-protection","8":"first","9":"outofstock","10":"taxable","11":"shipping-taxable","12":"purchasable","13":"product-type-variable"},"acf":[],"yoast_head":"<!-- This site is optimized with the Yoast SEO plugin v24.8.1 - https:\/\/yoast.com\/wordpress\/plugins\/seo\/ -->\n<title>GenieGrips\u00ae Coussins de protection | Alu Comfort | Prot\u00e9gez votre chargement!<\/title>\n<meta name=\"description\" content=\"GenieGrips\u00ae Coussins de protection offrent une protection sup\u00e9rieure \u00e0 votre chariot \u00e9l\u00e9vateur et \u00e0 vos pr\u00e9cieuses charges. Extr\u00eamement faciles \u00e0 utiliser ! Contactez-nous d\u00e8s maintenant !\" \/>\n<meta name=\"robots\" content=\"index, follow, max-snippet:-1, max-image-preview:large, max-video-preview:-1\" \/>\n<link rel=\"canonical\" href=\"https:\/\/www.alucomfort.be\/product\/geniegrips-stootkussens\/\" \/>\n<meta property=\"og:locale\" content=\"fr_FR\" \/>\n<meta property=\"og:type\" content=\"article\" \/>\n<meta property=\"og:title\" content=\"GenieGrips\u00ae Coussins de protection | Alu Comfort | Prot\u00e9gez votre chargement!\" \/>\n<meta property=\"og:description\" content=\"GenieGrips\u00ae Coussins de protection offrent une protection sup\u00e9rieure \u00e0 votre chariot \u00e9l\u00e9vateur et \u00e0 vos pr\u00e9cieuses charges. Extr\u00eamement faciles \u00e0 utiliser ! Contactez-nous d\u00e8s maintenant !\" \/>\n<meta property=\"og:url\" content=\"https:\/\/www.alucomfort.be\/product\/geniegrips-stootkussens\/\" \/>\n<meta property=\"og:site_name\" content=\"Alu Comfort\" \/>\n<meta property=\"article:modified_time\" content=\"2025-05-21T18:32:11+00:00\" \/>\n<meta property=\"og:image\" content=\"https:\/\/www.alucomfort.be\/wp-content\/uploads\/GenieGrips-Stootkussen.jpg\" \/>\n\t<meta property=\"og:image:width\" content=\"1920\" \/>\n\t<meta property=\"og:image:height\" content=\"1280\" \/>\n\t<meta property=\"og:image:type\" content=\"image\/jpeg\" \/>\n<meta name=\"twitter:card\" content=\"summary_large_image\" \/>\n<script type=\"application\/ld+json\" class=\"yoast-schema-graph\">{\"@context\":\"https:\/\/schema.org\",\"@graph\":[{\"@type\":\"WebPage\",\"@id\":\"https:\/\/www.alucomfort.be\/product\/geniegrips-stootkussens\/\",\"url\":\"https:\/\/www.alucomfort.be\/product\/geniegrips-stootkussens\/\",\"name\":\"GenieGrips\u00ae Coussins de protection | Alu Comfort | Prot\u00e9gez votre chargement!\",\"isPartOf\":{\"@id\":\"https:\/\/www.alucomfort.be\/#website\"},\"primaryImageOfPage\":{\"@id\":\"https:\/\/www.alucomfort.be\/product\/geniegrips-stootkussens\/#primaryimage\"},\"image\":{\"@id\":\"https:\/\/www.alucomfort.be\/product\/geniegrips-stootkussens\/#primaryimage\"},\"thumbnailUrl\":\"https:\/\/www.alucomfort.be\/wp-content\/uploads\/GenieGrips-Stootkussen.jpg\",\"datePublished\":\"2025-05-21T18:28:37+00:00\",\"dateModified\":\"2025-05-21T18:32:11+00:00\",\"description\":\"GenieGrips\u00ae Coussins de protection offrent une protection sup\u00e9rieure \u00e0 votre chariot \u00e9l\u00e9vateur et \u00e0 vos pr\u00e9cieuses charges. Extr\u00eamement faciles \u00e0 utiliser ! Contactez-nous d\u00e8s maintenant !\",\"breadcrumb\":{\"@id\":\"https:\/\/www.alucomfort.be\/product\/geniegrips-stootkussens\/#breadcrumb\"},\"inLanguage\":\"fr-FR\",\"potentialAction\":[{\"@type\":\"ReadAction\",\"target\":[\"https:\/\/www.alucomfort.be\/product\/geniegrips-stootkussens\/\"]}]},{\"@type\":\"ImageObject\",\"inLanguage\":\"fr-FR\",\"@id\":\"https:\/\/www.alucomfort.be\/product\/geniegrips-stootkussens\/#primaryimage\",\"url\":\"https:\/\/www.alucomfort.be\/wp-content\/uploads\/GenieGrips-Stootkussen.jpg\",\"contentUrl\":\"https:\/\/www.alucomfort.be\/wp-content\/uploads\/GenieGrips-Stootkussen.jpg\",\"width\":1920,\"height\":1280,\"caption\":\"GenieGrips Stootkussen\"},{\"@type\":\"BreadcrumbList\",\"@id\":\"https:\/\/www.alucomfort.be\/product\/geniegrips-stootkussens\/#breadcrumb\",\"itemListElement\":[{\"@type\":\"ListItem\",\"position\":1,\"name\":\"Home\",\"item\":\"https:\/\/www.alucomfort.be\/fr\/\"},{\"@type\":\"ListItem\",\"position\":2,\"name\":\"Producten\",\"item\":\"https:\/\/www.alucomfort.be\/producten\/\"},{\"@type\":\"ListItem\",\"position\":3,\"name\":\"GenieGrips\u00ae Coussins de protection\"}]},{\"@type\":\"WebSite\",\"@id\":\"https:\/\/www.alucomfort.be\/#website\",\"url\":\"https:\/\/www.alucomfort.be\/\",\"name\":\"Alu Comfort\",\"description\":\"\",\"potentialAction\":[{\"@type\":\"SearchAction\",\"target\":{\"@type\":\"EntryPoint\",\"urlTemplate\":\"https:\/\/www.alucomfort.be\/?s={search_term_string}\"},\"query-input\":{\"@type\":\"PropertyValueSpecification\",\"valueRequired\":true,\"valueName\":\"search_term_string\"}}],\"inLanguage\":\"fr-FR\"}]}<\/script>\n<!-- \/ Yoast SEO plugin. -->","yoast_head_json":{"title":"GenieGrips\u00ae Coussins de protection | Alu Comfort | Prot\u00e9gez votre chargement!","description":"GenieGrips\u00ae Coussins de protection offrent une protection sup\u00e9rieure \u00e0 votre chariot \u00e9l\u00e9vateur et \u00e0 vos pr\u00e9cieuses charges. Extr\u00eamement faciles \u00e0 utiliser ! Contactez-nous d\u00e8s maintenant !","robots":{"index":"index","follow":"follow","max-snippet":"max-snippet:-1","max-image-preview":"max-image-preview:large","max-video-preview":"max-video-preview:-1"},"canonical":"https:\/\/www.alucomfort.be\/product\/geniegrips-stootkussens\/","og_locale":"fr_FR","og_type":"article","og_title":"GenieGrips\u00ae Coussins de protection | Alu Comfort | Prot\u00e9gez votre chargement!","og_description":"GenieGrips\u00ae Coussins de protection offrent une protection sup\u00e9rieure \u00e0 votre chariot \u00e9l\u00e9vateur et \u00e0 vos pr\u00e9cieuses charges. Extr\u00eamement faciles \u00e0 utiliser ! Contactez-nous d\u00e8s maintenant !","og_url":"https:\/\/www.alucomfort.be\/product\/geniegrips-stootkussens\/","og_site_name":"Alu Comfort","article_modified_time":"2025-05-21T18:32:11+00:00","og_image":[{"width":1920,"height":1280,"url":"https:\/\/www.alucomfort.be\/wp-content\/uploads\/GenieGrips-Stootkussen.jpg","type":"image\/jpeg"}],"twitter_card":"summary_large_image","schema":{"@context":"https:\/\/schema.org","@graph":[{"@type":"WebPage","@id":"https:\/\/www.alucomfort.be\/product\/geniegrips-stootkussens\/","url":"https:\/\/www.alucomfort.be\/product\/geniegrips-stootkussens\/","name":"GenieGrips\u00ae Coussins de protection | Alu Comfort | Prot\u00e9gez votre chargement!","isPartOf":{"@id":"https:\/\/www.alucomfort.be\/#website"},"primaryImageOfPage":{"@id":"https:\/\/www.alucomfort.be\/product\/geniegrips-stootkussens\/#primaryimage"},"image":{"@id":"https:\/\/www.alucomfort.be\/product\/geniegrips-stootkussens\/#primaryimage"},"thumbnailUrl":"https:\/\/www.alucomfort.be\/wp-content\/uploads\/GenieGrips-Stootkussen.jpg","datePublished":"2025-05-21T18:28:37+00:00","dateModified":"2025-05-21T18:32:11+00:00","description":"GenieGrips\u00ae Coussins de protection offrent une protection sup\u00e9rieure \u00e0 votre chariot \u00e9l\u00e9vateur et \u00e0 vos pr\u00e9cieuses charges. Extr\u00eamement faciles \u00e0 utiliser ! Contactez-nous d\u00e8s maintenant !","breadcrumb":{"@id":"https:\/\/www.alucomfort.be\/product\/geniegrips-stootkussens\/#breadcrumb"},"inLanguage":"fr-FR","potentialAction":[{"@type":"ReadAction","target":["https:\/\/www.alucomfort.be\/product\/geniegrips-stootkussens\/"]}]},{"@type":"ImageObject","inLanguage":"fr-FR","@id":"https:\/\/www.alucomfort.be\/product\/geniegrips-stootkussens\/#primaryimage","url":"https:\/\/www.alucomfort.be\/wp-content\/uploads\/GenieGrips-Stootkussen.jpg","contentUrl":"https:\/\/www.alucomfort.be\/wp-content\/uploads\/GenieGrips-Stootkussen.jpg","width":1920,"height":1280,"caption":"GenieGrips Stootkussen"},{"@type":"BreadcrumbList","@id":"https:\/\/www.alucomfort.be\/product\/geniegrips-stootkussens\/#breadcrumb","itemListElement":[{"@type":"ListItem","position":1,"name":"Home","item":"https:\/\/www.alucomfort.be\/fr\/"},{"@type":"ListItem","position":2,"name":"Producten","item":"https:\/\/www.alucomfort.be\/producten\/"},{"@type":"ListItem","position":3,"name":"GenieGrips\u00ae Coussins de protection"}]},{"@type":"WebSite","@id":"https:\/\/www.alucomfort.be\/#website","url":"https:\/\/www.alucomfort.be\/","name":"Alu Comfort","description":"","potentialAction":[{"@type":"SearchAction","target":{"@type":"EntryPoint","urlTemplate":"https:\/\/www.alucomfort.be\/?s={search_term_string}"},"query-input":{"@type":"PropertyValueSpecification","valueRequired":true,"valueName":"search_term_string"}}],"inLanguage":"fr-FR"}]}},"_links":{"self":[{"href":"https:\/\/www.alucomfort.be\/fr\/wp-json\/wp\/v2\/product\/223925","targetHints":{"allow":["GET"]}}],"collection":[{"href":"https:\/\/www.alucomfort.be\/fr\/wp-json\/wp\/v2\/product"}],"about":[{"href":"https:\/\/www.alucomfort.be\/fr\/wp-json\/wp\/v2\/types\/product"}],"wp:featuredmedia":[{"embeddable":true,"href":"https:\/\/www.alucomfort.be\/fr\/wp-json\/wp\/v2\/media\/221125"}],"wp:attachment":[{"href":"https:\/\/www.alucomfort.be\/fr\/wp-json\/wp\/v2\/media?parent=223925"}],"wp:term":[{"taxonomy":"product_brand","embeddable":true,"href":"https:\/\/www.alucomfort.be\/fr\/wp-json\/wp\/v2\/product_brand?post=223925"},{"taxonomy":"product_cat","embeddable":true,"href":"https:\/\/www.alucomfort.be\/fr\/wp-json\/wp\/v2\/product_cat?post=223925"},{"taxonomy":"product_tag","embeddable":true,"href":"https:\/\/www.alucomfort.be\/fr\/wp-json\/wp\/v2\/product_tag?post=223925"}],"curies":[{"name":"wp","href":"https:\/\/api.w.org\/{rel}","templated":true}]}}