

{"id":224055,"date":"2025-05-22T22:35:21","date_gmt":"2025-05-22T20:35:21","guid":{"rendered":"https:\/\/www.alucomfort.be\/product\/bac-de-retention-mobile-2-futs-de-60-l\/"},"modified":"2025-09-09T10:31:05","modified_gmt":"2025-09-09T08:31:05","slug":"bac-de-retention-mobile-2-futs-de-60-l","status":"publish","type":"product","link":"https:\/\/www.alucomfort.be\/fr\/product\/bac-de-retention-mobile-2-futs-de-60-l\/","title":{"rendered":"Bac de r\u00e9tention mobile &#8211; 2 f\u00fbts de 60 L"},"content":{"rendered":"<p>* Bac de r\u00e9tention roulant pour le confinement des liquides dangereux, * Construction en t\u00f4le d&rsquo;acier de 3 mm, * Avec poign\u00e9e, * En option avec sangle de maintien, * 2 roues pivotantes (dont une roue avec arr\u00eatoir) et 2 roues fixes avec \u00d8 100 mm, * Caillebotis galvanis\u00e9 (Charge adm. 1000 kg\/m\u00b2)<\/p>\n","protected":false},"excerpt":{"rendered":"<p>Cuve de r\u00e9tention roulante &#8211; 2 f\u00fbts de 60 L<\/p>\n","protected":false},"featured_media":223962,"template":"","meta":{"_acf_changed":false},"product_brand":[],"product_cat":[9811,2147],"product_tag":[],"class_list":{"0":"post-224055","1":"product","2":"type-product","3":"status-publish","4":"has-post-thumbnail","6":"product_cat-bacs-de-retention-mobiles","7":"product_cat-mobiele-trap-met-platform","9":"first","10":"outofstock","11":"taxable","12":"shipping-taxable","13":"purchasable","14":"product-type-variable"},"acf":[],"yoast_head":"<!-- This site is optimized with the Yoast SEO plugin v24.8.1 - https:\/\/yoast.com\/wordpress\/plugins\/seo\/ -->\n<title>| Alu Comfort | Nos bacs de r\u00e9tention roulants, efficaces et mobiles.<\/title>\n<meta name=\"description\" content=\"Qualit\u00e9 sup\u00e9rieure : Bacs de r\u00e9tention mobiles en acier Alu Comfort pour substances dangereuses\" \/>\n<meta name=\"robots\" content=\"index, follow, max-snippet:-1, max-image-preview:large, max-video-preview:-1\" \/>\n<link rel=\"canonical\" href=\"https:\/\/www.alucomfort.be\/product\/verrijdbare-opvangbak-2-x-60-l-vaten\/\" \/>\n<meta property=\"og:locale\" content=\"fr_FR\" \/>\n<meta property=\"og:type\" content=\"article\" \/>\n<meta property=\"og:title\" content=\"| Alu Comfort | Nos bacs de r\u00e9tention roulants, efficaces et mobiles.\" \/>\n<meta property=\"og:description\" content=\"Qualit\u00e9 sup\u00e9rieure : Bacs de r\u00e9tention mobiles en acier Alu Comfort pour substances dangereuses\" \/>\n<meta property=\"og:url\" content=\"https:\/\/www.alucomfort.be\/product\/verrijdbare-opvangbak-2-x-60-l-vaten\/\" \/>\n<meta property=\"og:site_name\" content=\"Alu Comfort\" \/>\n<meta property=\"article:modified_time\" content=\"2025-09-09T08:31:05+00:00\" \/>\n<meta property=\"og:image\" content=\"https:\/\/www.alucomfort.be\/wp-content\/uploads\/Bac-de-retention-sur-roulettes-pour-petits-futs-dhuile-AW-60-1-SRH.jpg\" \/>\n\t<meta property=\"og:image:width\" content=\"1808\" \/>\n\t<meta property=\"og:image:height\" content=\"2173\" \/>\n\t<meta property=\"og:image:type\" content=\"image\/jpeg\" \/>\n<meta name=\"twitter:card\" content=\"summary_large_image\" \/>\n<script type=\"application\/ld+json\" class=\"yoast-schema-graph\">{\"@context\":\"https:\/\/schema.org\",\"@graph\":[{\"@type\":\"WebPage\",\"@id\":\"https:\/\/www.alucomfort.be\/product\/verrijdbare-opvangbak-2-x-60-l-vaten\/\",\"url\":\"https:\/\/www.alucomfort.be\/product\/verrijdbare-opvangbak-2-x-60-l-vaten\/\",\"name\":\"| Alu Comfort | Nos bacs de r\u00e9tention roulants, efficaces et mobiles.\",\"isPartOf\":{\"@id\":\"https:\/\/www.alucomfort.be\/#website\"},\"primaryImageOfPage\":{\"@id\":\"https:\/\/www.alucomfort.be\/product\/verrijdbare-opvangbak-2-x-60-l-vaten\/#primaryimage\"},\"image\":{\"@id\":\"https:\/\/www.alucomfort.be\/product\/verrijdbare-opvangbak-2-x-60-l-vaten\/#primaryimage\"},\"thumbnailUrl\":\"https:\/\/www.alucomfort.be\/wp-content\/uploads\/Bac-de-retention-sur-roulettes-pour-petits-futs-dhuile-AW-60-1-SRH.jpg\",\"datePublished\":\"2025-05-22T20:35:21+00:00\",\"dateModified\":\"2025-09-09T08:31:05+00:00\",\"description\":\"Qualit\u00e9 sup\u00e9rieure : Bacs de r\u00e9tention mobiles en acier Alu Comfort pour substances dangereuses\",\"breadcrumb\":{\"@id\":\"https:\/\/www.alucomfort.be\/product\/verrijdbare-opvangbak-2-x-60-l-vaten\/#breadcrumb\"},\"inLanguage\":\"fr-FR\",\"potentialAction\":[{\"@type\":\"ReadAction\",\"target\":[\"https:\/\/www.alucomfort.be\/product\/verrijdbare-opvangbak-2-x-60-l-vaten\/\"]}]},{\"@type\":\"ImageObject\",\"inLanguage\":\"fr-FR\",\"@id\":\"https:\/\/www.alucomfort.be\/product\/verrijdbare-opvangbak-2-x-60-l-vaten\/#primaryimage\",\"url\":\"https:\/\/www.alucomfort.be\/wp-content\/uploads\/Bac-de-retention-sur-roulettes-pour-petits-futs-dhuile-AW-60-1-SRH.jpg\",\"contentUrl\":\"https:\/\/www.alucomfort.be\/wp-content\/uploads\/Bac-de-retention-sur-roulettes-pour-petits-futs-dhuile-AW-60-1-SRH.jpg\",\"width\":1808,\"height\":2173,\"caption\":\"Bac de r\u00e9tention sur roulettes pour petits f\u00fbts d\u2019huile_AW 60\"},{\"@type\":\"BreadcrumbList\",\"@id\":\"https:\/\/www.alucomfort.be\/product\/verrijdbare-opvangbak-2-x-60-l-vaten\/#breadcrumb\",\"itemListElement\":[{\"@type\":\"ListItem\",\"position\":1,\"name\":\"Home\",\"item\":\"https:\/\/www.alucomfort.be\/fr\/\"},{\"@type\":\"ListItem\",\"position\":2,\"name\":\"Producten\",\"item\":\"https:\/\/www.alucomfort.be\/producten\/\"},{\"@type\":\"ListItem\",\"position\":3,\"name\":\"Bac de r\u00e9tention mobile &#8211; 2 f\u00fbts de 60 L\"}]},{\"@type\":\"WebSite\",\"@id\":\"https:\/\/www.alucomfort.be\/#website\",\"url\":\"https:\/\/www.alucomfort.be\/\",\"name\":\"Alu Comfort\",\"description\":\"\",\"potentialAction\":[{\"@type\":\"SearchAction\",\"target\":{\"@type\":\"EntryPoint\",\"urlTemplate\":\"https:\/\/www.alucomfort.be\/?s={search_term_string}\"},\"query-input\":{\"@type\":\"PropertyValueSpecification\",\"valueRequired\":true,\"valueName\":\"search_term_string\"}}],\"inLanguage\":\"fr-FR\"}]}<\/script>\n<!-- \/ Yoast SEO plugin. -->","yoast_head_json":{"title":"| Alu Comfort | Nos bacs de r\u00e9tention roulants, efficaces et mobiles.","description":"Qualit\u00e9 sup\u00e9rieure : Bacs de r\u00e9tention mobiles en acier Alu Comfort pour substances dangereuses","robots":{"index":"index","follow":"follow","max-snippet":"max-snippet:-1","max-image-preview":"max-image-preview:large","max-video-preview":"max-video-preview:-1"},"canonical":"https:\/\/www.alucomfort.be\/product\/verrijdbare-opvangbak-2-x-60-l-vaten\/","og_locale":"fr_FR","og_type":"article","og_title":"| Alu Comfort | Nos bacs de r\u00e9tention roulants, efficaces et mobiles.","og_description":"Qualit\u00e9 sup\u00e9rieure : Bacs de r\u00e9tention mobiles en acier Alu Comfort pour substances dangereuses","og_url":"https:\/\/www.alucomfort.be\/product\/verrijdbare-opvangbak-2-x-60-l-vaten\/","og_site_name":"Alu Comfort","article_modified_time":"2025-09-09T08:31:05+00:00","og_image":[{"width":1808,"height":2173,"url":"https:\/\/www.alucomfort.be\/wp-content\/uploads\/Bac-de-retention-sur-roulettes-pour-petits-futs-dhuile-AW-60-1-SRH.jpg","type":"image\/jpeg"}],"twitter_card":"summary_large_image","schema":{"@context":"https:\/\/schema.org","@graph":[{"@type":"WebPage","@id":"https:\/\/www.alucomfort.be\/product\/verrijdbare-opvangbak-2-x-60-l-vaten\/","url":"https:\/\/www.alucomfort.be\/product\/verrijdbare-opvangbak-2-x-60-l-vaten\/","name":"| Alu Comfort | Nos bacs de r\u00e9tention roulants, efficaces et mobiles.","isPartOf":{"@id":"https:\/\/www.alucomfort.be\/#website"},"primaryImageOfPage":{"@id":"https:\/\/www.alucomfort.be\/product\/verrijdbare-opvangbak-2-x-60-l-vaten\/#primaryimage"},"image":{"@id":"https:\/\/www.alucomfort.be\/product\/verrijdbare-opvangbak-2-x-60-l-vaten\/#primaryimage"},"thumbnailUrl":"https:\/\/www.alucomfort.be\/wp-content\/uploads\/Bac-de-retention-sur-roulettes-pour-petits-futs-dhuile-AW-60-1-SRH.jpg","datePublished":"2025-05-22T20:35:21+00:00","dateModified":"2025-09-09T08:31:05+00:00","description":"Qualit\u00e9 sup\u00e9rieure : Bacs de r\u00e9tention mobiles en acier Alu Comfort pour substances dangereuses","breadcrumb":{"@id":"https:\/\/www.alucomfort.be\/product\/verrijdbare-opvangbak-2-x-60-l-vaten\/#breadcrumb"},"inLanguage":"fr-FR","potentialAction":[{"@type":"ReadAction","target":["https:\/\/www.alucomfort.be\/product\/verrijdbare-opvangbak-2-x-60-l-vaten\/"]}]},{"@type":"ImageObject","inLanguage":"fr-FR","@id":"https:\/\/www.alucomfort.be\/product\/verrijdbare-opvangbak-2-x-60-l-vaten\/#primaryimage","url":"https:\/\/www.alucomfort.be\/wp-content\/uploads\/Bac-de-retention-sur-roulettes-pour-petits-futs-dhuile-AW-60-1-SRH.jpg","contentUrl":"https:\/\/www.alucomfort.be\/wp-content\/uploads\/Bac-de-retention-sur-roulettes-pour-petits-futs-dhuile-AW-60-1-SRH.jpg","width":1808,"height":2173,"caption":"Bac de r\u00e9tention sur roulettes pour petits f\u00fbts d\u2019huile_AW 60"},{"@type":"BreadcrumbList","@id":"https:\/\/www.alucomfort.be\/product\/verrijdbare-opvangbak-2-x-60-l-vaten\/#breadcrumb","itemListElement":[{"@type":"ListItem","position":1,"name":"Home","item":"https:\/\/www.alucomfort.be\/fr\/"},{"@type":"ListItem","position":2,"name":"Producten","item":"https:\/\/www.alucomfort.be\/producten\/"},{"@type":"ListItem","position":3,"name":"Bac de r\u00e9tention mobile &#8211; 2 f\u00fbts de 60 L"}]},{"@type":"WebSite","@id":"https:\/\/www.alucomfort.be\/#website","url":"https:\/\/www.alucomfort.be\/","name":"Alu Comfort","description":"","potentialAction":[{"@type":"SearchAction","target":{"@type":"EntryPoint","urlTemplate":"https:\/\/www.alucomfort.be\/?s={search_term_string}"},"query-input":{"@type":"PropertyValueSpecification","valueRequired":true,"valueName":"search_term_string"}}],"inLanguage":"fr-FR"}]}},"_links":{"self":[{"href":"https:\/\/www.alucomfort.be\/fr\/wp-json\/wp\/v2\/product\/224055","targetHints":{"allow":["GET"]}}],"collection":[{"href":"https:\/\/www.alucomfort.be\/fr\/wp-json\/wp\/v2\/product"}],"about":[{"href":"https:\/\/www.alucomfort.be\/fr\/wp-json\/wp\/v2\/types\/product"}],"wp:featuredmedia":[{"embeddable":true,"href":"https:\/\/www.alucomfort.be\/fr\/wp-json\/wp\/v2\/media\/223962"}],"wp:attachment":[{"href":"https:\/\/www.alucomfort.be\/fr\/wp-json\/wp\/v2\/media?parent=224055"}],"wp:term":[{"taxonomy":"product_brand","embeddable":true,"href":"https:\/\/www.alucomfort.be\/fr\/wp-json\/wp\/v2\/product_brand?post=224055"},{"taxonomy":"product_cat","embeddable":true,"href":"https:\/\/www.alucomfort.be\/fr\/wp-json\/wp\/v2\/product_cat?post=224055"},{"taxonomy":"product_tag","embeddable":true,"href":"https:\/\/www.alucomfort.be\/fr\/wp-json\/wp\/v2\/product_tag?post=224055"}],"curies":[{"name":"wp","href":"https:\/\/api.w.org\/{rel}","templated":true}]}}