

{"id":224125,"date":"2025-05-22T22:53:39","date_gmt":"2025-05-22T20:53:39","guid":{"rendered":"https:\/\/www.alucomfort.be\/product\/bac-de-retention-mobile-pour-futs-de-60-l-avec-paroi-arriere\/"},"modified":"2025-09-09T10:31:31","modified_gmt":"2025-09-09T08:31:31","slug":"bac-de-retention-mobile-pour-futs-de-60-l-avec-paroi-arriere","status":"publish","type":"product","link":"https:\/\/www.alucomfort.be\/fr\/product\/bac-de-retention-mobile-pour-futs-de-60-l-avec-paroi-arriere\/","title":{"rendered":"Bac de r\u00e9tention mobile pour f\u00fbts de 60 L avec paroi arri\u00e8re"},"content":{"rendered":"<p>* Bac de r\u00e9tention mobile avec panneau arri\u00e8re\/paroi anti-\u00e9claboussures perfor\u00e9, * Panneau pratique pour fixer des supports et bacs \u00e0 outils, * Bac disponible en diverses versions laqu\u00e9es ainsi qu&rsquo;en version galvanis\u00e9e plus on\u00e9reuse, * En option : bac \u00e0 outils suppl\u00e9mentaire et bac d&rsquo;\u00e9gouttage avec support pour pistolet de ravitaillement.<\/p>\n","protected":false},"excerpt":{"rendered":"<p>Cuve de r\u00e9tention roulante pour f\u00fbts de 60 L avec paroi arri\u00e8re<\/p>\n","protected":false},"featured_media":223950,"template":"","meta":{"_acf_changed":false},"product_brand":[],"product_cat":[9811],"product_tag":[],"class_list":{"0":"post-224125","1":"product","2":"type-product","3":"status-publish","4":"has-post-thumbnail","6":"product_cat-bacs-de-retention-mobiles","8":"first","9":"outofstock","10":"taxable","11":"shipping-taxable","12":"purchasable","13":"product-type-variable"},"acf":[],"yoast_head":"<!-- This site is optimized with the Yoast SEO plugin v24.8.1 - https:\/\/yoast.com\/wordpress\/plugins\/seo\/ -->\n<title>Bacs de r\u00e9tention mobiles | Alu Comfort | Stockage s\u00e9curis\u00e9 des liquides<\/title>\n<meta name=\"description\" content=\"Un bac de r\u00e9tention mobile Alu Comfort : Votre meilleure d\u00e9fense contre les fuites.\" \/>\n<meta name=\"robots\" content=\"index, follow, max-snippet:-1, max-image-preview:large, max-video-preview:-1\" \/>\n<link rel=\"canonical\" href=\"https:\/\/www.alucomfort.be\/product\/verrijdbare-opvangbak-voor-60-l-vaten-met-achterwand\/\" \/>\n<meta property=\"og:locale\" content=\"fr_FR\" \/>\n<meta property=\"og:type\" content=\"article\" \/>\n<meta property=\"og:title\" content=\"Bacs de r\u00e9tention mobiles | Alu Comfort | Stockage s\u00e9curis\u00e9 des liquides\" \/>\n<meta property=\"og:description\" content=\"Un bac de r\u00e9tention mobile Alu Comfort : Votre meilleure d\u00e9fense contre les fuites.\" \/>\n<meta property=\"og:url\" content=\"https:\/\/www.alucomfort.be\/product\/verrijdbare-opvangbak-voor-60-l-vaten-met-achterwand\/\" \/>\n<meta property=\"og:site_name\" content=\"Alu Comfort\" \/>\n<meta property=\"article:modified_time\" content=\"2025-09-09T08:31:31+00:00\" \/>\n<meta property=\"og:image\" content=\"https:\/\/www.alucomfort.be\/wp-content\/uploads\/Bac-de-retention-sur-roulettes-avec-paroi-anti-projection-Revendeur-Bauer.png\" \/>\n\t<meta property=\"og:image:width\" content=\"1029\" \/>\n\t<meta property=\"og:image:height\" content=\"1746\" \/>\n\t<meta property=\"og:image:type\" content=\"image\/png\" \/>\n<meta name=\"twitter:card\" content=\"summary_large_image\" \/>\n<script type=\"application\/ld+json\" class=\"yoast-schema-graph\">{\"@context\":\"https:\/\/schema.org\",\"@graph\":[{\"@type\":\"WebPage\",\"@id\":\"https:\/\/www.alucomfort.be\/product\/verrijdbare-opvangbak-voor-60-l-vaten-met-achterwand\/\",\"url\":\"https:\/\/www.alucomfort.be\/product\/verrijdbare-opvangbak-voor-60-l-vaten-met-achterwand\/\",\"name\":\"Bacs de r\u00e9tention mobiles | Alu Comfort | Stockage s\u00e9curis\u00e9 des liquides\",\"isPartOf\":{\"@id\":\"https:\/\/www.alucomfort.be\/#website\"},\"primaryImageOfPage\":{\"@id\":\"https:\/\/www.alucomfort.be\/product\/verrijdbare-opvangbak-voor-60-l-vaten-met-achterwand\/#primaryimage\"},\"image\":{\"@id\":\"https:\/\/www.alucomfort.be\/product\/verrijdbare-opvangbak-voor-60-l-vaten-met-achterwand\/#primaryimage\"},\"thumbnailUrl\":\"https:\/\/www.alucomfort.be\/wp-content\/uploads\/Bac-de-retention-sur-roulettes-avec-paroi-anti-projection-Revendeur-Bauer.png\",\"datePublished\":\"2025-05-22T20:53:39+00:00\",\"dateModified\":\"2025-09-09T08:31:31+00:00\",\"description\":\"Un bac de r\u00e9tention mobile Alu Comfort : Votre meilleure d\u00e9fense contre les fuites.\",\"breadcrumb\":{\"@id\":\"https:\/\/www.alucomfort.be\/product\/verrijdbare-opvangbak-voor-60-l-vaten-met-achterwand\/#breadcrumb\"},\"inLanguage\":\"fr-FR\",\"potentialAction\":[{\"@type\":\"ReadAction\",\"target\":[\"https:\/\/www.alucomfort.be\/product\/verrijdbare-opvangbak-voor-60-l-vaten-met-achterwand\/\"]}]},{\"@type\":\"ImageObject\",\"inLanguage\":\"fr-FR\",\"@id\":\"https:\/\/www.alucomfort.be\/product\/verrijdbare-opvangbak-voor-60-l-vaten-met-achterwand\/#primaryimage\",\"url\":\"https:\/\/www.alucomfort.be\/wp-content\/uploads\/Bac-de-retention-sur-roulettes-avec-paroi-anti-projection-Revendeur-Bauer.png\",\"contentUrl\":\"https:\/\/www.alucomfort.be\/wp-content\/uploads\/Bac-de-retention-sur-roulettes-avec-paroi-anti-projection-Revendeur-Bauer.png\",\"width\":1029,\"height\":1746,\"caption\":\"Bac_de_r\u00e9tention_sur_roulettes_avec_paroi_anti-projection_Revendeur_Bauer\"},{\"@type\":\"BreadcrumbList\",\"@id\":\"https:\/\/www.alucomfort.be\/product\/verrijdbare-opvangbak-voor-60-l-vaten-met-achterwand\/#breadcrumb\",\"itemListElement\":[{\"@type\":\"ListItem\",\"position\":1,\"name\":\"Home\",\"item\":\"https:\/\/www.alucomfort.be\/fr\/\"},{\"@type\":\"ListItem\",\"position\":2,\"name\":\"Producten\",\"item\":\"https:\/\/www.alucomfort.be\/producten\/\"},{\"@type\":\"ListItem\",\"position\":3,\"name\":\"Bac de r\u00e9tention mobile pour f\u00fbts de 60 L avec paroi arri\u00e8re\"}]},{\"@type\":\"WebSite\",\"@id\":\"https:\/\/www.alucomfort.be\/#website\",\"url\":\"https:\/\/www.alucomfort.be\/\",\"name\":\"Alu Comfort\",\"description\":\"\",\"potentialAction\":[{\"@type\":\"SearchAction\",\"target\":{\"@type\":\"EntryPoint\",\"urlTemplate\":\"https:\/\/www.alucomfort.be\/?s={search_term_string}\"},\"query-input\":{\"@type\":\"PropertyValueSpecification\",\"valueRequired\":true,\"valueName\":\"search_term_string\"}}],\"inLanguage\":\"fr-FR\"}]}<\/script>\n<!-- \/ Yoast SEO plugin. -->","yoast_head_json":{"title":"Bacs de r\u00e9tention mobiles | Alu Comfort | Stockage s\u00e9curis\u00e9 des liquides","description":"Un bac de r\u00e9tention mobile Alu Comfort : Votre meilleure d\u00e9fense contre les fuites.","robots":{"index":"index","follow":"follow","max-snippet":"max-snippet:-1","max-image-preview":"max-image-preview:large","max-video-preview":"max-video-preview:-1"},"canonical":"https:\/\/www.alucomfort.be\/product\/verrijdbare-opvangbak-voor-60-l-vaten-met-achterwand\/","og_locale":"fr_FR","og_type":"article","og_title":"Bacs de r\u00e9tention mobiles | Alu Comfort | Stockage s\u00e9curis\u00e9 des liquides","og_description":"Un bac de r\u00e9tention mobile Alu Comfort : Votre meilleure d\u00e9fense contre les fuites.","og_url":"https:\/\/www.alucomfort.be\/product\/verrijdbare-opvangbak-voor-60-l-vaten-met-achterwand\/","og_site_name":"Alu Comfort","article_modified_time":"2025-09-09T08:31:31+00:00","og_image":[{"width":1029,"height":1746,"url":"https:\/\/www.alucomfort.be\/wp-content\/uploads\/Bac-de-retention-sur-roulettes-avec-paroi-anti-projection-Revendeur-Bauer.png","type":"image\/png"}],"twitter_card":"summary_large_image","schema":{"@context":"https:\/\/schema.org","@graph":[{"@type":"WebPage","@id":"https:\/\/www.alucomfort.be\/product\/verrijdbare-opvangbak-voor-60-l-vaten-met-achterwand\/","url":"https:\/\/www.alucomfort.be\/product\/verrijdbare-opvangbak-voor-60-l-vaten-met-achterwand\/","name":"Bacs de r\u00e9tention mobiles | Alu Comfort | Stockage s\u00e9curis\u00e9 des liquides","isPartOf":{"@id":"https:\/\/www.alucomfort.be\/#website"},"primaryImageOfPage":{"@id":"https:\/\/www.alucomfort.be\/product\/verrijdbare-opvangbak-voor-60-l-vaten-met-achterwand\/#primaryimage"},"image":{"@id":"https:\/\/www.alucomfort.be\/product\/verrijdbare-opvangbak-voor-60-l-vaten-met-achterwand\/#primaryimage"},"thumbnailUrl":"https:\/\/www.alucomfort.be\/wp-content\/uploads\/Bac-de-retention-sur-roulettes-avec-paroi-anti-projection-Revendeur-Bauer.png","datePublished":"2025-05-22T20:53:39+00:00","dateModified":"2025-09-09T08:31:31+00:00","description":"Un bac de r\u00e9tention mobile Alu Comfort : Votre meilleure d\u00e9fense contre les fuites.","breadcrumb":{"@id":"https:\/\/www.alucomfort.be\/product\/verrijdbare-opvangbak-voor-60-l-vaten-met-achterwand\/#breadcrumb"},"inLanguage":"fr-FR","potentialAction":[{"@type":"ReadAction","target":["https:\/\/www.alucomfort.be\/product\/verrijdbare-opvangbak-voor-60-l-vaten-met-achterwand\/"]}]},{"@type":"ImageObject","inLanguage":"fr-FR","@id":"https:\/\/www.alucomfort.be\/product\/verrijdbare-opvangbak-voor-60-l-vaten-met-achterwand\/#primaryimage","url":"https:\/\/www.alucomfort.be\/wp-content\/uploads\/Bac-de-retention-sur-roulettes-avec-paroi-anti-projection-Revendeur-Bauer.png","contentUrl":"https:\/\/www.alucomfort.be\/wp-content\/uploads\/Bac-de-retention-sur-roulettes-avec-paroi-anti-projection-Revendeur-Bauer.png","width":1029,"height":1746,"caption":"Bac_de_r\u00e9tention_sur_roulettes_avec_paroi_anti-projection_Revendeur_Bauer"},{"@type":"BreadcrumbList","@id":"https:\/\/www.alucomfort.be\/product\/verrijdbare-opvangbak-voor-60-l-vaten-met-achterwand\/#breadcrumb","itemListElement":[{"@type":"ListItem","position":1,"name":"Home","item":"https:\/\/www.alucomfort.be\/fr\/"},{"@type":"ListItem","position":2,"name":"Producten","item":"https:\/\/www.alucomfort.be\/producten\/"},{"@type":"ListItem","position":3,"name":"Bac de r\u00e9tention mobile pour f\u00fbts de 60 L avec paroi arri\u00e8re"}]},{"@type":"WebSite","@id":"https:\/\/www.alucomfort.be\/#website","url":"https:\/\/www.alucomfort.be\/","name":"Alu Comfort","description":"","potentialAction":[{"@type":"SearchAction","target":{"@type":"EntryPoint","urlTemplate":"https:\/\/www.alucomfort.be\/?s={search_term_string}"},"query-input":{"@type":"PropertyValueSpecification","valueRequired":true,"valueName":"search_term_string"}}],"inLanguage":"fr-FR"}]}},"_links":{"self":[{"href":"https:\/\/www.alucomfort.be\/fr\/wp-json\/wp\/v2\/product\/224125","targetHints":{"allow":["GET"]}}],"collection":[{"href":"https:\/\/www.alucomfort.be\/fr\/wp-json\/wp\/v2\/product"}],"about":[{"href":"https:\/\/www.alucomfort.be\/fr\/wp-json\/wp\/v2\/types\/product"}],"wp:featuredmedia":[{"embeddable":true,"href":"https:\/\/www.alucomfort.be\/fr\/wp-json\/wp\/v2\/media\/223950"}],"wp:attachment":[{"href":"https:\/\/www.alucomfort.be\/fr\/wp-json\/wp\/v2\/media?parent=224125"}],"wp:term":[{"taxonomy":"product_brand","embeddable":true,"href":"https:\/\/www.alucomfort.be\/fr\/wp-json\/wp\/v2\/product_brand?post=224125"},{"taxonomy":"product_cat","embeddable":true,"href":"https:\/\/www.alucomfort.be\/fr\/wp-json\/wp\/v2\/product_cat?post=224125"},{"taxonomy":"product_tag","embeddable":true,"href":"https:\/\/www.alucomfort.be\/fr\/wp-json\/wp\/v2\/product_tag?post=224125"}],"curies":[{"name":"wp","href":"https:\/\/api.w.org\/{rel}","templated":true}]}}