

{"id":224175,"date":"2025-05-28T19:11:30","date_gmt":"2025-05-28T17:11:30","guid":{"rendered":"https:\/\/www.alucomfort.be\/product\/plate-formes-de-retention\/"},"modified":"2025-05-28T19:13:49","modified_gmt":"2025-05-28T17:13:49","slug":"plate-formes-de-retention","status":"publish","type":"product","link":"https:\/\/www.alucomfort.be\/fr\/product\/plate-formes-de-retention\/","title":{"rendered":"Plate-formes de r\u00e9tention"},"content":{"rendered":"<p>* Construction robuste, * R\u00e9sistance aux acides, bases et huiles ainsi qu&rsquo;\u00e0 d&rsquo;autres produits non-inflammables, * Avec palette PE, * En option avec rampe d&rsquo;access ou profil\u00e9s de jonction de bac.  Veuillez prendre contacte avec nous.<\/p>\n","protected":false},"excerpt":{"rendered":"<p>Plate-formes de r\u00e9tention PE pour un stockage s\u00fbr et r\u00e8glementaire de petits r\u00e9cipients sur Euro-palettes et palettes chimiques<\/p>\n","protected":false},"featured_media":224165,"template":"","meta":{"_acf_changed":false},"product_brand":[],"product_cat":[9815,2147],"product_tag":[],"class_list":{"0":"post-224175","1":"product","2":"type-product","3":"status-publish","4":"has-post-thumbnail","6":"product_cat-bacs-de-retention-pe-pour-des-futs-ou-des-ibc","7":"product_cat-mobiele-trap-met-platform","9":"first","10":"outofstock","11":"taxable","12":"shipping-taxable","13":"purchasable","14":"product-type-variable"},"acf":[],"yoast_head":"<!-- This site is optimized with the Yoast SEO plugin v24.8.1 - https:\/\/yoast.com\/wordpress\/plugins\/seo\/ -->\n<title>Plate-formes de r\u00e9tention | Alu Comfort | fabriqu\u00e9 en poly\u00e9thyl\u00e8ne robuste<\/title>\n<meta name=\"description\" content=\"Plate-formes de r\u00e9tention PE pour un stockage s\u00fbr et r\u00e8glementaire de petits r\u00e9cipients sur Euro-palettes et palettes chimiques\" \/>\n<meta name=\"robots\" content=\"index, follow, max-snippet:-1, max-image-preview:large, max-video-preview:-1\" \/>\n<link rel=\"canonical\" href=\"https:\/\/www.alucomfort.be\/product\/pe-bodembeschermbakken\/\" \/>\n<meta property=\"og:locale\" content=\"fr_FR\" \/>\n<meta property=\"og:type\" content=\"article\" \/>\n<meta property=\"og:title\" content=\"Plate-formes de r\u00e9tention | Alu Comfort | fabriqu\u00e9 en poly\u00e9thyl\u00e8ne robuste\" \/>\n<meta property=\"og:description\" content=\"Plate-formes de r\u00e9tention PE pour un stockage s\u00fbr et r\u00e8glementaire de petits r\u00e9cipients sur Euro-palettes et palettes chimiques\" \/>\n<meta property=\"og:url\" content=\"https:\/\/www.alucomfort.be\/product\/pe-bodembeschermbakken\/\" \/>\n<meta property=\"og:site_name\" content=\"Alu Comfort\" \/>\n<meta property=\"article:modified_time\" content=\"2025-05-28T17:13:49+00:00\" \/>\n<meta property=\"og:image\" content=\"https:\/\/www.alucomfort.be\/wp-content\/uploads\/Plateaux-de-retention-en-PE-WP-2.png\" \/>\n\t<meta property=\"og:image:width\" content=\"769\" \/>\n\t<meta property=\"og:image:height\" content=\"543\" \/>\n\t<meta property=\"og:image:type\" content=\"image\/png\" \/>\n<meta name=\"twitter:card\" content=\"summary_large_image\" \/>\n<script type=\"application\/ld+json\" class=\"yoast-schema-graph\">{\"@context\":\"https:\/\/schema.org\",\"@graph\":[{\"@type\":\"WebPage\",\"@id\":\"https:\/\/www.alucomfort.be\/product\/pe-bodembeschermbakken\/\",\"url\":\"https:\/\/www.alucomfort.be\/product\/pe-bodembeschermbakken\/\",\"name\":\"Plate-formes de r\u00e9tention | Alu Comfort | fabriqu\u00e9 en poly\u00e9thyl\u00e8ne robuste\",\"isPartOf\":{\"@id\":\"https:\/\/www.alucomfort.be\/#website\"},\"primaryImageOfPage\":{\"@id\":\"https:\/\/www.alucomfort.be\/product\/pe-bodembeschermbakken\/#primaryimage\"},\"image\":{\"@id\":\"https:\/\/www.alucomfort.be\/product\/pe-bodembeschermbakken\/#primaryimage\"},\"thumbnailUrl\":\"https:\/\/www.alucomfort.be\/wp-content\/uploads\/Plateaux-de-retention-en-PE-WP-2.png\",\"datePublished\":\"2025-05-28T17:11:30+00:00\",\"dateModified\":\"2025-05-28T17:13:49+00:00\",\"description\":\"Plate-formes de r\u00e9tention PE pour un stockage s\u00fbr et r\u00e8glementaire de petits r\u00e9cipients sur Euro-palettes et palettes chimiques\",\"breadcrumb\":{\"@id\":\"https:\/\/www.alucomfort.be\/product\/pe-bodembeschermbakken\/#breadcrumb\"},\"inLanguage\":\"fr-FR\",\"potentialAction\":[{\"@type\":\"ReadAction\",\"target\":[\"https:\/\/www.alucomfort.be\/product\/pe-bodembeschermbakken\/\"]}]},{\"@type\":\"ImageObject\",\"inLanguage\":\"fr-FR\",\"@id\":\"https:\/\/www.alucomfort.be\/product\/pe-bodembeschermbakken\/#primaryimage\",\"url\":\"https:\/\/www.alucomfort.be\/wp-content\/uploads\/Plateaux-de-retention-en-PE-WP-2.png\",\"contentUrl\":\"https:\/\/www.alucomfort.be\/wp-content\/uploads\/Plateaux-de-retention-en-PE-WP-2.png\",\"width\":769,\"height\":543,\"caption\":\"Plateaux de r\u00e9tention en PE\"},{\"@type\":\"BreadcrumbList\",\"@id\":\"https:\/\/www.alucomfort.be\/product\/pe-bodembeschermbakken\/#breadcrumb\",\"itemListElement\":[{\"@type\":\"ListItem\",\"position\":1,\"name\":\"Home\",\"item\":\"https:\/\/www.alucomfort.be\/fr\/\"},{\"@type\":\"ListItem\",\"position\":2,\"name\":\"Producten\",\"item\":\"https:\/\/www.alucomfort.be\/producten\/\"},{\"@type\":\"ListItem\",\"position\":3,\"name\":\"Plate-formes de r\u00e9tention\"}]},{\"@type\":\"WebSite\",\"@id\":\"https:\/\/www.alucomfort.be\/#website\",\"url\":\"https:\/\/www.alucomfort.be\/\",\"name\":\"Alu Comfort\",\"description\":\"\",\"potentialAction\":[{\"@type\":\"SearchAction\",\"target\":{\"@type\":\"EntryPoint\",\"urlTemplate\":\"https:\/\/www.alucomfort.be\/?s={search_term_string}\"},\"query-input\":{\"@type\":\"PropertyValueSpecification\",\"valueRequired\":true,\"valueName\":\"search_term_string\"}}],\"inLanguage\":\"fr-FR\"}]}<\/script>\n<!-- \/ Yoast SEO plugin. -->","yoast_head_json":{"title":"Plate-formes de r\u00e9tention | Alu Comfort | fabriqu\u00e9 en poly\u00e9thyl\u00e8ne robuste","description":"Plate-formes de r\u00e9tention PE pour un stockage s\u00fbr et r\u00e8glementaire de petits r\u00e9cipients sur Euro-palettes et palettes chimiques","robots":{"index":"index","follow":"follow","max-snippet":"max-snippet:-1","max-image-preview":"max-image-preview:large","max-video-preview":"max-video-preview:-1"},"canonical":"https:\/\/www.alucomfort.be\/product\/pe-bodembeschermbakken\/","og_locale":"fr_FR","og_type":"article","og_title":"Plate-formes de r\u00e9tention | Alu Comfort | fabriqu\u00e9 en poly\u00e9thyl\u00e8ne robuste","og_description":"Plate-formes de r\u00e9tention PE pour un stockage s\u00fbr et r\u00e8glementaire de petits r\u00e9cipients sur Euro-palettes et palettes chimiques","og_url":"https:\/\/www.alucomfort.be\/product\/pe-bodembeschermbakken\/","og_site_name":"Alu Comfort","article_modified_time":"2025-05-28T17:13:49+00:00","og_image":[{"width":769,"height":543,"url":"https:\/\/www.alucomfort.be\/wp-content\/uploads\/Plateaux-de-retention-en-PE-WP-2.png","type":"image\/png"}],"twitter_card":"summary_large_image","schema":{"@context":"https:\/\/schema.org","@graph":[{"@type":"WebPage","@id":"https:\/\/www.alucomfort.be\/product\/pe-bodembeschermbakken\/","url":"https:\/\/www.alucomfort.be\/product\/pe-bodembeschermbakken\/","name":"Plate-formes de r\u00e9tention | Alu Comfort | fabriqu\u00e9 en poly\u00e9thyl\u00e8ne robuste","isPartOf":{"@id":"https:\/\/www.alucomfort.be\/#website"},"primaryImageOfPage":{"@id":"https:\/\/www.alucomfort.be\/product\/pe-bodembeschermbakken\/#primaryimage"},"image":{"@id":"https:\/\/www.alucomfort.be\/product\/pe-bodembeschermbakken\/#primaryimage"},"thumbnailUrl":"https:\/\/www.alucomfort.be\/wp-content\/uploads\/Plateaux-de-retention-en-PE-WP-2.png","datePublished":"2025-05-28T17:11:30+00:00","dateModified":"2025-05-28T17:13:49+00:00","description":"Plate-formes de r\u00e9tention PE pour un stockage s\u00fbr et r\u00e8glementaire de petits r\u00e9cipients sur Euro-palettes et palettes chimiques","breadcrumb":{"@id":"https:\/\/www.alucomfort.be\/product\/pe-bodembeschermbakken\/#breadcrumb"},"inLanguage":"fr-FR","potentialAction":[{"@type":"ReadAction","target":["https:\/\/www.alucomfort.be\/product\/pe-bodembeschermbakken\/"]}]},{"@type":"ImageObject","inLanguage":"fr-FR","@id":"https:\/\/www.alucomfort.be\/product\/pe-bodembeschermbakken\/#primaryimage","url":"https:\/\/www.alucomfort.be\/wp-content\/uploads\/Plateaux-de-retention-en-PE-WP-2.png","contentUrl":"https:\/\/www.alucomfort.be\/wp-content\/uploads\/Plateaux-de-retention-en-PE-WP-2.png","width":769,"height":543,"caption":"Plateaux de r\u00e9tention en PE"},{"@type":"BreadcrumbList","@id":"https:\/\/www.alucomfort.be\/product\/pe-bodembeschermbakken\/#breadcrumb","itemListElement":[{"@type":"ListItem","position":1,"name":"Home","item":"https:\/\/www.alucomfort.be\/fr\/"},{"@type":"ListItem","position":2,"name":"Producten","item":"https:\/\/www.alucomfort.be\/producten\/"},{"@type":"ListItem","position":3,"name":"Plate-formes de r\u00e9tention"}]},{"@type":"WebSite","@id":"https:\/\/www.alucomfort.be\/#website","url":"https:\/\/www.alucomfort.be\/","name":"Alu Comfort","description":"","potentialAction":[{"@type":"SearchAction","target":{"@type":"EntryPoint","urlTemplate":"https:\/\/www.alucomfort.be\/?s={search_term_string}"},"query-input":{"@type":"PropertyValueSpecification","valueRequired":true,"valueName":"search_term_string"}}],"inLanguage":"fr-FR"}]}},"_links":{"self":[{"href":"https:\/\/www.alucomfort.be\/fr\/wp-json\/wp\/v2\/product\/224175","targetHints":{"allow":["GET"]}}],"collection":[{"href":"https:\/\/www.alucomfort.be\/fr\/wp-json\/wp\/v2\/product"}],"about":[{"href":"https:\/\/www.alucomfort.be\/fr\/wp-json\/wp\/v2\/types\/product"}],"wp:featuredmedia":[{"embeddable":true,"href":"https:\/\/www.alucomfort.be\/fr\/wp-json\/wp\/v2\/media\/224165"}],"wp:attachment":[{"href":"https:\/\/www.alucomfort.be\/fr\/wp-json\/wp\/v2\/media?parent=224175"}],"wp:term":[{"taxonomy":"product_brand","embeddable":true,"href":"https:\/\/www.alucomfort.be\/fr\/wp-json\/wp\/v2\/product_brand?post=224175"},{"taxonomy":"product_cat","embeddable":true,"href":"https:\/\/www.alucomfort.be\/fr\/wp-json\/wp\/v2\/product_cat?post=224175"},{"taxonomy":"product_tag","embeddable":true,"href":"https:\/\/www.alucomfort.be\/fr\/wp-json\/wp\/v2\/product_tag?post=224175"}],"curies":[{"name":"wp","href":"https:\/\/api.w.org\/{rel}","templated":true}]}}