

{"id":224185,"date":"2025-05-28T19:11:38","date_gmt":"2025-05-28T17:11:38","guid":{"rendered":"https:\/\/www.alucomfort.be\/product\/bac-de-retention-en-pe-pour-2-grv-sans-palette-pe\/"},"modified":"2025-05-28T19:13:52","modified_gmt":"2025-05-28T17:13:52","slug":"bac-de-retention-en-pe-pour-2-grv-sans-palette-pe","status":"publish","type":"product","link":"https:\/\/www.alucomfort.be\/fr\/product\/bac-de-retention-en-pe-pour-2-grv-sans-palette-pe\/","title":{"rendered":"Bac de r\u00e9tention en PE pour 2 GRV sans palette PE"},"content":{"rendered":"<p>* Construction robuste, * R\u00e9sistance aux acides, bases et huiles ainsi qu&rsquo;\u00e0 d&rsquo;autres produits non-inflammables, * Sans palette PE, * Avec fourreaux pour chariot \u00e9l\u00e9vateur et gerbeur, * En option avec bac de r\u00e9tention pour soutirage.  Veuillez prendre contacte avec nous.<\/p>\n","protected":false},"excerpt":{"rendered":"<p>Bac de r\u00e9tention mobil pour 2 IBC de 1000 l.  Pour un stockage s\u00fbr et r\u00e8glementaire.<\/p>\n","protected":false},"featured_media":224163,"template":"","meta":{"_acf_changed":false},"product_brand":[],"product_cat":[9815,2147],"product_tag":[],"class_list":{"0":"post-224185","1":"product","2":"type-product","3":"status-publish","4":"has-post-thumbnail","6":"product_cat-bacs-de-retention-pe-pour-des-futs-ou-des-ibc","7":"product_cat-mobiele-trap-met-platform","9":"first","10":"instock","11":"taxable","12":"shipping-taxable","13":"purchasable","14":"product-type-simple"},"acf":[],"yoast_head":"<!-- This site is optimized with the Yoast SEO plugin v24.8.1 - https:\/\/yoast.com\/wordpress\/plugins\/seo\/ -->\n<title>Bacs en poly\u00e9thyl\u00e8ne durables de qualit\u00e9 sup\u00e9rieure | Alu Comfort |<\/title>\n<meta name=\"description\" content=\"Achetez vos bacs de r\u00e9tention en PE en ligne chez Alu Comfort et profitez des prix les plus bas!\" \/>\n<meta name=\"robots\" content=\"index, follow, max-snippet:-1, max-image-preview:large, max-video-preview:-1\" \/>\n<link rel=\"canonical\" href=\"https:\/\/www.alucomfort.be\/product\/pe-opvangbak-voor-2-x-ibc-zonder-pe-pallet\/\" \/>\n<meta property=\"og:locale\" content=\"fr_FR\" \/>\n<meta property=\"og:type\" content=\"article\" \/>\n<meta property=\"og:title\" content=\"Bacs en poly\u00e9thyl\u00e8ne durables de qualit\u00e9 sup\u00e9rieure | Alu Comfort |\" \/>\n<meta property=\"og:description\" content=\"Achetez vos bacs de r\u00e9tention en PE en ligne chez Alu Comfort et profitez des prix les plus bas!\" \/>\n<meta property=\"og:url\" content=\"https:\/\/www.alucomfort.be\/product\/pe-opvangbak-voor-2-x-ibc-zonder-pe-pallet\/\" \/>\n<meta property=\"og:site_name\" content=\"Alu Comfort\" \/>\n<meta property=\"article:modified_time\" content=\"2025-05-28T17:13:52+00:00\" \/>\n<meta property=\"og:image\" content=\"https:\/\/www.alucomfort.be\/wp-content\/uploads\/PE-Lekbakken-WP-4.png\" \/>\n\t<meta property=\"og:image:width\" content=\"525\" \/>\n\t<meta property=\"og:image:height\" content=\"413\" \/>\n\t<meta property=\"og:image:type\" content=\"image\/png\" \/>\n<meta name=\"twitter:card\" content=\"summary_large_image\" \/>\n<script type=\"application\/ld+json\" class=\"yoast-schema-graph\">{\"@context\":\"https:\/\/schema.org\",\"@graph\":[{\"@type\":\"WebPage\",\"@id\":\"https:\/\/www.alucomfort.be\/product\/pe-opvangbak-voor-2-x-ibc-zonder-pe-pallet\/\",\"url\":\"https:\/\/www.alucomfort.be\/product\/pe-opvangbak-voor-2-x-ibc-zonder-pe-pallet\/\",\"name\":\"Bacs en poly\u00e9thyl\u00e8ne durables de qualit\u00e9 sup\u00e9rieure | Alu Comfort |\",\"isPartOf\":{\"@id\":\"https:\/\/www.alucomfort.be\/#website\"},\"primaryImageOfPage\":{\"@id\":\"https:\/\/www.alucomfort.be\/product\/pe-opvangbak-voor-2-x-ibc-zonder-pe-pallet\/#primaryimage\"},\"image\":{\"@id\":\"https:\/\/www.alucomfort.be\/product\/pe-opvangbak-voor-2-x-ibc-zonder-pe-pallet\/#primaryimage\"},\"thumbnailUrl\":\"https:\/\/www.alucomfort.be\/wp-content\/uploads\/PE-Lekbakken-WP-4.png\",\"datePublished\":\"2025-05-28T17:11:38+00:00\",\"dateModified\":\"2025-05-28T17:13:52+00:00\",\"description\":\"Achetez vos bacs de r\u00e9tention en PE en ligne chez Alu Comfort et profitez des prix les plus bas!\",\"breadcrumb\":{\"@id\":\"https:\/\/www.alucomfort.be\/product\/pe-opvangbak-voor-2-x-ibc-zonder-pe-pallet\/#breadcrumb\"},\"inLanguage\":\"fr-FR\",\"potentialAction\":[{\"@type\":\"ReadAction\",\"target\":[\"https:\/\/www.alucomfort.be\/product\/pe-opvangbak-voor-2-x-ibc-zonder-pe-pallet\/\"]}]},{\"@type\":\"ImageObject\",\"inLanguage\":\"fr-FR\",\"@id\":\"https:\/\/www.alucomfort.be\/product\/pe-opvangbak-voor-2-x-ibc-zonder-pe-pallet\/#primaryimage\",\"url\":\"https:\/\/www.alucomfort.be\/wp-content\/uploads\/PE-Lekbakken-WP-4.png\",\"contentUrl\":\"https:\/\/www.alucomfort.be\/wp-content\/uploads\/PE-Lekbakken-WP-4.png\",\"width\":525,\"height\":413,\"caption\":\"PE Lekbakken. Opvangen kopen doe je bij Alu Comfort!\"},{\"@type\":\"BreadcrumbList\",\"@id\":\"https:\/\/www.alucomfort.be\/product\/pe-opvangbak-voor-2-x-ibc-zonder-pe-pallet\/#breadcrumb\",\"itemListElement\":[{\"@type\":\"ListItem\",\"position\":1,\"name\":\"Home\",\"item\":\"https:\/\/www.alucomfort.be\/fr\/\"},{\"@type\":\"ListItem\",\"position\":2,\"name\":\"Producten\",\"item\":\"https:\/\/www.alucomfort.be\/producten\/\"},{\"@type\":\"ListItem\",\"position\":3,\"name\":\"Bac de r\u00e9tention en PE pour 2 GRV sans palette PE\"}]},{\"@type\":\"WebSite\",\"@id\":\"https:\/\/www.alucomfort.be\/#website\",\"url\":\"https:\/\/www.alucomfort.be\/\",\"name\":\"Alu Comfort\",\"description\":\"\",\"potentialAction\":[{\"@type\":\"SearchAction\",\"target\":{\"@type\":\"EntryPoint\",\"urlTemplate\":\"https:\/\/www.alucomfort.be\/?s={search_term_string}\"},\"query-input\":{\"@type\":\"PropertyValueSpecification\",\"valueRequired\":true,\"valueName\":\"search_term_string\"}}],\"inLanguage\":\"fr-FR\"}]}<\/script>\n<!-- \/ Yoast SEO plugin. -->","yoast_head_json":{"title":"Bacs en poly\u00e9thyl\u00e8ne durables de qualit\u00e9 sup\u00e9rieure | Alu Comfort |","description":"Achetez vos bacs de r\u00e9tention en PE en ligne chez Alu Comfort et profitez des prix les plus bas!","robots":{"index":"index","follow":"follow","max-snippet":"max-snippet:-1","max-image-preview":"max-image-preview:large","max-video-preview":"max-video-preview:-1"},"canonical":"https:\/\/www.alucomfort.be\/product\/pe-opvangbak-voor-2-x-ibc-zonder-pe-pallet\/","og_locale":"fr_FR","og_type":"article","og_title":"Bacs en poly\u00e9thyl\u00e8ne durables de qualit\u00e9 sup\u00e9rieure | Alu Comfort |","og_description":"Achetez vos bacs de r\u00e9tention en PE en ligne chez Alu Comfort et profitez des prix les plus bas!","og_url":"https:\/\/www.alucomfort.be\/product\/pe-opvangbak-voor-2-x-ibc-zonder-pe-pallet\/","og_site_name":"Alu Comfort","article_modified_time":"2025-05-28T17:13:52+00:00","og_image":[{"width":525,"height":413,"url":"https:\/\/www.alucomfort.be\/wp-content\/uploads\/PE-Lekbakken-WP-4.png","type":"image\/png"}],"twitter_card":"summary_large_image","schema":{"@context":"https:\/\/schema.org","@graph":[{"@type":"WebPage","@id":"https:\/\/www.alucomfort.be\/product\/pe-opvangbak-voor-2-x-ibc-zonder-pe-pallet\/","url":"https:\/\/www.alucomfort.be\/product\/pe-opvangbak-voor-2-x-ibc-zonder-pe-pallet\/","name":"Bacs en poly\u00e9thyl\u00e8ne durables de qualit\u00e9 sup\u00e9rieure | Alu Comfort |","isPartOf":{"@id":"https:\/\/www.alucomfort.be\/#website"},"primaryImageOfPage":{"@id":"https:\/\/www.alucomfort.be\/product\/pe-opvangbak-voor-2-x-ibc-zonder-pe-pallet\/#primaryimage"},"image":{"@id":"https:\/\/www.alucomfort.be\/product\/pe-opvangbak-voor-2-x-ibc-zonder-pe-pallet\/#primaryimage"},"thumbnailUrl":"https:\/\/www.alucomfort.be\/wp-content\/uploads\/PE-Lekbakken-WP-4.png","datePublished":"2025-05-28T17:11:38+00:00","dateModified":"2025-05-28T17:13:52+00:00","description":"Achetez vos bacs de r\u00e9tention en PE en ligne chez Alu Comfort et profitez des prix les plus bas!","breadcrumb":{"@id":"https:\/\/www.alucomfort.be\/product\/pe-opvangbak-voor-2-x-ibc-zonder-pe-pallet\/#breadcrumb"},"inLanguage":"fr-FR","potentialAction":[{"@type":"ReadAction","target":["https:\/\/www.alucomfort.be\/product\/pe-opvangbak-voor-2-x-ibc-zonder-pe-pallet\/"]}]},{"@type":"ImageObject","inLanguage":"fr-FR","@id":"https:\/\/www.alucomfort.be\/product\/pe-opvangbak-voor-2-x-ibc-zonder-pe-pallet\/#primaryimage","url":"https:\/\/www.alucomfort.be\/wp-content\/uploads\/PE-Lekbakken-WP-4.png","contentUrl":"https:\/\/www.alucomfort.be\/wp-content\/uploads\/PE-Lekbakken-WP-4.png","width":525,"height":413,"caption":"PE Lekbakken. Opvangen kopen doe je bij Alu Comfort!"},{"@type":"BreadcrumbList","@id":"https:\/\/www.alucomfort.be\/product\/pe-opvangbak-voor-2-x-ibc-zonder-pe-pallet\/#breadcrumb","itemListElement":[{"@type":"ListItem","position":1,"name":"Home","item":"https:\/\/www.alucomfort.be\/fr\/"},{"@type":"ListItem","position":2,"name":"Producten","item":"https:\/\/www.alucomfort.be\/producten\/"},{"@type":"ListItem","position":3,"name":"Bac de r\u00e9tention en PE pour 2 GRV sans palette PE"}]},{"@type":"WebSite","@id":"https:\/\/www.alucomfort.be\/#website","url":"https:\/\/www.alucomfort.be\/","name":"Alu Comfort","description":"","potentialAction":[{"@type":"SearchAction","target":{"@type":"EntryPoint","urlTemplate":"https:\/\/www.alucomfort.be\/?s={search_term_string}"},"query-input":{"@type":"PropertyValueSpecification","valueRequired":true,"valueName":"search_term_string"}}],"inLanguage":"fr-FR"}]}},"_links":{"self":[{"href":"https:\/\/www.alucomfort.be\/fr\/wp-json\/wp\/v2\/product\/224185","targetHints":{"allow":["GET"]}}],"collection":[{"href":"https:\/\/www.alucomfort.be\/fr\/wp-json\/wp\/v2\/product"}],"about":[{"href":"https:\/\/www.alucomfort.be\/fr\/wp-json\/wp\/v2\/types\/product"}],"wp:featuredmedia":[{"embeddable":true,"href":"https:\/\/www.alucomfort.be\/fr\/wp-json\/wp\/v2\/media\/224163"}],"wp:attachment":[{"href":"https:\/\/www.alucomfort.be\/fr\/wp-json\/wp\/v2\/media?parent=224185"}],"wp:term":[{"taxonomy":"product_brand","embeddable":true,"href":"https:\/\/www.alucomfort.be\/fr\/wp-json\/wp\/v2\/product_brand?post=224185"},{"taxonomy":"product_cat","embeddable":true,"href":"https:\/\/www.alucomfort.be\/fr\/wp-json\/wp\/v2\/product_cat?post=224185"},{"taxonomy":"product_tag","embeddable":true,"href":"https:\/\/www.alucomfort.be\/fr\/wp-json\/wp\/v2\/product_tag?post=224185"}],"curies":[{"name":"wp","href":"https:\/\/api.w.org\/{rel}","templated":true}]}}