

{"id":224187,"date":"2025-05-28T19:11:40","date_gmt":"2025-05-28T17:11:40","guid":{"rendered":"https:\/\/www.alucomfort.be\/product\/bac-de-retention-pour-2-x-200-l-futs-avec-palette-pe\/"},"modified":"2025-05-28T19:13:54","modified_gmt":"2025-05-28T17:13:54","slug":"bac-de-retention-pour-2-x-200-l-futs-avec-palette-pe","status":"publish","type":"product","link":"https:\/\/www.alucomfort.be\/fr\/product\/bac-de-retention-pour-2-x-200-l-futs-avec-palette-pe\/","title":{"rendered":"Bac de r\u00e9tention pour 2 x 200 l f\u00fbts avec palette PE"},"content":{"rendered":"<p>* Construction robuste, * R\u00e9sistance aux acides, bases et huiles ainsi qu&rsquo;\u00e0 d&rsquo;autres produits non-inflammables, * Avec palette PE, * Avec fourreaux pour chariot \u00e9l\u00e9vateur et gerbeur, * En option avec bac de r\u00e9tention pour soutirage.  Veuillez prendre contacte avec nous.<\/p>\n","protected":false},"excerpt":{"rendered":"<p>Bac de r\u00e9tention mobil pour 2 f\u00fbts de 200 l.  Pour un stockage s\u00fbr et r\u00e8glementaire.<\/p>\n","protected":false},"featured_media":224161,"template":"","meta":{"_acf_changed":false},"product_brand":[],"product_cat":[9815,2147],"product_tag":[],"class_list":{"0":"post-224187","1":"product","2":"type-product","3":"status-publish","4":"has-post-thumbnail","6":"product_cat-bacs-de-retention-pe-pour-des-futs-ou-des-ibc","7":"product_cat-mobiele-trap-met-platform","9":"first","10":"instock","11":"taxable","12":"shipping-taxable","13":"purchasable","14":"product-type-simple"},"acf":[],"yoast_head":"<!-- This site is optimized with the Yoast SEO plugin v24.8.1 - https:\/\/yoast.com\/wordpress\/plugins\/seo\/ -->\n<title>Bacs de r\u00e9tention en PE de haute qualit\u00e9 \u00e0 prix comp\u00e9titifs | Alu Comfort |<\/title>\n<meta name=\"description\" content=\"Bac de r\u00e9tention PE mobil pour 2 f\u00fbts de 200 l. Pour un stockage s\u00fbr et r\u00e8glementaire.\" \/>\n<meta name=\"robots\" content=\"index, follow, max-snippet:-1, max-image-preview:large, max-video-preview:-1\" \/>\n<link rel=\"canonical\" href=\"https:\/\/www.alucomfort.be\/product\/pe-opvangbak-voor-2-x-200-l-vaten-met-pe-pallet\/\" \/>\n<meta property=\"og:locale\" content=\"fr_FR\" \/>\n<meta property=\"og:type\" content=\"article\" \/>\n<meta property=\"og:title\" content=\"Bacs de r\u00e9tention en PE de haute qualit\u00e9 \u00e0 prix comp\u00e9titifs | Alu Comfort |\" \/>\n<meta property=\"og:description\" content=\"Bac de r\u00e9tention PE mobil pour 2 f\u00fbts de 200 l. Pour un stockage s\u00fbr et r\u00e8glementaire.\" \/>\n<meta property=\"og:url\" content=\"https:\/\/www.alucomfort.be\/product\/pe-opvangbak-voor-2-x-200-l-vaten-met-pe-pallet\/\" \/>\n<meta property=\"og:site_name\" content=\"Alu Comfort\" \/>\n<meta property=\"article:modified_time\" content=\"2025-05-28T17:13:54+00:00\" \/>\n<meta property=\"og:image\" content=\"https:\/\/www.alucomfort.be\/wp-content\/uploads\/Opvangbakken-Harde-Kunststof-PE-WP-5.png\" \/>\n\t<meta property=\"og:image:width\" content=\"494\" \/>\n\t<meta property=\"og:image:height\" content=\"490\" \/>\n\t<meta property=\"og:image:type\" content=\"image\/png\" \/>\n<meta name=\"twitter:card\" content=\"summary_large_image\" \/>\n<script type=\"application\/ld+json\" class=\"yoast-schema-graph\">{\"@context\":\"https:\/\/schema.org\",\"@graph\":[{\"@type\":\"WebPage\",\"@id\":\"https:\/\/www.alucomfort.be\/product\/pe-opvangbak-voor-2-x-200-l-vaten-met-pe-pallet\/\",\"url\":\"https:\/\/www.alucomfort.be\/product\/pe-opvangbak-voor-2-x-200-l-vaten-met-pe-pallet\/\",\"name\":\"Bacs de r\u00e9tention en PE de haute qualit\u00e9 \u00e0 prix comp\u00e9titifs | Alu Comfort |\",\"isPartOf\":{\"@id\":\"https:\/\/www.alucomfort.be\/#website\"},\"primaryImageOfPage\":{\"@id\":\"https:\/\/www.alucomfort.be\/product\/pe-opvangbak-voor-2-x-200-l-vaten-met-pe-pallet\/#primaryimage\"},\"image\":{\"@id\":\"https:\/\/www.alucomfort.be\/product\/pe-opvangbak-voor-2-x-200-l-vaten-met-pe-pallet\/#primaryimage\"},\"thumbnailUrl\":\"https:\/\/www.alucomfort.be\/wp-content\/uploads\/Opvangbakken-Harde-Kunststof-PE-WP-5.png\",\"datePublished\":\"2025-05-28T17:11:40+00:00\",\"dateModified\":\"2025-05-28T17:13:54+00:00\",\"description\":\"Bac de r\u00e9tention PE mobil pour 2 f\u00fbts de 200 l. Pour un stockage s\u00fbr et r\u00e8glementaire.\",\"breadcrumb\":{\"@id\":\"https:\/\/www.alucomfort.be\/product\/pe-opvangbak-voor-2-x-200-l-vaten-met-pe-pallet\/#breadcrumb\"},\"inLanguage\":\"fr-FR\",\"potentialAction\":[{\"@type\":\"ReadAction\",\"target\":[\"https:\/\/www.alucomfort.be\/product\/pe-opvangbak-voor-2-x-200-l-vaten-met-pe-pallet\/\"]}]},{\"@type\":\"ImageObject\",\"inLanguage\":\"fr-FR\",\"@id\":\"https:\/\/www.alucomfort.be\/product\/pe-opvangbak-voor-2-x-200-l-vaten-met-pe-pallet\/#primaryimage\",\"url\":\"https:\/\/www.alucomfort.be\/wp-content\/uploads\/Opvangbakken-Harde-Kunststof-PE-WP-5.png\",\"contentUrl\":\"https:\/\/www.alucomfort.be\/wp-content\/uploads\/Opvangbakken-Harde-Kunststof-PE-WP-5.png\",\"width\":494,\"height\":490,\"caption\":\"Opvangbakken_Harde_Kunststof\"},{\"@type\":\"BreadcrumbList\",\"@id\":\"https:\/\/www.alucomfort.be\/product\/pe-opvangbak-voor-2-x-200-l-vaten-met-pe-pallet\/#breadcrumb\",\"itemListElement\":[{\"@type\":\"ListItem\",\"position\":1,\"name\":\"Home\",\"item\":\"https:\/\/www.alucomfort.be\/fr\/\"},{\"@type\":\"ListItem\",\"position\":2,\"name\":\"Producten\",\"item\":\"https:\/\/www.alucomfort.be\/producten\/\"},{\"@type\":\"ListItem\",\"position\":3,\"name\":\"Bac de r\u00e9tention pour 2 x 200 l f\u00fbts avec palette PE\"}]},{\"@type\":\"WebSite\",\"@id\":\"https:\/\/www.alucomfort.be\/#website\",\"url\":\"https:\/\/www.alucomfort.be\/\",\"name\":\"Alu Comfort\",\"description\":\"\",\"potentialAction\":[{\"@type\":\"SearchAction\",\"target\":{\"@type\":\"EntryPoint\",\"urlTemplate\":\"https:\/\/www.alucomfort.be\/?s={search_term_string}\"},\"query-input\":{\"@type\":\"PropertyValueSpecification\",\"valueRequired\":true,\"valueName\":\"search_term_string\"}}],\"inLanguage\":\"fr-FR\"}]}<\/script>\n<!-- \/ Yoast SEO plugin. -->","yoast_head_json":{"title":"Bacs de r\u00e9tention en PE de haute qualit\u00e9 \u00e0 prix comp\u00e9titifs | Alu Comfort |","description":"Bac de r\u00e9tention PE mobil pour 2 f\u00fbts de 200 l. Pour un stockage s\u00fbr et r\u00e8glementaire.","robots":{"index":"index","follow":"follow","max-snippet":"max-snippet:-1","max-image-preview":"max-image-preview:large","max-video-preview":"max-video-preview:-1"},"canonical":"https:\/\/www.alucomfort.be\/product\/pe-opvangbak-voor-2-x-200-l-vaten-met-pe-pallet\/","og_locale":"fr_FR","og_type":"article","og_title":"Bacs de r\u00e9tention en PE de haute qualit\u00e9 \u00e0 prix comp\u00e9titifs | Alu Comfort |","og_description":"Bac de r\u00e9tention PE mobil pour 2 f\u00fbts de 200 l. Pour un stockage s\u00fbr et r\u00e8glementaire.","og_url":"https:\/\/www.alucomfort.be\/product\/pe-opvangbak-voor-2-x-200-l-vaten-met-pe-pallet\/","og_site_name":"Alu Comfort","article_modified_time":"2025-05-28T17:13:54+00:00","og_image":[{"width":494,"height":490,"url":"https:\/\/www.alucomfort.be\/wp-content\/uploads\/Opvangbakken-Harde-Kunststof-PE-WP-5.png","type":"image\/png"}],"twitter_card":"summary_large_image","schema":{"@context":"https:\/\/schema.org","@graph":[{"@type":"WebPage","@id":"https:\/\/www.alucomfort.be\/product\/pe-opvangbak-voor-2-x-200-l-vaten-met-pe-pallet\/","url":"https:\/\/www.alucomfort.be\/product\/pe-opvangbak-voor-2-x-200-l-vaten-met-pe-pallet\/","name":"Bacs de r\u00e9tention en PE de haute qualit\u00e9 \u00e0 prix comp\u00e9titifs | Alu Comfort |","isPartOf":{"@id":"https:\/\/www.alucomfort.be\/#website"},"primaryImageOfPage":{"@id":"https:\/\/www.alucomfort.be\/product\/pe-opvangbak-voor-2-x-200-l-vaten-met-pe-pallet\/#primaryimage"},"image":{"@id":"https:\/\/www.alucomfort.be\/product\/pe-opvangbak-voor-2-x-200-l-vaten-met-pe-pallet\/#primaryimage"},"thumbnailUrl":"https:\/\/www.alucomfort.be\/wp-content\/uploads\/Opvangbakken-Harde-Kunststof-PE-WP-5.png","datePublished":"2025-05-28T17:11:40+00:00","dateModified":"2025-05-28T17:13:54+00:00","description":"Bac de r\u00e9tention PE mobil pour 2 f\u00fbts de 200 l. Pour un stockage s\u00fbr et r\u00e8glementaire.","breadcrumb":{"@id":"https:\/\/www.alucomfort.be\/product\/pe-opvangbak-voor-2-x-200-l-vaten-met-pe-pallet\/#breadcrumb"},"inLanguage":"fr-FR","potentialAction":[{"@type":"ReadAction","target":["https:\/\/www.alucomfort.be\/product\/pe-opvangbak-voor-2-x-200-l-vaten-met-pe-pallet\/"]}]},{"@type":"ImageObject","inLanguage":"fr-FR","@id":"https:\/\/www.alucomfort.be\/product\/pe-opvangbak-voor-2-x-200-l-vaten-met-pe-pallet\/#primaryimage","url":"https:\/\/www.alucomfort.be\/wp-content\/uploads\/Opvangbakken-Harde-Kunststof-PE-WP-5.png","contentUrl":"https:\/\/www.alucomfort.be\/wp-content\/uploads\/Opvangbakken-Harde-Kunststof-PE-WP-5.png","width":494,"height":490,"caption":"Opvangbakken_Harde_Kunststof"},{"@type":"BreadcrumbList","@id":"https:\/\/www.alucomfort.be\/product\/pe-opvangbak-voor-2-x-200-l-vaten-met-pe-pallet\/#breadcrumb","itemListElement":[{"@type":"ListItem","position":1,"name":"Home","item":"https:\/\/www.alucomfort.be\/fr\/"},{"@type":"ListItem","position":2,"name":"Producten","item":"https:\/\/www.alucomfort.be\/producten\/"},{"@type":"ListItem","position":3,"name":"Bac de r\u00e9tention pour 2 x 200 l f\u00fbts avec palette PE"}]},{"@type":"WebSite","@id":"https:\/\/www.alucomfort.be\/#website","url":"https:\/\/www.alucomfort.be\/","name":"Alu Comfort","description":"","potentialAction":[{"@type":"SearchAction","target":{"@type":"EntryPoint","urlTemplate":"https:\/\/www.alucomfort.be\/?s={search_term_string}"},"query-input":{"@type":"PropertyValueSpecification","valueRequired":true,"valueName":"search_term_string"}}],"inLanguage":"fr-FR"}]}},"_links":{"self":[{"href":"https:\/\/www.alucomfort.be\/fr\/wp-json\/wp\/v2\/product\/224187","targetHints":{"allow":["GET"]}}],"collection":[{"href":"https:\/\/www.alucomfort.be\/fr\/wp-json\/wp\/v2\/product"}],"about":[{"href":"https:\/\/www.alucomfort.be\/fr\/wp-json\/wp\/v2\/types\/product"}],"wp:featuredmedia":[{"embeddable":true,"href":"https:\/\/www.alucomfort.be\/fr\/wp-json\/wp\/v2\/media\/224161"}],"wp:attachment":[{"href":"https:\/\/www.alucomfort.be\/fr\/wp-json\/wp\/v2\/media?parent=224187"}],"wp:term":[{"taxonomy":"product_brand","embeddable":true,"href":"https:\/\/www.alucomfort.be\/fr\/wp-json\/wp\/v2\/product_brand?post=224187"},{"taxonomy":"product_cat","embeddable":true,"href":"https:\/\/www.alucomfort.be\/fr\/wp-json\/wp\/v2\/product_cat?post=224187"},{"taxonomy":"product_tag","embeddable":true,"href":"https:\/\/www.alucomfort.be\/fr\/wp-json\/wp\/v2\/product_tag?post=224187"}],"curies":[{"name":"wp","href":"https:\/\/api.w.org\/{rel}","templated":true}]}}