

{"id":224250,"date":"2025-06-12T16:49:04","date_gmt":"2025-06-12T14:49:04","guid":{"rendered":"https:\/\/www.alucomfort.be\/product\/dispositif-de-basculement-pour-chariot-elevateur-pour-le-vidage-des-poubelles-de-80-l-et-120-l\/"},"modified":"2025-06-12T22:59:31","modified_gmt":"2025-06-12T20:59:31","slug":"dispositif-de-basculement-pour-chariot-elevateur-pour-le-vidage-des-poubelles-de-80-l-et-120-l","status":"publish","type":"product","link":"https:\/\/www.alucomfort.be\/fr\/product\/dispositif-de-basculement-pour-chariot-elevateur-pour-le-vidage-des-poubelles-de-80-l-et-120-l\/","title":{"rendered":"Dispositif de basculement pour chariot \u00e9l\u00e9vateur.  Pour le vidage des poubelles de 80 l et 120 l."},"content":{"rendered":"<p>* Dispositif de basculement pratique pour chariot \u00e9l\u00e9vateur, permettant de vider les conteneurs de d\u00e9chets de 80 L et 120 L, * Construction en acier robuste, * S\u00e9curis\u00e9 contre le glissement et le basculement inintentionnels, * Les crochets s\u00e9curisent la poubelle automatiquement lors du basculement, * Disponible en version \u00e0 commande manuelle (par c\u00e2ble) ou en version hydraulique.<\/p>\n","protected":false},"excerpt":{"rendered":"<p>Nettoyage des poubelles de 80 et 120 l avec chariot \u00e9l\u00e9vateur.<\/p>\n","protected":false},"featured_media":224214,"template":"","meta":{"_acf_changed":false},"product_brand":[],"product_cat":[2311],"product_tag":[],"class_list":{"0":"post-224250","1":"product","2":"type-product","3":"status-publish","4":"has-post-thumbnail","6":"product_cat-conteneurs-de-120l-et-240l-basculeurs-mobiles-transport","8":"first","9":"outofstock","10":"taxable","11":"shipping-taxable","12":"purchasable","13":"product-type-variable"},"acf":[],"yoast_head":"<!-- This site is optimized with the Yoast SEO plugin v24.8.1 - https:\/\/yoast.com\/wordpress\/plugins\/seo\/ -->\n<title>Dispositif de basculement pour chariot \u00e9l\u00e9vateur | Alu Comfort | Pour le vidage des poubelles de 80 l et 120 l<\/title>\n<meta name=\"description\" content=\"Optimisez le vidage de vos conteneurs : basculeur robuste pour chariot \u00e9l\u00e9vateur, pour un vidage plus rapide et ergonomique.\" \/>\n<meta name=\"robots\" content=\"index, follow, max-snippet:-1, max-image-preview:large, max-video-preview:-1\" \/>\n<link rel=\"canonical\" href=\"https:\/\/www.alucomfort.be\/product\/afvalcontainerkieper-voor-heftruck-80-l-en-120-l\/\" \/>\n<meta property=\"og:locale\" content=\"fr_FR\" \/>\n<meta property=\"og:type\" content=\"article\" \/>\n<meta property=\"og:title\" content=\"Dispositif de basculement pour chariot \u00e9l\u00e9vateur | Alu Comfort | Pour le vidage des poubelles de 80 l et 120 l\" \/>\n<meta property=\"og:description\" content=\"Optimisez le vidage de vos conteneurs : basculeur robuste pour chariot \u00e9l\u00e9vateur, pour un vidage plus rapide et ergonomique.\" \/>\n<meta property=\"og:url\" content=\"https:\/\/www.alucomfort.be\/product\/afvalcontainerkieper-voor-heftruck-80-l-en-120-l\/\" \/>\n<meta property=\"og:site_name\" content=\"Alu Comfort\" \/>\n<meta property=\"article:modified_time\" content=\"2025-06-12T20:59:31+00:00\" \/>\n<meta property=\"og:image\" content=\"https:\/\/www.alucomfort.be\/wp-content\/uploads\/Kieptoestel-Voor-240-L-afvalcontainers-MK240.jpg\" \/>\n\t<meta property=\"og:image:width\" content=\"1920\" \/>\n\t<meta property=\"og:image:height\" content=\"2226\" \/>\n\t<meta property=\"og:image:type\" content=\"image\/jpeg\" \/>\n<meta name=\"twitter:card\" content=\"summary_large_image\" \/>\n<script type=\"application\/ld+json\" class=\"yoast-schema-graph\">{\"@context\":\"https:\/\/schema.org\",\"@graph\":[{\"@type\":\"WebPage\",\"@id\":\"https:\/\/www.alucomfort.be\/product\/afvalcontainerkieper-voor-heftruck-80-l-en-120-l\/\",\"url\":\"https:\/\/www.alucomfort.be\/product\/afvalcontainerkieper-voor-heftruck-80-l-en-120-l\/\",\"name\":\"Dispositif de basculement pour chariot \u00e9l\u00e9vateur | Alu Comfort | Pour le vidage des poubelles de 80 l et 120 l\",\"isPartOf\":{\"@id\":\"https:\/\/www.alucomfort.be\/#website\"},\"primaryImageOfPage\":{\"@id\":\"https:\/\/www.alucomfort.be\/product\/afvalcontainerkieper-voor-heftruck-80-l-en-120-l\/#primaryimage\"},\"image\":{\"@id\":\"https:\/\/www.alucomfort.be\/product\/afvalcontainerkieper-voor-heftruck-80-l-en-120-l\/#primaryimage\"},\"thumbnailUrl\":\"https:\/\/www.alucomfort.be\/wp-content\/uploads\/Kieptoestel-Voor-240-L-afvalcontainers-MK240.jpg\",\"datePublished\":\"2025-06-12T14:49:04+00:00\",\"dateModified\":\"2025-06-12T20:59:31+00:00\",\"description\":\"Optimisez le vidage de vos conteneurs : basculeur robuste pour chariot \u00e9l\u00e9vateur, pour un vidage plus rapide et ergonomique.\",\"breadcrumb\":{\"@id\":\"https:\/\/www.alucomfort.be\/product\/afvalcontainerkieper-voor-heftruck-80-l-en-120-l\/#breadcrumb\"},\"inLanguage\":\"fr-FR\",\"potentialAction\":[{\"@type\":\"ReadAction\",\"target\":[\"https:\/\/www.alucomfort.be\/product\/afvalcontainerkieper-voor-heftruck-80-l-en-120-l\/\"]}]},{\"@type\":\"ImageObject\",\"inLanguage\":\"fr-FR\",\"@id\":\"https:\/\/www.alucomfort.be\/product\/afvalcontainerkieper-voor-heftruck-80-l-en-120-l\/#primaryimage\",\"url\":\"https:\/\/www.alucomfort.be\/wp-content\/uploads\/Kieptoestel-Voor-240-L-afvalcontainers-MK240.jpg\",\"contentUrl\":\"https:\/\/www.alucomfort.be\/wp-content\/uploads\/Kieptoestel-Voor-240-L-afvalcontainers-MK240.jpg\",\"width\":1920,\"height\":2226,\"caption\":\"Kieptoestel_Voor 240 L_afvalcontainers_MK240\"},{\"@type\":\"BreadcrumbList\",\"@id\":\"https:\/\/www.alucomfort.be\/product\/afvalcontainerkieper-voor-heftruck-80-l-en-120-l\/#breadcrumb\",\"itemListElement\":[{\"@type\":\"ListItem\",\"position\":1,\"name\":\"Home\",\"item\":\"https:\/\/www.alucomfort.be\/fr\/\"},{\"@type\":\"ListItem\",\"position\":2,\"name\":\"Producten\",\"item\":\"https:\/\/www.alucomfort.be\/producten\/\"},{\"@type\":\"ListItem\",\"position\":3,\"name\":\"Dispositif de basculement pour chariot \u00e9l\u00e9vateur. Pour le vidage des poubelles de 80 l et 120 l.\"}]},{\"@type\":\"WebSite\",\"@id\":\"https:\/\/www.alucomfort.be\/#website\",\"url\":\"https:\/\/www.alucomfort.be\/\",\"name\":\"Alu Comfort\",\"description\":\"\",\"potentialAction\":[{\"@type\":\"SearchAction\",\"target\":{\"@type\":\"EntryPoint\",\"urlTemplate\":\"https:\/\/www.alucomfort.be\/?s={search_term_string}\"},\"query-input\":{\"@type\":\"PropertyValueSpecification\",\"valueRequired\":true,\"valueName\":\"search_term_string\"}}],\"inLanguage\":\"fr-FR\"}]}<\/script>\n<!-- \/ Yoast SEO plugin. -->","yoast_head_json":{"title":"Dispositif de basculement pour chariot \u00e9l\u00e9vateur | Alu Comfort | Pour le vidage des poubelles de 80 l et 120 l","description":"Optimisez le vidage de vos conteneurs : basculeur robuste pour chariot \u00e9l\u00e9vateur, pour un vidage plus rapide et ergonomique.","robots":{"index":"index","follow":"follow","max-snippet":"max-snippet:-1","max-image-preview":"max-image-preview:large","max-video-preview":"max-video-preview:-1"},"canonical":"https:\/\/www.alucomfort.be\/product\/afvalcontainerkieper-voor-heftruck-80-l-en-120-l\/","og_locale":"fr_FR","og_type":"article","og_title":"Dispositif de basculement pour chariot \u00e9l\u00e9vateur | Alu Comfort | Pour le vidage des poubelles de 80 l et 120 l","og_description":"Optimisez le vidage de vos conteneurs : basculeur robuste pour chariot \u00e9l\u00e9vateur, pour un vidage plus rapide et ergonomique.","og_url":"https:\/\/www.alucomfort.be\/product\/afvalcontainerkieper-voor-heftruck-80-l-en-120-l\/","og_site_name":"Alu Comfort","article_modified_time":"2025-06-12T20:59:31+00:00","og_image":[{"width":1920,"height":2226,"url":"https:\/\/www.alucomfort.be\/wp-content\/uploads\/Kieptoestel-Voor-240-L-afvalcontainers-MK240.jpg","type":"image\/jpeg"}],"twitter_card":"summary_large_image","schema":{"@context":"https:\/\/schema.org","@graph":[{"@type":"WebPage","@id":"https:\/\/www.alucomfort.be\/product\/afvalcontainerkieper-voor-heftruck-80-l-en-120-l\/","url":"https:\/\/www.alucomfort.be\/product\/afvalcontainerkieper-voor-heftruck-80-l-en-120-l\/","name":"Dispositif de basculement pour chariot \u00e9l\u00e9vateur | Alu Comfort | Pour le vidage des poubelles de 80 l et 120 l","isPartOf":{"@id":"https:\/\/www.alucomfort.be\/#website"},"primaryImageOfPage":{"@id":"https:\/\/www.alucomfort.be\/product\/afvalcontainerkieper-voor-heftruck-80-l-en-120-l\/#primaryimage"},"image":{"@id":"https:\/\/www.alucomfort.be\/product\/afvalcontainerkieper-voor-heftruck-80-l-en-120-l\/#primaryimage"},"thumbnailUrl":"https:\/\/www.alucomfort.be\/wp-content\/uploads\/Kieptoestel-Voor-240-L-afvalcontainers-MK240.jpg","datePublished":"2025-06-12T14:49:04+00:00","dateModified":"2025-06-12T20:59:31+00:00","description":"Optimisez le vidage de vos conteneurs : basculeur robuste pour chariot \u00e9l\u00e9vateur, pour un vidage plus rapide et ergonomique.","breadcrumb":{"@id":"https:\/\/www.alucomfort.be\/product\/afvalcontainerkieper-voor-heftruck-80-l-en-120-l\/#breadcrumb"},"inLanguage":"fr-FR","potentialAction":[{"@type":"ReadAction","target":["https:\/\/www.alucomfort.be\/product\/afvalcontainerkieper-voor-heftruck-80-l-en-120-l\/"]}]},{"@type":"ImageObject","inLanguage":"fr-FR","@id":"https:\/\/www.alucomfort.be\/product\/afvalcontainerkieper-voor-heftruck-80-l-en-120-l\/#primaryimage","url":"https:\/\/www.alucomfort.be\/wp-content\/uploads\/Kieptoestel-Voor-240-L-afvalcontainers-MK240.jpg","contentUrl":"https:\/\/www.alucomfort.be\/wp-content\/uploads\/Kieptoestel-Voor-240-L-afvalcontainers-MK240.jpg","width":1920,"height":2226,"caption":"Kieptoestel_Voor 240 L_afvalcontainers_MK240"},{"@type":"BreadcrumbList","@id":"https:\/\/www.alucomfort.be\/product\/afvalcontainerkieper-voor-heftruck-80-l-en-120-l\/#breadcrumb","itemListElement":[{"@type":"ListItem","position":1,"name":"Home","item":"https:\/\/www.alucomfort.be\/fr\/"},{"@type":"ListItem","position":2,"name":"Producten","item":"https:\/\/www.alucomfort.be\/producten\/"},{"@type":"ListItem","position":3,"name":"Dispositif de basculement pour chariot \u00e9l\u00e9vateur. Pour le vidage des poubelles de 80 l et 120 l."}]},{"@type":"WebSite","@id":"https:\/\/www.alucomfort.be\/#website","url":"https:\/\/www.alucomfort.be\/","name":"Alu Comfort","description":"","potentialAction":[{"@type":"SearchAction","target":{"@type":"EntryPoint","urlTemplate":"https:\/\/www.alucomfort.be\/?s={search_term_string}"},"query-input":{"@type":"PropertyValueSpecification","valueRequired":true,"valueName":"search_term_string"}}],"inLanguage":"fr-FR"}]}},"_links":{"self":[{"href":"https:\/\/www.alucomfort.be\/fr\/wp-json\/wp\/v2\/product\/224250","targetHints":{"allow":["GET"]}}],"collection":[{"href":"https:\/\/www.alucomfort.be\/fr\/wp-json\/wp\/v2\/product"}],"about":[{"href":"https:\/\/www.alucomfort.be\/fr\/wp-json\/wp\/v2\/types\/product"}],"wp:featuredmedia":[{"embeddable":true,"href":"https:\/\/www.alucomfort.be\/fr\/wp-json\/wp\/v2\/media\/224214"}],"wp:attachment":[{"href":"https:\/\/www.alucomfort.be\/fr\/wp-json\/wp\/v2\/media?parent=224250"}],"wp:term":[{"taxonomy":"product_brand","embeddable":true,"href":"https:\/\/www.alucomfort.be\/fr\/wp-json\/wp\/v2\/product_brand?post=224250"},{"taxonomy":"product_cat","embeddable":true,"href":"https:\/\/www.alucomfort.be\/fr\/wp-json\/wp\/v2\/product_cat?post=224250"},{"taxonomy":"product_tag","embeddable":true,"href":"https:\/\/www.alucomfort.be\/fr\/wp-json\/wp\/v2\/product_tag?post=224250"}],"curies":[{"name":"wp","href":"https:\/\/api.w.org\/{rel}","templated":true}]}}