

{"id":224294,"date":"2025-06-12T16:52:37","date_gmt":"2025-06-12T14:52:37","guid":{"rendered":"https:\/\/www.alucomfort.be\/product\/conteneur-a-dechets-120-l\/"},"modified":"2025-06-12T22:58:01","modified_gmt":"2025-06-12T20:58:01","slug":"conteneur-a-dechets-120-l","status":"publish","type":"product","link":"https:\/\/www.alucomfort.be\/fr\/product\/conteneur-a-dechets-120-l\/","title":{"rendered":"Conteneur \u00e0 d\u00e9chets 120 l"},"content":{"rendered":"<p>* Poubelle \u00e0 roulettes de 120 l, * Conteneur poubelle roulante selon DIN30700\/EN840, * Avec 2 roues \u00f8 200 mm, * R\u00e9sistant aux UV, * Dim.: 480 x 550 x 940 mm.  Poids: 10,5 kg<\/p>\n","protected":false},"excerpt":{"rendered":"<p>Bacs \u00e0 d\u00e9chets en plastique &#8211; 120 l<\/p>\n","protected":false},"featured_media":224225,"template":"","meta":{"_acf_changed":false},"product_brand":[],"product_cat":[2311],"product_tag":[],"class_list":{"0":"post-224294","1":"product","2":"type-product","3":"status-publish","4":"has-post-thumbnail","6":"product_cat-conteneurs-de-120l-et-240l-basculeurs-mobiles-transport","8":"first","9":"outofstock","10":"taxable","11":"shipping-taxable","12":"purchasable","13":"product-type-variable"},"acf":[],"yoast_head":"<!-- This site is optimized with the Yoast SEO plugin v24.8.1 - https:\/\/yoast.com\/wordpress\/plugins\/seo\/ -->\n<title>Conteneur \u00e0 d\u00e9chets 120 l | Alu Comfort |<\/title>\n<meta name=\"description\" content=\"Poubelles &amp; conteneurs plastique 120 L. Livraison rapide sur de multiples mod\u00e8les. Commande EN LIGNE avec service personnalis\u00e9.\" \/>\n<meta name=\"robots\" content=\"index, follow, max-snippet:-1, max-image-preview:large, max-video-preview:-1\" \/>\n<link rel=\"canonical\" href=\"https:\/\/www.alucomfort.be\/product\/afvalcontainer-120-liter\/\" \/>\n<meta property=\"og:locale\" content=\"fr_FR\" \/>\n<meta property=\"og:type\" content=\"article\" \/>\n<meta property=\"og:title\" content=\"Conteneur \u00e0 d\u00e9chets 120 l | Alu Comfort |\" \/>\n<meta property=\"og:description\" content=\"Poubelles &amp; conteneurs plastique 120 L. Livraison rapide sur de multiples mod\u00e8les. Commande EN LIGNE avec service personnalis\u00e9.\" \/>\n<meta property=\"og:url\" content=\"https:\/\/www.alucomfort.be\/product\/afvalcontainer-120-liter\/\" \/>\n<meta property=\"og:site_name\" content=\"Alu Comfort\" \/>\n<meta property=\"article:modified_time\" content=\"2025-06-12T20:58:01+00:00\" \/>\n<meta property=\"og:image\" content=\"https:\/\/www.alucomfort.be\/wp-content\/uploads\/Bac-a-dechets-120-l.jpg\" \/>\n\t<meta property=\"og:image:width\" content=\"800\" \/>\n\t<meta property=\"og:image:height\" content=\"800\" \/>\n\t<meta property=\"og:image:type\" content=\"image\/jpeg\" \/>\n<meta name=\"twitter:card\" content=\"summary_large_image\" \/>\n<script type=\"application\/ld+json\" class=\"yoast-schema-graph\">{\"@context\":\"https:\/\/schema.org\",\"@graph\":[{\"@type\":\"WebPage\",\"@id\":\"https:\/\/www.alucomfort.be\/product\/afvalcontainer-120-liter\/\",\"url\":\"https:\/\/www.alucomfort.be\/product\/afvalcontainer-120-liter\/\",\"name\":\"Conteneur \u00e0 d\u00e9chets 120 l | Alu Comfort |\",\"isPartOf\":{\"@id\":\"https:\/\/www.alucomfort.be\/#website\"},\"primaryImageOfPage\":{\"@id\":\"https:\/\/www.alucomfort.be\/product\/afvalcontainer-120-liter\/#primaryimage\"},\"image\":{\"@id\":\"https:\/\/www.alucomfort.be\/product\/afvalcontainer-120-liter\/#primaryimage\"},\"thumbnailUrl\":\"https:\/\/www.alucomfort.be\/wp-content\/uploads\/Bac-a-dechets-120-l.jpg\",\"datePublished\":\"2025-06-12T14:52:37+00:00\",\"dateModified\":\"2025-06-12T20:58:01+00:00\",\"description\":\"Poubelles & conteneurs plastique 120 L. Livraison rapide sur de multiples mod\u00e8les. Commande EN LIGNE avec service personnalis\u00e9.\",\"breadcrumb\":{\"@id\":\"https:\/\/www.alucomfort.be\/product\/afvalcontainer-120-liter\/#breadcrumb\"},\"inLanguage\":\"fr-FR\",\"potentialAction\":[{\"@type\":\"ReadAction\",\"target\":[\"https:\/\/www.alucomfort.be\/product\/afvalcontainer-120-liter\/\"]}]},{\"@type\":\"ImageObject\",\"inLanguage\":\"fr-FR\",\"@id\":\"https:\/\/www.alucomfort.be\/product\/afvalcontainer-120-liter\/#primaryimage\",\"url\":\"https:\/\/www.alucomfort.be\/wp-content\/uploads\/Bac-a-dechets-120-l.jpg\",\"contentUrl\":\"https:\/\/www.alucomfort.be\/wp-content\/uploads\/Bac-a-dechets-120-l.jpg\",\"width\":800,\"height\":800,\"caption\":\"Bac \u00e0 d\u00e9chets 120 l\"},{\"@type\":\"BreadcrumbList\",\"@id\":\"https:\/\/www.alucomfort.be\/product\/afvalcontainer-120-liter\/#breadcrumb\",\"itemListElement\":[{\"@type\":\"ListItem\",\"position\":1,\"name\":\"Home\",\"item\":\"https:\/\/www.alucomfort.be\/fr\/\"},{\"@type\":\"ListItem\",\"position\":2,\"name\":\"Producten\",\"item\":\"https:\/\/www.alucomfort.be\/producten\/\"},{\"@type\":\"ListItem\",\"position\":3,\"name\":\"Conteneur \u00e0 d\u00e9chets 120 l\"}]},{\"@type\":\"WebSite\",\"@id\":\"https:\/\/www.alucomfort.be\/#website\",\"url\":\"https:\/\/www.alucomfort.be\/\",\"name\":\"Alu Comfort\",\"description\":\"\",\"potentialAction\":[{\"@type\":\"SearchAction\",\"target\":{\"@type\":\"EntryPoint\",\"urlTemplate\":\"https:\/\/www.alucomfort.be\/?s={search_term_string}\"},\"query-input\":{\"@type\":\"PropertyValueSpecification\",\"valueRequired\":true,\"valueName\":\"search_term_string\"}}],\"inLanguage\":\"fr-FR\"}]}<\/script>\n<!-- \/ Yoast SEO plugin. -->","yoast_head_json":{"title":"Conteneur \u00e0 d\u00e9chets 120 l | Alu Comfort |","description":"Poubelles & conteneurs plastique 120 L. Livraison rapide sur de multiples mod\u00e8les. Commande EN LIGNE avec service personnalis\u00e9.","robots":{"index":"index","follow":"follow","max-snippet":"max-snippet:-1","max-image-preview":"max-image-preview:large","max-video-preview":"max-video-preview:-1"},"canonical":"https:\/\/www.alucomfort.be\/product\/afvalcontainer-120-liter\/","og_locale":"fr_FR","og_type":"article","og_title":"Conteneur \u00e0 d\u00e9chets 120 l | Alu Comfort |","og_description":"Poubelles & conteneurs plastique 120 L. Livraison rapide sur de multiples mod\u00e8les. Commande EN LIGNE avec service personnalis\u00e9.","og_url":"https:\/\/www.alucomfort.be\/product\/afvalcontainer-120-liter\/","og_site_name":"Alu Comfort","article_modified_time":"2025-06-12T20:58:01+00:00","og_image":[{"width":800,"height":800,"url":"https:\/\/www.alucomfort.be\/wp-content\/uploads\/Bac-a-dechets-120-l.jpg","type":"image\/jpeg"}],"twitter_card":"summary_large_image","schema":{"@context":"https:\/\/schema.org","@graph":[{"@type":"WebPage","@id":"https:\/\/www.alucomfort.be\/product\/afvalcontainer-120-liter\/","url":"https:\/\/www.alucomfort.be\/product\/afvalcontainer-120-liter\/","name":"Conteneur \u00e0 d\u00e9chets 120 l | Alu Comfort |","isPartOf":{"@id":"https:\/\/www.alucomfort.be\/#website"},"primaryImageOfPage":{"@id":"https:\/\/www.alucomfort.be\/product\/afvalcontainer-120-liter\/#primaryimage"},"image":{"@id":"https:\/\/www.alucomfort.be\/product\/afvalcontainer-120-liter\/#primaryimage"},"thumbnailUrl":"https:\/\/www.alucomfort.be\/wp-content\/uploads\/Bac-a-dechets-120-l.jpg","datePublished":"2025-06-12T14:52:37+00:00","dateModified":"2025-06-12T20:58:01+00:00","description":"Poubelles & conteneurs plastique 120 L. Livraison rapide sur de multiples mod\u00e8les. Commande EN LIGNE avec service personnalis\u00e9.","breadcrumb":{"@id":"https:\/\/www.alucomfort.be\/product\/afvalcontainer-120-liter\/#breadcrumb"},"inLanguage":"fr-FR","potentialAction":[{"@type":"ReadAction","target":["https:\/\/www.alucomfort.be\/product\/afvalcontainer-120-liter\/"]}]},{"@type":"ImageObject","inLanguage":"fr-FR","@id":"https:\/\/www.alucomfort.be\/product\/afvalcontainer-120-liter\/#primaryimage","url":"https:\/\/www.alucomfort.be\/wp-content\/uploads\/Bac-a-dechets-120-l.jpg","contentUrl":"https:\/\/www.alucomfort.be\/wp-content\/uploads\/Bac-a-dechets-120-l.jpg","width":800,"height":800,"caption":"Bac \u00e0 d\u00e9chets 120 l"},{"@type":"BreadcrumbList","@id":"https:\/\/www.alucomfort.be\/product\/afvalcontainer-120-liter\/#breadcrumb","itemListElement":[{"@type":"ListItem","position":1,"name":"Home","item":"https:\/\/www.alucomfort.be\/fr\/"},{"@type":"ListItem","position":2,"name":"Producten","item":"https:\/\/www.alucomfort.be\/producten\/"},{"@type":"ListItem","position":3,"name":"Conteneur \u00e0 d\u00e9chets 120 l"}]},{"@type":"WebSite","@id":"https:\/\/www.alucomfort.be\/#website","url":"https:\/\/www.alucomfort.be\/","name":"Alu Comfort","description":"","potentialAction":[{"@type":"SearchAction","target":{"@type":"EntryPoint","urlTemplate":"https:\/\/www.alucomfort.be\/?s={search_term_string}"},"query-input":{"@type":"PropertyValueSpecification","valueRequired":true,"valueName":"search_term_string"}}],"inLanguage":"fr-FR"}]}},"_links":{"self":[{"href":"https:\/\/www.alucomfort.be\/fr\/wp-json\/wp\/v2\/product\/224294","targetHints":{"allow":["GET"]}}],"collection":[{"href":"https:\/\/www.alucomfort.be\/fr\/wp-json\/wp\/v2\/product"}],"about":[{"href":"https:\/\/www.alucomfort.be\/fr\/wp-json\/wp\/v2\/types\/product"}],"wp:featuredmedia":[{"embeddable":true,"href":"https:\/\/www.alucomfort.be\/fr\/wp-json\/wp\/v2\/media\/224225"}],"wp:attachment":[{"href":"https:\/\/www.alucomfort.be\/fr\/wp-json\/wp\/v2\/media?parent=224294"}],"wp:term":[{"taxonomy":"product_brand","embeddable":true,"href":"https:\/\/www.alucomfort.be\/fr\/wp-json\/wp\/v2\/product_brand?post=224294"},{"taxonomy":"product_cat","embeddable":true,"href":"https:\/\/www.alucomfort.be\/fr\/wp-json\/wp\/v2\/product_cat?post=224294"},{"taxonomy":"product_tag","embeddable":true,"href":"https:\/\/www.alucomfort.be\/fr\/wp-json\/wp\/v2\/product_tag?post=224294"}],"curies":[{"name":"wp","href":"https:\/\/api.w.org\/{rel}","templated":true}]}}