

{"id":224409,"date":"2025-06-22T19:31:26","date_gmt":"2025-06-22T17:31:26","guid":{"rendered":"https:\/\/www.alucomfort.be\/product\/conteneur-a-dechets-metallique-1100-l-avec-couvercle-plat\/"},"modified":"2025-06-22T19:37:11","modified_gmt":"2025-06-22T17:37:11","slug":"conteneur-a-dechets-metallique-1100-l-avec-couvercle-plat","status":"publish","type":"product","link":"https:\/\/www.alucomfort.be\/fr\/product\/conteneur-a-dechets-metallique-1100-l-avec-couvercle-plat\/","title":{"rendered":"Conteneur \u00e0 d\u00e9chets m\u00e9tallique 1100 l avec couvercle plat"},"content":{"rendered":"<p>* Conteneur \u00e0 d\u00e9chets en acier galvanis\u00e9 de 1100 L avec couvercle plat \u00e0 charni\u00e8re, * Couvercle en acier tr\u00e8s robuste, * Dim. : 1370 x 970 x 1470 mm, * Muni de 4 roues pivotantes (diam\u00e8tre 200 mm) dont 2 avec frein, * Avec prise KAM et DIN, * Poids : 90 kg<\/p>\n","protected":false},"excerpt":{"rendered":"<p>Bac roulant m\u00e9tallique 1100 l avec couvercle plat<\/p>\n","protected":false},"featured_media":224406,"template":"","meta":{"_acf_changed":false},"product_brand":[],"product_cat":[2478],"product_tag":[],"class_list":{"0":"post-224409","1":"product","2":"type-product","3":"status-publish","4":"has-post-thumbnail","6":"product_cat-box-palettes-europeen-et-poubelles-conformes-din-en-840-3-conteneurs-bennes-a-dechets-et-transport","8":"first","9":"instock","10":"taxable","11":"shipping-taxable","12":"purchasable","13":"product-type-simple"},"acf":[],"yoast_head":"<!-- This site is optimized with the Yoast SEO plugin v24.8.1 - https:\/\/yoast.com\/wordpress\/plugins\/seo\/ -->\n<title>Bac roulant m\u00e9tallique 1100 l | Alu Comfort |<\/title>\n<meta name=\"description\" content=\"Conteneur Galvanis\u00e9 1100L Alu Comfort : La Solution Robuste Grand Volume pour Votre Entreprise!\" \/>\n<meta name=\"robots\" content=\"index, follow, max-snippet:-1, max-image-preview:large, max-video-preview:-1\" \/>\n<link rel=\"canonical\" href=\"https:\/\/www.alucomfort.be\/product\/metalen-afvalcontainer-1100-liter-met-plat-deksel\/\" \/>\n<meta property=\"og:locale\" content=\"fr_FR\" \/>\n<meta property=\"og:type\" content=\"article\" \/>\n<meta property=\"og:title\" content=\"Bac roulant m\u00e9tallique 1100 l | Alu Comfort |\" \/>\n<meta property=\"og:description\" content=\"Conteneur Galvanis\u00e9 1100L Alu Comfort : La Solution Robuste Grand Volume pour Votre Entreprise!\" \/>\n<meta property=\"og:url\" content=\"https:\/\/www.alucomfort.be\/product\/metalen-afvalcontainer-1100-liter-met-plat-deksel\/\" \/>\n<meta property=\"og:site_name\" content=\"Alu Comfort\" \/>\n<meta property=\"article:modified_time\" content=\"2025-06-22T17:37:11+00:00\" \/>\n<meta property=\"og:image\" content=\"https:\/\/www.alucomfort.be\/wp-content\/uploads\/Metalen-Afvalcontainer-1100l-Scharnierdeksel.png\" \/>\n\t<meta property=\"og:image:width\" content=\"1240\" \/>\n\t<meta property=\"og:image:height\" content=\"1165\" \/>\n\t<meta property=\"og:image:type\" content=\"image\/png\" \/>\n<meta name=\"twitter:card\" content=\"summary_large_image\" \/>\n<script type=\"application\/ld+json\" class=\"yoast-schema-graph\">{\"@context\":\"https:\/\/schema.org\",\"@graph\":[{\"@type\":\"WebPage\",\"@id\":\"https:\/\/www.alucomfort.be\/product\/metalen-afvalcontainer-1100-liter-met-plat-deksel\/\",\"url\":\"https:\/\/www.alucomfort.be\/product\/metalen-afvalcontainer-1100-liter-met-plat-deksel\/\",\"name\":\"Bac roulant m\u00e9tallique 1100 l | Alu Comfort |\",\"isPartOf\":{\"@id\":\"https:\/\/www.alucomfort.be\/#website\"},\"primaryImageOfPage\":{\"@id\":\"https:\/\/www.alucomfort.be\/product\/metalen-afvalcontainer-1100-liter-met-plat-deksel\/#primaryimage\"},\"image\":{\"@id\":\"https:\/\/www.alucomfort.be\/product\/metalen-afvalcontainer-1100-liter-met-plat-deksel\/#primaryimage\"},\"thumbnailUrl\":\"https:\/\/www.alucomfort.be\/wp-content\/uploads\/Metalen-Afvalcontainer-1100l-Scharnierdeksel.png\",\"datePublished\":\"2025-06-22T17:31:26+00:00\",\"dateModified\":\"2025-06-22T17:37:11+00:00\",\"description\":\"Conteneur Galvanis\u00e9 1100L Alu Comfort : La Solution Robuste Grand Volume pour Votre Entreprise!\",\"breadcrumb\":{\"@id\":\"https:\/\/www.alucomfort.be\/product\/metalen-afvalcontainer-1100-liter-met-plat-deksel\/#breadcrumb\"},\"inLanguage\":\"fr-FR\",\"potentialAction\":[{\"@type\":\"ReadAction\",\"target\":[\"https:\/\/www.alucomfort.be\/product\/metalen-afvalcontainer-1100-liter-met-plat-deksel\/\"]}]},{\"@type\":\"ImageObject\",\"inLanguage\":\"fr-FR\",\"@id\":\"https:\/\/www.alucomfort.be\/product\/metalen-afvalcontainer-1100-liter-met-plat-deksel\/#primaryimage\",\"url\":\"https:\/\/www.alucomfort.be\/wp-content\/uploads\/Metalen-Afvalcontainer-1100l-Scharnierdeksel.png\",\"contentUrl\":\"https:\/\/www.alucomfort.be\/wp-content\/uploads\/Metalen-Afvalcontainer-1100l-Scharnierdeksel.png\",\"width\":1240,\"height\":1165,\"caption\":\"Metalen_Afvalcontainer_1100l_Scharnierdeksel\"},{\"@type\":\"BreadcrumbList\",\"@id\":\"https:\/\/www.alucomfort.be\/product\/metalen-afvalcontainer-1100-liter-met-plat-deksel\/#breadcrumb\",\"itemListElement\":[{\"@type\":\"ListItem\",\"position\":1,\"name\":\"Home\",\"item\":\"https:\/\/www.alucomfort.be\/fr\/\"},{\"@type\":\"ListItem\",\"position\":2,\"name\":\"Producten\",\"item\":\"https:\/\/www.alucomfort.be\/producten\/\"},{\"@type\":\"ListItem\",\"position\":3,\"name\":\"Conteneur \u00e0 d\u00e9chets m\u00e9tallique 1100 l avec couvercle plat\"}]},{\"@type\":\"WebSite\",\"@id\":\"https:\/\/www.alucomfort.be\/#website\",\"url\":\"https:\/\/www.alucomfort.be\/\",\"name\":\"Alu Comfort\",\"description\":\"\",\"potentialAction\":[{\"@type\":\"SearchAction\",\"target\":{\"@type\":\"EntryPoint\",\"urlTemplate\":\"https:\/\/www.alucomfort.be\/?s={search_term_string}\"},\"query-input\":{\"@type\":\"PropertyValueSpecification\",\"valueRequired\":true,\"valueName\":\"search_term_string\"}}],\"inLanguage\":\"fr-FR\"}]}<\/script>\n<!-- \/ Yoast SEO plugin. -->","yoast_head_json":{"title":"Bac roulant m\u00e9tallique 1100 l | Alu Comfort |","description":"Conteneur Galvanis\u00e9 1100L Alu Comfort : La Solution Robuste Grand Volume pour Votre Entreprise!","robots":{"index":"index","follow":"follow","max-snippet":"max-snippet:-1","max-image-preview":"max-image-preview:large","max-video-preview":"max-video-preview:-1"},"canonical":"https:\/\/www.alucomfort.be\/product\/metalen-afvalcontainer-1100-liter-met-plat-deksel\/","og_locale":"fr_FR","og_type":"article","og_title":"Bac roulant m\u00e9tallique 1100 l | Alu Comfort |","og_description":"Conteneur Galvanis\u00e9 1100L Alu Comfort : La Solution Robuste Grand Volume pour Votre Entreprise!","og_url":"https:\/\/www.alucomfort.be\/product\/metalen-afvalcontainer-1100-liter-met-plat-deksel\/","og_site_name":"Alu Comfort","article_modified_time":"2025-06-22T17:37:11+00:00","og_image":[{"width":1240,"height":1165,"url":"https:\/\/www.alucomfort.be\/wp-content\/uploads\/Metalen-Afvalcontainer-1100l-Scharnierdeksel.png","type":"image\/png"}],"twitter_card":"summary_large_image","schema":{"@context":"https:\/\/schema.org","@graph":[{"@type":"WebPage","@id":"https:\/\/www.alucomfort.be\/product\/metalen-afvalcontainer-1100-liter-met-plat-deksel\/","url":"https:\/\/www.alucomfort.be\/product\/metalen-afvalcontainer-1100-liter-met-plat-deksel\/","name":"Bac roulant m\u00e9tallique 1100 l | Alu Comfort |","isPartOf":{"@id":"https:\/\/www.alucomfort.be\/#website"},"primaryImageOfPage":{"@id":"https:\/\/www.alucomfort.be\/product\/metalen-afvalcontainer-1100-liter-met-plat-deksel\/#primaryimage"},"image":{"@id":"https:\/\/www.alucomfort.be\/product\/metalen-afvalcontainer-1100-liter-met-plat-deksel\/#primaryimage"},"thumbnailUrl":"https:\/\/www.alucomfort.be\/wp-content\/uploads\/Metalen-Afvalcontainer-1100l-Scharnierdeksel.png","datePublished":"2025-06-22T17:31:26+00:00","dateModified":"2025-06-22T17:37:11+00:00","description":"Conteneur Galvanis\u00e9 1100L Alu Comfort : La Solution Robuste Grand Volume pour Votre Entreprise!","breadcrumb":{"@id":"https:\/\/www.alucomfort.be\/product\/metalen-afvalcontainer-1100-liter-met-plat-deksel\/#breadcrumb"},"inLanguage":"fr-FR","potentialAction":[{"@type":"ReadAction","target":["https:\/\/www.alucomfort.be\/product\/metalen-afvalcontainer-1100-liter-met-plat-deksel\/"]}]},{"@type":"ImageObject","inLanguage":"fr-FR","@id":"https:\/\/www.alucomfort.be\/product\/metalen-afvalcontainer-1100-liter-met-plat-deksel\/#primaryimage","url":"https:\/\/www.alucomfort.be\/wp-content\/uploads\/Metalen-Afvalcontainer-1100l-Scharnierdeksel.png","contentUrl":"https:\/\/www.alucomfort.be\/wp-content\/uploads\/Metalen-Afvalcontainer-1100l-Scharnierdeksel.png","width":1240,"height":1165,"caption":"Metalen_Afvalcontainer_1100l_Scharnierdeksel"},{"@type":"BreadcrumbList","@id":"https:\/\/www.alucomfort.be\/product\/metalen-afvalcontainer-1100-liter-met-plat-deksel\/#breadcrumb","itemListElement":[{"@type":"ListItem","position":1,"name":"Home","item":"https:\/\/www.alucomfort.be\/fr\/"},{"@type":"ListItem","position":2,"name":"Producten","item":"https:\/\/www.alucomfort.be\/producten\/"},{"@type":"ListItem","position":3,"name":"Conteneur \u00e0 d\u00e9chets m\u00e9tallique 1100 l avec couvercle plat"}]},{"@type":"WebSite","@id":"https:\/\/www.alucomfort.be\/#website","url":"https:\/\/www.alucomfort.be\/","name":"Alu Comfort","description":"","potentialAction":[{"@type":"SearchAction","target":{"@type":"EntryPoint","urlTemplate":"https:\/\/www.alucomfort.be\/?s={search_term_string}"},"query-input":{"@type":"PropertyValueSpecification","valueRequired":true,"valueName":"search_term_string"}}],"inLanguage":"fr-FR"}]}},"_links":{"self":[{"href":"https:\/\/www.alucomfort.be\/fr\/wp-json\/wp\/v2\/product\/224409","targetHints":{"allow":["GET"]}}],"collection":[{"href":"https:\/\/www.alucomfort.be\/fr\/wp-json\/wp\/v2\/product"}],"about":[{"href":"https:\/\/www.alucomfort.be\/fr\/wp-json\/wp\/v2\/types\/product"}],"wp:featuredmedia":[{"embeddable":true,"href":"https:\/\/www.alucomfort.be\/fr\/wp-json\/wp\/v2\/media\/224406"}],"wp:attachment":[{"href":"https:\/\/www.alucomfort.be\/fr\/wp-json\/wp\/v2\/media?parent=224409"}],"wp:term":[{"taxonomy":"product_brand","embeddable":true,"href":"https:\/\/www.alucomfort.be\/fr\/wp-json\/wp\/v2\/product_brand?post=224409"},{"taxonomy":"product_cat","embeddable":true,"href":"https:\/\/www.alucomfort.be\/fr\/wp-json\/wp\/v2\/product_cat?post=224409"},{"taxonomy":"product_tag","embeddable":true,"href":"https:\/\/www.alucomfort.be\/fr\/wp-json\/wp\/v2\/product_tag?post=224409"}],"curies":[{"name":"wp","href":"https:\/\/api.w.org\/{rel}","templated":true}]}}