

{"id":224435,"date":"2025-06-22T19:31:45","date_gmt":"2025-06-22T17:31:45","guid":{"rendered":"https:\/\/www.alucomfort.be\/product\/conteneur-a-dechets-en-plastique-660-litres-avec-couvercle-a-charniere\/"},"modified":"2025-06-22T19:37:46","modified_gmt":"2025-06-22T17:37:46","slug":"conteneur-a-dechets-en-plastique-660-litres-avec-couvercle-a-charniere","status":"publish","type":"product","link":"https:\/\/www.alucomfort.be\/fr\/product\/conteneur-a-dechets-en-plastique-660-litres-avec-couvercle-a-charniere\/","title":{"rendered":"Conteneur \u00e0 d\u00e9chets en plastique 660 litres avec couvercle \u00e0 charni\u00e8re"},"content":{"rendered":"<p>* Conteneur \u00e0 d\u00e9chets 770 L avec couvercle plat, * Tr\u00e8s robuste, r\u00e9sistant aux produits chimiques et \u00e0 l&rsquo;humidit\u00e9, * Disponible en diff\u00e9rentes couleurs, * \u00c9quip\u00e9 pour la prise KAM et DIN, * Muni de 4 roues pivotantes (diam\u00e8tre 200 mm) dont 2 avec frein, * Dim. : 1370 x 770 x 1215 mm.<\/p>\n","protected":false},"excerpt":{"rendered":"<p>Conteneur poubelle 660 litres<\/p>\n","protected":false},"featured_media":224400,"template":"","meta":{"_acf_changed":false},"product_brand":[],"product_cat":[2478],"product_tag":[],"class_list":{"0":"post-224435","1":"product","2":"type-product","3":"status-publish","4":"has-post-thumbnail","6":"product_cat-box-palettes-europeen-et-poubelles-conformes-din-en-840-3-conteneurs-bennes-a-dechets-et-transport","8":"first","9":"outofstock","10":"taxable","11":"shipping-taxable","12":"purchasable","13":"product-type-variable"},"acf":[],"yoast_head":"<!-- This site is optimized with the Yoast SEO plugin v24.8.1 - https:\/\/yoast.com\/wordpress\/plugins\/seo\/ -->\n<title>Conteneur \u00e0 d\u00e9chets en plastique 660 l | Alu Comfort |<\/title>\n<meta name=\"description\" content=\"Conteneur Poubelle Plastique 660L Alu Comfort : Compact, Polyvalent et Id\u00e9al pour Chaque Flux de D\u00e9chets!\" \/>\n<meta name=\"robots\" content=\"index, follow, max-snippet:-1, max-image-preview:large, max-video-preview:-1\" \/>\n<link rel=\"canonical\" href=\"https:\/\/www.alucomfort.be\/product\/kunststof-afvalcontainer-660-liter-met-klapdeksel\/\" \/>\n<meta property=\"og:locale\" content=\"fr_FR\" \/>\n<meta property=\"og:type\" content=\"article\" \/>\n<meta property=\"og:title\" content=\"Conteneur \u00e0 d\u00e9chets en plastique 660 l | Alu Comfort |\" \/>\n<meta property=\"og:description\" content=\"Conteneur Poubelle Plastique 660L Alu Comfort : Compact, Polyvalent et Id\u00e9al pour Chaque Flux de D\u00e9chets!\" \/>\n<meta property=\"og:url\" content=\"https:\/\/www.alucomfort.be\/product\/kunststof-afvalcontainer-660-liter-met-klapdeksel\/\" \/>\n<meta property=\"og:site_name\" content=\"Alu Comfort\" \/>\n<meta property=\"article:modified_time\" content=\"2025-06-22T17:37:46+00:00\" \/>\n<meta property=\"og:image\" content=\"https:\/\/www.alucomfort.be\/wp-content\/uploads\/Rolcontainer-660l-Conteneur-a-dechet.png\" \/>\n\t<meta property=\"og:image:width\" content=\"634\" \/>\n\t<meta property=\"og:image:height\" content=\"690\" \/>\n\t<meta property=\"og:image:type\" content=\"image\/png\" \/>\n<meta name=\"twitter:card\" content=\"summary_large_image\" \/>\n<script type=\"application\/ld+json\" class=\"yoast-schema-graph\">{\"@context\":\"https:\/\/schema.org\",\"@graph\":[{\"@type\":\"WebPage\",\"@id\":\"https:\/\/www.alucomfort.be\/product\/kunststof-afvalcontainer-660-liter-met-klapdeksel\/\",\"url\":\"https:\/\/www.alucomfort.be\/product\/kunststof-afvalcontainer-660-liter-met-klapdeksel\/\",\"name\":\"Conteneur \u00e0 d\u00e9chets en plastique 660 l | Alu Comfort |\",\"isPartOf\":{\"@id\":\"https:\/\/www.alucomfort.be\/#website\"},\"primaryImageOfPage\":{\"@id\":\"https:\/\/www.alucomfort.be\/product\/kunststof-afvalcontainer-660-liter-met-klapdeksel\/#primaryimage\"},\"image\":{\"@id\":\"https:\/\/www.alucomfort.be\/product\/kunststof-afvalcontainer-660-liter-met-klapdeksel\/#primaryimage\"},\"thumbnailUrl\":\"https:\/\/www.alucomfort.be\/wp-content\/uploads\/Rolcontainer-660l-Conteneur-a-dechet.png\",\"datePublished\":\"2025-06-22T17:31:45+00:00\",\"dateModified\":\"2025-06-22T17:37:46+00:00\",\"description\":\"Conteneur Poubelle Plastique 660L Alu Comfort : Compact, Polyvalent et Id\u00e9al pour Chaque Flux de D\u00e9chets!\",\"breadcrumb\":{\"@id\":\"https:\/\/www.alucomfort.be\/product\/kunststof-afvalcontainer-660-liter-met-klapdeksel\/#breadcrumb\"},\"inLanguage\":\"fr-FR\",\"potentialAction\":[{\"@type\":\"ReadAction\",\"target\":[\"https:\/\/www.alucomfort.be\/product\/kunststof-afvalcontainer-660-liter-met-klapdeksel\/\"]}]},{\"@type\":\"ImageObject\",\"inLanguage\":\"fr-FR\",\"@id\":\"https:\/\/www.alucomfort.be\/product\/kunststof-afvalcontainer-660-liter-met-klapdeksel\/#primaryimage\",\"url\":\"https:\/\/www.alucomfort.be\/wp-content\/uploads\/Rolcontainer-660l-Conteneur-a-dechet.png\",\"contentUrl\":\"https:\/\/www.alucomfort.be\/wp-content\/uploads\/Rolcontainer-660l-Conteneur-a-dechet.png\",\"width\":634,\"height\":690,\"caption\":\"Rolcontainer_660l_Conteneur \u00e0 d\u00e9chet\"},{\"@type\":\"BreadcrumbList\",\"@id\":\"https:\/\/www.alucomfort.be\/product\/kunststof-afvalcontainer-660-liter-met-klapdeksel\/#breadcrumb\",\"itemListElement\":[{\"@type\":\"ListItem\",\"position\":1,\"name\":\"Home\",\"item\":\"https:\/\/www.alucomfort.be\/fr\/\"},{\"@type\":\"ListItem\",\"position\":2,\"name\":\"Producten\",\"item\":\"https:\/\/www.alucomfort.be\/producten\/\"},{\"@type\":\"ListItem\",\"position\":3,\"name\":\"Conteneur \u00e0 d\u00e9chets en plastique 660 litres avec couvercle \u00e0 charni\u00e8re\"}]},{\"@type\":\"WebSite\",\"@id\":\"https:\/\/www.alucomfort.be\/#website\",\"url\":\"https:\/\/www.alucomfort.be\/\",\"name\":\"Alu Comfort\",\"description\":\"\",\"potentialAction\":[{\"@type\":\"SearchAction\",\"target\":{\"@type\":\"EntryPoint\",\"urlTemplate\":\"https:\/\/www.alucomfort.be\/?s={search_term_string}\"},\"query-input\":{\"@type\":\"PropertyValueSpecification\",\"valueRequired\":true,\"valueName\":\"search_term_string\"}}],\"inLanguage\":\"fr-FR\"}]}<\/script>\n<!-- \/ Yoast SEO plugin. -->","yoast_head_json":{"title":"Conteneur \u00e0 d\u00e9chets en plastique 660 l | Alu Comfort |","description":"Conteneur Poubelle Plastique 660L Alu Comfort : Compact, Polyvalent et Id\u00e9al pour Chaque Flux de D\u00e9chets!","robots":{"index":"index","follow":"follow","max-snippet":"max-snippet:-1","max-image-preview":"max-image-preview:large","max-video-preview":"max-video-preview:-1"},"canonical":"https:\/\/www.alucomfort.be\/product\/kunststof-afvalcontainer-660-liter-met-klapdeksel\/","og_locale":"fr_FR","og_type":"article","og_title":"Conteneur \u00e0 d\u00e9chets en plastique 660 l | Alu Comfort |","og_description":"Conteneur Poubelle Plastique 660L Alu Comfort : Compact, Polyvalent et Id\u00e9al pour Chaque Flux de D\u00e9chets!","og_url":"https:\/\/www.alucomfort.be\/product\/kunststof-afvalcontainer-660-liter-met-klapdeksel\/","og_site_name":"Alu Comfort","article_modified_time":"2025-06-22T17:37:46+00:00","og_image":[{"width":634,"height":690,"url":"https:\/\/www.alucomfort.be\/wp-content\/uploads\/Rolcontainer-660l-Conteneur-a-dechet.png","type":"image\/png"}],"twitter_card":"summary_large_image","schema":{"@context":"https:\/\/schema.org","@graph":[{"@type":"WebPage","@id":"https:\/\/www.alucomfort.be\/product\/kunststof-afvalcontainer-660-liter-met-klapdeksel\/","url":"https:\/\/www.alucomfort.be\/product\/kunststof-afvalcontainer-660-liter-met-klapdeksel\/","name":"Conteneur \u00e0 d\u00e9chets en plastique 660 l | Alu Comfort |","isPartOf":{"@id":"https:\/\/www.alucomfort.be\/#website"},"primaryImageOfPage":{"@id":"https:\/\/www.alucomfort.be\/product\/kunststof-afvalcontainer-660-liter-met-klapdeksel\/#primaryimage"},"image":{"@id":"https:\/\/www.alucomfort.be\/product\/kunststof-afvalcontainer-660-liter-met-klapdeksel\/#primaryimage"},"thumbnailUrl":"https:\/\/www.alucomfort.be\/wp-content\/uploads\/Rolcontainer-660l-Conteneur-a-dechet.png","datePublished":"2025-06-22T17:31:45+00:00","dateModified":"2025-06-22T17:37:46+00:00","description":"Conteneur Poubelle Plastique 660L Alu Comfort : Compact, Polyvalent et Id\u00e9al pour Chaque Flux de D\u00e9chets!","breadcrumb":{"@id":"https:\/\/www.alucomfort.be\/product\/kunststof-afvalcontainer-660-liter-met-klapdeksel\/#breadcrumb"},"inLanguage":"fr-FR","potentialAction":[{"@type":"ReadAction","target":["https:\/\/www.alucomfort.be\/product\/kunststof-afvalcontainer-660-liter-met-klapdeksel\/"]}]},{"@type":"ImageObject","inLanguage":"fr-FR","@id":"https:\/\/www.alucomfort.be\/product\/kunststof-afvalcontainer-660-liter-met-klapdeksel\/#primaryimage","url":"https:\/\/www.alucomfort.be\/wp-content\/uploads\/Rolcontainer-660l-Conteneur-a-dechet.png","contentUrl":"https:\/\/www.alucomfort.be\/wp-content\/uploads\/Rolcontainer-660l-Conteneur-a-dechet.png","width":634,"height":690,"caption":"Rolcontainer_660l_Conteneur \u00e0 d\u00e9chet"},{"@type":"BreadcrumbList","@id":"https:\/\/www.alucomfort.be\/product\/kunststof-afvalcontainer-660-liter-met-klapdeksel\/#breadcrumb","itemListElement":[{"@type":"ListItem","position":1,"name":"Home","item":"https:\/\/www.alucomfort.be\/fr\/"},{"@type":"ListItem","position":2,"name":"Producten","item":"https:\/\/www.alucomfort.be\/producten\/"},{"@type":"ListItem","position":3,"name":"Conteneur \u00e0 d\u00e9chets en plastique 660 litres avec couvercle \u00e0 charni\u00e8re"}]},{"@type":"WebSite","@id":"https:\/\/www.alucomfort.be\/#website","url":"https:\/\/www.alucomfort.be\/","name":"Alu Comfort","description":"","potentialAction":[{"@type":"SearchAction","target":{"@type":"EntryPoint","urlTemplate":"https:\/\/www.alucomfort.be\/?s={search_term_string}"},"query-input":{"@type":"PropertyValueSpecification","valueRequired":true,"valueName":"search_term_string"}}],"inLanguage":"fr-FR"}]}},"_links":{"self":[{"href":"https:\/\/www.alucomfort.be\/fr\/wp-json\/wp\/v2\/product\/224435","targetHints":{"allow":["GET"]}}],"collection":[{"href":"https:\/\/www.alucomfort.be\/fr\/wp-json\/wp\/v2\/product"}],"about":[{"href":"https:\/\/www.alucomfort.be\/fr\/wp-json\/wp\/v2\/types\/product"}],"wp:featuredmedia":[{"embeddable":true,"href":"https:\/\/www.alucomfort.be\/fr\/wp-json\/wp\/v2\/media\/224400"}],"wp:attachment":[{"href":"https:\/\/www.alucomfort.be\/fr\/wp-json\/wp\/v2\/media?parent=224435"}],"wp:term":[{"taxonomy":"product_brand","embeddable":true,"href":"https:\/\/www.alucomfort.be\/fr\/wp-json\/wp\/v2\/product_brand?post=224435"},{"taxonomy":"product_cat","embeddable":true,"href":"https:\/\/www.alucomfort.be\/fr\/wp-json\/wp\/v2\/product_cat?post=224435"},{"taxonomy":"product_tag","embeddable":true,"href":"https:\/\/www.alucomfort.be\/fr\/wp-json\/wp\/v2\/product_tag?post=224435"}],"curies":[{"name":"wp","href":"https:\/\/api.w.org\/{rel}","templated":true}]}}