

{"id":224636,"date":"2025-07-05T14:43:14","date_gmt":"2025-07-05T12:43:14","guid":{"rendered":"https:\/\/www.alucomfort.be\/product\/support-pour-bouteilles-de-gaz\/"},"modified":"2025-07-05T21:34:10","modified_gmt":"2025-07-05T19:34:10","slug":"support-pour-bouteilles-de-gaz","status":"publish","type":"product","link":"https:\/\/www.alucomfort.be\/fr\/product\/support-pour-bouteilles-de-gaz\/","title":{"rendered":"Support pour bouteilles de gaz"},"content":{"rendered":"<p>* Dispositif de maintien de bouteilles de gaz<\/p>\n","protected":false},"excerpt":{"rendered":"<p>Dispositif de retenue pour utilisation dans les boxes pour bouteilles de gaz<\/p>\n","protected":false},"featured_media":224565,"template":"","meta":{"_acf_changed":false},"product_brand":[],"product_cat":[2362],"product_tag":[],"class_list":{"0":"post-224636","1":"product","2":"type-product","3":"status-publish","4":"has-post-thumbnail","6":"product_cat-box-pour-bouteilles-de-gaz","8":"first","9":"instock","10":"taxable","11":"shipping-taxable","12":"purchasable","13":"product-type-simple"},"acf":[],"yoast_head":"<!-- This site is optimized with the Yoast SEO plugin v24.8.1 - https:\/\/yoast.com\/wordpress\/plugins\/seo\/ -->\n<title>Dispositif de retenue | Alu Comfort | Conformit\u00e9 &amp; S\u00e9curit\u00e9<\/title>\n<meta name=\"description\" content=\"Besoin d&#039;une stabilit\u00e9 maximale dans votre conteneur \u00e0 gaz? Nos supports robustes fixent chaque bouteille pour \u00e9viter leur chute. Essentiel pour un stockage s\u00fbr.\" \/>\n<meta name=\"robots\" content=\"index, follow, max-snippet:-1, max-image-preview:large, max-video-preview:-1\" \/>\n<link rel=\"canonical\" href=\"https:\/\/www.alucomfort.be\/product\/gasflessenhouder\/\" \/>\n<meta property=\"og:locale\" content=\"fr_FR\" \/>\n<meta property=\"og:type\" content=\"article\" \/>\n<meta property=\"og:title\" content=\"Dispositif de retenue | Alu Comfort | Conformit\u00e9 &amp; S\u00e9curit\u00e9\" \/>\n<meta property=\"og:description\" content=\"Besoin d&#039;une stabilit\u00e9 maximale dans votre conteneur \u00e0 gaz? Nos supports robustes fixent chaque bouteille pour \u00e9viter leur chute. Essentiel pour un stockage s\u00fbr.\" \/>\n<meta property=\"og:url\" content=\"https:\/\/www.alucomfort.be\/product\/gasflessenhouder\/\" \/>\n<meta property=\"og:site_name\" content=\"Alu Comfort\" \/>\n<meta property=\"article:modified_time\" content=\"2025-07-05T19:34:10+00:00\" \/>\n<meta property=\"og:image\" content=\"https:\/\/www.alucomfort.be\/wp-content\/uploads\/Gasflessenhouder-BR-GFC-E-5.jpg\" \/>\n\t<meta property=\"og:image:width\" content=\"900\" \/>\n\t<meta property=\"og:image:height\" content=\"1200\" \/>\n\t<meta property=\"og:image:type\" content=\"image\/jpeg\" \/>\n<meta name=\"twitter:card\" content=\"summary_large_image\" \/>\n<script type=\"application\/ld+json\" class=\"yoast-schema-graph\">{\"@context\":\"https:\/\/schema.org\",\"@graph\":[{\"@type\":\"WebPage\",\"@id\":\"https:\/\/www.alucomfort.be\/product\/gasflessenhouder\/\",\"url\":\"https:\/\/www.alucomfort.be\/product\/gasflessenhouder\/\",\"name\":\"Dispositif de retenue | Alu Comfort | Conformit\u00e9 & S\u00e9curit\u00e9\",\"isPartOf\":{\"@id\":\"https:\/\/www.alucomfort.be\/#website\"},\"primaryImageOfPage\":{\"@id\":\"https:\/\/www.alucomfort.be\/product\/gasflessenhouder\/#primaryimage\"},\"image\":{\"@id\":\"https:\/\/www.alucomfort.be\/product\/gasflessenhouder\/#primaryimage\"},\"thumbnailUrl\":\"https:\/\/www.alucomfort.be\/wp-content\/uploads\/Gasflessenhouder-BR-GFC-E-5.jpg\",\"datePublished\":\"2025-07-05T12:43:14+00:00\",\"dateModified\":\"2025-07-05T19:34:10+00:00\",\"description\":\"Besoin d'une stabilit\u00e9 maximale dans votre conteneur \u00e0 gaz? Nos supports robustes fixent chaque bouteille pour \u00e9viter leur chute. Essentiel pour un stockage s\u00fbr.\",\"breadcrumb\":{\"@id\":\"https:\/\/www.alucomfort.be\/product\/gasflessenhouder\/#breadcrumb\"},\"inLanguage\":\"fr-FR\",\"potentialAction\":[{\"@type\":\"ReadAction\",\"target\":[\"https:\/\/www.alucomfort.be\/product\/gasflessenhouder\/\"]}]},{\"@type\":\"ImageObject\",\"inLanguage\":\"fr-FR\",\"@id\":\"https:\/\/www.alucomfort.be\/product\/gasflessenhouder\/#primaryimage\",\"url\":\"https:\/\/www.alucomfort.be\/wp-content\/uploads\/Gasflessenhouder-BR-GFC-E-5.jpg\",\"contentUrl\":\"https:\/\/www.alucomfort.be\/wp-content\/uploads\/Gasflessenhouder-BR-GFC-E-5.jpg\",\"width\":900,\"height\":1200,\"caption\":\"Gasflessenhouder\"},{\"@type\":\"BreadcrumbList\",\"@id\":\"https:\/\/www.alucomfort.be\/product\/gasflessenhouder\/#breadcrumb\",\"itemListElement\":[{\"@type\":\"ListItem\",\"position\":1,\"name\":\"Home\",\"item\":\"https:\/\/www.alucomfort.be\/fr\/\"},{\"@type\":\"ListItem\",\"position\":2,\"name\":\"Producten\",\"item\":\"https:\/\/www.alucomfort.be\/producten\/\"},{\"@type\":\"ListItem\",\"position\":3,\"name\":\"Support pour bouteilles de gaz\"}]},{\"@type\":\"WebSite\",\"@id\":\"https:\/\/www.alucomfort.be\/#website\",\"url\":\"https:\/\/www.alucomfort.be\/\",\"name\":\"Alu Comfort\",\"description\":\"\",\"potentialAction\":[{\"@type\":\"SearchAction\",\"target\":{\"@type\":\"EntryPoint\",\"urlTemplate\":\"https:\/\/www.alucomfort.be\/?s={search_term_string}\"},\"query-input\":{\"@type\":\"PropertyValueSpecification\",\"valueRequired\":true,\"valueName\":\"search_term_string\"}}],\"inLanguage\":\"fr-FR\"}]}<\/script>\n<!-- \/ Yoast SEO plugin. -->","yoast_head_json":{"title":"Dispositif de retenue | Alu Comfort | Conformit\u00e9 & S\u00e9curit\u00e9","description":"Besoin d'une stabilit\u00e9 maximale dans votre conteneur \u00e0 gaz? Nos supports robustes fixent chaque bouteille pour \u00e9viter leur chute. Essentiel pour un stockage s\u00fbr.","robots":{"index":"index","follow":"follow","max-snippet":"max-snippet:-1","max-image-preview":"max-image-preview:large","max-video-preview":"max-video-preview:-1"},"canonical":"https:\/\/www.alucomfort.be\/product\/gasflessenhouder\/","og_locale":"fr_FR","og_type":"article","og_title":"Dispositif de retenue | Alu Comfort | Conformit\u00e9 & S\u00e9curit\u00e9","og_description":"Besoin d'une stabilit\u00e9 maximale dans votre conteneur \u00e0 gaz? Nos supports robustes fixent chaque bouteille pour \u00e9viter leur chute. Essentiel pour un stockage s\u00fbr.","og_url":"https:\/\/www.alucomfort.be\/product\/gasflessenhouder\/","og_site_name":"Alu Comfort","article_modified_time":"2025-07-05T19:34:10+00:00","og_image":[{"width":900,"height":1200,"url":"https:\/\/www.alucomfort.be\/wp-content\/uploads\/Gasflessenhouder-BR-GFC-E-5.jpg","type":"image\/jpeg"}],"twitter_card":"summary_large_image","schema":{"@context":"https:\/\/schema.org","@graph":[{"@type":"WebPage","@id":"https:\/\/www.alucomfort.be\/product\/gasflessenhouder\/","url":"https:\/\/www.alucomfort.be\/product\/gasflessenhouder\/","name":"Dispositif de retenue | Alu Comfort | Conformit\u00e9 & S\u00e9curit\u00e9","isPartOf":{"@id":"https:\/\/www.alucomfort.be\/#website"},"primaryImageOfPage":{"@id":"https:\/\/www.alucomfort.be\/product\/gasflessenhouder\/#primaryimage"},"image":{"@id":"https:\/\/www.alucomfort.be\/product\/gasflessenhouder\/#primaryimage"},"thumbnailUrl":"https:\/\/www.alucomfort.be\/wp-content\/uploads\/Gasflessenhouder-BR-GFC-E-5.jpg","datePublished":"2025-07-05T12:43:14+00:00","dateModified":"2025-07-05T19:34:10+00:00","description":"Besoin d'une stabilit\u00e9 maximale dans votre conteneur \u00e0 gaz? Nos supports robustes fixent chaque bouteille pour \u00e9viter leur chute. Essentiel pour un stockage s\u00fbr.","breadcrumb":{"@id":"https:\/\/www.alucomfort.be\/product\/gasflessenhouder\/#breadcrumb"},"inLanguage":"fr-FR","potentialAction":[{"@type":"ReadAction","target":["https:\/\/www.alucomfort.be\/product\/gasflessenhouder\/"]}]},{"@type":"ImageObject","inLanguage":"fr-FR","@id":"https:\/\/www.alucomfort.be\/product\/gasflessenhouder\/#primaryimage","url":"https:\/\/www.alucomfort.be\/wp-content\/uploads\/Gasflessenhouder-BR-GFC-E-5.jpg","contentUrl":"https:\/\/www.alucomfort.be\/wp-content\/uploads\/Gasflessenhouder-BR-GFC-E-5.jpg","width":900,"height":1200,"caption":"Gasflessenhouder"},{"@type":"BreadcrumbList","@id":"https:\/\/www.alucomfort.be\/product\/gasflessenhouder\/#breadcrumb","itemListElement":[{"@type":"ListItem","position":1,"name":"Home","item":"https:\/\/www.alucomfort.be\/fr\/"},{"@type":"ListItem","position":2,"name":"Producten","item":"https:\/\/www.alucomfort.be\/producten\/"},{"@type":"ListItem","position":3,"name":"Support pour bouteilles de gaz"}]},{"@type":"WebSite","@id":"https:\/\/www.alucomfort.be\/#website","url":"https:\/\/www.alucomfort.be\/","name":"Alu Comfort","description":"","potentialAction":[{"@type":"SearchAction","target":{"@type":"EntryPoint","urlTemplate":"https:\/\/www.alucomfort.be\/?s={search_term_string}"},"query-input":{"@type":"PropertyValueSpecification","valueRequired":true,"valueName":"search_term_string"}}],"inLanguage":"fr-FR"}]}},"_links":{"self":[{"href":"https:\/\/www.alucomfort.be\/fr\/wp-json\/wp\/v2\/product\/224636","targetHints":{"allow":["GET"]}}],"collection":[{"href":"https:\/\/www.alucomfort.be\/fr\/wp-json\/wp\/v2\/product"}],"about":[{"href":"https:\/\/www.alucomfort.be\/fr\/wp-json\/wp\/v2\/types\/product"}],"wp:featuredmedia":[{"embeddable":true,"href":"https:\/\/www.alucomfort.be\/fr\/wp-json\/wp\/v2\/media\/224565"}],"wp:attachment":[{"href":"https:\/\/www.alucomfort.be\/fr\/wp-json\/wp\/v2\/media?parent=224636"}],"wp:term":[{"taxonomy":"product_brand","embeddable":true,"href":"https:\/\/www.alucomfort.be\/fr\/wp-json\/wp\/v2\/product_brand?post=224636"},{"taxonomy":"product_cat","embeddable":true,"href":"https:\/\/www.alucomfort.be\/fr\/wp-json\/wp\/v2\/product_cat?post=224636"},{"taxonomy":"product_tag","embeddable":true,"href":"https:\/\/www.alucomfort.be\/fr\/wp-json\/wp\/v2\/product_tag?post=224636"}],"curies":[{"name":"wp","href":"https:\/\/api.w.org\/{rel}","templated":true}]}}