

{"id":224664,"date":"2025-07-05T14:43:36","date_gmt":"2025-07-05T12:43:36","guid":{"rendered":"https:\/\/www.alucomfort.be\/product\/armoire-de-stockage-pour-bouteilles-de-gaz-a-parois-pleines\/"},"modified":"2025-07-05T21:34:44","modified_gmt":"2025-07-05T19:34:44","slug":"armoire-de-stockage-pour-bouteilles-de-gaz-a-parois-pleines","status":"publish","type":"product","link":"https:\/\/www.alucomfort.be\/fr\/product\/armoire-de-stockage-pour-bouteilles-de-gaz-a-parois-pleines\/","title":{"rendered":"Armoire de stockage pour bouteilles de gaz \u00e0 parois pleines"},"content":{"rendered":"<p>* D\u00e9p\u00f4t pour bouteilles de gaz (version ferm\u00e9e) avec paroi arri\u00e8re, fond et \u00e9tag\u00e8re interm\u00e9diaire en t\u00f4le d&rsquo;acier galvanis\u00e9, * Livr\u00e9 en kit pour un montage facile, * \u00c9quip\u00e9 d&rsquo;une serrure \u00e0 cylindre.<\/p>\n","protected":false},"excerpt":{"rendered":"<p>D\u00e9p\u00f4t pour le stockage de bouteilles de gaz en int\u00e9rieur comme en ext\u00e9rieur selon le TRGS 510.<\/p>\n","protected":false},"featured_media":224567,"template":"","meta":{"_acf_changed":false},"product_brand":[],"product_cat":[2362],"product_tag":[],"class_list":{"0":"post-224664","1":"product","2":"type-product","3":"status-publish","4":"has-post-thumbnail","6":"product_cat-box-pour-bouteilles-de-gaz","8":"first","9":"outofstock","10":"taxable","11":"shipping-taxable","12":"purchasable","13":"product-type-variable"},"acf":[],"yoast_head":"<!-- This site is optimized with the Yoast SEO plugin v24.8.1 - https:\/\/yoast.com\/wordpress\/plugins\/seo\/ -->\n<title>Armoire \u00e0 Gaz Ferm\u00e9e | Alu Comfort | S\u00fbre &amp; Verrouillable<\/title>\n<meta name=\"description\" content=\"Stockage de gaz int\u00e9rieur\/ext\u00e9rieur : d\u00e9couvrez la solution professionnelle. Nos d\u00e9p\u00f4ts ferm\u00e9s garantissent une installation s\u00fbre, conforme et durable. Demandez votre offre B2B.\" \/>\n<meta name=\"robots\" content=\"index, follow, max-snippet:-1, max-image-preview:large, max-video-preview:-1\" \/>\n<link rel=\"canonical\" href=\"https:\/\/www.alucomfort.be\/product\/gasflessenkast-met-gesloten-wanden\/\" \/>\n<meta property=\"og:locale\" content=\"fr_FR\" \/>\n<meta property=\"og:type\" content=\"article\" \/>\n<meta property=\"og:title\" content=\"Armoire \u00e0 Gaz Ferm\u00e9e | Alu Comfort | S\u00fbre &amp; Verrouillable\" \/>\n<meta property=\"og:description\" content=\"Stockage de gaz int\u00e9rieur\/ext\u00e9rieur : d\u00e9couvrez la solution professionnelle. Nos d\u00e9p\u00f4ts ferm\u00e9s garantissent une installation s\u00fbre, conforme et durable. Demandez votre offre B2B.\" \/>\n<meta property=\"og:url\" content=\"https:\/\/www.alucomfort.be\/product\/gasflessenkast-met-gesloten-wanden\/\" \/>\n<meta property=\"og:site_name\" content=\"Alu Comfort\" \/>\n<meta property=\"article:modified_time\" content=\"2025-07-05T19:34:44+00:00\" \/>\n<meta property=\"og:image\" content=\"https:\/\/www.alucomfort.be\/wp-content\/uploads\/Gasflessenkast-BR-GFD-G-1.jpg\" \/>\n\t<meta property=\"og:image:width\" content=\"900\" \/>\n\t<meta property=\"og:image:height\" content=\"837\" \/>\n\t<meta property=\"og:image:type\" content=\"image\/jpeg\" \/>\n<meta name=\"twitter:card\" content=\"summary_large_image\" \/>\n<script type=\"application\/ld+json\" class=\"yoast-schema-graph\">{\"@context\":\"https:\/\/schema.org\",\"@graph\":[{\"@type\":\"WebPage\",\"@id\":\"https:\/\/www.alucomfort.be\/product\/gasflessenkast-met-gesloten-wanden\/\",\"url\":\"https:\/\/www.alucomfort.be\/product\/gasflessenkast-met-gesloten-wanden\/\",\"name\":\"Armoire \u00e0 Gaz Ferm\u00e9e | Alu Comfort | S\u00fbre & Verrouillable\",\"isPartOf\":{\"@id\":\"https:\/\/www.alucomfort.be\/#website\"},\"primaryImageOfPage\":{\"@id\":\"https:\/\/www.alucomfort.be\/product\/gasflessenkast-met-gesloten-wanden\/#primaryimage\"},\"image\":{\"@id\":\"https:\/\/www.alucomfort.be\/product\/gasflessenkast-met-gesloten-wanden\/#primaryimage\"},\"thumbnailUrl\":\"https:\/\/www.alucomfort.be\/wp-content\/uploads\/Gasflessenkast-BR-GFD-G-1.jpg\",\"datePublished\":\"2025-07-05T12:43:36+00:00\",\"dateModified\":\"2025-07-05T19:34:44+00:00\",\"description\":\"Stockage de gaz int\u00e9rieur\/ext\u00e9rieur : d\u00e9couvrez la solution professionnelle. Nos d\u00e9p\u00f4ts ferm\u00e9s garantissent une installation s\u00fbre, conforme et durable. Demandez votre offre B2B.\",\"breadcrumb\":{\"@id\":\"https:\/\/www.alucomfort.be\/product\/gasflessenkast-met-gesloten-wanden\/#breadcrumb\"},\"inLanguage\":\"fr-FR\",\"potentialAction\":[{\"@type\":\"ReadAction\",\"target\":[\"https:\/\/www.alucomfort.be\/product\/gasflessenkast-met-gesloten-wanden\/\"]}]},{\"@type\":\"ImageObject\",\"inLanguage\":\"fr-FR\",\"@id\":\"https:\/\/www.alucomfort.be\/product\/gasflessenkast-met-gesloten-wanden\/#primaryimage\",\"url\":\"https:\/\/www.alucomfort.be\/wp-content\/uploads\/Gasflessenkast-BR-GFD-G-1.jpg\",\"contentUrl\":\"https:\/\/www.alucomfort.be\/wp-content\/uploads\/Gasflessenkast-BR-GFD-G-1.jpg\",\"width\":900,\"height\":837,\"caption\":\"Gasflessenkast\"},{\"@type\":\"BreadcrumbList\",\"@id\":\"https:\/\/www.alucomfort.be\/product\/gasflessenkast-met-gesloten-wanden\/#breadcrumb\",\"itemListElement\":[{\"@type\":\"ListItem\",\"position\":1,\"name\":\"Home\",\"item\":\"https:\/\/www.alucomfort.be\/fr\/\"},{\"@type\":\"ListItem\",\"position\":2,\"name\":\"Producten\",\"item\":\"https:\/\/www.alucomfort.be\/producten\/\"},{\"@type\":\"ListItem\",\"position\":3,\"name\":\"Armoire de stockage pour bouteilles de gaz \u00e0 parois pleines\"}]},{\"@type\":\"WebSite\",\"@id\":\"https:\/\/www.alucomfort.be\/#website\",\"url\":\"https:\/\/www.alucomfort.be\/\",\"name\":\"Alu Comfort\",\"description\":\"\",\"potentialAction\":[{\"@type\":\"SearchAction\",\"target\":{\"@type\":\"EntryPoint\",\"urlTemplate\":\"https:\/\/www.alucomfort.be\/?s={search_term_string}\"},\"query-input\":{\"@type\":\"PropertyValueSpecification\",\"valueRequired\":true,\"valueName\":\"search_term_string\"}}],\"inLanguage\":\"fr-FR\"}]}<\/script>\n<!-- \/ Yoast SEO plugin. -->","yoast_head_json":{"title":"Armoire \u00e0 Gaz Ferm\u00e9e | Alu Comfort | S\u00fbre & Verrouillable","description":"Stockage de gaz int\u00e9rieur\/ext\u00e9rieur : d\u00e9couvrez la solution professionnelle. Nos d\u00e9p\u00f4ts ferm\u00e9s garantissent une installation s\u00fbre, conforme et durable. Demandez votre offre B2B.","robots":{"index":"index","follow":"follow","max-snippet":"max-snippet:-1","max-image-preview":"max-image-preview:large","max-video-preview":"max-video-preview:-1"},"canonical":"https:\/\/www.alucomfort.be\/product\/gasflessenkast-met-gesloten-wanden\/","og_locale":"fr_FR","og_type":"article","og_title":"Armoire \u00e0 Gaz Ferm\u00e9e | Alu Comfort | S\u00fbre & Verrouillable","og_description":"Stockage de gaz int\u00e9rieur\/ext\u00e9rieur : d\u00e9couvrez la solution professionnelle. Nos d\u00e9p\u00f4ts ferm\u00e9s garantissent une installation s\u00fbre, conforme et durable. Demandez votre offre B2B.","og_url":"https:\/\/www.alucomfort.be\/product\/gasflessenkast-met-gesloten-wanden\/","og_site_name":"Alu Comfort","article_modified_time":"2025-07-05T19:34:44+00:00","og_image":[{"width":900,"height":837,"url":"https:\/\/www.alucomfort.be\/wp-content\/uploads\/Gasflessenkast-BR-GFD-G-1.jpg","type":"image\/jpeg"}],"twitter_card":"summary_large_image","schema":{"@context":"https:\/\/schema.org","@graph":[{"@type":"WebPage","@id":"https:\/\/www.alucomfort.be\/product\/gasflessenkast-met-gesloten-wanden\/","url":"https:\/\/www.alucomfort.be\/product\/gasflessenkast-met-gesloten-wanden\/","name":"Armoire \u00e0 Gaz Ferm\u00e9e | Alu Comfort | S\u00fbre & Verrouillable","isPartOf":{"@id":"https:\/\/www.alucomfort.be\/#website"},"primaryImageOfPage":{"@id":"https:\/\/www.alucomfort.be\/product\/gasflessenkast-met-gesloten-wanden\/#primaryimage"},"image":{"@id":"https:\/\/www.alucomfort.be\/product\/gasflessenkast-met-gesloten-wanden\/#primaryimage"},"thumbnailUrl":"https:\/\/www.alucomfort.be\/wp-content\/uploads\/Gasflessenkast-BR-GFD-G-1.jpg","datePublished":"2025-07-05T12:43:36+00:00","dateModified":"2025-07-05T19:34:44+00:00","description":"Stockage de gaz int\u00e9rieur\/ext\u00e9rieur : d\u00e9couvrez la solution professionnelle. Nos d\u00e9p\u00f4ts ferm\u00e9s garantissent une installation s\u00fbre, conforme et durable. Demandez votre offre B2B.","breadcrumb":{"@id":"https:\/\/www.alucomfort.be\/product\/gasflessenkast-met-gesloten-wanden\/#breadcrumb"},"inLanguage":"fr-FR","potentialAction":[{"@type":"ReadAction","target":["https:\/\/www.alucomfort.be\/product\/gasflessenkast-met-gesloten-wanden\/"]}]},{"@type":"ImageObject","inLanguage":"fr-FR","@id":"https:\/\/www.alucomfort.be\/product\/gasflessenkast-met-gesloten-wanden\/#primaryimage","url":"https:\/\/www.alucomfort.be\/wp-content\/uploads\/Gasflessenkast-BR-GFD-G-1.jpg","contentUrl":"https:\/\/www.alucomfort.be\/wp-content\/uploads\/Gasflessenkast-BR-GFD-G-1.jpg","width":900,"height":837,"caption":"Gasflessenkast"},{"@type":"BreadcrumbList","@id":"https:\/\/www.alucomfort.be\/product\/gasflessenkast-met-gesloten-wanden\/#breadcrumb","itemListElement":[{"@type":"ListItem","position":1,"name":"Home","item":"https:\/\/www.alucomfort.be\/fr\/"},{"@type":"ListItem","position":2,"name":"Producten","item":"https:\/\/www.alucomfort.be\/producten\/"},{"@type":"ListItem","position":3,"name":"Armoire de stockage pour bouteilles de gaz \u00e0 parois pleines"}]},{"@type":"WebSite","@id":"https:\/\/www.alucomfort.be\/#website","url":"https:\/\/www.alucomfort.be\/","name":"Alu Comfort","description":"","potentialAction":[{"@type":"SearchAction","target":{"@type":"EntryPoint","urlTemplate":"https:\/\/www.alucomfort.be\/?s={search_term_string}"},"query-input":{"@type":"PropertyValueSpecification","valueRequired":true,"valueName":"search_term_string"}}],"inLanguage":"fr-FR"}]}},"_links":{"self":[{"href":"https:\/\/www.alucomfort.be\/fr\/wp-json\/wp\/v2\/product\/224664","targetHints":{"allow":["GET"]}}],"collection":[{"href":"https:\/\/www.alucomfort.be\/fr\/wp-json\/wp\/v2\/product"}],"about":[{"href":"https:\/\/www.alucomfort.be\/fr\/wp-json\/wp\/v2\/types\/product"}],"wp:featuredmedia":[{"embeddable":true,"href":"https:\/\/www.alucomfort.be\/fr\/wp-json\/wp\/v2\/media\/224567"}],"wp:attachment":[{"href":"https:\/\/www.alucomfort.be\/fr\/wp-json\/wp\/v2\/media?parent=224664"}],"wp:term":[{"taxonomy":"product_brand","embeddable":true,"href":"https:\/\/www.alucomfort.be\/fr\/wp-json\/wp\/v2\/product_brand?post=224664"},{"taxonomy":"product_cat","embeddable":true,"href":"https:\/\/www.alucomfort.be\/fr\/wp-json\/wp\/v2\/product_cat?post=224664"},{"taxonomy":"product_tag","embeddable":true,"href":"https:\/\/www.alucomfort.be\/fr\/wp-json\/wp\/v2\/product_tag?post=224664"}],"curies":[{"name":"wp","href":"https:\/\/api.w.org\/{rel}","templated":true}]}}