

{"id":224780,"date":"2025-07-05T14:46:40","date_gmt":"2025-07-05T12:46:40","guid":{"rendered":"https:\/\/www.alucomfort.be\/product\/le-box-a-gaz-avec-une-solide-paroi-arriere-en-tole\/"},"modified":"2025-07-05T21:36:10","modified_gmt":"2025-07-05T19:36:10","slug":"le-box-a-gaz-avec-une-solide-paroi-arriere-en-tole","status":"publish","type":"product","link":"https:\/\/www.alucomfort.be\/fr\/product\/le-box-a-gaz-avec-une-solide-paroi-arriere-en-tole\/","title":{"rendered":"Le Box \u00e0 Gaz avec une Solide Paroi Arri\u00e8re en T\u00f4le"},"content":{"rendered":"<p>* Stockage ext\u00e9rieur de bouteilles \u00e0 gaz, conforme \u00e0 la norme TRGS 510, * Dimensions: 3060 x 1360 x 2290 mm, * Construction robuste avec toit et panneau arri\u00e8re en t\u00f4le, * Les portes battantes et les parois lat\u00e9rales sont r\u00e9alis\u00e9es en grillage robuste., * Fond en caillebotis galvanis\u00e9, * Pr\u00eat pour une fixation au sol, * Dispositif de retenue avec cha\u00eene, * En option: rampe d&rsquo;acc\u00e8s.<\/p>\n","protected":false},"excerpt":{"rendered":"<p>Box pour bouteilles de gaz avec un toit et un panneau arri\u00e8re en t\u00f4le.<\/p>\n","protected":false},"featured_media":224543,"template":"","meta":{"_acf_changed":false},"product_brand":[],"product_cat":[2362],"product_tag":[],"class_list":{"0":"post-224780","1":"product","2":"type-product","3":"status-publish","4":"has-post-thumbnail","6":"product_cat-box-pour-bouteilles-de-gaz","8":"first","9":"outofstock","10":"taxable","11":"shipping-taxable","12":"purchasable","13":"product-type-variable"},"acf":[],"yoast_head":"<!-- This site is optimized with the Yoast SEO plugin v24.8.1 - https:\/\/yoast.com\/wordpress\/plugins\/seo\/ -->\n<title>D\u00e9p\u00f4t pour bouteilles de gaz | Alu Comfort | Stockage s\u00fbr<\/title>\n<meta name=\"description\" content=\"Prot\u00e9gez vos bouteilles de gaz de mani\u00e8re optimale. Nos d\u00e9p\u00f4ts avec toit et paroi arri\u00e8re ferm\u00e9s allient r\u00e9sistance aux intemp\u00e9ries et ventilation naturelle.\" \/>\n<meta name=\"robots\" content=\"index, follow, max-snippet:-1, max-image-preview:large, max-video-preview:-1\" \/>\n<link rel=\"canonical\" href=\"https:\/\/www.alucomfort.be\/product\/gasflessenopslag\/\" \/>\n<meta property=\"og:locale\" content=\"fr_FR\" \/>\n<meta property=\"og:type\" content=\"article\" \/>\n<meta property=\"og:title\" content=\"D\u00e9p\u00f4t pour bouteilles de gaz | Alu Comfort | Stockage s\u00fbr\" \/>\n<meta property=\"og:description\" content=\"Prot\u00e9gez vos bouteilles de gaz de mani\u00e8re optimale. Nos d\u00e9p\u00f4ts avec toit et paroi arri\u00e8re ferm\u00e9s allient r\u00e9sistance aux intemp\u00e9ries et ventilation naturelle.\" \/>\n<meta property=\"og:url\" content=\"https:\/\/www.alucomfort.be\/product\/gasflessenopslag\/\" \/>\n<meta property=\"og:site_name\" content=\"Alu Comfort\" \/>\n<meta property=\"article:modified_time\" content=\"2025-07-05T19:36:10+00:00\" \/>\n<meta property=\"og:image\" content=\"https:\/\/www.alucomfort.be\/wp-content\/uploads\/Afgesloten-gasflessencontainer-BR-GFC-1.jpg\" \/>\n\t<meta property=\"og:image:width\" content=\"900\" \/>\n\t<meta property=\"og:image:height\" content=\"607\" \/>\n\t<meta property=\"og:image:type\" content=\"image\/jpeg\" \/>\n<meta name=\"twitter:card\" content=\"summary_large_image\" \/>\n<script type=\"application\/ld+json\" class=\"yoast-schema-graph\">{\"@context\":\"https:\/\/schema.org\",\"@graph\":[{\"@type\":\"WebPage\",\"@id\":\"https:\/\/www.alucomfort.be\/product\/gasflessenopslag\/\",\"url\":\"https:\/\/www.alucomfort.be\/product\/gasflessenopslag\/\",\"name\":\"D\u00e9p\u00f4t pour bouteilles de gaz | Alu Comfort | Stockage s\u00fbr\",\"isPartOf\":{\"@id\":\"https:\/\/www.alucomfort.be\/#website\"},\"primaryImageOfPage\":{\"@id\":\"https:\/\/www.alucomfort.be\/product\/gasflessenopslag\/#primaryimage\"},\"image\":{\"@id\":\"https:\/\/www.alucomfort.be\/product\/gasflessenopslag\/#primaryimage\"},\"thumbnailUrl\":\"https:\/\/www.alucomfort.be\/wp-content\/uploads\/Afgesloten-gasflessencontainer-BR-GFC-1.jpg\",\"datePublished\":\"2025-07-05T12:46:40+00:00\",\"dateModified\":\"2025-07-05T19:36:10+00:00\",\"description\":\"Prot\u00e9gez vos bouteilles de gaz de mani\u00e8re optimale. Nos d\u00e9p\u00f4ts avec toit et paroi arri\u00e8re ferm\u00e9s allient r\u00e9sistance aux intemp\u00e9ries et ventilation naturelle.\",\"breadcrumb\":{\"@id\":\"https:\/\/www.alucomfort.be\/product\/gasflessenopslag\/#breadcrumb\"},\"inLanguage\":\"fr-FR\",\"potentialAction\":[{\"@type\":\"ReadAction\",\"target\":[\"https:\/\/www.alucomfort.be\/product\/gasflessenopslag\/\"]}]},{\"@type\":\"ImageObject\",\"inLanguage\":\"fr-FR\",\"@id\":\"https:\/\/www.alucomfort.be\/product\/gasflessenopslag\/#primaryimage\",\"url\":\"https:\/\/www.alucomfort.be\/wp-content\/uploads\/Afgesloten-gasflessencontainer-BR-GFC-1.jpg\",\"contentUrl\":\"https:\/\/www.alucomfort.be\/wp-content\/uploads\/Afgesloten-gasflessencontainer-BR-GFC-1.jpg\",\"width\":900,\"height\":607,\"caption\":\"Afgesloten_gasflessencontainer-\"},{\"@type\":\"BreadcrumbList\",\"@id\":\"https:\/\/www.alucomfort.be\/product\/gasflessenopslag\/#breadcrumb\",\"itemListElement\":[{\"@type\":\"ListItem\",\"position\":1,\"name\":\"Home\",\"item\":\"https:\/\/www.alucomfort.be\/fr\/\"},{\"@type\":\"ListItem\",\"position\":2,\"name\":\"Producten\",\"item\":\"https:\/\/www.alucomfort.be\/producten\/\"},{\"@type\":\"ListItem\",\"position\":3,\"name\":\"Le Box \u00e0 Gaz avec une Solide Paroi Arri\u00e8re en T\u00f4le\"}]},{\"@type\":\"WebSite\",\"@id\":\"https:\/\/www.alucomfort.be\/#website\",\"url\":\"https:\/\/www.alucomfort.be\/\",\"name\":\"Alu Comfort\",\"description\":\"\",\"potentialAction\":[{\"@type\":\"SearchAction\",\"target\":{\"@type\":\"EntryPoint\",\"urlTemplate\":\"https:\/\/www.alucomfort.be\/?s={search_term_string}\"},\"query-input\":{\"@type\":\"PropertyValueSpecification\",\"valueRequired\":true,\"valueName\":\"search_term_string\"}}],\"inLanguage\":\"fr-FR\"}]}<\/script>\n<!-- \/ Yoast SEO plugin. -->","yoast_head_json":{"title":"D\u00e9p\u00f4t pour bouteilles de gaz | Alu Comfort | Stockage s\u00fbr","description":"Prot\u00e9gez vos bouteilles de gaz de mani\u00e8re optimale. Nos d\u00e9p\u00f4ts avec toit et paroi arri\u00e8re ferm\u00e9s allient r\u00e9sistance aux intemp\u00e9ries et ventilation naturelle.","robots":{"index":"index","follow":"follow","max-snippet":"max-snippet:-1","max-image-preview":"max-image-preview:large","max-video-preview":"max-video-preview:-1"},"canonical":"https:\/\/www.alucomfort.be\/product\/gasflessenopslag\/","og_locale":"fr_FR","og_type":"article","og_title":"D\u00e9p\u00f4t pour bouteilles de gaz | Alu Comfort | Stockage s\u00fbr","og_description":"Prot\u00e9gez vos bouteilles de gaz de mani\u00e8re optimale. Nos d\u00e9p\u00f4ts avec toit et paroi arri\u00e8re ferm\u00e9s allient r\u00e9sistance aux intemp\u00e9ries et ventilation naturelle.","og_url":"https:\/\/www.alucomfort.be\/product\/gasflessenopslag\/","og_site_name":"Alu Comfort","article_modified_time":"2025-07-05T19:36:10+00:00","og_image":[{"width":900,"height":607,"url":"https:\/\/www.alucomfort.be\/wp-content\/uploads\/Afgesloten-gasflessencontainer-BR-GFC-1.jpg","type":"image\/jpeg"}],"twitter_card":"summary_large_image","schema":{"@context":"https:\/\/schema.org","@graph":[{"@type":"WebPage","@id":"https:\/\/www.alucomfort.be\/product\/gasflessenopslag\/","url":"https:\/\/www.alucomfort.be\/product\/gasflessenopslag\/","name":"D\u00e9p\u00f4t pour bouteilles de gaz | Alu Comfort | Stockage s\u00fbr","isPartOf":{"@id":"https:\/\/www.alucomfort.be\/#website"},"primaryImageOfPage":{"@id":"https:\/\/www.alucomfort.be\/product\/gasflessenopslag\/#primaryimage"},"image":{"@id":"https:\/\/www.alucomfort.be\/product\/gasflessenopslag\/#primaryimage"},"thumbnailUrl":"https:\/\/www.alucomfort.be\/wp-content\/uploads\/Afgesloten-gasflessencontainer-BR-GFC-1.jpg","datePublished":"2025-07-05T12:46:40+00:00","dateModified":"2025-07-05T19:36:10+00:00","description":"Prot\u00e9gez vos bouteilles de gaz de mani\u00e8re optimale. Nos d\u00e9p\u00f4ts avec toit et paroi arri\u00e8re ferm\u00e9s allient r\u00e9sistance aux intemp\u00e9ries et ventilation naturelle.","breadcrumb":{"@id":"https:\/\/www.alucomfort.be\/product\/gasflessenopslag\/#breadcrumb"},"inLanguage":"fr-FR","potentialAction":[{"@type":"ReadAction","target":["https:\/\/www.alucomfort.be\/product\/gasflessenopslag\/"]}]},{"@type":"ImageObject","inLanguage":"fr-FR","@id":"https:\/\/www.alucomfort.be\/product\/gasflessenopslag\/#primaryimage","url":"https:\/\/www.alucomfort.be\/wp-content\/uploads\/Afgesloten-gasflessencontainer-BR-GFC-1.jpg","contentUrl":"https:\/\/www.alucomfort.be\/wp-content\/uploads\/Afgesloten-gasflessencontainer-BR-GFC-1.jpg","width":900,"height":607,"caption":"Afgesloten_gasflessencontainer-"},{"@type":"BreadcrumbList","@id":"https:\/\/www.alucomfort.be\/product\/gasflessenopslag\/#breadcrumb","itemListElement":[{"@type":"ListItem","position":1,"name":"Home","item":"https:\/\/www.alucomfort.be\/fr\/"},{"@type":"ListItem","position":2,"name":"Producten","item":"https:\/\/www.alucomfort.be\/producten\/"},{"@type":"ListItem","position":3,"name":"Le Box \u00e0 Gaz avec une Solide Paroi Arri\u00e8re en T\u00f4le"}]},{"@type":"WebSite","@id":"https:\/\/www.alucomfort.be\/#website","url":"https:\/\/www.alucomfort.be\/","name":"Alu Comfort","description":"","potentialAction":[{"@type":"SearchAction","target":{"@type":"EntryPoint","urlTemplate":"https:\/\/www.alucomfort.be\/?s={search_term_string}"},"query-input":{"@type":"PropertyValueSpecification","valueRequired":true,"valueName":"search_term_string"}}],"inLanguage":"fr-FR"}]}},"_links":{"self":[{"href":"https:\/\/www.alucomfort.be\/fr\/wp-json\/wp\/v2\/product\/224780","targetHints":{"allow":["GET"]}}],"collection":[{"href":"https:\/\/www.alucomfort.be\/fr\/wp-json\/wp\/v2\/product"}],"about":[{"href":"https:\/\/www.alucomfort.be\/fr\/wp-json\/wp\/v2\/types\/product"}],"wp:featuredmedia":[{"embeddable":true,"href":"https:\/\/www.alucomfort.be\/fr\/wp-json\/wp\/v2\/media\/224543"}],"wp:attachment":[{"href":"https:\/\/www.alucomfort.be\/fr\/wp-json\/wp\/v2\/media?parent=224780"}],"wp:term":[{"taxonomy":"product_brand","embeddable":true,"href":"https:\/\/www.alucomfort.be\/fr\/wp-json\/wp\/v2\/product_brand?post=224780"},{"taxonomy":"product_cat","embeddable":true,"href":"https:\/\/www.alucomfort.be\/fr\/wp-json\/wp\/v2\/product_cat?post=224780"},{"taxonomy":"product_tag","embeddable":true,"href":"https:\/\/www.alucomfort.be\/fr\/wp-json\/wp\/v2\/product_tag?post=224780"}],"curies":[{"name":"wp","href":"https:\/\/api.w.org\/{rel}","templated":true}]}}