

{"id":224796,"date":"2025-07-05T21:20:14","date_gmt":"2025-07-05T19:20:14","guid":{"rendered":"https:\/\/www.alucomfort.be\/product\/conteneur-pour-bouteilles-de-gaz-avec-fourreaux-pour-chariot-elevateur\/"},"modified":"2025-07-05T21:35:40","modified_gmt":"2025-07-05T19:35:40","slug":"conteneur-pour-bouteilles-de-gaz-avec-fourreaux-pour-chariot-elevateur","status":"publish","type":"product","link":"https:\/\/www.alucomfort.be\/fr\/product\/conteneur-pour-bouteilles-de-gaz-avec-fourreaux-pour-chariot-elevateur\/","title":{"rendered":"Conteneur pour bouteilles de gaz avec fourreaux pour chariot \u00e9l\u00e9vateur"},"content":{"rendered":"<p>* Passage de fourches pour manutention par chariot \u00e9l\u00e9vateur, * Construction robuste avec toit et plancher, * Porte battante verrouillable, * Livr\u00e9 enti\u00e8rement assembl\u00e9, * Finition galvanis\u00e9e, * Plancher au choix : t\u00f4le larm\u00e9e ou caillebotis, * En option : rampe d\u0092acc\u00e8s ou cloison de s\u00e9paration.<\/p>\n","protected":false},"excerpt":{"rendered":"<p>Box grillag\u00e9e pour bouteilles de gaz<\/p>\n","protected":false},"featured_media":224555,"template":"","meta":{"_acf_changed":false},"product_brand":[],"product_cat":[2362],"product_tag":[],"class_list":{"0":"post-224796","1":"product","2":"type-product","3":"status-publish","4":"has-post-thumbnail","6":"product_cat-box-pour-bouteilles-de-gaz","8":"first","9":"outofstock","10":"taxable","11":"shipping-taxable","12":"purchasable","13":"product-type-variable"},"acf":[],"yoast_head":"<!-- This site is optimized with the Yoast SEO plugin v24.8.1 - https:\/\/yoast.com\/wordpress\/plugins\/seo\/ -->\n<title>Conteneur \u00e0 Gaz | Alu Comfort | Avec Plancher et Fourreaux<\/title>\n<meta name=\"description\" content=\"Optimisez la manutention de vos bouteilles de gaz. Nos conteneurs avec plancher et fourreaux sont con\u00e7us pour un transport par chariot s\u00fbr et efficace. D\u00e9couvrez nos mod\u00e8les.\" \/>\n<meta name=\"robots\" content=\"index, follow, max-snippet:-1, max-image-preview:large, max-video-preview:-1\" \/>\n<link rel=\"canonical\" href=\"https:\/\/www.alucomfort.be\/product\/gasflessenkooi-met-vloer-en-heftrucksleuven\/\" \/>\n<meta property=\"og:locale\" content=\"fr_FR\" \/>\n<meta property=\"og:type\" content=\"article\" \/>\n<meta property=\"og:title\" content=\"Conteneur \u00e0 Gaz | Alu Comfort | Avec Plancher et Fourreaux\" \/>\n<meta property=\"og:description\" content=\"Optimisez la manutention de vos bouteilles de gaz. Nos conteneurs avec plancher et fourreaux sont con\u00e7us pour un transport par chariot s\u00fbr et efficace. D\u00e9couvrez nos mod\u00e8les.\" \/>\n<meta property=\"og:url\" content=\"https:\/\/www.alucomfort.be\/product\/gasflessenkooi-met-vloer-en-heftrucksleuven\/\" \/>\n<meta property=\"og:site_name\" content=\"Alu Comfort\" \/>\n<meta property=\"article:modified_time\" content=\"2025-07-05T19:35:40+00:00\" \/>\n<meta property=\"og:image\" content=\"https:\/\/www.alucomfort.be\/wp-content\/uploads\/Conteneur-pour-bouteilles-de-gaz-avec-fourreaux-pour-chariot-elevateur-BR-GFC-E-2.jpg\" \/>\n\t<meta property=\"og:image:width\" content=\"900\" \/>\n\t<meta property=\"og:image:height\" content=\"587\" \/>\n\t<meta property=\"og:image:type\" content=\"image\/jpeg\" \/>\n<meta name=\"twitter:card\" content=\"summary_large_image\" \/>\n<script type=\"application\/ld+json\" class=\"yoast-schema-graph\">{\"@context\":\"https:\/\/schema.org\",\"@graph\":[{\"@type\":\"WebPage\",\"@id\":\"https:\/\/www.alucomfort.be\/product\/gasflessenkooi-met-vloer-en-heftrucksleuven\/\",\"url\":\"https:\/\/www.alucomfort.be\/product\/gasflessenkooi-met-vloer-en-heftrucksleuven\/\",\"name\":\"Conteneur \u00e0 Gaz | Alu Comfort | Avec Plancher et Fourreaux\",\"isPartOf\":{\"@id\":\"https:\/\/www.alucomfort.be\/#website\"},\"primaryImageOfPage\":{\"@id\":\"https:\/\/www.alucomfort.be\/product\/gasflessenkooi-met-vloer-en-heftrucksleuven\/#primaryimage\"},\"image\":{\"@id\":\"https:\/\/www.alucomfort.be\/product\/gasflessenkooi-met-vloer-en-heftrucksleuven\/#primaryimage\"},\"thumbnailUrl\":\"https:\/\/www.alucomfort.be\/wp-content\/uploads\/Conteneur-pour-bouteilles-de-gaz-avec-fourreaux-pour-chariot-elevateur-BR-GFC-E-2.jpg\",\"datePublished\":\"2025-07-05T19:20:14+00:00\",\"dateModified\":\"2025-07-05T19:35:40+00:00\",\"description\":\"Optimisez la manutention de vos bouteilles de gaz. Nos conteneurs avec plancher et fourreaux sont con\u00e7us pour un transport par chariot s\u00fbr et efficace. D\u00e9couvrez nos mod\u00e8les.\",\"breadcrumb\":{\"@id\":\"https:\/\/www.alucomfort.be\/product\/gasflessenkooi-met-vloer-en-heftrucksleuven\/#breadcrumb\"},\"inLanguage\":\"fr-FR\",\"potentialAction\":[{\"@type\":\"ReadAction\",\"target\":[\"https:\/\/www.alucomfort.be\/product\/gasflessenkooi-met-vloer-en-heftrucksleuven\/\"]}]},{\"@type\":\"ImageObject\",\"inLanguage\":\"fr-FR\",\"@id\":\"https:\/\/www.alucomfort.be\/product\/gasflessenkooi-met-vloer-en-heftrucksleuven\/#primaryimage\",\"url\":\"https:\/\/www.alucomfort.be\/wp-content\/uploads\/Conteneur-pour-bouteilles-de-gaz-avec-fourreaux-pour-chariot-elevateur-BR-GFC-E-2.jpg\",\"contentUrl\":\"https:\/\/www.alucomfort.be\/wp-content\/uploads\/Conteneur-pour-bouteilles-de-gaz-avec-fourreaux-pour-chariot-elevateur-BR-GFC-E-2.jpg\",\"width\":900,\"height\":587,\"caption\":\"Conteneur pour bouteilles de gaz avec fourreaux pour chariot \u00e9l\u00e9vateur\"},{\"@type\":\"BreadcrumbList\",\"@id\":\"https:\/\/www.alucomfort.be\/product\/gasflessenkooi-met-vloer-en-heftrucksleuven\/#breadcrumb\",\"itemListElement\":[{\"@type\":\"ListItem\",\"position\":1,\"name\":\"Home\",\"item\":\"https:\/\/www.alucomfort.be\/fr\/\"},{\"@type\":\"ListItem\",\"position\":2,\"name\":\"Producten\",\"item\":\"https:\/\/www.alucomfort.be\/producten\/\"},{\"@type\":\"ListItem\",\"position\":3,\"name\":\"Conteneur pour bouteilles de gaz avec fourreaux pour chariot \u00e9l\u00e9vateur\"}]},{\"@type\":\"WebSite\",\"@id\":\"https:\/\/www.alucomfort.be\/#website\",\"url\":\"https:\/\/www.alucomfort.be\/\",\"name\":\"Alu Comfort\",\"description\":\"\",\"potentialAction\":[{\"@type\":\"SearchAction\",\"target\":{\"@type\":\"EntryPoint\",\"urlTemplate\":\"https:\/\/www.alucomfort.be\/?s={search_term_string}\"},\"query-input\":{\"@type\":\"PropertyValueSpecification\",\"valueRequired\":true,\"valueName\":\"search_term_string\"}}],\"inLanguage\":\"fr-FR\"}]}<\/script>\n<!-- \/ Yoast SEO plugin. -->","yoast_head_json":{"title":"Conteneur \u00e0 Gaz | Alu Comfort | Avec Plancher et Fourreaux","description":"Optimisez la manutention de vos bouteilles de gaz. Nos conteneurs avec plancher et fourreaux sont con\u00e7us pour un transport par chariot s\u00fbr et efficace. D\u00e9couvrez nos mod\u00e8les.","robots":{"index":"index","follow":"follow","max-snippet":"max-snippet:-1","max-image-preview":"max-image-preview:large","max-video-preview":"max-video-preview:-1"},"canonical":"https:\/\/www.alucomfort.be\/product\/gasflessenkooi-met-vloer-en-heftrucksleuven\/","og_locale":"fr_FR","og_type":"article","og_title":"Conteneur \u00e0 Gaz | Alu Comfort | Avec Plancher et Fourreaux","og_description":"Optimisez la manutention de vos bouteilles de gaz. Nos conteneurs avec plancher et fourreaux sont con\u00e7us pour un transport par chariot s\u00fbr et efficace. D\u00e9couvrez nos mod\u00e8les.","og_url":"https:\/\/www.alucomfort.be\/product\/gasflessenkooi-met-vloer-en-heftrucksleuven\/","og_site_name":"Alu Comfort","article_modified_time":"2025-07-05T19:35:40+00:00","og_image":[{"width":900,"height":587,"url":"https:\/\/www.alucomfort.be\/wp-content\/uploads\/Conteneur-pour-bouteilles-de-gaz-avec-fourreaux-pour-chariot-elevateur-BR-GFC-E-2.jpg","type":"image\/jpeg"}],"twitter_card":"summary_large_image","schema":{"@context":"https:\/\/schema.org","@graph":[{"@type":"WebPage","@id":"https:\/\/www.alucomfort.be\/product\/gasflessenkooi-met-vloer-en-heftrucksleuven\/","url":"https:\/\/www.alucomfort.be\/product\/gasflessenkooi-met-vloer-en-heftrucksleuven\/","name":"Conteneur \u00e0 Gaz | Alu Comfort | Avec Plancher et Fourreaux","isPartOf":{"@id":"https:\/\/www.alucomfort.be\/#website"},"primaryImageOfPage":{"@id":"https:\/\/www.alucomfort.be\/product\/gasflessenkooi-met-vloer-en-heftrucksleuven\/#primaryimage"},"image":{"@id":"https:\/\/www.alucomfort.be\/product\/gasflessenkooi-met-vloer-en-heftrucksleuven\/#primaryimage"},"thumbnailUrl":"https:\/\/www.alucomfort.be\/wp-content\/uploads\/Conteneur-pour-bouteilles-de-gaz-avec-fourreaux-pour-chariot-elevateur-BR-GFC-E-2.jpg","datePublished":"2025-07-05T19:20:14+00:00","dateModified":"2025-07-05T19:35:40+00:00","description":"Optimisez la manutention de vos bouteilles de gaz. Nos conteneurs avec plancher et fourreaux sont con\u00e7us pour un transport par chariot s\u00fbr et efficace. D\u00e9couvrez nos mod\u00e8les.","breadcrumb":{"@id":"https:\/\/www.alucomfort.be\/product\/gasflessenkooi-met-vloer-en-heftrucksleuven\/#breadcrumb"},"inLanguage":"fr-FR","potentialAction":[{"@type":"ReadAction","target":["https:\/\/www.alucomfort.be\/product\/gasflessenkooi-met-vloer-en-heftrucksleuven\/"]}]},{"@type":"ImageObject","inLanguage":"fr-FR","@id":"https:\/\/www.alucomfort.be\/product\/gasflessenkooi-met-vloer-en-heftrucksleuven\/#primaryimage","url":"https:\/\/www.alucomfort.be\/wp-content\/uploads\/Conteneur-pour-bouteilles-de-gaz-avec-fourreaux-pour-chariot-elevateur-BR-GFC-E-2.jpg","contentUrl":"https:\/\/www.alucomfort.be\/wp-content\/uploads\/Conteneur-pour-bouteilles-de-gaz-avec-fourreaux-pour-chariot-elevateur-BR-GFC-E-2.jpg","width":900,"height":587,"caption":"Conteneur pour bouteilles de gaz avec fourreaux pour chariot \u00e9l\u00e9vateur"},{"@type":"BreadcrumbList","@id":"https:\/\/www.alucomfort.be\/product\/gasflessenkooi-met-vloer-en-heftrucksleuven\/#breadcrumb","itemListElement":[{"@type":"ListItem","position":1,"name":"Home","item":"https:\/\/www.alucomfort.be\/fr\/"},{"@type":"ListItem","position":2,"name":"Producten","item":"https:\/\/www.alucomfort.be\/producten\/"},{"@type":"ListItem","position":3,"name":"Conteneur pour bouteilles de gaz avec fourreaux pour chariot \u00e9l\u00e9vateur"}]},{"@type":"WebSite","@id":"https:\/\/www.alucomfort.be\/#website","url":"https:\/\/www.alucomfort.be\/","name":"Alu Comfort","description":"","potentialAction":[{"@type":"SearchAction","target":{"@type":"EntryPoint","urlTemplate":"https:\/\/www.alucomfort.be\/?s={search_term_string}"},"query-input":{"@type":"PropertyValueSpecification","valueRequired":true,"valueName":"search_term_string"}}],"inLanguage":"fr-FR"}]}},"_links":{"self":[{"href":"https:\/\/www.alucomfort.be\/fr\/wp-json\/wp\/v2\/product\/224796","targetHints":{"allow":["GET"]}}],"collection":[{"href":"https:\/\/www.alucomfort.be\/fr\/wp-json\/wp\/v2\/product"}],"about":[{"href":"https:\/\/www.alucomfort.be\/fr\/wp-json\/wp\/v2\/types\/product"}],"wp:featuredmedia":[{"embeddable":true,"href":"https:\/\/www.alucomfort.be\/fr\/wp-json\/wp\/v2\/media\/224555"}],"wp:attachment":[{"href":"https:\/\/www.alucomfort.be\/fr\/wp-json\/wp\/v2\/media?parent=224796"}],"wp:term":[{"taxonomy":"product_brand","embeddable":true,"href":"https:\/\/www.alucomfort.be\/fr\/wp-json\/wp\/v2\/product_brand?post=224796"},{"taxonomy":"product_cat","embeddable":true,"href":"https:\/\/www.alucomfort.be\/fr\/wp-json\/wp\/v2\/product_cat?post=224796"},{"taxonomy":"product_tag","embeddable":true,"href":"https:\/\/www.alucomfort.be\/fr\/wp-json\/wp\/v2\/product_tag?post=224796"}],"curies":[{"name":"wp","href":"https:\/\/api.w.org\/{rel}","templated":true}]}}