

{"id":224902,"date":"2025-07-05T21:33:24","date_gmt":"2025-07-05T19:33:24","guid":{"rendered":"https:\/\/www.alucomfort.be\/product\/cage-de-stockage-pour-bouteilles-de-gaz\/"},"modified":"2025-07-05T21:34:08","modified_gmt":"2025-07-05T19:34:08","slug":"cage-de-stockage-pour-bouteilles-de-gaz","status":"publish","type":"product","link":"https:\/\/www.alucomfort.be\/fr\/product\/cage-de-stockage-pour-bouteilles-de-gaz\/","title":{"rendered":"Cage de stockage pour bouteilles de gaz"},"content":{"rendered":"<p>* Construction robuste, * Porte(s) battante(s) et verrouillable(s), * Con\u00e7u pour une fixation au sol, * Livr\u00e9 en kit avec une notice de montage, * Galvanis\u00e9, * Disponible avec ou sans toit, * Choix entre une porte simple ou doublee, * Stockage de bouteilles de gaz \u00e0 l&rsquo;ext\u00e9rieur selon la norme TRGS 510, * Plancher caillebotis en option, * Nouveau : d\u00e9couvrez notre grand mod\u00e8le!  Livr\u00e9 de s\u00e9rie avec un toit et une double porte battante (dimensions : 3560 x 2810 x 2190 mm).  Il peut accueillir jusqu&rsquo;\u00e0 168 bouteilles de gaz et est parfaitement con\u00e7u pour le chargement de palettes avec un transpalette.<\/p>\n","protected":false},"excerpt":{"rendered":"<p>La solution la plus s\u00fbre et la plus \u00e9conomique pour stocker des bouteilles de gaz en ext\u00e9rieur<\/p>\n","protected":false},"featured_media":224561,"template":"","meta":{"_acf_changed":false},"product_brand":[],"product_cat":[2362],"product_tag":[],"class_list":{"0":"post-224902","1":"product","2":"type-product","3":"status-publish","4":"has-post-thumbnail","6":"product_cat-box-pour-bouteilles-de-gaz","8":"first","9":"outofstock","10":"taxable","11":"shipping-taxable","12":"purchasable","13":"product-type-variable"},"acf":[],"yoast_head":"<!-- This site is optimized with the Yoast SEO plugin v24.8.1 - https:\/\/yoast.com\/wordpress\/plugins\/seo\/ -->\n<title>Box pour bouteilles de gaz | Alu Comfort | Cage \u00e0 gaz<\/title>\n<meta name=\"description\" content=\"La solution professionnelle pour le stockage ext\u00e9rieur de gaz. Nos armoires et conteneurs durables garantissent une installation s\u00fbre et conforme. D\u00e9couvrez l&#039;offre B2B\" \/>\n<meta name=\"robots\" content=\"index, follow, max-snippet:-1, max-image-preview:large, max-video-preview:-1\" \/>\n<link rel=\"canonical\" href=\"https:\/\/www.alucomfort.be\/product\/gasflessencontainer\/\" \/>\n<meta property=\"og:locale\" content=\"fr_FR\" \/>\n<meta property=\"og:type\" content=\"article\" \/>\n<meta property=\"og:title\" content=\"Box pour bouteilles de gaz | Alu Comfort | Cage \u00e0 gaz\" \/>\n<meta property=\"og:description\" content=\"La solution professionnelle pour le stockage ext\u00e9rieur de gaz. Nos armoires et conteneurs durables garantissent une installation s\u00fbre et conforme. D\u00e9couvrez l&#039;offre B2B\" \/>\n<meta property=\"og:url\" content=\"https:\/\/www.alucomfort.be\/product\/gasflessencontainer\/\" \/>\n<meta property=\"og:site_name\" content=\"Alu Comfort\" \/>\n<meta property=\"article:modified_time\" content=\"2025-07-05T19:34:08+00:00\" \/>\n<meta property=\"og:image\" content=\"https:\/\/www.alucomfort.be\/wp-content\/uploads\/Gasflessencontainer-BR-GFC-M-1.jpg\" \/>\n\t<meta property=\"og:image:width\" content=\"900\" \/>\n\t<meta property=\"og:image:height\" content=\"602\" \/>\n\t<meta property=\"og:image:type\" content=\"image\/jpeg\" \/>\n<meta name=\"twitter:card\" content=\"summary_large_image\" \/>\n<script type=\"application\/ld+json\" class=\"yoast-schema-graph\">{\"@context\":\"https:\/\/schema.org\",\"@graph\":[{\"@type\":\"WebPage\",\"@id\":\"https:\/\/www.alucomfort.be\/product\/gasflessencontainer\/\",\"url\":\"https:\/\/www.alucomfort.be\/product\/gasflessencontainer\/\",\"name\":\"Box pour bouteilles de gaz | Alu Comfort | Cage \u00e0 gaz\",\"isPartOf\":{\"@id\":\"https:\/\/www.alucomfort.be\/#website\"},\"primaryImageOfPage\":{\"@id\":\"https:\/\/www.alucomfort.be\/product\/gasflessencontainer\/#primaryimage\"},\"image\":{\"@id\":\"https:\/\/www.alucomfort.be\/product\/gasflessencontainer\/#primaryimage\"},\"thumbnailUrl\":\"https:\/\/www.alucomfort.be\/wp-content\/uploads\/Gasflessencontainer-BR-GFC-M-1.jpg\",\"datePublished\":\"2025-07-05T19:33:24+00:00\",\"dateModified\":\"2025-07-05T19:34:08+00:00\",\"description\":\"La solution professionnelle pour le stockage ext\u00e9rieur de gaz. Nos armoires et conteneurs durables garantissent une installation s\u00fbre et conforme. D\u00e9couvrez l'offre B2B\",\"breadcrumb\":{\"@id\":\"https:\/\/www.alucomfort.be\/product\/gasflessencontainer\/#breadcrumb\"},\"inLanguage\":\"fr-FR\",\"potentialAction\":[{\"@type\":\"ReadAction\",\"target\":[\"https:\/\/www.alucomfort.be\/product\/gasflessencontainer\/\"]}]},{\"@type\":\"ImageObject\",\"inLanguage\":\"fr-FR\",\"@id\":\"https:\/\/www.alucomfort.be\/product\/gasflessencontainer\/#primaryimage\",\"url\":\"https:\/\/www.alucomfort.be\/wp-content\/uploads\/Gasflessencontainer-BR-GFC-M-1.jpg\",\"contentUrl\":\"https:\/\/www.alucomfort.be\/wp-content\/uploads\/Gasflessencontainer-BR-GFC-M-1.jpg\",\"width\":900,\"height\":602,\"caption\":\"Gasflessencontainer\"},{\"@type\":\"BreadcrumbList\",\"@id\":\"https:\/\/www.alucomfort.be\/product\/gasflessencontainer\/#breadcrumb\",\"itemListElement\":[{\"@type\":\"ListItem\",\"position\":1,\"name\":\"Home\",\"item\":\"https:\/\/www.alucomfort.be\/fr\/\"},{\"@type\":\"ListItem\",\"position\":2,\"name\":\"Producten\",\"item\":\"https:\/\/www.alucomfort.be\/producten\/\"},{\"@type\":\"ListItem\",\"position\":3,\"name\":\"Cage de stockage pour bouteilles de gaz\"}]},{\"@type\":\"WebSite\",\"@id\":\"https:\/\/www.alucomfort.be\/#website\",\"url\":\"https:\/\/www.alucomfort.be\/\",\"name\":\"Alu Comfort\",\"description\":\"\",\"potentialAction\":[{\"@type\":\"SearchAction\",\"target\":{\"@type\":\"EntryPoint\",\"urlTemplate\":\"https:\/\/www.alucomfort.be\/?s={search_term_string}\"},\"query-input\":{\"@type\":\"PropertyValueSpecification\",\"valueRequired\":true,\"valueName\":\"search_term_string\"}}],\"inLanguage\":\"fr-FR\"}]}<\/script>\n<!-- \/ Yoast SEO plugin. -->","yoast_head_json":{"title":"Box pour bouteilles de gaz | Alu Comfort | Cage \u00e0 gaz","description":"La solution professionnelle pour le stockage ext\u00e9rieur de gaz. Nos armoires et conteneurs durables garantissent une installation s\u00fbre et conforme. D\u00e9couvrez l'offre B2B","robots":{"index":"index","follow":"follow","max-snippet":"max-snippet:-1","max-image-preview":"max-image-preview:large","max-video-preview":"max-video-preview:-1"},"canonical":"https:\/\/www.alucomfort.be\/product\/gasflessencontainer\/","og_locale":"fr_FR","og_type":"article","og_title":"Box pour bouteilles de gaz | Alu Comfort | Cage \u00e0 gaz","og_description":"La solution professionnelle pour le stockage ext\u00e9rieur de gaz. Nos armoires et conteneurs durables garantissent une installation s\u00fbre et conforme. D\u00e9couvrez l'offre B2B","og_url":"https:\/\/www.alucomfort.be\/product\/gasflessencontainer\/","og_site_name":"Alu Comfort","article_modified_time":"2025-07-05T19:34:08+00:00","og_image":[{"width":900,"height":602,"url":"https:\/\/www.alucomfort.be\/wp-content\/uploads\/Gasflessencontainer-BR-GFC-M-1.jpg","type":"image\/jpeg"}],"twitter_card":"summary_large_image","schema":{"@context":"https:\/\/schema.org","@graph":[{"@type":"WebPage","@id":"https:\/\/www.alucomfort.be\/product\/gasflessencontainer\/","url":"https:\/\/www.alucomfort.be\/product\/gasflessencontainer\/","name":"Box pour bouteilles de gaz | Alu Comfort | Cage \u00e0 gaz","isPartOf":{"@id":"https:\/\/www.alucomfort.be\/#website"},"primaryImageOfPage":{"@id":"https:\/\/www.alucomfort.be\/product\/gasflessencontainer\/#primaryimage"},"image":{"@id":"https:\/\/www.alucomfort.be\/product\/gasflessencontainer\/#primaryimage"},"thumbnailUrl":"https:\/\/www.alucomfort.be\/wp-content\/uploads\/Gasflessencontainer-BR-GFC-M-1.jpg","datePublished":"2025-07-05T19:33:24+00:00","dateModified":"2025-07-05T19:34:08+00:00","description":"La solution professionnelle pour le stockage ext\u00e9rieur de gaz. Nos armoires et conteneurs durables garantissent une installation s\u00fbre et conforme. D\u00e9couvrez l'offre B2B","breadcrumb":{"@id":"https:\/\/www.alucomfort.be\/product\/gasflessencontainer\/#breadcrumb"},"inLanguage":"fr-FR","potentialAction":[{"@type":"ReadAction","target":["https:\/\/www.alucomfort.be\/product\/gasflessencontainer\/"]}]},{"@type":"ImageObject","inLanguage":"fr-FR","@id":"https:\/\/www.alucomfort.be\/product\/gasflessencontainer\/#primaryimage","url":"https:\/\/www.alucomfort.be\/wp-content\/uploads\/Gasflessencontainer-BR-GFC-M-1.jpg","contentUrl":"https:\/\/www.alucomfort.be\/wp-content\/uploads\/Gasflessencontainer-BR-GFC-M-1.jpg","width":900,"height":602,"caption":"Gasflessencontainer"},{"@type":"BreadcrumbList","@id":"https:\/\/www.alucomfort.be\/product\/gasflessencontainer\/#breadcrumb","itemListElement":[{"@type":"ListItem","position":1,"name":"Home","item":"https:\/\/www.alucomfort.be\/fr\/"},{"@type":"ListItem","position":2,"name":"Producten","item":"https:\/\/www.alucomfort.be\/producten\/"},{"@type":"ListItem","position":3,"name":"Cage de stockage pour bouteilles de gaz"}]},{"@type":"WebSite","@id":"https:\/\/www.alucomfort.be\/#website","url":"https:\/\/www.alucomfort.be\/","name":"Alu Comfort","description":"","potentialAction":[{"@type":"SearchAction","target":{"@type":"EntryPoint","urlTemplate":"https:\/\/www.alucomfort.be\/?s={search_term_string}"},"query-input":{"@type":"PropertyValueSpecification","valueRequired":true,"valueName":"search_term_string"}}],"inLanguage":"fr-FR"}]}},"_links":{"self":[{"href":"https:\/\/www.alucomfort.be\/fr\/wp-json\/wp\/v2\/product\/224902","targetHints":{"allow":["GET"]}}],"collection":[{"href":"https:\/\/www.alucomfort.be\/fr\/wp-json\/wp\/v2\/product"}],"about":[{"href":"https:\/\/www.alucomfort.be\/fr\/wp-json\/wp\/v2\/types\/product"}],"wp:featuredmedia":[{"embeddable":true,"href":"https:\/\/www.alucomfort.be\/fr\/wp-json\/wp\/v2\/media\/224561"}],"wp:attachment":[{"href":"https:\/\/www.alucomfort.be\/fr\/wp-json\/wp\/v2\/media?parent=224902"}],"wp:term":[{"taxonomy":"product_brand","embeddable":true,"href":"https:\/\/www.alucomfort.be\/fr\/wp-json\/wp\/v2\/product_brand?post=224902"},{"taxonomy":"product_cat","embeddable":true,"href":"https:\/\/www.alucomfort.be\/fr\/wp-json\/wp\/v2\/product_cat?post=224902"},{"taxonomy":"product_tag","embeddable":true,"href":"https:\/\/www.alucomfort.be\/fr\/wp-json\/wp\/v2\/product_tag?post=224902"}],"curies":[{"name":"wp","href":"https:\/\/api.w.org\/{rel}","templated":true}]}}