

{"id":224948,"date":"2025-07-05T21:35:41","date_gmt":"2025-07-05T19:35:41","guid":{"rendered":"https:\/\/www.alucomfort.be\/product\/box-pour-bouteilles-de-gaz-avec-toit-et-parios-resistants-au-feu\/"},"modified":"2025-07-05T21:36:04","modified_gmt":"2025-07-05T19:36:04","slug":"box-pour-bouteilles-de-gaz-avec-toit-et-parios-resistants-au-feu","status":"publish","type":"product","link":"https:\/\/www.alucomfort.be\/fr\/product\/box-pour-bouteilles-de-gaz-avec-toit-et-parios-resistants-au-feu\/","title":{"rendered":"Box pour bouteilles de gaz avec toit et parios r\u00e9sistants au feu"},"content":{"rendered":"<p>* Stockage de bouteilles \u00e0 gaz \u00e0 l&rsquo;ext\u00e9rieur, conforme \u00e0 la norme TRGS 510, * Construction stable avec toit et plancher, * Plafond et parois r\u00e9sistants au feu (F90) selon la norme DIN 4102, * Porte battante verrouillable en grillage, * Plancher en t\u00f4les larm\u00e9e, * Pr\u00eat \u00e0 \u00eatre fix\u00e9 au sol, * Livr\u00e9 enti\u00e8rement assembl\u00e9.<\/p>\n","protected":false},"excerpt":{"rendered":"<p>Box pour bouteilles de gaz avec toit et parios r\u00e9sistants au feu.<\/p>\n","protected":false},"featured_media":224541,"template":"","meta":{"_acf_changed":false},"product_brand":[],"product_cat":[2362],"product_tag":[],"class_list":{"0":"post-224948","1":"product","2":"type-product","3":"status-publish","4":"has-post-thumbnail","6":"product_cat-box-pour-bouteilles-de-gaz","8":"first","9":"outofstock","10":"taxable","11":"shipping-taxable","12":"purchasable","13":"product-type-variable"},"acf":[],"yoast_head":"<!-- This site is optimized with the Yoast SEO plugin v24.8.1 - https:\/\/yoast.com\/wordpress\/plugins\/seo\/ -->\n<title>Conteneur \u00e0 Gaz Coupe-Feu F90 | Alu Comfort | S\u00e9curit\u00e9<\/title>\n<meta name=\"description\" content=\"La protection ultime contre l&#039;incendie pour votre stockage de gaz. Nos conteneurs coupe-feu, certifi\u00e9s F90, sont con\u00e7us pour prot\u00e9ger votre personnel et vos \u00e9quipements.\" \/>\n<meta name=\"robots\" content=\"index, follow, max-snippet:-1, max-image-preview:large, max-video-preview:-1\" \/>\n<link rel=\"canonical\" href=\"https:\/\/www.alucomfort.be\/product\/gasflessencontainer-met-vuurbestendige-wanden-en-dak\/\" \/>\n<meta property=\"og:locale\" content=\"fr_FR\" \/>\n<meta property=\"og:type\" content=\"article\" \/>\n<meta property=\"og:title\" content=\"Conteneur \u00e0 Gaz Coupe-Feu F90 | Alu Comfort | S\u00e9curit\u00e9\" \/>\n<meta property=\"og:description\" content=\"La protection ultime contre l&#039;incendie pour votre stockage de gaz. Nos conteneurs coupe-feu, certifi\u00e9s F90, sont con\u00e7us pour prot\u00e9ger votre personnel et vos \u00e9quipements.\" \/>\n<meta property=\"og:url\" content=\"https:\/\/www.alucomfort.be\/product\/gasflessencontainer-met-vuurbestendige-wanden-en-dak\/\" \/>\n<meta property=\"og:site_name\" content=\"Alu Comfort\" \/>\n<meta property=\"article:modified_time\" content=\"2025-07-05T19:36:04+00:00\" \/>\n<meta property=\"og:image\" content=\"https:\/\/www.alucomfort.be\/wp-content\/uploads\/Abri-de-stockage-pour-bouteilles-de-gaz-BR-GFC-B-1.jpg\" \/>\n\t<meta property=\"og:image:width\" content=\"900\" \/>\n\t<meta property=\"og:image:height\" content=\"791\" \/>\n\t<meta property=\"og:image:type\" content=\"image\/jpeg\" \/>\n<meta name=\"twitter:card\" content=\"summary_large_image\" \/>\n<script type=\"application\/ld+json\" class=\"yoast-schema-graph\">{\"@context\":\"https:\/\/schema.org\",\"@graph\":[{\"@type\":\"WebPage\",\"@id\":\"https:\/\/www.alucomfort.be\/product\/gasflessencontainer-met-vuurbestendige-wanden-en-dak\/\",\"url\":\"https:\/\/www.alucomfort.be\/product\/gasflessencontainer-met-vuurbestendige-wanden-en-dak\/\",\"name\":\"Conteneur \u00e0 Gaz Coupe-Feu F90 | Alu Comfort | S\u00e9curit\u00e9\",\"isPartOf\":{\"@id\":\"https:\/\/www.alucomfort.be\/#website\"},\"primaryImageOfPage\":{\"@id\":\"https:\/\/www.alucomfort.be\/product\/gasflessencontainer-met-vuurbestendige-wanden-en-dak\/#primaryimage\"},\"image\":{\"@id\":\"https:\/\/www.alucomfort.be\/product\/gasflessencontainer-met-vuurbestendige-wanden-en-dak\/#primaryimage\"},\"thumbnailUrl\":\"https:\/\/www.alucomfort.be\/wp-content\/uploads\/Abri-de-stockage-pour-bouteilles-de-gaz-BR-GFC-B-1.jpg\",\"datePublished\":\"2025-07-05T19:35:41+00:00\",\"dateModified\":\"2025-07-05T19:36:04+00:00\",\"description\":\"La protection ultime contre l'incendie pour votre stockage de gaz. Nos conteneurs coupe-feu, certifi\u00e9s F90, sont con\u00e7us pour prot\u00e9ger votre personnel et vos \u00e9quipements.\",\"breadcrumb\":{\"@id\":\"https:\/\/www.alucomfort.be\/product\/gasflessencontainer-met-vuurbestendige-wanden-en-dak\/#breadcrumb\"},\"inLanguage\":\"fr-FR\",\"potentialAction\":[{\"@type\":\"ReadAction\",\"target\":[\"https:\/\/www.alucomfort.be\/product\/gasflessencontainer-met-vuurbestendige-wanden-en-dak\/\"]}]},{\"@type\":\"ImageObject\",\"inLanguage\":\"fr-FR\",\"@id\":\"https:\/\/www.alucomfort.be\/product\/gasflessencontainer-met-vuurbestendige-wanden-en-dak\/#primaryimage\",\"url\":\"https:\/\/www.alucomfort.be\/wp-content\/uploads\/Abri-de-stockage-pour-bouteilles-de-gaz-BR-GFC-B-1.jpg\",\"contentUrl\":\"https:\/\/www.alucomfort.be\/wp-content\/uploads\/Abri-de-stockage-pour-bouteilles-de-gaz-BR-GFC-B-1.jpg\",\"width\":900,\"height\":791,\"caption\":\"Abri de stockage pour bouteilles de gaz\"},{\"@type\":\"BreadcrumbList\",\"@id\":\"https:\/\/www.alucomfort.be\/product\/gasflessencontainer-met-vuurbestendige-wanden-en-dak\/#breadcrumb\",\"itemListElement\":[{\"@type\":\"ListItem\",\"position\":1,\"name\":\"Home\",\"item\":\"https:\/\/www.alucomfort.be\/fr\/\"},{\"@type\":\"ListItem\",\"position\":2,\"name\":\"Producten\",\"item\":\"https:\/\/www.alucomfort.be\/producten\/\"},{\"@type\":\"ListItem\",\"position\":3,\"name\":\"Box pour bouteilles de gaz avec toit et parios r\u00e9sistants au feu\"}]},{\"@type\":\"WebSite\",\"@id\":\"https:\/\/www.alucomfort.be\/#website\",\"url\":\"https:\/\/www.alucomfort.be\/\",\"name\":\"Alu Comfort\",\"description\":\"\",\"potentialAction\":[{\"@type\":\"SearchAction\",\"target\":{\"@type\":\"EntryPoint\",\"urlTemplate\":\"https:\/\/www.alucomfort.be\/?s={search_term_string}\"},\"query-input\":{\"@type\":\"PropertyValueSpecification\",\"valueRequired\":true,\"valueName\":\"search_term_string\"}}],\"inLanguage\":\"fr-FR\"}]}<\/script>\n<!-- \/ Yoast SEO plugin. -->","yoast_head_json":{"title":"Conteneur \u00e0 Gaz Coupe-Feu F90 | Alu Comfort | S\u00e9curit\u00e9","description":"La protection ultime contre l'incendie pour votre stockage de gaz. Nos conteneurs coupe-feu, certifi\u00e9s F90, sont con\u00e7us pour prot\u00e9ger votre personnel et vos \u00e9quipements.","robots":{"index":"index","follow":"follow","max-snippet":"max-snippet:-1","max-image-preview":"max-image-preview:large","max-video-preview":"max-video-preview:-1"},"canonical":"https:\/\/www.alucomfort.be\/product\/gasflessencontainer-met-vuurbestendige-wanden-en-dak\/","og_locale":"fr_FR","og_type":"article","og_title":"Conteneur \u00e0 Gaz Coupe-Feu F90 | Alu Comfort | S\u00e9curit\u00e9","og_description":"La protection ultime contre l'incendie pour votre stockage de gaz. Nos conteneurs coupe-feu, certifi\u00e9s F90, sont con\u00e7us pour prot\u00e9ger votre personnel et vos \u00e9quipements.","og_url":"https:\/\/www.alucomfort.be\/product\/gasflessencontainer-met-vuurbestendige-wanden-en-dak\/","og_site_name":"Alu Comfort","article_modified_time":"2025-07-05T19:36:04+00:00","og_image":[{"width":900,"height":791,"url":"https:\/\/www.alucomfort.be\/wp-content\/uploads\/Abri-de-stockage-pour-bouteilles-de-gaz-BR-GFC-B-1.jpg","type":"image\/jpeg"}],"twitter_card":"summary_large_image","schema":{"@context":"https:\/\/schema.org","@graph":[{"@type":"WebPage","@id":"https:\/\/www.alucomfort.be\/product\/gasflessencontainer-met-vuurbestendige-wanden-en-dak\/","url":"https:\/\/www.alucomfort.be\/product\/gasflessencontainer-met-vuurbestendige-wanden-en-dak\/","name":"Conteneur \u00e0 Gaz Coupe-Feu F90 | Alu Comfort | S\u00e9curit\u00e9","isPartOf":{"@id":"https:\/\/www.alucomfort.be\/#website"},"primaryImageOfPage":{"@id":"https:\/\/www.alucomfort.be\/product\/gasflessencontainer-met-vuurbestendige-wanden-en-dak\/#primaryimage"},"image":{"@id":"https:\/\/www.alucomfort.be\/product\/gasflessencontainer-met-vuurbestendige-wanden-en-dak\/#primaryimage"},"thumbnailUrl":"https:\/\/www.alucomfort.be\/wp-content\/uploads\/Abri-de-stockage-pour-bouteilles-de-gaz-BR-GFC-B-1.jpg","datePublished":"2025-07-05T19:35:41+00:00","dateModified":"2025-07-05T19:36:04+00:00","description":"La protection ultime contre l'incendie pour votre stockage de gaz. Nos conteneurs coupe-feu, certifi\u00e9s F90, sont con\u00e7us pour prot\u00e9ger votre personnel et vos \u00e9quipements.","breadcrumb":{"@id":"https:\/\/www.alucomfort.be\/product\/gasflessencontainer-met-vuurbestendige-wanden-en-dak\/#breadcrumb"},"inLanguage":"fr-FR","potentialAction":[{"@type":"ReadAction","target":["https:\/\/www.alucomfort.be\/product\/gasflessencontainer-met-vuurbestendige-wanden-en-dak\/"]}]},{"@type":"ImageObject","inLanguage":"fr-FR","@id":"https:\/\/www.alucomfort.be\/product\/gasflessencontainer-met-vuurbestendige-wanden-en-dak\/#primaryimage","url":"https:\/\/www.alucomfort.be\/wp-content\/uploads\/Abri-de-stockage-pour-bouteilles-de-gaz-BR-GFC-B-1.jpg","contentUrl":"https:\/\/www.alucomfort.be\/wp-content\/uploads\/Abri-de-stockage-pour-bouteilles-de-gaz-BR-GFC-B-1.jpg","width":900,"height":791,"caption":"Abri de stockage pour bouteilles de gaz"},{"@type":"BreadcrumbList","@id":"https:\/\/www.alucomfort.be\/product\/gasflessencontainer-met-vuurbestendige-wanden-en-dak\/#breadcrumb","itemListElement":[{"@type":"ListItem","position":1,"name":"Home","item":"https:\/\/www.alucomfort.be\/fr\/"},{"@type":"ListItem","position":2,"name":"Producten","item":"https:\/\/www.alucomfort.be\/producten\/"},{"@type":"ListItem","position":3,"name":"Box pour bouteilles de gaz avec toit et parios r\u00e9sistants au feu"}]},{"@type":"WebSite","@id":"https:\/\/www.alucomfort.be\/#website","url":"https:\/\/www.alucomfort.be\/","name":"Alu Comfort","description":"","potentialAction":[{"@type":"SearchAction","target":{"@type":"EntryPoint","urlTemplate":"https:\/\/www.alucomfort.be\/?s={search_term_string}"},"query-input":{"@type":"PropertyValueSpecification","valueRequired":true,"valueName":"search_term_string"}}],"inLanguage":"fr-FR"}]}},"_links":{"self":[{"href":"https:\/\/www.alucomfort.be\/fr\/wp-json\/wp\/v2\/product\/224948","targetHints":{"allow":["GET"]}}],"collection":[{"href":"https:\/\/www.alucomfort.be\/fr\/wp-json\/wp\/v2\/product"}],"about":[{"href":"https:\/\/www.alucomfort.be\/fr\/wp-json\/wp\/v2\/types\/product"}],"wp:featuredmedia":[{"embeddable":true,"href":"https:\/\/www.alucomfort.be\/fr\/wp-json\/wp\/v2\/media\/224541"}],"wp:attachment":[{"href":"https:\/\/www.alucomfort.be\/fr\/wp-json\/wp\/v2\/media?parent=224948"}],"wp:term":[{"taxonomy":"product_brand","embeddable":true,"href":"https:\/\/www.alucomfort.be\/fr\/wp-json\/wp\/v2\/product_brand?post=224948"},{"taxonomy":"product_cat","embeddable":true,"href":"https:\/\/www.alucomfort.be\/fr\/wp-json\/wp\/v2\/product_cat?post=224948"},{"taxonomy":"product_tag","embeddable":true,"href":"https:\/\/www.alucomfort.be\/fr\/wp-json\/wp\/v2\/product_tag?post=224948"}],"curies":[{"name":"wp","href":"https:\/\/api.w.org\/{rel}","templated":true}]}}