

{"id":224991,"date":"2025-07-06T18:20:47","date_gmt":"2025-07-06T16:20:47","guid":{"rendered":"https:\/\/www.alucomfort.be\/product\/rayonnage-pour-futs\/"},"modified":"2025-09-09T01:19:41","modified_gmt":"2025-09-08T23:19:41","slug":"rayonnage-pour-futs","status":"publish","type":"product","link":"https:\/\/www.alucomfort.be\/fr\/product\/rayonnage-pour-futs\/","title":{"rendered":"Rayonnage pour f\u00fbts"},"content":{"rendered":"<p>* Rayonnages modulaires pour f\u00fbts, * Disponibles en plusieurs configurations avec des extensions, * Convient pour les petits f\u00fbts de 60 l et les grands f\u00fbts de 200 l, * Contactez-nous avec vos besoins pour un devis sur mesure.<\/p>\n","protected":false},"excerpt":{"rendered":"<p>Syst\u00e8me modulaire pour le stockage s\u00e9curis\u00e9 de f\u00fbts<\/p>\n","protected":false},"featured_media":224978,"template":"","meta":{"_acf_changed":false},"product_brand":[],"product_cat":[2344],"product_tag":[],"class_list":{"0":"post-224991","1":"product","2":"type-product","3":"status-publish","4":"has-post-thumbnail","6":"product_cat-stations-de-soutirage","8":"first","9":"instock","10":"taxable","11":"shipping-taxable","12":"purchasable","13":"product-type-simple"},"acf":[],"yoast_head":"<!-- This site is optimized with the Yoast SEO plugin v24.8.1 - https:\/\/yoast.com\/wordpress\/plugins\/seo\/ -->\n<title>Rayonnage pour F\u00fbts avec Bac de R\u00e9tention | Alu Comfort | Stockage S\u00e9curis\u00e9<\/title>\n<meta name=\"description\" content=\"D\u00e9couvrez notre gamme de rayonnages pour f\u00fbts avec bac de r\u00e9tention. La solution id\u00e9ale pour le stockage s\u00e9curis\u00e9 de vos f\u00fbts de 60L et 200L. Conforme. Commandez!\" \/>\n<meta name=\"robots\" content=\"index, follow, max-snippet:-1, max-image-preview:large, max-video-preview:-1\" \/>\n<link rel=\"canonical\" href=\"https:\/\/www.alucomfort.be\/product\/vatenstellingen-met-lekbakken\/\" \/>\n<meta property=\"og:locale\" content=\"fr_FR\" \/>\n<meta property=\"og:type\" content=\"article\" \/>\n<meta property=\"og:title\" content=\"Rayonnage pour F\u00fbts avec Bac de R\u00e9tention | Alu Comfort | Stockage S\u00e9curis\u00e9\" \/>\n<meta property=\"og:description\" content=\"D\u00e9couvrez notre gamme de rayonnages pour f\u00fbts avec bac de r\u00e9tention. La solution id\u00e9ale pour le stockage s\u00e9curis\u00e9 de vos f\u00fbts de 60L et 200L. Conforme. Commandez!\" \/>\n<meta property=\"og:url\" content=\"https:\/\/www.alucomfort.be\/product\/vatenstellingen-met-lekbakken\/\" \/>\n<meta property=\"og:site_name\" content=\"Alu Comfort\" \/>\n<meta property=\"article:modified_time\" content=\"2025-09-08T23:19:41+00:00\" \/>\n<meta property=\"og:image\" content=\"https:\/\/www.alucomfort.be\/wp-content\/uploads\/Vatenstelling-voor-opslag-met-lekbak-3004.jpg\" \/>\n\t<meta property=\"og:image:width\" content=\"873\" \/>\n\t<meta property=\"og:image:height\" content=\"917\" \/>\n\t<meta property=\"og:image:type\" content=\"image\/jpeg\" \/>\n<meta name=\"twitter:card\" content=\"summary_large_image\" \/>\n<script type=\"application\/ld+json\" class=\"yoast-schema-graph\">{\"@context\":\"https:\/\/schema.org\",\"@graph\":[{\"@type\":\"WebPage\",\"@id\":\"https:\/\/www.alucomfort.be\/product\/vatenstellingen-met-lekbakken\/\",\"url\":\"https:\/\/www.alucomfort.be\/product\/vatenstellingen-met-lekbakken\/\",\"name\":\"Rayonnage pour F\u00fbts avec Bac de R\u00e9tention | Alu Comfort | Stockage S\u00e9curis\u00e9\",\"isPartOf\":{\"@id\":\"https:\/\/www.alucomfort.be\/#website\"},\"primaryImageOfPage\":{\"@id\":\"https:\/\/www.alucomfort.be\/product\/vatenstellingen-met-lekbakken\/#primaryimage\"},\"image\":{\"@id\":\"https:\/\/www.alucomfort.be\/product\/vatenstellingen-met-lekbakken\/#primaryimage\"},\"thumbnailUrl\":\"https:\/\/www.alucomfort.be\/wp-content\/uploads\/Vatenstelling-voor-opslag-met-lekbak-3004.jpg\",\"datePublished\":\"2025-07-06T16:20:47+00:00\",\"dateModified\":\"2025-09-08T23:19:41+00:00\",\"description\":\"D\u00e9couvrez notre gamme de rayonnages pour f\u00fbts avec bac de r\u00e9tention. La solution id\u00e9ale pour le stockage s\u00e9curis\u00e9 de vos f\u00fbts de 60L et 200L. Conforme. Commandez!\",\"breadcrumb\":{\"@id\":\"https:\/\/www.alucomfort.be\/product\/vatenstellingen-met-lekbakken\/#breadcrumb\"},\"inLanguage\":\"fr-FR\",\"potentialAction\":[{\"@type\":\"ReadAction\",\"target\":[\"https:\/\/www.alucomfort.be\/product\/vatenstellingen-met-lekbakken\/\"]}]},{\"@type\":\"ImageObject\",\"inLanguage\":\"fr-FR\",\"@id\":\"https:\/\/www.alucomfort.be\/product\/vatenstellingen-met-lekbakken\/#primaryimage\",\"url\":\"https:\/\/www.alucomfort.be\/wp-content\/uploads\/Vatenstelling-voor-opslag-met-lekbak-3004.jpg\",\"contentUrl\":\"https:\/\/www.alucomfort.be\/wp-content\/uploads\/Vatenstelling-voor-opslag-met-lekbak-3004.jpg\",\"width\":873,\"height\":917,\"caption\":\"Vatenstelling voor opslag met lekbak\"},{\"@type\":\"BreadcrumbList\",\"@id\":\"https:\/\/www.alucomfort.be\/product\/vatenstellingen-met-lekbakken\/#breadcrumb\",\"itemListElement\":[{\"@type\":\"ListItem\",\"position\":1,\"name\":\"Home\",\"item\":\"https:\/\/www.alucomfort.be\/fr\/\"},{\"@type\":\"ListItem\",\"position\":2,\"name\":\"Producten\",\"item\":\"https:\/\/www.alucomfort.be\/producten\/\"},{\"@type\":\"ListItem\",\"position\":3,\"name\":\"Rayonnage pour f\u00fbts\"}]},{\"@type\":\"WebSite\",\"@id\":\"https:\/\/www.alucomfort.be\/#website\",\"url\":\"https:\/\/www.alucomfort.be\/\",\"name\":\"Alu Comfort\",\"description\":\"\",\"potentialAction\":[{\"@type\":\"SearchAction\",\"target\":{\"@type\":\"EntryPoint\",\"urlTemplate\":\"https:\/\/www.alucomfort.be\/?s={search_term_string}\"},\"query-input\":{\"@type\":\"PropertyValueSpecification\",\"valueRequired\":true,\"valueName\":\"search_term_string\"}}],\"inLanguage\":\"fr-FR\"}]}<\/script>\n<!-- \/ Yoast SEO plugin. -->","yoast_head_json":{"title":"Rayonnage pour F\u00fbts avec Bac de R\u00e9tention | Alu Comfort | Stockage S\u00e9curis\u00e9","description":"D\u00e9couvrez notre gamme de rayonnages pour f\u00fbts avec bac de r\u00e9tention. La solution id\u00e9ale pour le stockage s\u00e9curis\u00e9 de vos f\u00fbts de 60L et 200L. Conforme. Commandez!","robots":{"index":"index","follow":"follow","max-snippet":"max-snippet:-1","max-image-preview":"max-image-preview:large","max-video-preview":"max-video-preview:-1"},"canonical":"https:\/\/www.alucomfort.be\/product\/vatenstellingen-met-lekbakken\/","og_locale":"fr_FR","og_type":"article","og_title":"Rayonnage pour F\u00fbts avec Bac de R\u00e9tention | Alu Comfort | Stockage S\u00e9curis\u00e9","og_description":"D\u00e9couvrez notre gamme de rayonnages pour f\u00fbts avec bac de r\u00e9tention. La solution id\u00e9ale pour le stockage s\u00e9curis\u00e9 de vos f\u00fbts de 60L et 200L. Conforme. Commandez!","og_url":"https:\/\/www.alucomfort.be\/product\/vatenstellingen-met-lekbakken\/","og_site_name":"Alu Comfort","article_modified_time":"2025-09-08T23:19:41+00:00","og_image":[{"width":873,"height":917,"url":"https:\/\/www.alucomfort.be\/wp-content\/uploads\/Vatenstelling-voor-opslag-met-lekbak-3004.jpg","type":"image\/jpeg"}],"twitter_card":"summary_large_image","schema":{"@context":"https:\/\/schema.org","@graph":[{"@type":"WebPage","@id":"https:\/\/www.alucomfort.be\/product\/vatenstellingen-met-lekbakken\/","url":"https:\/\/www.alucomfort.be\/product\/vatenstellingen-met-lekbakken\/","name":"Rayonnage pour F\u00fbts avec Bac de R\u00e9tention | Alu Comfort | Stockage S\u00e9curis\u00e9","isPartOf":{"@id":"https:\/\/www.alucomfort.be\/#website"},"primaryImageOfPage":{"@id":"https:\/\/www.alucomfort.be\/product\/vatenstellingen-met-lekbakken\/#primaryimage"},"image":{"@id":"https:\/\/www.alucomfort.be\/product\/vatenstellingen-met-lekbakken\/#primaryimage"},"thumbnailUrl":"https:\/\/www.alucomfort.be\/wp-content\/uploads\/Vatenstelling-voor-opslag-met-lekbak-3004.jpg","datePublished":"2025-07-06T16:20:47+00:00","dateModified":"2025-09-08T23:19:41+00:00","description":"D\u00e9couvrez notre gamme de rayonnages pour f\u00fbts avec bac de r\u00e9tention. La solution id\u00e9ale pour le stockage s\u00e9curis\u00e9 de vos f\u00fbts de 60L et 200L. Conforme. Commandez!","breadcrumb":{"@id":"https:\/\/www.alucomfort.be\/product\/vatenstellingen-met-lekbakken\/#breadcrumb"},"inLanguage":"fr-FR","potentialAction":[{"@type":"ReadAction","target":["https:\/\/www.alucomfort.be\/product\/vatenstellingen-met-lekbakken\/"]}]},{"@type":"ImageObject","inLanguage":"fr-FR","@id":"https:\/\/www.alucomfort.be\/product\/vatenstellingen-met-lekbakken\/#primaryimage","url":"https:\/\/www.alucomfort.be\/wp-content\/uploads\/Vatenstelling-voor-opslag-met-lekbak-3004.jpg","contentUrl":"https:\/\/www.alucomfort.be\/wp-content\/uploads\/Vatenstelling-voor-opslag-met-lekbak-3004.jpg","width":873,"height":917,"caption":"Vatenstelling voor opslag met lekbak"},{"@type":"BreadcrumbList","@id":"https:\/\/www.alucomfort.be\/product\/vatenstellingen-met-lekbakken\/#breadcrumb","itemListElement":[{"@type":"ListItem","position":1,"name":"Home","item":"https:\/\/www.alucomfort.be\/fr\/"},{"@type":"ListItem","position":2,"name":"Producten","item":"https:\/\/www.alucomfort.be\/producten\/"},{"@type":"ListItem","position":3,"name":"Rayonnage pour f\u00fbts"}]},{"@type":"WebSite","@id":"https:\/\/www.alucomfort.be\/#website","url":"https:\/\/www.alucomfort.be\/","name":"Alu Comfort","description":"","potentialAction":[{"@type":"SearchAction","target":{"@type":"EntryPoint","urlTemplate":"https:\/\/www.alucomfort.be\/?s={search_term_string}"},"query-input":{"@type":"PropertyValueSpecification","valueRequired":true,"valueName":"search_term_string"}}],"inLanguage":"fr-FR"}]}},"_links":{"self":[{"href":"https:\/\/www.alucomfort.be\/fr\/wp-json\/wp\/v2\/product\/224991","targetHints":{"allow":["GET"]}}],"collection":[{"href":"https:\/\/www.alucomfort.be\/fr\/wp-json\/wp\/v2\/product"}],"about":[{"href":"https:\/\/www.alucomfort.be\/fr\/wp-json\/wp\/v2\/types\/product"}],"wp:featuredmedia":[{"embeddable":true,"href":"https:\/\/www.alucomfort.be\/fr\/wp-json\/wp\/v2\/media\/224978"}],"wp:attachment":[{"href":"https:\/\/www.alucomfort.be\/fr\/wp-json\/wp\/v2\/media?parent=224991"}],"wp:term":[{"taxonomy":"product_brand","embeddable":true,"href":"https:\/\/www.alucomfort.be\/fr\/wp-json\/wp\/v2\/product_brand?post=224991"},{"taxonomy":"product_cat","embeddable":true,"href":"https:\/\/www.alucomfort.be\/fr\/wp-json\/wp\/v2\/product_cat?post=224991"},{"taxonomy":"product_tag","embeddable":true,"href":"https:\/\/www.alucomfort.be\/fr\/wp-json\/wp\/v2\/product_tag?post=224991"}],"curies":[{"name":"wp","href":"https:\/\/api.w.org\/{rel}","templated":true}]}}