

{"id":225059,"date":"2025-07-15T15:03:40","date_gmt":"2025-07-15T13:03:40","guid":{"rendered":"https:\/\/www.alucomfort.be\/product\/armoire-pour-batteries-lithium-ion-stockage-passif-grand-volume\/"},"modified":"2025-07-24T11:30:31","modified_gmt":"2025-07-24T09:30:31","slug":"armoire-pour-batteries-lithium-ion-stockage-passif-grand-volume","status":"publish","type":"product","link":"https:\/\/www.alucomfort.be\/fr\/product\/armoire-pour-batteries-lithium-ion-stockage-passif-grand-volume\/","title":{"rendered":"Armoire pour batteries lithium-ion (stockage passif &#8211; grand volume)"},"content":{"rendered":"<p>* Il s&rsquo;agit du mod\u00e8le plus grand de la s\u00e9rie PG 9, une gamme d&rsquo;armoires de haute s\u00e9curit\u00e9 et anti-feu, con\u00e7ue pour le stockage passif (sans fonction de charge) des batteries au lithium. Ce mod\u00e8le offre une capacit\u00e9 de stockage sup\u00e9rieure \u00e0 celle du mod\u00e8le 8\/5 et dispose de la m\u00eame protection sup\u00e9rieure et test\u00e9e contre l&rsquo;incendie et les explosions, * Fonction : Exclusivement pour le stockage passif de batteries au lithium (sans raccordement \u00e9lectrique ni ventilateur), * S\u00e9curit\u00e9 : Offre une r\u00e9sistance au feu test\u00e9e de plus de 60 minutes (de l&rsquo;int\u00e9rieur vers l&rsquo;ext\u00e9rieur) et est \u00e9quip\u00e9e du syst\u00e8me lockEX pour une d\u00e9compression contr\u00f4l\u00e9e en cas d&rsquo;explosion, * Capacit\u00e9 : Mod\u00e8le plus haut que le 8\/5, livr\u00e9 en standard avec une \u00e9tag\u00e8re \u00e0 mi-hauteur. Deux \u00e9tag\u00e8res suppl\u00e9mentaires peuvent \u00eatre ajout\u00e9es en option, * Alarme : Inclut deux d\u00e9tecteurs de fum\u00e9e acoustiques fonctionnant sur batterie, * Construction : \u00c9quip\u00e9e de pieds fixes.<\/p>\n","protected":false},"excerpt":{"rendered":"<p>Armoire de stockage pour batteries Lithium-ion (grand volume)<\/p>\n","protected":false},"featured_media":225019,"template":"","meta":{"_acf_changed":false},"product_brand":[],"product_cat":[8742],"product_tag":[],"class_list":{"0":"post-225059","1":"product","2":"type-product","3":"status-publish","4":"has-post-thumbnail","6":"product_cat-armoires-anti-feu-batteries-lithium-ion","8":"first","9":"instock","10":"taxable","11":"shipping-taxable","12":"purchasable","13":"product-type-simple"},"acf":[],"yoast_head":"<!-- This site is optimized with the Yoast SEO plugin v24.8.1 - https:\/\/yoast.com\/wordpress\/plugins\/seo\/ -->\n<title>Grande Armoire Anti-feu et Antid\u00e9flagrante | Alu Comfort| CEMO<\/title>\n<meta name=\"description\" content=\"L&#039;armoire haute CEMO 8\/10 est notre solution anti-feu et antid\u00e9flagrante pour le stockage passif de vos batteries. S\u00e9curit\u00e9 certifi\u00e9e pour les grands volumes.\" \/>\n<meta name=\"robots\" content=\"index, follow, max-snippet:-1, max-image-preview:large, max-video-preview:-1\" \/>\n<link rel=\"canonical\" href=\"https:\/\/www.alucomfort.be\/product\/opslagkast-lithium-batterij-enkel-opslag-groter-formaat\/\" \/>\n<meta property=\"og:locale\" content=\"fr_FR\" \/>\n<meta property=\"og:type\" content=\"article\" \/>\n<meta property=\"og:title\" content=\"Grande Armoire Anti-feu et Antid\u00e9flagrante | Alu Comfort| CEMO\" \/>\n<meta property=\"og:description\" content=\"L&#039;armoire haute CEMO 8\/10 est notre solution anti-feu et antid\u00e9flagrante pour le stockage passif de vos batteries. S\u00e9curit\u00e9 certifi\u00e9e pour les grands volumes.\" \/>\n<meta property=\"og:url\" content=\"https:\/\/www.alucomfort.be\/product\/opslagkast-lithium-batterij-enkel-opslag-groter-formaat\/\" \/>\n<meta property=\"og:site_name\" content=\"Alu Comfort\" \/>\n<meta property=\"article:modified_time\" content=\"2025-07-24T09:30:31+00:00\" \/>\n<meta property=\"og:image\" content=\"https:\/\/www.alucomfort.be\/wp-content\/uploads\/Armoire-de-stockage-batteries-Lithium-11898.jpg\" \/>\n\t<meta property=\"og:image:width\" content=\"1920\" \/>\n\t<meta property=\"og:image:height\" content=\"2528\" \/>\n\t<meta property=\"og:image:type\" content=\"image\/jpeg\" \/>\n<meta name=\"twitter:card\" content=\"summary_large_image\" \/>\n<meta name=\"twitter:label1\" content=\"Dur\u00e9e de lecture estim\u00e9e\" \/>\n\t<meta name=\"twitter:data1\" content=\"1 minute\" \/>\n<script type=\"application\/ld+json\" class=\"yoast-schema-graph\">{\"@context\":\"https:\/\/schema.org\",\"@graph\":[{\"@type\":\"WebPage\",\"@id\":\"https:\/\/www.alucomfort.be\/product\/opslagkast-lithium-batterij-enkel-opslag-groter-formaat\/\",\"url\":\"https:\/\/www.alucomfort.be\/product\/opslagkast-lithium-batterij-enkel-opslag-groter-formaat\/\",\"name\":\"Grande Armoire Anti-feu et Antid\u00e9flagrante | Alu Comfort| CEMO\",\"isPartOf\":{\"@id\":\"https:\/\/www.alucomfort.be\/#website\"},\"primaryImageOfPage\":{\"@id\":\"https:\/\/www.alucomfort.be\/product\/opslagkast-lithium-batterij-enkel-opslag-groter-formaat\/#primaryimage\"},\"image\":{\"@id\":\"https:\/\/www.alucomfort.be\/product\/opslagkast-lithium-batterij-enkel-opslag-groter-formaat\/#primaryimage\"},\"thumbnailUrl\":\"https:\/\/www.alucomfort.be\/wp-content\/uploads\/Armoire-de-stockage-batteries-Lithium-11898.jpg\",\"datePublished\":\"2025-07-15T13:03:40+00:00\",\"dateModified\":\"2025-07-24T09:30:31+00:00\",\"description\":\"L'armoire haute CEMO 8\/10 est notre solution anti-feu et antid\u00e9flagrante pour le stockage passif de vos batteries. S\u00e9curit\u00e9 certifi\u00e9e pour les grands volumes.\",\"breadcrumb\":{\"@id\":\"https:\/\/www.alucomfort.be\/product\/opslagkast-lithium-batterij-enkel-opslag-groter-formaat\/#breadcrumb\"},\"inLanguage\":\"fr-FR\",\"potentialAction\":[{\"@type\":\"ReadAction\",\"target\":[\"https:\/\/www.alucomfort.be\/product\/opslagkast-lithium-batterij-enkel-opslag-groter-formaat\/\"]}]},{\"@type\":\"ImageObject\",\"inLanguage\":\"fr-FR\",\"@id\":\"https:\/\/www.alucomfort.be\/product\/opslagkast-lithium-batterij-enkel-opslag-groter-formaat\/#primaryimage\",\"url\":\"https:\/\/www.alucomfort.be\/wp-content\/uploads\/Armoire-de-stockage-batteries-Lithium-11898.jpg\",\"contentUrl\":\"https:\/\/www.alucomfort.be\/wp-content\/uploads\/Armoire-de-stockage-batteries-Lithium-11898.jpg\",\"width\":1920,\"height\":2528,\"caption\":\"Armoire de stockage batteries Lithium\"},{\"@type\":\"BreadcrumbList\",\"@id\":\"https:\/\/www.alucomfort.be\/product\/opslagkast-lithium-batterij-enkel-opslag-groter-formaat\/#breadcrumb\",\"itemListElement\":[{\"@type\":\"ListItem\",\"position\":1,\"name\":\"Home\",\"item\":\"https:\/\/www.alucomfort.be\/fr\/\"},{\"@type\":\"ListItem\",\"position\":2,\"name\":\"Producten\",\"item\":\"https:\/\/www.alucomfort.be\/producten\/\"},{\"@type\":\"ListItem\",\"position\":3,\"name\":\"Armoire pour batteries lithium-ion (stockage passif &#8211; grand volume)\"}]},{\"@type\":\"WebSite\",\"@id\":\"https:\/\/www.alucomfort.be\/#website\",\"url\":\"https:\/\/www.alucomfort.be\/\",\"name\":\"Alu Comfort\",\"description\":\"\",\"potentialAction\":[{\"@type\":\"SearchAction\",\"target\":{\"@type\":\"EntryPoint\",\"urlTemplate\":\"https:\/\/www.alucomfort.be\/?s={search_term_string}\"},\"query-input\":{\"@type\":\"PropertyValueSpecification\",\"valueRequired\":true,\"valueName\":\"search_term_string\"}}],\"inLanguage\":\"fr-FR\"}]}<\/script>\n<!-- \/ Yoast SEO plugin. -->","yoast_head_json":{"title":"Grande Armoire Anti-feu et Antid\u00e9flagrante | Alu Comfort| CEMO","description":"L'armoire haute CEMO 8\/10 est notre solution anti-feu et antid\u00e9flagrante pour le stockage passif de vos batteries. S\u00e9curit\u00e9 certifi\u00e9e pour les grands volumes.","robots":{"index":"index","follow":"follow","max-snippet":"max-snippet:-1","max-image-preview":"max-image-preview:large","max-video-preview":"max-video-preview:-1"},"canonical":"https:\/\/www.alucomfort.be\/product\/opslagkast-lithium-batterij-enkel-opslag-groter-formaat\/","og_locale":"fr_FR","og_type":"article","og_title":"Grande Armoire Anti-feu et Antid\u00e9flagrante | Alu Comfort| CEMO","og_description":"L'armoire haute CEMO 8\/10 est notre solution anti-feu et antid\u00e9flagrante pour le stockage passif de vos batteries. S\u00e9curit\u00e9 certifi\u00e9e pour les grands volumes.","og_url":"https:\/\/www.alucomfort.be\/product\/opslagkast-lithium-batterij-enkel-opslag-groter-formaat\/","og_site_name":"Alu Comfort","article_modified_time":"2025-07-24T09:30:31+00:00","og_image":[{"width":1920,"height":2528,"url":"https:\/\/www.alucomfort.be\/wp-content\/uploads\/Armoire-de-stockage-batteries-Lithium-11898.jpg","type":"image\/jpeg"}],"twitter_card":"summary_large_image","twitter_misc":{"Dur\u00e9e de lecture estim\u00e9e":"1 minute"},"schema":{"@context":"https:\/\/schema.org","@graph":[{"@type":"WebPage","@id":"https:\/\/www.alucomfort.be\/product\/opslagkast-lithium-batterij-enkel-opslag-groter-formaat\/","url":"https:\/\/www.alucomfort.be\/product\/opslagkast-lithium-batterij-enkel-opslag-groter-formaat\/","name":"Grande Armoire Anti-feu et Antid\u00e9flagrante | Alu Comfort| CEMO","isPartOf":{"@id":"https:\/\/www.alucomfort.be\/#website"},"primaryImageOfPage":{"@id":"https:\/\/www.alucomfort.be\/product\/opslagkast-lithium-batterij-enkel-opslag-groter-formaat\/#primaryimage"},"image":{"@id":"https:\/\/www.alucomfort.be\/product\/opslagkast-lithium-batterij-enkel-opslag-groter-formaat\/#primaryimage"},"thumbnailUrl":"https:\/\/www.alucomfort.be\/wp-content\/uploads\/Armoire-de-stockage-batteries-Lithium-11898.jpg","datePublished":"2025-07-15T13:03:40+00:00","dateModified":"2025-07-24T09:30:31+00:00","description":"L'armoire haute CEMO 8\/10 est notre solution anti-feu et antid\u00e9flagrante pour le stockage passif de vos batteries. S\u00e9curit\u00e9 certifi\u00e9e pour les grands volumes.","breadcrumb":{"@id":"https:\/\/www.alucomfort.be\/product\/opslagkast-lithium-batterij-enkel-opslag-groter-formaat\/#breadcrumb"},"inLanguage":"fr-FR","potentialAction":[{"@type":"ReadAction","target":["https:\/\/www.alucomfort.be\/product\/opslagkast-lithium-batterij-enkel-opslag-groter-formaat\/"]}]},{"@type":"ImageObject","inLanguage":"fr-FR","@id":"https:\/\/www.alucomfort.be\/product\/opslagkast-lithium-batterij-enkel-opslag-groter-formaat\/#primaryimage","url":"https:\/\/www.alucomfort.be\/wp-content\/uploads\/Armoire-de-stockage-batteries-Lithium-11898.jpg","contentUrl":"https:\/\/www.alucomfort.be\/wp-content\/uploads\/Armoire-de-stockage-batteries-Lithium-11898.jpg","width":1920,"height":2528,"caption":"Armoire de stockage batteries Lithium"},{"@type":"BreadcrumbList","@id":"https:\/\/www.alucomfort.be\/product\/opslagkast-lithium-batterij-enkel-opslag-groter-formaat\/#breadcrumb","itemListElement":[{"@type":"ListItem","position":1,"name":"Home","item":"https:\/\/www.alucomfort.be\/fr\/"},{"@type":"ListItem","position":2,"name":"Producten","item":"https:\/\/www.alucomfort.be\/producten\/"},{"@type":"ListItem","position":3,"name":"Armoire pour batteries lithium-ion (stockage passif &#8211; grand volume)"}]},{"@type":"WebSite","@id":"https:\/\/www.alucomfort.be\/#website","url":"https:\/\/www.alucomfort.be\/","name":"Alu Comfort","description":"","potentialAction":[{"@type":"SearchAction","target":{"@type":"EntryPoint","urlTemplate":"https:\/\/www.alucomfort.be\/?s={search_term_string}"},"query-input":{"@type":"PropertyValueSpecification","valueRequired":true,"valueName":"search_term_string"}}],"inLanguage":"fr-FR"}]}},"_links":{"self":[{"href":"https:\/\/www.alucomfort.be\/fr\/wp-json\/wp\/v2\/product\/225059","targetHints":{"allow":["GET"]}}],"collection":[{"href":"https:\/\/www.alucomfort.be\/fr\/wp-json\/wp\/v2\/product"}],"about":[{"href":"https:\/\/www.alucomfort.be\/fr\/wp-json\/wp\/v2\/types\/product"}],"wp:featuredmedia":[{"embeddable":true,"href":"https:\/\/www.alucomfort.be\/fr\/wp-json\/wp\/v2\/media\/225019"}],"wp:attachment":[{"href":"https:\/\/www.alucomfort.be\/fr\/wp-json\/wp\/v2\/media?parent=225059"}],"wp:term":[{"taxonomy":"product_brand","embeddable":true,"href":"https:\/\/www.alucomfort.be\/fr\/wp-json\/wp\/v2\/product_brand?post=225059"},{"taxonomy":"product_cat","embeddable":true,"href":"https:\/\/www.alucomfort.be\/fr\/wp-json\/wp\/v2\/product_cat?post=225059"},{"taxonomy":"product_tag","embeddable":true,"href":"https:\/\/www.alucomfort.be\/fr\/wp-json\/wp\/v2\/product_tag?post=225059"}],"curies":[{"name":"wp","href":"https:\/\/api.w.org\/{rel}","templated":true}]}}