

{"id":225061,"date":"2025-07-15T15:03:42","date_gmt":"2025-07-15T13:03:42","guid":{"rendered":"https:\/\/www.alucomfort.be\/product\/armoire-de-stockage-batteries-lithium-stockage-passif-mobile\/"},"modified":"2025-07-24T11:30:33","modified_gmt":"2025-07-24T09:30:33","slug":"armoire-de-stockage-batteries-lithium-stockage-passif-mobile","status":"publish","type":"product","link":"https:\/\/www.alucomfort.be\/fr\/product\/armoire-de-stockage-batteries-lithium-stockage-passif-mobile\/","title":{"rendered":"Armoire de stockage batteries Lithium (stockage passif &#8211; MOBILE)"},"content":{"rendered":"<p>* Version mobile de la grande armoire de stockage anti-feu de la s\u00e9rie professionnelle PG 9.  L&rsquo;armoire est con\u00e7ue pour le stockage passif des batteries au lithium et combine une grande capacit\u00e9 de stockage avec la mobilit\u00e9. Gr\u00e2ce \u00e0 ses roulettes, l&rsquo;armoire peut \u00eatre facilement d\u00e9plac\u00e9e dans un atelier ou un entrep\u00f4t, et rapidement \u00e9vacu\u00e9e \u00e0 l&rsquo;ext\u00e9rieur en cas d&rsquo;incident, * Fonction : Exclusivement pour le stockage passif (sans raccordement \u00e9lectrique ni ventilateur), * Mobilit\u00e9 : \u00c9quip\u00e9e de s\u00e9rie de roulettes pour un d\u00e9placement facile, * S\u00e9curit\u00e9 : Offre une r\u00e9sistance au feu test\u00e9e de plus de 60 minutes (de l&rsquo;int\u00e9rieur vers l&rsquo;ext\u00e9rieur) et est \u00e9quip\u00e9e du syst\u00e8me lockEX pour une d\u00e9compression contr\u00f4l\u00e9e en cas d&rsquo;explosion, * Capacit\u00e9 : Mod\u00e8le haut, livr\u00e9 en standard avec une \u00e9tag\u00e8re \u00e0 mi-hauteur, * Alarme : Inclut deux d\u00e9tecteurs de fum\u00e9e acoustiques fonctionnant sur batterie.<\/p>\n","protected":false},"excerpt":{"rendered":"<p>Armoire de stockage mobile pour batteries<\/p>\n","protected":false},"featured_media":225043,"template":"","meta":{"_acf_changed":false},"product_brand":[],"product_cat":[8742],"product_tag":[],"class_list":{"0":"post-225061","1":"product","2":"type-product","3":"status-publish","4":"has-post-thumbnail","6":"product_cat-armoires-anti-feu-batteries-lithium-ion","8":"first","9":"instock","10":"taxable","11":"shipping-taxable","12":"purchasable","13":"product-type-simple"},"acf":[],"yoast_head":"<!-- This site is optimized with the Yoast SEO plugin v24.8.1 - https:\/\/yoast.com\/wordpress\/plugins\/seo\/ -->\n<title>Armoire Mobile, Anti-feu et Antid\u00e9flagrante | Alu Comfort |<\/title>\n<meta name=\"description\" content=\"L&#039;armoire de stockage CEMO sur roulettes : flexibilit\u00e9 maximale pour le stockage passif de vos batteries au lithium. Facile \u00e0 d\u00e9placer et rapide \u00e0 \u00e9vacuer. Anti-feu et antid\u00e9flagrante.\" \/>\n<meta name=\"robots\" content=\"index, follow, max-snippet:-1, max-image-preview:large, max-video-preview:-1\" \/>\n<link rel=\"canonical\" href=\"https:\/\/www.alucomfort.be\/product\/opslagkast-lithium-batterijen-enkel-opslag-verrijdbaar\/\" \/>\n<meta property=\"og:locale\" content=\"fr_FR\" \/>\n<meta property=\"og:type\" content=\"article\" \/>\n<meta property=\"og:title\" content=\"Armoire Mobile, Anti-feu et Antid\u00e9flagrante | Alu Comfort |\" \/>\n<meta property=\"og:description\" content=\"L&#039;armoire de stockage CEMO sur roulettes : flexibilit\u00e9 maximale pour le stockage passif de vos batteries au lithium. Facile \u00e0 d\u00e9placer et rapide \u00e0 \u00e9vacuer. Anti-feu et antid\u00e9flagrante.\" \/>\n<meta property=\"og:url\" content=\"https:\/\/www.alucomfort.be\/product\/opslagkast-lithium-batterijen-enkel-opslag-verrijdbaar\/\" \/>\n<meta property=\"og:site_name\" content=\"Alu Comfort\" \/>\n<meta property=\"article:modified_time\" content=\"2025-07-24T09:30:33+00:00\" \/>\n<meta property=\"og:image\" content=\"https:\/\/www.alucomfort.be\/wp-content\/uploads\/Verrijdbaar-Kastje-Lithium-Batterijen-11722.jpg\" \/>\n\t<meta property=\"og:image:width\" content=\"1920\" \/>\n\t<meta property=\"og:image:height\" content=\"2527\" \/>\n\t<meta property=\"og:image:type\" content=\"image\/jpeg\" \/>\n<meta name=\"twitter:card\" content=\"summary_large_image\" \/>\n<meta name=\"twitter:label1\" content=\"Dur\u00e9e de lecture estim\u00e9e\" \/>\n\t<meta name=\"twitter:data1\" content=\"1 minute\" \/>\n<script type=\"application\/ld+json\" class=\"yoast-schema-graph\">{\"@context\":\"https:\/\/schema.org\",\"@graph\":[{\"@type\":\"WebPage\",\"@id\":\"https:\/\/www.alucomfort.be\/product\/opslagkast-lithium-batterijen-enkel-opslag-verrijdbaar\/\",\"url\":\"https:\/\/www.alucomfort.be\/product\/opslagkast-lithium-batterijen-enkel-opslag-verrijdbaar\/\",\"name\":\"Armoire Mobile, Anti-feu et Antid\u00e9flagrante | Alu Comfort |\",\"isPartOf\":{\"@id\":\"https:\/\/www.alucomfort.be\/#website\"},\"primaryImageOfPage\":{\"@id\":\"https:\/\/www.alucomfort.be\/product\/opslagkast-lithium-batterijen-enkel-opslag-verrijdbaar\/#primaryimage\"},\"image\":{\"@id\":\"https:\/\/www.alucomfort.be\/product\/opslagkast-lithium-batterijen-enkel-opslag-verrijdbaar\/#primaryimage\"},\"thumbnailUrl\":\"https:\/\/www.alucomfort.be\/wp-content\/uploads\/Verrijdbaar-Kastje-Lithium-Batterijen-11722.jpg\",\"datePublished\":\"2025-07-15T13:03:42+00:00\",\"dateModified\":\"2025-07-24T09:30:33+00:00\",\"description\":\"L'armoire de stockage CEMO sur roulettes : flexibilit\u00e9 maximale pour le stockage passif de vos batteries au lithium. Facile \u00e0 d\u00e9placer et rapide \u00e0 \u00e9vacuer. Anti-feu et antid\u00e9flagrante.\",\"breadcrumb\":{\"@id\":\"https:\/\/www.alucomfort.be\/product\/opslagkast-lithium-batterijen-enkel-opslag-verrijdbaar\/#breadcrumb\"},\"inLanguage\":\"fr-FR\",\"potentialAction\":[{\"@type\":\"ReadAction\",\"target\":[\"https:\/\/www.alucomfort.be\/product\/opslagkast-lithium-batterijen-enkel-opslag-verrijdbaar\/\"]}]},{\"@type\":\"ImageObject\",\"inLanguage\":\"fr-FR\",\"@id\":\"https:\/\/www.alucomfort.be\/product\/opslagkast-lithium-batterijen-enkel-opslag-verrijdbaar\/#primaryimage\",\"url\":\"https:\/\/www.alucomfort.be\/wp-content\/uploads\/Verrijdbaar-Kastje-Lithium-Batterijen-11722.jpg\",\"contentUrl\":\"https:\/\/www.alucomfort.be\/wp-content\/uploads\/Verrijdbaar-Kastje-Lithium-Batterijen-11722.jpg\",\"width\":1920,\"height\":2527,\"caption\":\"Verrijdbaar Kastje Lithium Batterijen\"},{\"@type\":\"BreadcrumbList\",\"@id\":\"https:\/\/www.alucomfort.be\/product\/opslagkast-lithium-batterijen-enkel-opslag-verrijdbaar\/#breadcrumb\",\"itemListElement\":[{\"@type\":\"ListItem\",\"position\":1,\"name\":\"Home\",\"item\":\"https:\/\/www.alucomfort.be\/fr\/\"},{\"@type\":\"ListItem\",\"position\":2,\"name\":\"Producten\",\"item\":\"https:\/\/www.alucomfort.be\/producten\/\"},{\"@type\":\"ListItem\",\"position\":3,\"name\":\"Armoire de stockage batteries Lithium (stockage passif &#8211; MOBILE)\"}]},{\"@type\":\"WebSite\",\"@id\":\"https:\/\/www.alucomfort.be\/#website\",\"url\":\"https:\/\/www.alucomfort.be\/\",\"name\":\"Alu Comfort\",\"description\":\"\",\"potentialAction\":[{\"@type\":\"SearchAction\",\"target\":{\"@type\":\"EntryPoint\",\"urlTemplate\":\"https:\/\/www.alucomfort.be\/?s={search_term_string}\"},\"query-input\":{\"@type\":\"PropertyValueSpecification\",\"valueRequired\":true,\"valueName\":\"search_term_string\"}}],\"inLanguage\":\"fr-FR\"}]}<\/script>\n<!-- \/ Yoast SEO plugin. -->","yoast_head_json":{"title":"Armoire Mobile, Anti-feu et Antid\u00e9flagrante | Alu Comfort |","description":"L'armoire de stockage CEMO sur roulettes : flexibilit\u00e9 maximale pour le stockage passif de vos batteries au lithium. Facile \u00e0 d\u00e9placer et rapide \u00e0 \u00e9vacuer. Anti-feu et antid\u00e9flagrante.","robots":{"index":"index","follow":"follow","max-snippet":"max-snippet:-1","max-image-preview":"max-image-preview:large","max-video-preview":"max-video-preview:-1"},"canonical":"https:\/\/www.alucomfort.be\/product\/opslagkast-lithium-batterijen-enkel-opslag-verrijdbaar\/","og_locale":"fr_FR","og_type":"article","og_title":"Armoire Mobile, Anti-feu et Antid\u00e9flagrante | Alu Comfort |","og_description":"L'armoire de stockage CEMO sur roulettes : flexibilit\u00e9 maximale pour le stockage passif de vos batteries au lithium. Facile \u00e0 d\u00e9placer et rapide \u00e0 \u00e9vacuer. Anti-feu et antid\u00e9flagrante.","og_url":"https:\/\/www.alucomfort.be\/product\/opslagkast-lithium-batterijen-enkel-opslag-verrijdbaar\/","og_site_name":"Alu Comfort","article_modified_time":"2025-07-24T09:30:33+00:00","og_image":[{"width":1920,"height":2527,"url":"https:\/\/www.alucomfort.be\/wp-content\/uploads\/Verrijdbaar-Kastje-Lithium-Batterijen-11722.jpg","type":"image\/jpeg"}],"twitter_card":"summary_large_image","twitter_misc":{"Dur\u00e9e de lecture estim\u00e9e":"1 minute"},"schema":{"@context":"https:\/\/schema.org","@graph":[{"@type":"WebPage","@id":"https:\/\/www.alucomfort.be\/product\/opslagkast-lithium-batterijen-enkel-opslag-verrijdbaar\/","url":"https:\/\/www.alucomfort.be\/product\/opslagkast-lithium-batterijen-enkel-opslag-verrijdbaar\/","name":"Armoire Mobile, Anti-feu et Antid\u00e9flagrante | Alu Comfort |","isPartOf":{"@id":"https:\/\/www.alucomfort.be\/#website"},"primaryImageOfPage":{"@id":"https:\/\/www.alucomfort.be\/product\/opslagkast-lithium-batterijen-enkel-opslag-verrijdbaar\/#primaryimage"},"image":{"@id":"https:\/\/www.alucomfort.be\/product\/opslagkast-lithium-batterijen-enkel-opslag-verrijdbaar\/#primaryimage"},"thumbnailUrl":"https:\/\/www.alucomfort.be\/wp-content\/uploads\/Verrijdbaar-Kastje-Lithium-Batterijen-11722.jpg","datePublished":"2025-07-15T13:03:42+00:00","dateModified":"2025-07-24T09:30:33+00:00","description":"L'armoire de stockage CEMO sur roulettes : flexibilit\u00e9 maximale pour le stockage passif de vos batteries au lithium. Facile \u00e0 d\u00e9placer et rapide \u00e0 \u00e9vacuer. Anti-feu et antid\u00e9flagrante.","breadcrumb":{"@id":"https:\/\/www.alucomfort.be\/product\/opslagkast-lithium-batterijen-enkel-opslag-verrijdbaar\/#breadcrumb"},"inLanguage":"fr-FR","potentialAction":[{"@type":"ReadAction","target":["https:\/\/www.alucomfort.be\/product\/opslagkast-lithium-batterijen-enkel-opslag-verrijdbaar\/"]}]},{"@type":"ImageObject","inLanguage":"fr-FR","@id":"https:\/\/www.alucomfort.be\/product\/opslagkast-lithium-batterijen-enkel-opslag-verrijdbaar\/#primaryimage","url":"https:\/\/www.alucomfort.be\/wp-content\/uploads\/Verrijdbaar-Kastje-Lithium-Batterijen-11722.jpg","contentUrl":"https:\/\/www.alucomfort.be\/wp-content\/uploads\/Verrijdbaar-Kastje-Lithium-Batterijen-11722.jpg","width":1920,"height":2527,"caption":"Verrijdbaar Kastje Lithium Batterijen"},{"@type":"BreadcrumbList","@id":"https:\/\/www.alucomfort.be\/product\/opslagkast-lithium-batterijen-enkel-opslag-verrijdbaar\/#breadcrumb","itemListElement":[{"@type":"ListItem","position":1,"name":"Home","item":"https:\/\/www.alucomfort.be\/fr\/"},{"@type":"ListItem","position":2,"name":"Producten","item":"https:\/\/www.alucomfort.be\/producten\/"},{"@type":"ListItem","position":3,"name":"Armoire de stockage batteries Lithium (stockage passif &#8211; MOBILE)"}]},{"@type":"WebSite","@id":"https:\/\/www.alucomfort.be\/#website","url":"https:\/\/www.alucomfort.be\/","name":"Alu Comfort","description":"","potentialAction":[{"@type":"SearchAction","target":{"@type":"EntryPoint","urlTemplate":"https:\/\/www.alucomfort.be\/?s={search_term_string}"},"query-input":{"@type":"PropertyValueSpecification","valueRequired":true,"valueName":"search_term_string"}}],"inLanguage":"fr-FR"}]}},"_links":{"self":[{"href":"https:\/\/www.alucomfort.be\/fr\/wp-json\/wp\/v2\/product\/225061","targetHints":{"allow":["GET"]}}],"collection":[{"href":"https:\/\/www.alucomfort.be\/fr\/wp-json\/wp\/v2\/product"}],"about":[{"href":"https:\/\/www.alucomfort.be\/fr\/wp-json\/wp\/v2\/types\/product"}],"wp:featuredmedia":[{"embeddable":true,"href":"https:\/\/www.alucomfort.be\/fr\/wp-json\/wp\/v2\/media\/225043"}],"wp:attachment":[{"href":"https:\/\/www.alucomfort.be\/fr\/wp-json\/wp\/v2\/media?parent=225061"}],"wp:term":[{"taxonomy":"product_brand","embeddable":true,"href":"https:\/\/www.alucomfort.be\/fr\/wp-json\/wp\/v2\/product_brand?post=225061"},{"taxonomy":"product_cat","embeddable":true,"href":"https:\/\/www.alucomfort.be\/fr\/wp-json\/wp\/v2\/product_cat?post=225061"},{"taxonomy":"product_tag","embeddable":true,"href":"https:\/\/www.alucomfort.be\/fr\/wp-json\/wp\/v2\/product_tag?post=225061"}],"curies":[{"name":"wp","href":"https:\/\/api.w.org\/{rel}","templated":true}]}}