

{"id":225077,"date":"2025-07-15T15:04:07","date_gmt":"2025-07-15T13:04:07","guid":{"rendered":"https:\/\/www.alucomfort.be\/product\/sac-de-granules-de-verre-expanse\/"},"modified":"2025-07-24T11:31:04","modified_gmt":"2025-07-24T09:31:04","slug":"sac-de-granules-de-verre-expanse","status":"publish","type":"product","link":"https:\/\/www.alucomfort.be\/fr\/product\/sac-de-granules-de-verre-expanse\/","title":{"rendered":"Sac de Granul\u00e9s de Verre Expans\u00e9"},"content":{"rendered":"<p>* Le granul\u00e9 de verre expans\u00e9 est un mat\u00e9riau tampon destin\u00e9 au stockage et au transport s\u00e9curis\u00e9s des batteries au lithium. Il est particuli\u00e8rement adapt\u00e9 aux applications impliquant des batteries au lithium car, en cas d&rsquo;incendie, il forme une couche de protection et de blindage autour des cellules, * Contenu: Le sac correspond \u00e0 environ 55 litres, * Poids: Le poids de remplissage est d&rsquo;environ 12,5 kg, * R\u00e9sistance au feu: Ininflammable, * Isolation: Offre une haute isolation thermique, * Absorption: Tr\u00e8s efficace pour absorber l&rsquo;\u00e9lectrolyte qui s&rsquo;\u00e9chappe, * Conductivit\u00e9: Non conducteur d&rsquo;\u00e9lectricit\u00e9.<\/p>\n","protected":false},"excerpt":{"rendered":"<p>Mat\u00e9riau tampon pour le stockage et le transport s\u00e9curis\u00e9s des batteries au lithium<\/p>\n","protected":false},"featured_media":225049,"template":"","meta":{"_acf_changed":false},"product_brand":[],"product_cat":[8742],"product_tag":[],"class_list":{"0":"post-225077","1":"product","2":"type-product","3":"status-publish","4":"has-post-thumbnail","6":"product_cat-armoires-anti-feu-batteries-lithium-ion","8":"first","9":"instock","10":"taxable","11":"shipping-taxable","12":"purchasable","13":"product-type-simple"},"acf":[],"yoast_head":"<!-- This site is optimized with the Yoast SEO plugin v24.8.1 - https:\/\/yoast.com\/wordpress\/plugins\/seo\/ -->\n<title>Granul\u00e9s de Verre Expans\u00e9 Anti-feu pour Batteries Lithium | Alu Comfort | CEMO<\/title>\n<meta name=\"description\" content=\"Optimisez la s\u00e9curit\u00e9 incendie de vos batteries lithium avec les granul\u00e9s de verre CEMO. Ce mat\u00e9riau tampon anti-feu absorbe et isole. Sac de 55L.\" \/>\n<meta name=\"robots\" content=\"index, follow, max-snippet:-1, max-image-preview:large, max-video-preview:-1\" \/>\n<link rel=\"canonical\" href=\"https:\/\/www.alucomfort.be\/product\/zak-geexpandeerd-glasgranulaat\/\" \/>\n<meta property=\"og:locale\" content=\"fr_FR\" \/>\n<meta property=\"og:type\" content=\"article\" \/>\n<meta property=\"og:title\" content=\"Granul\u00e9s de Verre Expans\u00e9 Anti-feu pour Batteries Lithium | Alu Comfort | CEMO\" \/>\n<meta property=\"og:description\" content=\"Optimisez la s\u00e9curit\u00e9 incendie de vos batteries lithium avec les granul\u00e9s de verre CEMO. Ce mat\u00e9riau tampon anti-feu absorbe et isole. Sac de 55L.\" \/>\n<meta property=\"og:url\" content=\"https:\/\/www.alucomfort.be\/product\/zak-geexpandeerd-glasgranulaat\/\" \/>\n<meta property=\"og:site_name\" content=\"Alu Comfort\" \/>\n<meta property=\"article:modified_time\" content=\"2025-07-24T09:31:04+00:00\" \/>\n<meta property=\"og:image\" content=\"https:\/\/www.alucomfort.be\/wp-content\/uploads\/Zak-Geexpandeerd-Glasgranulaat-11204.jpg\" \/>\n\t<meta property=\"og:image:width\" content=\"1920\" \/>\n\t<meta property=\"og:image:height\" content=\"1280\" \/>\n\t<meta property=\"og:image:type\" content=\"image\/jpeg\" \/>\n<meta name=\"twitter:card\" content=\"summary_large_image\" \/>\n<script type=\"application\/ld+json\" class=\"yoast-schema-graph\">{\"@context\":\"https:\/\/schema.org\",\"@graph\":[{\"@type\":\"WebPage\",\"@id\":\"https:\/\/www.alucomfort.be\/product\/zak-geexpandeerd-glasgranulaat\/\",\"url\":\"https:\/\/www.alucomfort.be\/product\/zak-geexpandeerd-glasgranulaat\/\",\"name\":\"Granul\u00e9s de Verre Expans\u00e9 Anti-feu pour Batteries Lithium | Alu Comfort | CEMO\",\"isPartOf\":{\"@id\":\"https:\/\/www.alucomfort.be\/#website\"},\"primaryImageOfPage\":{\"@id\":\"https:\/\/www.alucomfort.be\/product\/zak-geexpandeerd-glasgranulaat\/#primaryimage\"},\"image\":{\"@id\":\"https:\/\/www.alucomfort.be\/product\/zak-geexpandeerd-glasgranulaat\/#primaryimage\"},\"thumbnailUrl\":\"https:\/\/www.alucomfort.be\/wp-content\/uploads\/Zak-Geexpandeerd-Glasgranulaat-11204.jpg\",\"datePublished\":\"2025-07-15T13:04:07+00:00\",\"dateModified\":\"2025-07-24T09:31:04+00:00\",\"description\":\"Optimisez la s\u00e9curit\u00e9 incendie de vos batteries lithium avec les granul\u00e9s de verre CEMO. Ce mat\u00e9riau tampon anti-feu absorbe et isole. Sac de 55L.\",\"breadcrumb\":{\"@id\":\"https:\/\/www.alucomfort.be\/product\/zak-geexpandeerd-glasgranulaat\/#breadcrumb\"},\"inLanguage\":\"fr-FR\",\"potentialAction\":[{\"@type\":\"ReadAction\",\"target\":[\"https:\/\/www.alucomfort.be\/product\/zak-geexpandeerd-glasgranulaat\/\"]}]},{\"@type\":\"ImageObject\",\"inLanguage\":\"fr-FR\",\"@id\":\"https:\/\/www.alucomfort.be\/product\/zak-geexpandeerd-glasgranulaat\/#primaryimage\",\"url\":\"https:\/\/www.alucomfort.be\/wp-content\/uploads\/Zak-Geexpandeerd-Glasgranulaat-11204.jpg\",\"contentUrl\":\"https:\/\/www.alucomfort.be\/wp-content\/uploads\/Zak-Geexpandeerd-Glasgranulaat-11204.jpg\",\"width\":1920,\"height\":1280,\"caption\":\"Zak_Ge\u00ebxpandeerd_Glasgranulaat_\"},{\"@type\":\"BreadcrumbList\",\"@id\":\"https:\/\/www.alucomfort.be\/product\/zak-geexpandeerd-glasgranulaat\/#breadcrumb\",\"itemListElement\":[{\"@type\":\"ListItem\",\"position\":1,\"name\":\"Home\",\"item\":\"https:\/\/www.alucomfort.be\/fr\/\"},{\"@type\":\"ListItem\",\"position\":2,\"name\":\"Producten\",\"item\":\"https:\/\/www.alucomfort.be\/producten\/\"},{\"@type\":\"ListItem\",\"position\":3,\"name\":\"Sac de Granul\u00e9s de Verre Expans\u00e9\"}]},{\"@type\":\"WebSite\",\"@id\":\"https:\/\/www.alucomfort.be\/#website\",\"url\":\"https:\/\/www.alucomfort.be\/\",\"name\":\"Alu Comfort\",\"description\":\"\",\"potentialAction\":[{\"@type\":\"SearchAction\",\"target\":{\"@type\":\"EntryPoint\",\"urlTemplate\":\"https:\/\/www.alucomfort.be\/?s={search_term_string}\"},\"query-input\":{\"@type\":\"PropertyValueSpecification\",\"valueRequired\":true,\"valueName\":\"search_term_string\"}}],\"inLanguage\":\"fr-FR\"}]}<\/script>\n<!-- \/ Yoast SEO plugin. -->","yoast_head_json":{"title":"Granul\u00e9s de Verre Expans\u00e9 Anti-feu pour Batteries Lithium | Alu Comfort | CEMO","description":"Optimisez la s\u00e9curit\u00e9 incendie de vos batteries lithium avec les granul\u00e9s de verre CEMO. Ce mat\u00e9riau tampon anti-feu absorbe et isole. Sac de 55L.","robots":{"index":"index","follow":"follow","max-snippet":"max-snippet:-1","max-image-preview":"max-image-preview:large","max-video-preview":"max-video-preview:-1"},"canonical":"https:\/\/www.alucomfort.be\/product\/zak-geexpandeerd-glasgranulaat\/","og_locale":"fr_FR","og_type":"article","og_title":"Granul\u00e9s de Verre Expans\u00e9 Anti-feu pour Batteries Lithium | Alu Comfort | CEMO","og_description":"Optimisez la s\u00e9curit\u00e9 incendie de vos batteries lithium avec les granul\u00e9s de verre CEMO. Ce mat\u00e9riau tampon anti-feu absorbe et isole. Sac de 55L.","og_url":"https:\/\/www.alucomfort.be\/product\/zak-geexpandeerd-glasgranulaat\/","og_site_name":"Alu Comfort","article_modified_time":"2025-07-24T09:31:04+00:00","og_image":[{"width":1920,"height":1280,"url":"https:\/\/www.alucomfort.be\/wp-content\/uploads\/Zak-Geexpandeerd-Glasgranulaat-11204.jpg","type":"image\/jpeg"}],"twitter_card":"summary_large_image","schema":{"@context":"https:\/\/schema.org","@graph":[{"@type":"WebPage","@id":"https:\/\/www.alucomfort.be\/product\/zak-geexpandeerd-glasgranulaat\/","url":"https:\/\/www.alucomfort.be\/product\/zak-geexpandeerd-glasgranulaat\/","name":"Granul\u00e9s de Verre Expans\u00e9 Anti-feu pour Batteries Lithium | Alu Comfort | CEMO","isPartOf":{"@id":"https:\/\/www.alucomfort.be\/#website"},"primaryImageOfPage":{"@id":"https:\/\/www.alucomfort.be\/product\/zak-geexpandeerd-glasgranulaat\/#primaryimage"},"image":{"@id":"https:\/\/www.alucomfort.be\/product\/zak-geexpandeerd-glasgranulaat\/#primaryimage"},"thumbnailUrl":"https:\/\/www.alucomfort.be\/wp-content\/uploads\/Zak-Geexpandeerd-Glasgranulaat-11204.jpg","datePublished":"2025-07-15T13:04:07+00:00","dateModified":"2025-07-24T09:31:04+00:00","description":"Optimisez la s\u00e9curit\u00e9 incendie de vos batteries lithium avec les granul\u00e9s de verre CEMO. Ce mat\u00e9riau tampon anti-feu absorbe et isole. Sac de 55L.","breadcrumb":{"@id":"https:\/\/www.alucomfort.be\/product\/zak-geexpandeerd-glasgranulaat\/#breadcrumb"},"inLanguage":"fr-FR","potentialAction":[{"@type":"ReadAction","target":["https:\/\/www.alucomfort.be\/product\/zak-geexpandeerd-glasgranulaat\/"]}]},{"@type":"ImageObject","inLanguage":"fr-FR","@id":"https:\/\/www.alucomfort.be\/product\/zak-geexpandeerd-glasgranulaat\/#primaryimage","url":"https:\/\/www.alucomfort.be\/wp-content\/uploads\/Zak-Geexpandeerd-Glasgranulaat-11204.jpg","contentUrl":"https:\/\/www.alucomfort.be\/wp-content\/uploads\/Zak-Geexpandeerd-Glasgranulaat-11204.jpg","width":1920,"height":1280,"caption":"Zak_Ge\u00ebxpandeerd_Glasgranulaat_"},{"@type":"BreadcrumbList","@id":"https:\/\/www.alucomfort.be\/product\/zak-geexpandeerd-glasgranulaat\/#breadcrumb","itemListElement":[{"@type":"ListItem","position":1,"name":"Home","item":"https:\/\/www.alucomfort.be\/fr\/"},{"@type":"ListItem","position":2,"name":"Producten","item":"https:\/\/www.alucomfort.be\/producten\/"},{"@type":"ListItem","position":3,"name":"Sac de Granul\u00e9s de Verre Expans\u00e9"}]},{"@type":"WebSite","@id":"https:\/\/www.alucomfort.be\/#website","url":"https:\/\/www.alucomfort.be\/","name":"Alu Comfort","description":"","potentialAction":[{"@type":"SearchAction","target":{"@type":"EntryPoint","urlTemplate":"https:\/\/www.alucomfort.be\/?s={search_term_string}"},"query-input":{"@type":"PropertyValueSpecification","valueRequired":true,"valueName":"search_term_string"}}],"inLanguage":"fr-FR"}]}},"_links":{"self":[{"href":"https:\/\/www.alucomfort.be\/fr\/wp-json\/wp\/v2\/product\/225077","targetHints":{"allow":["GET"]}}],"collection":[{"href":"https:\/\/www.alucomfort.be\/fr\/wp-json\/wp\/v2\/product"}],"about":[{"href":"https:\/\/www.alucomfort.be\/fr\/wp-json\/wp\/v2\/types\/product"}],"wp:featuredmedia":[{"embeddable":true,"href":"https:\/\/www.alucomfort.be\/fr\/wp-json\/wp\/v2\/media\/225049"}],"wp:attachment":[{"href":"https:\/\/www.alucomfort.be\/fr\/wp-json\/wp\/v2\/media?parent=225077"}],"wp:term":[{"taxonomy":"product_brand","embeddable":true,"href":"https:\/\/www.alucomfort.be\/fr\/wp-json\/wp\/v2\/product_brand?post=225077"},{"taxonomy":"product_cat","embeddable":true,"href":"https:\/\/www.alucomfort.be\/fr\/wp-json\/wp\/v2\/product_cat?post=225077"},{"taxonomy":"product_tag","embeddable":true,"href":"https:\/\/www.alucomfort.be\/fr\/wp-json\/wp\/v2\/product_tag?post=225077"}],"curies":[{"name":"wp","href":"https:\/\/api.w.org\/{rel}","templated":true}]}}