

{"id":225079,"date":"2025-07-15T15:04:09","date_gmt":"2025-07-15T13:04:09","guid":{"rendered":"https:\/\/www.alucomfort.be\/product\/sac-de-vermiculite\/"},"modified":"2025-07-24T11:31:06","modified_gmt":"2025-07-24T09:31:06","slug":"sac-de-vermiculite","status":"publish","type":"product","link":"https:\/\/www.alucomfort.be\/fr\/product\/sac-de-vermiculite\/","title":{"rendered":"Sac de Vermiculite"},"content":{"rendered":"<p>* La vermiculite est un mat\u00e9riau tampon \u00e9prouv\u00e9, utilis\u00e9 dans les emballages de mati\u00e8res dangereuses, y compris pour le stockage et le transport s\u00e9curis\u00e9s des batteries au lithium. Utilis\u00e9 avec soin, ce granul\u00e9 peut aider \u00e0 emp\u00eacher la propagation des flammes d&rsquo;une cellule \u00e0 l&rsquo;autre, * Contenu: Le sac correspond \u00e0 environ 50 litres, * Poids: Le poids de remplissage est d&rsquo;environ 4,5 kg, * R\u00e9sistance au feu: Ininflammable, * Isolation: Offre une haute isolation thermique, * Absorption: Tr\u00e8s efficace pour absorber l&rsquo;\u00e9lectrolyte qui s&rsquo;\u00e9chappe, * Conductivit\u00e9: Non conducteur d&rsquo;\u00e9lectricit\u00e9.<\/p>\n","protected":false},"excerpt":{"rendered":"<p>Mat\u00e9riau tampon ininflammable qui aide \u00e0 pr\u00e9venir la propagation des flammes<\/p>\n","protected":false},"featured_media":225047,"template":"","meta":{"_acf_changed":false},"product_brand":[],"product_cat":[8742],"product_tag":[],"class_list":{"0":"post-225079","1":"product","2":"type-product","3":"status-publish","4":"has-post-thumbnail","6":"product_cat-armoires-anti-feu-batteries-lithium-ion","8":"first","9":"instock","10":"taxable","11":"shipping-taxable","12":"purchasable","13":"product-type-simple"},"acf":[],"yoast_head":"<!-- This site is optimized with the Yoast SEO plugin v24.8.1 - https:\/\/yoast.com\/wordpress\/plugins\/seo\/ -->\n<title>Vermiculite Anti-feu - Mat\u00e9riau Tampon pour Batteries | Alu Comfort |<\/title>\n<meta name=\"description\" content=\"Prot\u00e9gez vos batteries lithium avec la vermiculite CEMO. Ce mat\u00e9riau tampon anti-feu \u00e9prouv\u00e9 absorbe, isole et pr\u00e9vient la propagation des flammes. Sac de 50L\" \/>\n<meta name=\"robots\" content=\"index, follow, max-snippet:-1, max-image-preview:large, max-video-preview:-1\" \/>\n<link rel=\"canonical\" href=\"https:\/\/www.alucomfort.be\/product\/zak-vermiculiet\/\" \/>\n<meta property=\"og:locale\" content=\"fr_FR\" \/>\n<meta property=\"og:type\" content=\"article\" \/>\n<meta property=\"og:title\" content=\"Vermiculite Anti-feu - Mat\u00e9riau Tampon pour Batteries | Alu Comfort |\" \/>\n<meta property=\"og:description\" content=\"Prot\u00e9gez vos batteries lithium avec la vermiculite CEMO. Ce mat\u00e9riau tampon anti-feu \u00e9prouv\u00e9 absorbe, isole et pr\u00e9vient la propagation des flammes. Sac de 50L\" \/>\n<meta property=\"og:url\" content=\"https:\/\/www.alucomfort.be\/product\/zak-vermiculiet\/\" \/>\n<meta property=\"og:site_name\" content=\"Alu Comfort\" \/>\n<meta property=\"article:modified_time\" content=\"2025-07-24T09:31:06+00:00\" \/>\n<meta property=\"og:image\" content=\"https:\/\/www.alucomfort.be\/wp-content\/uploads\/Zak-Vermiculiet-11205.jpg\" \/>\n\t<meta property=\"og:image:width\" content=\"1889\" \/>\n\t<meta property=\"og:image:height\" content=\"1549\" \/>\n\t<meta property=\"og:image:type\" content=\"image\/jpeg\" \/>\n<meta name=\"twitter:card\" content=\"summary_large_image\" \/>\n<script type=\"application\/ld+json\" class=\"yoast-schema-graph\">{\"@context\":\"https:\/\/schema.org\",\"@graph\":[{\"@type\":\"WebPage\",\"@id\":\"https:\/\/www.alucomfort.be\/product\/zak-vermiculiet\/\",\"url\":\"https:\/\/www.alucomfort.be\/product\/zak-vermiculiet\/\",\"name\":\"Vermiculite Anti-feu - Mat\u00e9riau Tampon pour Batteries | Alu Comfort |\",\"isPartOf\":{\"@id\":\"https:\/\/www.alucomfort.be\/#website\"},\"primaryImageOfPage\":{\"@id\":\"https:\/\/www.alucomfort.be\/product\/zak-vermiculiet\/#primaryimage\"},\"image\":{\"@id\":\"https:\/\/www.alucomfort.be\/product\/zak-vermiculiet\/#primaryimage\"},\"thumbnailUrl\":\"https:\/\/www.alucomfort.be\/wp-content\/uploads\/Zak-Vermiculiet-11205.jpg\",\"datePublished\":\"2025-07-15T13:04:09+00:00\",\"dateModified\":\"2025-07-24T09:31:06+00:00\",\"description\":\"Prot\u00e9gez vos batteries lithium avec la vermiculite CEMO. Ce mat\u00e9riau tampon anti-feu \u00e9prouv\u00e9 absorbe, isole et pr\u00e9vient la propagation des flammes. Sac de 50L\",\"breadcrumb\":{\"@id\":\"https:\/\/www.alucomfort.be\/product\/zak-vermiculiet\/#breadcrumb\"},\"inLanguage\":\"fr-FR\",\"potentialAction\":[{\"@type\":\"ReadAction\",\"target\":[\"https:\/\/www.alucomfort.be\/product\/zak-vermiculiet\/\"]}]},{\"@type\":\"ImageObject\",\"inLanguage\":\"fr-FR\",\"@id\":\"https:\/\/www.alucomfort.be\/product\/zak-vermiculiet\/#primaryimage\",\"url\":\"https:\/\/www.alucomfort.be\/wp-content\/uploads\/Zak-Vermiculiet-11205.jpg\",\"contentUrl\":\"https:\/\/www.alucomfort.be\/wp-content\/uploads\/Zak-Vermiculiet-11205.jpg\",\"width\":1889,\"height\":1549,\"caption\":\"Zak Vermiculiet\"},{\"@type\":\"BreadcrumbList\",\"@id\":\"https:\/\/www.alucomfort.be\/product\/zak-vermiculiet\/#breadcrumb\",\"itemListElement\":[{\"@type\":\"ListItem\",\"position\":1,\"name\":\"Home\",\"item\":\"https:\/\/www.alucomfort.be\/fr\/\"},{\"@type\":\"ListItem\",\"position\":2,\"name\":\"Producten\",\"item\":\"https:\/\/www.alucomfort.be\/producten\/\"},{\"@type\":\"ListItem\",\"position\":3,\"name\":\"Sac de Vermiculite\"}]},{\"@type\":\"WebSite\",\"@id\":\"https:\/\/www.alucomfort.be\/#website\",\"url\":\"https:\/\/www.alucomfort.be\/\",\"name\":\"Alu Comfort\",\"description\":\"\",\"potentialAction\":[{\"@type\":\"SearchAction\",\"target\":{\"@type\":\"EntryPoint\",\"urlTemplate\":\"https:\/\/www.alucomfort.be\/?s={search_term_string}\"},\"query-input\":{\"@type\":\"PropertyValueSpecification\",\"valueRequired\":true,\"valueName\":\"search_term_string\"}}],\"inLanguage\":\"fr-FR\"}]}<\/script>\n<!-- \/ Yoast SEO plugin. -->","yoast_head_json":{"title":"Vermiculite Anti-feu - Mat\u00e9riau Tampon pour Batteries | Alu Comfort |","description":"Prot\u00e9gez vos batteries lithium avec la vermiculite CEMO. Ce mat\u00e9riau tampon anti-feu \u00e9prouv\u00e9 absorbe, isole et pr\u00e9vient la propagation des flammes. Sac de 50L","robots":{"index":"index","follow":"follow","max-snippet":"max-snippet:-1","max-image-preview":"max-image-preview:large","max-video-preview":"max-video-preview:-1"},"canonical":"https:\/\/www.alucomfort.be\/product\/zak-vermiculiet\/","og_locale":"fr_FR","og_type":"article","og_title":"Vermiculite Anti-feu - Mat\u00e9riau Tampon pour Batteries | Alu Comfort |","og_description":"Prot\u00e9gez vos batteries lithium avec la vermiculite CEMO. Ce mat\u00e9riau tampon anti-feu \u00e9prouv\u00e9 absorbe, isole et pr\u00e9vient la propagation des flammes. Sac de 50L","og_url":"https:\/\/www.alucomfort.be\/product\/zak-vermiculiet\/","og_site_name":"Alu Comfort","article_modified_time":"2025-07-24T09:31:06+00:00","og_image":[{"width":1889,"height":1549,"url":"https:\/\/www.alucomfort.be\/wp-content\/uploads\/Zak-Vermiculiet-11205.jpg","type":"image\/jpeg"}],"twitter_card":"summary_large_image","schema":{"@context":"https:\/\/schema.org","@graph":[{"@type":"WebPage","@id":"https:\/\/www.alucomfort.be\/product\/zak-vermiculiet\/","url":"https:\/\/www.alucomfort.be\/product\/zak-vermiculiet\/","name":"Vermiculite Anti-feu - Mat\u00e9riau Tampon pour Batteries | Alu Comfort |","isPartOf":{"@id":"https:\/\/www.alucomfort.be\/#website"},"primaryImageOfPage":{"@id":"https:\/\/www.alucomfort.be\/product\/zak-vermiculiet\/#primaryimage"},"image":{"@id":"https:\/\/www.alucomfort.be\/product\/zak-vermiculiet\/#primaryimage"},"thumbnailUrl":"https:\/\/www.alucomfort.be\/wp-content\/uploads\/Zak-Vermiculiet-11205.jpg","datePublished":"2025-07-15T13:04:09+00:00","dateModified":"2025-07-24T09:31:06+00:00","description":"Prot\u00e9gez vos batteries lithium avec la vermiculite CEMO. Ce mat\u00e9riau tampon anti-feu \u00e9prouv\u00e9 absorbe, isole et pr\u00e9vient la propagation des flammes. Sac de 50L","breadcrumb":{"@id":"https:\/\/www.alucomfort.be\/product\/zak-vermiculiet\/#breadcrumb"},"inLanguage":"fr-FR","potentialAction":[{"@type":"ReadAction","target":["https:\/\/www.alucomfort.be\/product\/zak-vermiculiet\/"]}]},{"@type":"ImageObject","inLanguage":"fr-FR","@id":"https:\/\/www.alucomfort.be\/product\/zak-vermiculiet\/#primaryimage","url":"https:\/\/www.alucomfort.be\/wp-content\/uploads\/Zak-Vermiculiet-11205.jpg","contentUrl":"https:\/\/www.alucomfort.be\/wp-content\/uploads\/Zak-Vermiculiet-11205.jpg","width":1889,"height":1549,"caption":"Zak Vermiculiet"},{"@type":"BreadcrumbList","@id":"https:\/\/www.alucomfort.be\/product\/zak-vermiculiet\/#breadcrumb","itemListElement":[{"@type":"ListItem","position":1,"name":"Home","item":"https:\/\/www.alucomfort.be\/fr\/"},{"@type":"ListItem","position":2,"name":"Producten","item":"https:\/\/www.alucomfort.be\/producten\/"},{"@type":"ListItem","position":3,"name":"Sac de Vermiculite"}]},{"@type":"WebSite","@id":"https:\/\/www.alucomfort.be\/#website","url":"https:\/\/www.alucomfort.be\/","name":"Alu Comfort","description":"","potentialAction":[{"@type":"SearchAction","target":{"@type":"EntryPoint","urlTemplate":"https:\/\/www.alucomfort.be\/?s={search_term_string}"},"query-input":{"@type":"PropertyValueSpecification","valueRequired":true,"valueName":"search_term_string"}}],"inLanguage":"fr-FR"}]}},"_links":{"self":[{"href":"https:\/\/www.alucomfort.be\/fr\/wp-json\/wp\/v2\/product\/225079","targetHints":{"allow":["GET"]}}],"collection":[{"href":"https:\/\/www.alucomfort.be\/fr\/wp-json\/wp\/v2\/product"}],"about":[{"href":"https:\/\/www.alucomfort.be\/fr\/wp-json\/wp\/v2\/types\/product"}],"wp:featuredmedia":[{"embeddable":true,"href":"https:\/\/www.alucomfort.be\/fr\/wp-json\/wp\/v2\/media\/225047"}],"wp:attachment":[{"href":"https:\/\/www.alucomfort.be\/fr\/wp-json\/wp\/v2\/media?parent=225079"}],"wp:term":[{"taxonomy":"product_brand","embeddable":true,"href":"https:\/\/www.alucomfort.be\/fr\/wp-json\/wp\/v2\/product_brand?post=225079"},{"taxonomy":"product_cat","embeddable":true,"href":"https:\/\/www.alucomfort.be\/fr\/wp-json\/wp\/v2\/product_cat?post=225079"},{"taxonomy":"product_tag","embeddable":true,"href":"https:\/\/www.alucomfort.be\/fr\/wp-json\/wp\/v2\/product_tag?post=225079"}],"curies":[{"name":"wp","href":"https:\/\/api.w.org\/{rel}","templated":true}]}}