

{"id":225089,"date":"2025-07-15T15:04:23","date_gmt":"2025-07-15T13:04:23","guid":{"rendered":"https:\/\/www.alucomfort.be\/product\/armoire-de-securite-pour-la-charge-et-le-stockage-des-batteries-au-lithium\/"},"modified":"2025-07-24T11:31:17","modified_gmt":"2025-07-24T09:31:17","slug":"armoire-de-securite-pour-la-charge-et-le-stockage-des-batteries-au-lithium","status":"publish","type":"product","link":"https:\/\/www.alucomfort.be\/fr\/product\/armoire-de-securite-pour-la-charge-et-le-stockage-des-batteries-au-lithium\/","title":{"rendered":"Armoire de S\u00e9curit\u00e9 pour la charge et le stockage des batteries au lithium"},"content":{"rendered":"<p>* Optimisez la s\u00e9curit\u00e9 et l&rsquo;efficacit\u00e9 de votre atelier avec notre armoire de charge et de stockage.  Certifi\u00e9e GS, cette armoire offre non seulement une r\u00e9sistance au feu test\u00e9e de 90 minutes pour le stockage s\u00e9curis\u00e9 de vos batteries lithium-ion, mais \u00e9galement une puissante capacit\u00e9 de charge gr\u00e2ce \u00e0 ses 40 prises de courant. Con\u00e7ue pour un usage quotidien comme pour le stockage de batteries critiques, c&rsquo;est la solution tout-en-un ultime pour une gestion professionnelle des batteries, * Alimentation \u00e9lectrique: Disponible en deux mod\u00e8les: R\u00e9f 11962 -> Unit\u00e9 de contr\u00f4le 230C, 16 A (Monophas\u00e9), R\u00e9f 11963 -> Unit\u00e9 de contr\u00f4le 400V, 16 A (Triphas\u00e9), * Application: Sp\u00e9cialement d\u00e9velopp\u00e9e pour le stockage ET la charge de batteries au lithium-ion. Convient \u00e9galement pour le stockage de batteries critiques, * R\u00e9sistance au feu: R\u00e9sistance au feu test\u00e9e de 90 minutes de l&rsquo;int\u00e9rieur vers l&rsquo;ext\u00e9rieur (selon DIN EN 14470-1 et DIN EN 1363-2), * S\u00e9curit\u00e9: Certifi\u00e9e GS, avec portes \u00e0 fermeture automatique et serrure \u00e0 cylindre profil\u00e9, * Contr\u00f4le de la temp\u00e9rature: \u00c9l\u00e9vation maximale de la temp\u00e9rature \u00e0 l&rsquo;int\u00e9rieur ne d\u00e9passant pas 100, * Construction: Fabriqu\u00e9e en panneaux incombustibles (class\u00e9s A2-s1, d0), * Am\u00e9nagement: 4 \u00e9tag\u00e8res caillebotis, un bac de r\u00e9tention inf\u00e9rieur et 4&#215;10 prises de courant.<\/p>\n","protected":false},"excerpt":{"rendered":"<p>Armoire de s\u00e9curit\u00e9 &#8211; Version la plus lourde<\/p>\n","protected":false},"featured_media":225027,"template":"","meta":{"_acf_changed":false},"product_brand":[],"product_cat":[8742],"product_tag":[],"class_list":{"0":"post-225089","1":"product","2":"type-product","3":"status-publish","4":"has-post-thumbnail","6":"product_cat-armoires-anti-feu-batteries-lithium-ion","8":"first","9":"outofstock","10":"taxable","11":"shipping-taxable","12":"purchasable","13":"product-type-variable"},"acf":[],"yoast_head":"<!-- This site is optimized with the Yoast SEO plugin v24.8.1 - https:\/\/yoast.com\/wordpress\/plugins\/seo\/ -->\n<title>Armoire de Charge Coupe-Feu 90 Min | Alu Comfort | CEMO<\/title>\n<meta name=\"description\" content=\"Chargez et stockez vos batteries avec une s\u00e9curit\u00e9 maximale. L&#039;armoire de charge CEMO FWF90-GS est certifi\u00e9e GS et offre 90 min de protection coupe-feu.\" \/>\n<meta name=\"robots\" content=\"index, follow, max-snippet:-1, max-image-preview:large, max-video-preview:-1\" \/>\n<link rel=\"canonical\" href=\"https:\/\/www.alucomfort.be\/product\/veiligheidskast-voor-het-laden-en-opslaan-van-lithiumbatterijen\/\" \/>\n<meta property=\"og:locale\" content=\"fr_FR\" \/>\n<meta property=\"og:type\" content=\"article\" \/>\n<meta property=\"og:title\" content=\"Armoire de Charge Coupe-Feu 90 Min | Alu Comfort | CEMO\" \/>\n<meta property=\"og:description\" content=\"Chargez et stockez vos batteries avec une s\u00e9curit\u00e9 maximale. L&#039;armoire de charge CEMO FWF90-GS est certifi\u00e9e GS et offre 90 min de protection coupe-feu.\" \/>\n<meta property=\"og:url\" content=\"https:\/\/www.alucomfort.be\/product\/veiligheidskast-voor-het-laden-en-opslaan-van-lithiumbatterijen\/\" \/>\n<meta property=\"og:site_name\" content=\"Alu Comfort\" \/>\n<meta property=\"article:modified_time\" content=\"2025-07-24T09:31:17+00:00\" \/>\n<meta property=\"og:image\" content=\"https:\/\/www.alucomfort.be\/wp-content\/uploads\/Oplaadkast-Lithium-Batterijen-11963.jpg\" \/>\n\t<meta property=\"og:image:width\" content=\"1920\" \/>\n\t<meta property=\"og:image:height\" content=\"2019\" \/>\n\t<meta property=\"og:image:type\" content=\"image\/jpeg\" \/>\n<meta name=\"twitter:card\" content=\"summary_large_image\" \/>\n<meta name=\"twitter:label1\" content=\"Dur\u00e9e de lecture estim\u00e9e\" \/>\n\t<meta name=\"twitter:data1\" content=\"1 minute\" \/>\n<script type=\"application\/ld+json\" class=\"yoast-schema-graph\">{\"@context\":\"https:\/\/schema.org\",\"@graph\":[{\"@type\":\"WebPage\",\"@id\":\"https:\/\/www.alucomfort.be\/product\/veiligheidskast-voor-het-laden-en-opslaan-van-lithiumbatterijen\/\",\"url\":\"https:\/\/www.alucomfort.be\/product\/veiligheidskast-voor-het-laden-en-opslaan-van-lithiumbatterijen\/\",\"name\":\"Armoire de Charge Coupe-Feu 90 Min | Alu Comfort | CEMO\",\"isPartOf\":{\"@id\":\"https:\/\/www.alucomfort.be\/#website\"},\"primaryImageOfPage\":{\"@id\":\"https:\/\/www.alucomfort.be\/product\/veiligheidskast-voor-het-laden-en-opslaan-van-lithiumbatterijen\/#primaryimage\"},\"image\":{\"@id\":\"https:\/\/www.alucomfort.be\/product\/veiligheidskast-voor-het-laden-en-opslaan-van-lithiumbatterijen\/#primaryimage\"},\"thumbnailUrl\":\"https:\/\/www.alucomfort.be\/wp-content\/uploads\/Oplaadkast-Lithium-Batterijen-11963.jpg\",\"datePublished\":\"2025-07-15T13:04:23+00:00\",\"dateModified\":\"2025-07-24T09:31:17+00:00\",\"description\":\"Chargez et stockez vos batteries avec une s\u00e9curit\u00e9 maximale. L'armoire de charge CEMO FWF90-GS est certifi\u00e9e GS et offre 90 min de protection coupe-feu.\",\"breadcrumb\":{\"@id\":\"https:\/\/www.alucomfort.be\/product\/veiligheidskast-voor-het-laden-en-opslaan-van-lithiumbatterijen\/#breadcrumb\"},\"inLanguage\":\"fr-FR\",\"potentialAction\":[{\"@type\":\"ReadAction\",\"target\":[\"https:\/\/www.alucomfort.be\/product\/veiligheidskast-voor-het-laden-en-opslaan-van-lithiumbatterijen\/\"]}]},{\"@type\":\"ImageObject\",\"inLanguage\":\"fr-FR\",\"@id\":\"https:\/\/www.alucomfort.be\/product\/veiligheidskast-voor-het-laden-en-opslaan-van-lithiumbatterijen\/#primaryimage\",\"url\":\"https:\/\/www.alucomfort.be\/wp-content\/uploads\/Oplaadkast-Lithium-Batterijen-11963.jpg\",\"contentUrl\":\"https:\/\/www.alucomfort.be\/wp-content\/uploads\/Oplaadkast-Lithium-Batterijen-11963.jpg\",\"width\":1920,\"height\":2019,\"caption\":\"Oplaadkast Lithium Batterijen\"},{\"@type\":\"BreadcrumbList\",\"@id\":\"https:\/\/www.alucomfort.be\/product\/veiligheidskast-voor-het-laden-en-opslaan-van-lithiumbatterijen\/#breadcrumb\",\"itemListElement\":[{\"@type\":\"ListItem\",\"position\":1,\"name\":\"Home\",\"item\":\"https:\/\/www.alucomfort.be\/fr\/\"},{\"@type\":\"ListItem\",\"position\":2,\"name\":\"Producten\",\"item\":\"https:\/\/www.alucomfort.be\/producten\/\"},{\"@type\":\"ListItem\",\"position\":3,\"name\":\"Armoire de S\u00e9curit\u00e9 pour la charge et le stockage des batteries au lithium\"}]},{\"@type\":\"WebSite\",\"@id\":\"https:\/\/www.alucomfort.be\/#website\",\"url\":\"https:\/\/www.alucomfort.be\/\",\"name\":\"Alu Comfort\",\"description\":\"\",\"potentialAction\":[{\"@type\":\"SearchAction\",\"target\":{\"@type\":\"EntryPoint\",\"urlTemplate\":\"https:\/\/www.alucomfort.be\/?s={search_term_string}\"},\"query-input\":{\"@type\":\"PropertyValueSpecification\",\"valueRequired\":true,\"valueName\":\"search_term_string\"}}],\"inLanguage\":\"fr-FR\"}]}<\/script>\n<!-- \/ Yoast SEO plugin. -->","yoast_head_json":{"title":"Armoire de Charge Coupe-Feu 90 Min | Alu Comfort | CEMO","description":"Chargez et stockez vos batteries avec une s\u00e9curit\u00e9 maximale. L'armoire de charge CEMO FWF90-GS est certifi\u00e9e GS et offre 90 min de protection coupe-feu.","robots":{"index":"index","follow":"follow","max-snippet":"max-snippet:-1","max-image-preview":"max-image-preview:large","max-video-preview":"max-video-preview:-1"},"canonical":"https:\/\/www.alucomfort.be\/product\/veiligheidskast-voor-het-laden-en-opslaan-van-lithiumbatterijen\/","og_locale":"fr_FR","og_type":"article","og_title":"Armoire de Charge Coupe-Feu 90 Min | Alu Comfort | CEMO","og_description":"Chargez et stockez vos batteries avec une s\u00e9curit\u00e9 maximale. L'armoire de charge CEMO FWF90-GS est certifi\u00e9e GS et offre 90 min de protection coupe-feu.","og_url":"https:\/\/www.alucomfort.be\/product\/veiligheidskast-voor-het-laden-en-opslaan-van-lithiumbatterijen\/","og_site_name":"Alu Comfort","article_modified_time":"2025-07-24T09:31:17+00:00","og_image":[{"width":1920,"height":2019,"url":"https:\/\/www.alucomfort.be\/wp-content\/uploads\/Oplaadkast-Lithium-Batterijen-11963.jpg","type":"image\/jpeg"}],"twitter_card":"summary_large_image","twitter_misc":{"Dur\u00e9e de lecture estim\u00e9e":"1 minute"},"schema":{"@context":"https:\/\/schema.org","@graph":[{"@type":"WebPage","@id":"https:\/\/www.alucomfort.be\/product\/veiligheidskast-voor-het-laden-en-opslaan-van-lithiumbatterijen\/","url":"https:\/\/www.alucomfort.be\/product\/veiligheidskast-voor-het-laden-en-opslaan-van-lithiumbatterijen\/","name":"Armoire de Charge Coupe-Feu 90 Min | Alu Comfort | CEMO","isPartOf":{"@id":"https:\/\/www.alucomfort.be\/#website"},"primaryImageOfPage":{"@id":"https:\/\/www.alucomfort.be\/product\/veiligheidskast-voor-het-laden-en-opslaan-van-lithiumbatterijen\/#primaryimage"},"image":{"@id":"https:\/\/www.alucomfort.be\/product\/veiligheidskast-voor-het-laden-en-opslaan-van-lithiumbatterijen\/#primaryimage"},"thumbnailUrl":"https:\/\/www.alucomfort.be\/wp-content\/uploads\/Oplaadkast-Lithium-Batterijen-11963.jpg","datePublished":"2025-07-15T13:04:23+00:00","dateModified":"2025-07-24T09:31:17+00:00","description":"Chargez et stockez vos batteries avec une s\u00e9curit\u00e9 maximale. L'armoire de charge CEMO FWF90-GS est certifi\u00e9e GS et offre 90 min de protection coupe-feu.","breadcrumb":{"@id":"https:\/\/www.alucomfort.be\/product\/veiligheidskast-voor-het-laden-en-opslaan-van-lithiumbatterijen\/#breadcrumb"},"inLanguage":"fr-FR","potentialAction":[{"@type":"ReadAction","target":["https:\/\/www.alucomfort.be\/product\/veiligheidskast-voor-het-laden-en-opslaan-van-lithiumbatterijen\/"]}]},{"@type":"ImageObject","inLanguage":"fr-FR","@id":"https:\/\/www.alucomfort.be\/product\/veiligheidskast-voor-het-laden-en-opslaan-van-lithiumbatterijen\/#primaryimage","url":"https:\/\/www.alucomfort.be\/wp-content\/uploads\/Oplaadkast-Lithium-Batterijen-11963.jpg","contentUrl":"https:\/\/www.alucomfort.be\/wp-content\/uploads\/Oplaadkast-Lithium-Batterijen-11963.jpg","width":1920,"height":2019,"caption":"Oplaadkast Lithium Batterijen"},{"@type":"BreadcrumbList","@id":"https:\/\/www.alucomfort.be\/product\/veiligheidskast-voor-het-laden-en-opslaan-van-lithiumbatterijen\/#breadcrumb","itemListElement":[{"@type":"ListItem","position":1,"name":"Home","item":"https:\/\/www.alucomfort.be\/fr\/"},{"@type":"ListItem","position":2,"name":"Producten","item":"https:\/\/www.alucomfort.be\/producten\/"},{"@type":"ListItem","position":3,"name":"Armoire de S\u00e9curit\u00e9 pour la charge et le stockage des batteries au lithium"}]},{"@type":"WebSite","@id":"https:\/\/www.alucomfort.be\/#website","url":"https:\/\/www.alucomfort.be\/","name":"Alu Comfort","description":"","potentialAction":[{"@type":"SearchAction","target":{"@type":"EntryPoint","urlTemplate":"https:\/\/www.alucomfort.be\/?s={search_term_string}"},"query-input":{"@type":"PropertyValueSpecification","valueRequired":true,"valueName":"search_term_string"}}],"inLanguage":"fr-FR"}]}},"_links":{"self":[{"href":"https:\/\/www.alucomfort.be\/fr\/wp-json\/wp\/v2\/product\/225089","targetHints":{"allow":["GET"]}}],"collection":[{"href":"https:\/\/www.alucomfort.be\/fr\/wp-json\/wp\/v2\/product"}],"about":[{"href":"https:\/\/www.alucomfort.be\/fr\/wp-json\/wp\/v2\/types\/product"}],"wp:featuredmedia":[{"embeddable":true,"href":"https:\/\/www.alucomfort.be\/fr\/wp-json\/wp\/v2\/media\/225027"}],"wp:attachment":[{"href":"https:\/\/www.alucomfort.be\/fr\/wp-json\/wp\/v2\/media?parent=225089"}],"wp:term":[{"taxonomy":"product_brand","embeddable":true,"href":"https:\/\/www.alucomfort.be\/fr\/wp-json\/wp\/v2\/product_brand?post=225089"},{"taxonomy":"product_cat","embeddable":true,"href":"https:\/\/www.alucomfort.be\/fr\/wp-json\/wp\/v2\/product_cat?post=225089"},{"taxonomy":"product_tag","embeddable":true,"href":"https:\/\/www.alucomfort.be\/fr\/wp-json\/wp\/v2\/product_tag?post=225089"}],"curies":[{"name":"wp","href":"https:\/\/api.w.org\/{rel}","templated":true}]}}