

{"id":225102,"date":"2025-07-24T00:37:15","date_gmt":"2025-07-23T22:37:15","guid":{"rendered":"https:\/\/www.alucomfort.be\/product\/box-de-securite-compact-et-robuste-pour-batteries-au-lithium\/"},"modified":"2025-07-24T11:30:55","modified_gmt":"2025-07-24T09:30:55","slug":"box-de-securite-compact-et-robuste-pour-batteries-au-lithium","status":"publish","type":"product","link":"https:\/\/www.alucomfort.be\/fr\/product\/box-de-securite-compact-et-robuste-pour-batteries-au-lithium\/","title":{"rendered":"Box de s\u00e9curit\u00e9 compact et robuste pour batteries au lithium"},"content":{"rendered":"<p>* Box de s\u00e9curit\u00e9 con\u00e7u comme un syst\u00e8me de transport et de stockage s\u00e9curis\u00e9 pour les batteries au lithium. Le box est fabriqu\u00e9 en plastique durable et r\u00e9sistant aux chocs et est dot\u00e9 d&rsquo;un rev\u00eatement int\u00e9rieur sp\u00e9cial ignifuge. Les box Li-SAFE ont \u00e9t\u00e9 test\u00e9s avec succ\u00e8s lors d&rsquo;un test d&rsquo;incendie de batterie r\u00e9el et ont r\u00e9sist\u00e9 aux flammes, * Protection incendie: Rev\u00eatement sp\u00e9cial ignifuge fabriqu\u00e9 \u00e0 partir de mat\u00e9riaux incombustibles, * S\u00e9curit\u00e9: Inclut des coussins sp\u00e9ciaux modelables qui emp\u00eachent les batteries de bouger \u00e0 l&rsquo;int\u00e9rieur du box, * Maniabilit\u00e9: \u00c9quip\u00e9 de deux poign\u00e9es robustes et de deux fermetures solides. Peut \u00eatre verrouill\u00e9 avec un cadenas (non inclus), * Modularit\u00e9: Les box sont empilables et interconnectables, * Certification: Certification UN pour le transport de batteries au lithium dans les groupes d&#8217;emballage II et III, * Applications: Convient pour le transport d&rsquo;une batterie au lithium pesant jusqu&rsquo;\u00e0 5 kg. Peut \u00eatre utilis\u00e9 pour le transport sur la voie publique conform\u00e9ment \u00e0 la r\u00e9glementation. Utilisable comme conteneur de s\u00e9curit\u00e9 stationnaire pour le stockage. Id\u00e9al pour les batteries neuves et usag\u00e9es, et pour la s\u00e9paration s\u00e9curis\u00e9e des batteries d\u00e9fectueuses ou mises en quarantaine. Offre un stockage ignifuge pour, par exemple, le transport et sur les chantiers.<\/p>\n","protected":false},"excerpt":{"rendered":"<p>Box de s\u00e9curit\u00e9 compact et robuste pour batteries au lithium<\/p>\n","protected":false},"featured_media":225023,"template":"","meta":{"_acf_changed":false},"product_brand":[],"product_cat":[8742],"product_tag":[],"class_list":{"0":"post-225102","1":"product","2":"type-product","3":"status-publish","4":"has-post-thumbnail","6":"product_cat-armoires-anti-feu-batteries-lithium-ion","8":"first","9":"outofstock","10":"taxable","11":"shipping-taxable","12":"purchasable","13":"product-type-variable"},"acf":[],"yoast_head":"<!-- This site is optimized with the Yoast SEO plugin v24.8.1 - https:\/\/yoast.com\/wordpress\/plugins\/seo\/ -->\n<title>Box de Transport Anti-feu CEMO Li-SAFE 2-S pour Batteries | Alu Comfort |<\/title>\n<meta name=\"description\" content=\"Le box anti-feu pour le transport et le stockage s\u00e9curis\u00e9s de batteries lithium. Le CEMO Li-SAFE 2-S est homologu\u00e9 UN et id\u00e9al pour les batteries jusqu&#039;\u00e0 5 kg. Disponible maintenant\" \/>\n<meta name=\"robots\" content=\"index, follow, max-snippet:-1, max-image-preview:large, max-video-preview:-1\" \/>\n<link rel=\"canonical\" href=\"https:\/\/www.alucomfort.be\/product\/compacte-en-robuuste-veiligheidsbox-voor-lithiumbatterijen\/\" \/>\n<meta property=\"og:locale\" content=\"fr_FR\" \/>\n<meta property=\"og:type\" content=\"article\" \/>\n<meta property=\"og:title\" content=\"Box de Transport Anti-feu CEMO Li-SAFE 2-S pour Batteries | Alu Comfort |\" \/>\n<meta property=\"og:description\" content=\"Le box anti-feu pour le transport et le stockage s\u00e9curis\u00e9s de batteries lithium. Le CEMO Li-SAFE 2-S est homologu\u00e9 UN et id\u00e9al pour les batteries jusqu&#039;\u00e0 5 kg. Disponible maintenant\" \/>\n<meta property=\"og:url\" content=\"https:\/\/www.alucomfort.be\/product\/compacte-en-robuuste-veiligheidsbox-voor-lithiumbatterijen\/\" \/>\n<meta property=\"og:site_name\" content=\"Alu Comfort\" \/>\n<meta property=\"article:modified_time\" content=\"2025-07-24T09:30:55+00:00\" \/>\n<meta property=\"og:image\" content=\"https:\/\/www.alucomfort.be\/wp-content\/uploads\/Box-de-securite-compact-et-robuste-pour-batteries-au-lithium-11564.jpg\" \/>\n\t<meta property=\"og:image:width\" content=\"1920\" \/>\n\t<meta property=\"og:image:height\" content=\"1860\" \/>\n\t<meta property=\"og:image:type\" content=\"image\/jpeg\" \/>\n<meta name=\"twitter:card\" content=\"summary_large_image\" \/>\n<meta name=\"twitter:label1\" content=\"Dur\u00e9e de lecture estim\u00e9e\" \/>\n\t<meta name=\"twitter:data1\" content=\"1 minute\" \/>\n<script type=\"application\/ld+json\" class=\"yoast-schema-graph\">{\"@context\":\"https:\/\/schema.org\",\"@graph\":[{\"@type\":\"WebPage\",\"@id\":\"https:\/\/www.alucomfort.be\/product\/compacte-en-robuuste-veiligheidsbox-voor-lithiumbatterijen\/\",\"url\":\"https:\/\/www.alucomfort.be\/product\/compacte-en-robuuste-veiligheidsbox-voor-lithiumbatterijen\/\",\"name\":\"Box de Transport Anti-feu CEMO Li-SAFE 2-S pour Batteries | Alu Comfort |\",\"isPartOf\":{\"@id\":\"https:\/\/www.alucomfort.be\/#website\"},\"primaryImageOfPage\":{\"@id\":\"https:\/\/www.alucomfort.be\/product\/compacte-en-robuuste-veiligheidsbox-voor-lithiumbatterijen\/#primaryimage\"},\"image\":{\"@id\":\"https:\/\/www.alucomfort.be\/product\/compacte-en-robuuste-veiligheidsbox-voor-lithiumbatterijen\/#primaryimage\"},\"thumbnailUrl\":\"https:\/\/www.alucomfort.be\/wp-content\/uploads\/Box-de-securite-compact-et-robuste-pour-batteries-au-lithium-11564.jpg\",\"datePublished\":\"2025-07-23T22:37:15+00:00\",\"dateModified\":\"2025-07-24T09:30:55+00:00\",\"description\":\"Le box anti-feu pour le transport et le stockage s\u00e9curis\u00e9s de batteries lithium. Le CEMO Li-SAFE 2-S est homologu\u00e9 UN et id\u00e9al pour les batteries jusqu'\u00e0 5 kg. Disponible maintenant\",\"breadcrumb\":{\"@id\":\"https:\/\/www.alucomfort.be\/product\/compacte-en-robuuste-veiligheidsbox-voor-lithiumbatterijen\/#breadcrumb\"},\"inLanguage\":\"fr-FR\",\"potentialAction\":[{\"@type\":\"ReadAction\",\"target\":[\"https:\/\/www.alucomfort.be\/product\/compacte-en-robuuste-veiligheidsbox-voor-lithiumbatterijen\/\"]}]},{\"@type\":\"ImageObject\",\"inLanguage\":\"fr-FR\",\"@id\":\"https:\/\/www.alucomfort.be\/product\/compacte-en-robuuste-veiligheidsbox-voor-lithiumbatterijen\/#primaryimage\",\"url\":\"https:\/\/www.alucomfort.be\/wp-content\/uploads\/Box-de-securite-compact-et-robuste-pour-batteries-au-lithium-11564.jpg\",\"contentUrl\":\"https:\/\/www.alucomfort.be\/wp-content\/uploads\/Box-de-securite-compact-et-robuste-pour-batteries-au-lithium-11564.jpg\",\"width\":1920,\"height\":1860,\"caption\":\"Box de s\u00e9curit\u00e9 compact et robuste pour batteries au lithium\"},{\"@type\":\"BreadcrumbList\",\"@id\":\"https:\/\/www.alucomfort.be\/product\/compacte-en-robuuste-veiligheidsbox-voor-lithiumbatterijen\/#breadcrumb\",\"itemListElement\":[{\"@type\":\"ListItem\",\"position\":1,\"name\":\"Home\",\"item\":\"https:\/\/www.alucomfort.be\/fr\/\"},{\"@type\":\"ListItem\",\"position\":2,\"name\":\"Producten\",\"item\":\"https:\/\/www.alucomfort.be\/producten\/\"},{\"@type\":\"ListItem\",\"position\":3,\"name\":\"Box de s\u00e9curit\u00e9 compact et robuste pour batteries au lithium\"}]},{\"@type\":\"WebSite\",\"@id\":\"https:\/\/www.alucomfort.be\/#website\",\"url\":\"https:\/\/www.alucomfort.be\/\",\"name\":\"Alu Comfort\",\"description\":\"\",\"potentialAction\":[{\"@type\":\"SearchAction\",\"target\":{\"@type\":\"EntryPoint\",\"urlTemplate\":\"https:\/\/www.alucomfort.be\/?s={search_term_string}\"},\"query-input\":{\"@type\":\"PropertyValueSpecification\",\"valueRequired\":true,\"valueName\":\"search_term_string\"}}],\"inLanguage\":\"fr-FR\"}]}<\/script>\n<!-- \/ Yoast SEO plugin. -->","yoast_head_json":{"title":"Box de Transport Anti-feu CEMO Li-SAFE 2-S pour Batteries | Alu Comfort |","description":"Le box anti-feu pour le transport et le stockage s\u00e9curis\u00e9s de batteries lithium. Le CEMO Li-SAFE 2-S est homologu\u00e9 UN et id\u00e9al pour les batteries jusqu'\u00e0 5 kg. Disponible maintenant","robots":{"index":"index","follow":"follow","max-snippet":"max-snippet:-1","max-image-preview":"max-image-preview:large","max-video-preview":"max-video-preview:-1"},"canonical":"https:\/\/www.alucomfort.be\/product\/compacte-en-robuuste-veiligheidsbox-voor-lithiumbatterijen\/","og_locale":"fr_FR","og_type":"article","og_title":"Box de Transport Anti-feu CEMO Li-SAFE 2-S pour Batteries | Alu Comfort |","og_description":"Le box anti-feu pour le transport et le stockage s\u00e9curis\u00e9s de batteries lithium. Le CEMO Li-SAFE 2-S est homologu\u00e9 UN et id\u00e9al pour les batteries jusqu'\u00e0 5 kg. Disponible maintenant","og_url":"https:\/\/www.alucomfort.be\/product\/compacte-en-robuuste-veiligheidsbox-voor-lithiumbatterijen\/","og_site_name":"Alu Comfort","article_modified_time":"2025-07-24T09:30:55+00:00","og_image":[{"width":1920,"height":1860,"url":"https:\/\/www.alucomfort.be\/wp-content\/uploads\/Box-de-securite-compact-et-robuste-pour-batteries-au-lithium-11564.jpg","type":"image\/jpeg"}],"twitter_card":"summary_large_image","twitter_misc":{"Dur\u00e9e de lecture estim\u00e9e":"1 minute"},"schema":{"@context":"https:\/\/schema.org","@graph":[{"@type":"WebPage","@id":"https:\/\/www.alucomfort.be\/product\/compacte-en-robuuste-veiligheidsbox-voor-lithiumbatterijen\/","url":"https:\/\/www.alucomfort.be\/product\/compacte-en-robuuste-veiligheidsbox-voor-lithiumbatterijen\/","name":"Box de Transport Anti-feu CEMO Li-SAFE 2-S pour Batteries | Alu Comfort |","isPartOf":{"@id":"https:\/\/www.alucomfort.be\/#website"},"primaryImageOfPage":{"@id":"https:\/\/www.alucomfort.be\/product\/compacte-en-robuuste-veiligheidsbox-voor-lithiumbatterijen\/#primaryimage"},"image":{"@id":"https:\/\/www.alucomfort.be\/product\/compacte-en-robuuste-veiligheidsbox-voor-lithiumbatterijen\/#primaryimage"},"thumbnailUrl":"https:\/\/www.alucomfort.be\/wp-content\/uploads\/Box-de-securite-compact-et-robuste-pour-batteries-au-lithium-11564.jpg","datePublished":"2025-07-23T22:37:15+00:00","dateModified":"2025-07-24T09:30:55+00:00","description":"Le box anti-feu pour le transport et le stockage s\u00e9curis\u00e9s de batteries lithium. Le CEMO Li-SAFE 2-S est homologu\u00e9 UN et id\u00e9al pour les batteries jusqu'\u00e0 5 kg. Disponible maintenant","breadcrumb":{"@id":"https:\/\/www.alucomfort.be\/product\/compacte-en-robuuste-veiligheidsbox-voor-lithiumbatterijen\/#breadcrumb"},"inLanguage":"fr-FR","potentialAction":[{"@type":"ReadAction","target":["https:\/\/www.alucomfort.be\/product\/compacte-en-robuuste-veiligheidsbox-voor-lithiumbatterijen\/"]}]},{"@type":"ImageObject","inLanguage":"fr-FR","@id":"https:\/\/www.alucomfort.be\/product\/compacte-en-robuuste-veiligheidsbox-voor-lithiumbatterijen\/#primaryimage","url":"https:\/\/www.alucomfort.be\/wp-content\/uploads\/Box-de-securite-compact-et-robuste-pour-batteries-au-lithium-11564.jpg","contentUrl":"https:\/\/www.alucomfort.be\/wp-content\/uploads\/Box-de-securite-compact-et-robuste-pour-batteries-au-lithium-11564.jpg","width":1920,"height":1860,"caption":"Box de s\u00e9curit\u00e9 compact et robuste pour batteries au lithium"},{"@type":"BreadcrumbList","@id":"https:\/\/www.alucomfort.be\/product\/compacte-en-robuuste-veiligheidsbox-voor-lithiumbatterijen\/#breadcrumb","itemListElement":[{"@type":"ListItem","position":1,"name":"Home","item":"https:\/\/www.alucomfort.be\/fr\/"},{"@type":"ListItem","position":2,"name":"Producten","item":"https:\/\/www.alucomfort.be\/producten\/"},{"@type":"ListItem","position":3,"name":"Box de s\u00e9curit\u00e9 compact et robuste pour batteries au lithium"}]},{"@type":"WebSite","@id":"https:\/\/www.alucomfort.be\/#website","url":"https:\/\/www.alucomfort.be\/","name":"Alu Comfort","description":"","potentialAction":[{"@type":"SearchAction","target":{"@type":"EntryPoint","urlTemplate":"https:\/\/www.alucomfort.be\/?s={search_term_string}"},"query-input":{"@type":"PropertyValueSpecification","valueRequired":true,"valueName":"search_term_string"}}],"inLanguage":"fr-FR"}]}},"_links":{"self":[{"href":"https:\/\/www.alucomfort.be\/fr\/wp-json\/wp\/v2\/product\/225102","targetHints":{"allow":["GET"]}}],"collection":[{"href":"https:\/\/www.alucomfort.be\/fr\/wp-json\/wp\/v2\/product"}],"about":[{"href":"https:\/\/www.alucomfort.be\/fr\/wp-json\/wp\/v2\/types\/product"}],"wp:featuredmedia":[{"embeddable":true,"href":"https:\/\/www.alucomfort.be\/fr\/wp-json\/wp\/v2\/media\/225023"}],"wp:attachment":[{"href":"https:\/\/www.alucomfort.be\/fr\/wp-json\/wp\/v2\/media?parent=225102"}],"wp:term":[{"taxonomy":"product_brand","embeddable":true,"href":"https:\/\/www.alucomfort.be\/fr\/wp-json\/wp\/v2\/product_brand?post=225102"},{"taxonomy":"product_cat","embeddable":true,"href":"https:\/\/www.alucomfort.be\/fr\/wp-json\/wp\/v2\/product_cat?post=225102"},{"taxonomy":"product_tag","embeddable":true,"href":"https:\/\/www.alucomfort.be\/fr\/wp-json\/wp\/v2\/product_tag?post=225102"}],"curies":[{"name":"wp","href":"https:\/\/api.w.org\/{rel}","templated":true}]}}