

{"id":225114,"date":"2025-07-24T11:26:19","date_gmt":"2025-07-24T09:26:19","guid":{"rendered":"https:\/\/www.alucomfort.be\/product\/armoires-anti-feu-batteries-lithium-stockage-passif\/"},"modified":"2025-07-24T11:30:30","modified_gmt":"2025-07-24T09:30:30","slug":"armoires-anti-feu-batteries-lithium-stockage-passif","status":"publish","type":"product","link":"https:\/\/www.alucomfort.be\/fr\/product\/armoires-anti-feu-batteries-lithium-stockage-passif\/","title":{"rendered":"Armoires anti-feu batteries lithium (stockage passif)"},"content":{"rendered":"<p>* Il s&rsquo;agit d&rsquo;une armoire de stockage de haute s\u00e9curit\u00e9 et anti-feu de la s\u00e9rie PG 9 , sp\u00e9cifiquement con\u00e7ue pour le stockage passif des batteries au lithium. Ce mod\u00e8le est destin\u00e9 aux situations n\u00e9cessitant uniquement un stockage, sans fonction de charge active. L&rsquo;armoire offre la m\u00eame protection test\u00e9e contre l&rsquo;incendie et les explosions que les armoires de charge de cette s\u00e9rie, * Fonction : Exclusivement pour le stockage passif (sans raccordement \u00e9lectrique ni ventilateur), * S\u00e9curit\u00e9 : Offre une r\u00e9sistance au feu test\u00e9e de plus de 60 minutes (de l&rsquo;int\u00e9rieur vers l&rsquo;ext\u00e9rieur) et est \u00e9quip\u00e9e du syst\u00e8me lockEX pour une d\u00e9compression contr\u00f4l\u00e9e en cas d&rsquo;explosion, * Alarme : Inclut deux d\u00e9tecteurs de fum\u00e9e acoustiques fonctionnant sur batterie, * Construction : Livr\u00e9e avec des pieds de gerbage, permettant d&#8217;empiler deux armoires l&rsquo;une sur l&rsquo;autre, * Dimensions externes (L x P x H) : 80 x 66 x 52 cm, * Dimensions internes (L x P x H) : 73 x 53 x 45 cm, * Poids : env. 80 kg.<\/p>\n","protected":false},"excerpt":{"rendered":"<p>Armoire de stockage pour batteries Lithium-ion<\/p>\n","protected":false},"featured_media":225031,"template":"","meta":{"_acf_changed":false},"product_brand":[],"product_cat":[8742],"product_tag":[],"class_list":{"0":"post-225114","1":"product","2":"type-product","3":"status-publish","4":"has-post-thumbnail","6":"product_cat-armoires-anti-feu-batteries-lithium-ion","8":"first","9":"outofstock","10":"taxable","11":"shipping-taxable","12":"purchasable","13":"product-type-variable"},"acf":[],"yoast_head":"<!-- This site is optimized with the Yoast SEO plugin v24.8.1 - https:\/\/yoast.com\/wordpress\/plugins\/seo\/ -->\n<title>Armoire Anti-feu pour Stockage Batteries Lithium | Alu Comfort |<\/title>\n<meta name=\"description\" content=\"Armoire anti-feu et antid\u00e9flagrante pour le stockage passif de vos batteries lithium. Protection 60 min et technologie lockEX. Demandez votre devis.\" \/>\n<meta name=\"robots\" content=\"index, follow, max-snippet:-1, max-image-preview:large, max-video-preview:-1\" \/>\n<link rel=\"canonical\" href=\"https:\/\/www.alucomfort.be\/product\/opslagkastje-lithium-batterij-enkel-opslag\/\" \/>\n<meta property=\"og:locale\" content=\"fr_FR\" \/>\n<meta property=\"og:type\" content=\"article\" \/>\n<meta property=\"og:title\" content=\"Armoire Anti-feu pour Stockage Batteries Lithium | Alu Comfort |\" \/>\n<meta property=\"og:description\" content=\"Armoire anti-feu et antid\u00e9flagrante pour le stockage passif de vos batteries lithium. Protection 60 min et technologie lockEX. Demandez votre devis.\" \/>\n<meta property=\"og:url\" content=\"https:\/\/www.alucomfort.be\/product\/opslagkastje-lithium-batterij-enkel-opslag\/\" \/>\n<meta property=\"og:site_name\" content=\"Alu Comfort\" \/>\n<meta property=\"article:modified_time\" content=\"2025-07-24T09:30:30+00:00\" \/>\n<meta property=\"og:image\" content=\"https:\/\/www.alucomfort.be\/wp-content\/uploads\/Opslagkastje-Lithium-Batterij-11890.jpg\" \/>\n\t<meta property=\"og:image:width\" content=\"1920\" \/>\n\t<meta property=\"og:image:height\" content=\"1309\" \/>\n\t<meta property=\"og:image:type\" content=\"image\/jpeg\" \/>\n<meta name=\"twitter:card\" content=\"summary_large_image\" \/>\n<meta name=\"twitter:label1\" content=\"Dur\u00e9e de lecture estim\u00e9e\" \/>\n\t<meta name=\"twitter:data1\" content=\"1 minute\" \/>\n<script type=\"application\/ld+json\" class=\"yoast-schema-graph\">{\"@context\":\"https:\/\/schema.org\",\"@graph\":[{\"@type\":\"WebPage\",\"@id\":\"https:\/\/www.alucomfort.be\/product\/opslagkastje-lithium-batterij-enkel-opslag\/\",\"url\":\"https:\/\/www.alucomfort.be\/product\/opslagkastje-lithium-batterij-enkel-opslag\/\",\"name\":\"Armoire Anti-feu pour Stockage Batteries Lithium | Alu Comfort |\",\"isPartOf\":{\"@id\":\"https:\/\/www.alucomfort.be\/#website\"},\"primaryImageOfPage\":{\"@id\":\"https:\/\/www.alucomfort.be\/product\/opslagkastje-lithium-batterij-enkel-opslag\/#primaryimage\"},\"image\":{\"@id\":\"https:\/\/www.alucomfort.be\/product\/opslagkastje-lithium-batterij-enkel-opslag\/#primaryimage\"},\"thumbnailUrl\":\"https:\/\/www.alucomfort.be\/wp-content\/uploads\/Opslagkastje-Lithium-Batterij-11890.jpg\",\"datePublished\":\"2025-07-24T09:26:19+00:00\",\"dateModified\":\"2025-07-24T09:30:30+00:00\",\"description\":\"Armoire anti-feu et antid\u00e9flagrante pour le stockage passif de vos batteries lithium. Protection 60 min et technologie lockEX. Demandez votre devis.\",\"breadcrumb\":{\"@id\":\"https:\/\/www.alucomfort.be\/product\/opslagkastje-lithium-batterij-enkel-opslag\/#breadcrumb\"},\"inLanguage\":\"fr-FR\",\"potentialAction\":[{\"@type\":\"ReadAction\",\"target\":[\"https:\/\/www.alucomfort.be\/product\/opslagkastje-lithium-batterij-enkel-opslag\/\"]}]},{\"@type\":\"ImageObject\",\"inLanguage\":\"fr-FR\",\"@id\":\"https:\/\/www.alucomfort.be\/product\/opslagkastje-lithium-batterij-enkel-opslag\/#primaryimage\",\"url\":\"https:\/\/www.alucomfort.be\/wp-content\/uploads\/Opslagkastje-Lithium-Batterij-11890.jpg\",\"contentUrl\":\"https:\/\/www.alucomfort.be\/wp-content\/uploads\/Opslagkastje-Lithium-Batterij-11890.jpg\",\"width\":1920,\"height\":1309,\"caption\":\"Opslagkastje Lithium Batterij\"},{\"@type\":\"BreadcrumbList\",\"@id\":\"https:\/\/www.alucomfort.be\/product\/opslagkastje-lithium-batterij-enkel-opslag\/#breadcrumb\",\"itemListElement\":[{\"@type\":\"ListItem\",\"position\":1,\"name\":\"Home\",\"item\":\"https:\/\/www.alucomfort.be\/fr\/\"},{\"@type\":\"ListItem\",\"position\":2,\"name\":\"Producten\",\"item\":\"https:\/\/www.alucomfort.be\/producten\/\"},{\"@type\":\"ListItem\",\"position\":3,\"name\":\"Armoires anti-feu batteries lithium (stockage passif)\"}]},{\"@type\":\"WebSite\",\"@id\":\"https:\/\/www.alucomfort.be\/#website\",\"url\":\"https:\/\/www.alucomfort.be\/\",\"name\":\"Alu Comfort\",\"description\":\"\",\"potentialAction\":[{\"@type\":\"SearchAction\",\"target\":{\"@type\":\"EntryPoint\",\"urlTemplate\":\"https:\/\/www.alucomfort.be\/?s={search_term_string}\"},\"query-input\":{\"@type\":\"PropertyValueSpecification\",\"valueRequired\":true,\"valueName\":\"search_term_string\"}}],\"inLanguage\":\"fr-FR\"}]}<\/script>\n<!-- \/ Yoast SEO plugin. -->","yoast_head_json":{"title":"Armoire Anti-feu pour Stockage Batteries Lithium | Alu Comfort |","description":"Armoire anti-feu et antid\u00e9flagrante pour le stockage passif de vos batteries lithium. Protection 60 min et technologie lockEX. Demandez votre devis.","robots":{"index":"index","follow":"follow","max-snippet":"max-snippet:-1","max-image-preview":"max-image-preview:large","max-video-preview":"max-video-preview:-1"},"canonical":"https:\/\/www.alucomfort.be\/product\/opslagkastje-lithium-batterij-enkel-opslag\/","og_locale":"fr_FR","og_type":"article","og_title":"Armoire Anti-feu pour Stockage Batteries Lithium | Alu Comfort |","og_description":"Armoire anti-feu et antid\u00e9flagrante pour le stockage passif de vos batteries lithium. Protection 60 min et technologie lockEX. Demandez votre devis.","og_url":"https:\/\/www.alucomfort.be\/product\/opslagkastje-lithium-batterij-enkel-opslag\/","og_site_name":"Alu Comfort","article_modified_time":"2025-07-24T09:30:30+00:00","og_image":[{"width":1920,"height":1309,"url":"https:\/\/www.alucomfort.be\/wp-content\/uploads\/Opslagkastje-Lithium-Batterij-11890.jpg","type":"image\/jpeg"}],"twitter_card":"summary_large_image","twitter_misc":{"Dur\u00e9e de lecture estim\u00e9e":"1 minute"},"schema":{"@context":"https:\/\/schema.org","@graph":[{"@type":"WebPage","@id":"https:\/\/www.alucomfort.be\/product\/opslagkastje-lithium-batterij-enkel-opslag\/","url":"https:\/\/www.alucomfort.be\/product\/opslagkastje-lithium-batterij-enkel-opslag\/","name":"Armoire Anti-feu pour Stockage Batteries Lithium | Alu Comfort |","isPartOf":{"@id":"https:\/\/www.alucomfort.be\/#website"},"primaryImageOfPage":{"@id":"https:\/\/www.alucomfort.be\/product\/opslagkastje-lithium-batterij-enkel-opslag\/#primaryimage"},"image":{"@id":"https:\/\/www.alucomfort.be\/product\/opslagkastje-lithium-batterij-enkel-opslag\/#primaryimage"},"thumbnailUrl":"https:\/\/www.alucomfort.be\/wp-content\/uploads\/Opslagkastje-Lithium-Batterij-11890.jpg","datePublished":"2025-07-24T09:26:19+00:00","dateModified":"2025-07-24T09:30:30+00:00","description":"Armoire anti-feu et antid\u00e9flagrante pour le stockage passif de vos batteries lithium. Protection 60 min et technologie lockEX. Demandez votre devis.","breadcrumb":{"@id":"https:\/\/www.alucomfort.be\/product\/opslagkastje-lithium-batterij-enkel-opslag\/#breadcrumb"},"inLanguage":"fr-FR","potentialAction":[{"@type":"ReadAction","target":["https:\/\/www.alucomfort.be\/product\/opslagkastje-lithium-batterij-enkel-opslag\/"]}]},{"@type":"ImageObject","inLanguage":"fr-FR","@id":"https:\/\/www.alucomfort.be\/product\/opslagkastje-lithium-batterij-enkel-opslag\/#primaryimage","url":"https:\/\/www.alucomfort.be\/wp-content\/uploads\/Opslagkastje-Lithium-Batterij-11890.jpg","contentUrl":"https:\/\/www.alucomfort.be\/wp-content\/uploads\/Opslagkastje-Lithium-Batterij-11890.jpg","width":1920,"height":1309,"caption":"Opslagkastje Lithium Batterij"},{"@type":"BreadcrumbList","@id":"https:\/\/www.alucomfort.be\/product\/opslagkastje-lithium-batterij-enkel-opslag\/#breadcrumb","itemListElement":[{"@type":"ListItem","position":1,"name":"Home","item":"https:\/\/www.alucomfort.be\/fr\/"},{"@type":"ListItem","position":2,"name":"Producten","item":"https:\/\/www.alucomfort.be\/producten\/"},{"@type":"ListItem","position":3,"name":"Armoires anti-feu batteries lithium (stockage passif)"}]},{"@type":"WebSite","@id":"https:\/\/www.alucomfort.be\/#website","url":"https:\/\/www.alucomfort.be\/","name":"Alu Comfort","description":"","potentialAction":[{"@type":"SearchAction","target":{"@type":"EntryPoint","urlTemplate":"https:\/\/www.alucomfort.be\/?s={search_term_string}"},"query-input":{"@type":"PropertyValueSpecification","valueRequired":true,"valueName":"search_term_string"}}],"inLanguage":"fr-FR"}]}},"_links":{"self":[{"href":"https:\/\/www.alucomfort.be\/fr\/wp-json\/wp\/v2\/product\/225114","targetHints":{"allow":["GET"]}}],"collection":[{"href":"https:\/\/www.alucomfort.be\/fr\/wp-json\/wp\/v2\/product"}],"about":[{"href":"https:\/\/www.alucomfort.be\/fr\/wp-json\/wp\/v2\/types\/product"}],"wp:featuredmedia":[{"embeddable":true,"href":"https:\/\/www.alucomfort.be\/fr\/wp-json\/wp\/v2\/media\/225031"}],"wp:attachment":[{"href":"https:\/\/www.alucomfort.be\/fr\/wp-json\/wp\/v2\/media?parent=225114"}],"wp:term":[{"taxonomy":"product_brand","embeddable":true,"href":"https:\/\/www.alucomfort.be\/fr\/wp-json\/wp\/v2\/product_brand?post=225114"},{"taxonomy":"product_cat","embeddable":true,"href":"https:\/\/www.alucomfort.be\/fr\/wp-json\/wp\/v2\/product_cat?post=225114"},{"taxonomy":"product_tag","embeddable":true,"href":"https:\/\/www.alucomfort.be\/fr\/wp-json\/wp\/v2\/product_tag?post=225114"}],"curies":[{"name":"wp","href":"https:\/\/api.w.org\/{rel}","templated":true}]}}