

{"id":225187,"date":"2025-08-05T00:19:09","date_gmt":"2025-08-04T22:19:09","guid":{"rendered":"https:\/\/www.alucomfort.be\/product\/roule-fut\/"},"modified":"2025-09-09T01:13:07","modified_gmt":"2025-09-08T23:13:07","slug":"roule-fut","status":"publish","type":"product","link":"https:\/\/www.alucomfort.be\/fr\/product\/roule-fut\/","title":{"rendered":"Roule-f\u00fbt"},"content":{"rendered":"<p>* Construction robuste en acier, * 4 roulettes avec \u00d8 100 mm dont une avec arr\u00eat.<\/p>\n","protected":false},"excerpt":{"rendered":"<p>Transport facile de f\u00fbts juqu&rsquo;\u00e0 diam\u00e8tre 600 mm.<\/p>\n","protected":false},"featured_media":225166,"template":"","meta":{"_acf_changed":false},"product_brand":[],"product_cat":[2517],"product_tag":[],"class_list":{"0":"post-225187","1":"product","2":"type-product","3":"status-publish","4":"has-post-thumbnail","6":"product_cat-la-manutention-manuelle","8":"first","9":"outofstock","10":"taxable","11":"shipping-taxable","12":"purchasable","13":"product-type-variable"},"acf":[],"yoast_head":"<!-- This site is optimized with the Yoast SEO plugin v24.8.1 - https:\/\/yoast.com\/wordpress\/plugins\/seo\/ -->\n<title>D\u00e9couvrez nos roule-f\u00fbts ergonomiques | Alu Comfort | D\u00e9placez des f\u00fbts lourds sans effort!<\/title>\n<meta name=\"description\" content=\"D\u00e9placez des f\u00fbts lourds sans effort! D\u00e9couvrez nos roule-f\u00fbts ergonomiques. ? Commande en ligne s\u00e9curis\u00e9e.\" \/>\n<meta name=\"robots\" content=\"index, follow, max-snippet:-1, max-image-preview:large, max-video-preview:-1\" \/>\n<link rel=\"canonical\" href=\"https:\/\/www.alucomfort.be\/product\/vatenrolwagen\/\" \/>\n<meta property=\"og:locale\" content=\"fr_FR\" \/>\n<meta property=\"og:type\" content=\"article\" \/>\n<meta property=\"og:title\" content=\"D\u00e9couvrez nos roule-f\u00fbts ergonomiques | Alu Comfort | D\u00e9placez des f\u00fbts lourds sans effort!\" \/>\n<meta property=\"og:description\" content=\"D\u00e9placez des f\u00fbts lourds sans effort! D\u00e9couvrez nos roule-f\u00fbts ergonomiques. ? Commande en ligne s\u00e9curis\u00e9e.\" \/>\n<meta property=\"og:url\" content=\"https:\/\/www.alucomfort.be\/product\/vatenrolwagen\/\" \/>\n<meta property=\"og:site_name\" content=\"Alu Comfort\" \/>\n<meta property=\"article:modified_time\" content=\"2025-09-08T23:13:07+00:00\" \/>\n<meta property=\"og:image\" content=\"https:\/\/www.alucomfort.be\/wp-content\/uploads\/Chariots-pour-futs-FRW-I.jpg\" \/>\n\t<meta property=\"og:image:width\" content=\"1552\" \/>\n\t<meta property=\"og:image:height\" content=\"1122\" \/>\n\t<meta property=\"og:image:type\" content=\"image\/jpeg\" \/>\n<meta name=\"twitter:card\" content=\"summary_large_image\" \/>\n<script type=\"application\/ld+json\" class=\"yoast-schema-graph\">{\"@context\":\"https:\/\/schema.org\",\"@graph\":[{\"@type\":\"WebPage\",\"@id\":\"https:\/\/www.alucomfort.be\/product\/vatenrolwagen\/\",\"url\":\"https:\/\/www.alucomfort.be\/product\/vatenrolwagen\/\",\"name\":\"D\u00e9couvrez nos roule-f\u00fbts ergonomiques | Alu Comfort | D\u00e9placez des f\u00fbts lourds sans effort!\",\"isPartOf\":{\"@id\":\"https:\/\/www.alucomfort.be\/#website\"},\"primaryImageOfPage\":{\"@id\":\"https:\/\/www.alucomfort.be\/product\/vatenrolwagen\/#primaryimage\"},\"image\":{\"@id\":\"https:\/\/www.alucomfort.be\/product\/vatenrolwagen\/#primaryimage\"},\"thumbnailUrl\":\"https:\/\/www.alucomfort.be\/wp-content\/uploads\/Chariots-pour-futs-FRW-I.jpg\",\"datePublished\":\"2025-08-04T22:19:09+00:00\",\"dateModified\":\"2025-09-08T23:13:07+00:00\",\"description\":\"D\u00e9placez des f\u00fbts lourds sans effort! D\u00e9couvrez nos roule-f\u00fbts ergonomiques. ? Commande en ligne s\u00e9curis\u00e9e.\",\"breadcrumb\":{\"@id\":\"https:\/\/www.alucomfort.be\/product\/vatenrolwagen\/#breadcrumb\"},\"inLanguage\":\"fr-FR\",\"potentialAction\":[{\"@type\":\"ReadAction\",\"target\":[\"https:\/\/www.alucomfort.be\/product\/vatenrolwagen\/\"]}]},{\"@type\":\"ImageObject\",\"inLanguage\":\"fr-FR\",\"@id\":\"https:\/\/www.alucomfort.be\/product\/vatenrolwagen\/#primaryimage\",\"url\":\"https:\/\/www.alucomfort.be\/wp-content\/uploads\/Chariots-pour-futs-FRW-I.jpg\",\"contentUrl\":\"https:\/\/www.alucomfort.be\/wp-content\/uploads\/Chariots-pour-futs-FRW-I.jpg\",\"width\":1552,\"height\":1122,\"caption\":\"Chariots pour f\u00fbts_FRW-I\"},{\"@type\":\"BreadcrumbList\",\"@id\":\"https:\/\/www.alucomfort.be\/product\/vatenrolwagen\/#breadcrumb\",\"itemListElement\":[{\"@type\":\"ListItem\",\"position\":1,\"name\":\"Home\",\"item\":\"https:\/\/www.alucomfort.be\/fr\/\"},{\"@type\":\"ListItem\",\"position\":2,\"name\":\"Producten\",\"item\":\"https:\/\/www.alucomfort.be\/producten\/\"},{\"@type\":\"ListItem\",\"position\":3,\"name\":\"Roule-f\u00fbt\"}]},{\"@type\":\"WebSite\",\"@id\":\"https:\/\/www.alucomfort.be\/#website\",\"url\":\"https:\/\/www.alucomfort.be\/\",\"name\":\"Alu Comfort\",\"description\":\"\",\"potentialAction\":[{\"@type\":\"SearchAction\",\"target\":{\"@type\":\"EntryPoint\",\"urlTemplate\":\"https:\/\/www.alucomfort.be\/?s={search_term_string}\"},\"query-input\":{\"@type\":\"PropertyValueSpecification\",\"valueRequired\":true,\"valueName\":\"search_term_string\"}}],\"inLanguage\":\"fr-FR\"}]}<\/script>\n<!-- \/ Yoast SEO plugin. -->","yoast_head_json":{"title":"D\u00e9couvrez nos roule-f\u00fbts ergonomiques | Alu Comfort | D\u00e9placez des f\u00fbts lourds sans effort!","description":"D\u00e9placez des f\u00fbts lourds sans effort! D\u00e9couvrez nos roule-f\u00fbts ergonomiques. ? Commande en ligne s\u00e9curis\u00e9e.","robots":{"index":"index","follow":"follow","max-snippet":"max-snippet:-1","max-image-preview":"max-image-preview:large","max-video-preview":"max-video-preview:-1"},"canonical":"https:\/\/www.alucomfort.be\/product\/vatenrolwagen\/","og_locale":"fr_FR","og_type":"article","og_title":"D\u00e9couvrez nos roule-f\u00fbts ergonomiques | Alu Comfort | D\u00e9placez des f\u00fbts lourds sans effort!","og_description":"D\u00e9placez des f\u00fbts lourds sans effort! D\u00e9couvrez nos roule-f\u00fbts ergonomiques. ? Commande en ligne s\u00e9curis\u00e9e.","og_url":"https:\/\/www.alucomfort.be\/product\/vatenrolwagen\/","og_site_name":"Alu Comfort","article_modified_time":"2025-09-08T23:13:07+00:00","og_image":[{"width":1552,"height":1122,"url":"https:\/\/www.alucomfort.be\/wp-content\/uploads\/Chariots-pour-futs-FRW-I.jpg","type":"image\/jpeg"}],"twitter_card":"summary_large_image","schema":{"@context":"https:\/\/schema.org","@graph":[{"@type":"WebPage","@id":"https:\/\/www.alucomfort.be\/product\/vatenrolwagen\/","url":"https:\/\/www.alucomfort.be\/product\/vatenrolwagen\/","name":"D\u00e9couvrez nos roule-f\u00fbts ergonomiques | Alu Comfort | D\u00e9placez des f\u00fbts lourds sans effort!","isPartOf":{"@id":"https:\/\/www.alucomfort.be\/#website"},"primaryImageOfPage":{"@id":"https:\/\/www.alucomfort.be\/product\/vatenrolwagen\/#primaryimage"},"image":{"@id":"https:\/\/www.alucomfort.be\/product\/vatenrolwagen\/#primaryimage"},"thumbnailUrl":"https:\/\/www.alucomfort.be\/wp-content\/uploads\/Chariots-pour-futs-FRW-I.jpg","datePublished":"2025-08-04T22:19:09+00:00","dateModified":"2025-09-08T23:13:07+00:00","description":"D\u00e9placez des f\u00fbts lourds sans effort! D\u00e9couvrez nos roule-f\u00fbts ergonomiques. ? Commande en ligne s\u00e9curis\u00e9e.","breadcrumb":{"@id":"https:\/\/www.alucomfort.be\/product\/vatenrolwagen\/#breadcrumb"},"inLanguage":"fr-FR","potentialAction":[{"@type":"ReadAction","target":["https:\/\/www.alucomfort.be\/product\/vatenrolwagen\/"]}]},{"@type":"ImageObject","inLanguage":"fr-FR","@id":"https:\/\/www.alucomfort.be\/product\/vatenrolwagen\/#primaryimage","url":"https:\/\/www.alucomfort.be\/wp-content\/uploads\/Chariots-pour-futs-FRW-I.jpg","contentUrl":"https:\/\/www.alucomfort.be\/wp-content\/uploads\/Chariots-pour-futs-FRW-I.jpg","width":1552,"height":1122,"caption":"Chariots pour f\u00fbts_FRW-I"},{"@type":"BreadcrumbList","@id":"https:\/\/www.alucomfort.be\/product\/vatenrolwagen\/#breadcrumb","itemListElement":[{"@type":"ListItem","position":1,"name":"Home","item":"https:\/\/www.alucomfort.be\/fr\/"},{"@type":"ListItem","position":2,"name":"Producten","item":"https:\/\/www.alucomfort.be\/producten\/"},{"@type":"ListItem","position":3,"name":"Roule-f\u00fbt"}]},{"@type":"WebSite","@id":"https:\/\/www.alucomfort.be\/#website","url":"https:\/\/www.alucomfort.be\/","name":"Alu Comfort","description":"","potentialAction":[{"@type":"SearchAction","target":{"@type":"EntryPoint","urlTemplate":"https:\/\/www.alucomfort.be\/?s={search_term_string}"},"query-input":{"@type":"PropertyValueSpecification","valueRequired":true,"valueName":"search_term_string"}}],"inLanguage":"fr-FR"}]}},"_links":{"self":[{"href":"https:\/\/www.alucomfort.be\/fr\/wp-json\/wp\/v2\/product\/225187","targetHints":{"allow":["GET"]}}],"collection":[{"href":"https:\/\/www.alucomfort.be\/fr\/wp-json\/wp\/v2\/product"}],"about":[{"href":"https:\/\/www.alucomfort.be\/fr\/wp-json\/wp\/v2\/types\/product"}],"wp:featuredmedia":[{"embeddable":true,"href":"https:\/\/www.alucomfort.be\/fr\/wp-json\/wp\/v2\/media\/225166"}],"wp:attachment":[{"href":"https:\/\/www.alucomfort.be\/fr\/wp-json\/wp\/v2\/media?parent=225187"}],"wp:term":[{"taxonomy":"product_brand","embeddable":true,"href":"https:\/\/www.alucomfort.be\/fr\/wp-json\/wp\/v2\/product_brand?post=225187"},{"taxonomy":"product_cat","embeddable":true,"href":"https:\/\/www.alucomfort.be\/fr\/wp-json\/wp\/v2\/product_cat?post=225187"},{"taxonomy":"product_tag","embeddable":true,"href":"https:\/\/www.alucomfort.be\/fr\/wp-json\/wp\/v2\/product_tag?post=225187"}],"curies":[{"name":"wp","href":"https:\/\/api.w.org\/{rel}","templated":true}]}}