

{"id":225277,"date":"2025-08-08T01:28:51","date_gmt":"2025-08-07T23:28:51","guid":{"rendered":"https:\/\/www.alucomfort.be\/product\/palette-a-futs-2-x-200-l\/"},"modified":"2025-09-09T01:03:12","modified_gmt":"2025-09-08T23:03:12","slug":"palette-a-futs-2-x-200-l","status":"publish","type":"product","link":"https:\/\/www.alucomfort.be\/fr\/product\/palette-a-futs-2-x-200-l\/","title":{"rendered":"Palette \u00e0 f\u00fbts &#8211; 2 x 200 l"},"content":{"rendered":"<p>* 3 versions: Ouvert sur les c\u00f4t\u00e9s, avec panneau de protection trilat\u00e9ral ou avec parois grillag\u00e9es, * Construction en t\u00f4le d&rsquo;acier de 3 mm, * Caillebotis galvanis\u00e9 (charge admissible 1000 kg\/m\u00b2), * Garde au sol de 100 mm, * Coins d&#8217;empilage avec \u009cillets de levage, * Superposable sur 3 hauteurs, * Cha\u00eene de s\u00e9curit\u00e9.<\/p>\n","protected":false},"excerpt":{"rendered":"<p>Racks \u00e0 F\u00fbts.  Stocker, transporter et empiler des f\u00fbts avec chariot \u00e9l\u00e9vateur ou transpalette.<\/p>\n","protected":false},"featured_media":225226,"template":"","meta":{"_acf_changed":false},"product_brand":[],"product_cat":[9353],"product_tag":[],"class_list":{"0":"post-225277","1":"product","2":"type-product","3":"status-publish","4":"has-post-thumbnail","6":"product_cat-palette-a-futs","8":"first","9":"outofstock","10":"taxable","11":"shipping-taxable","12":"purchasable","13":"product-type-variable"},"acf":[],"yoast_head":"<!-- This site is optimized with the Yoast SEO plugin v24.8.1 - https:\/\/yoast.com\/wordpress\/plugins\/seo\/ -->\n<title>Bacs de R\u00e9tention Gerbables pour F\u00fbts | Alu Comfort |<\/title>\n<meta name=\"description\" content=\"Garantissez un stockage s\u00fbr pour liquides dangereux avec nos racks \u00e0 f\u00fbts. Conformes GHS et avec bac de r\u00e9tention 100% \u00e9tanche. Disponible chez Alu Comfort.\" \/>\n<meta name=\"robots\" content=\"index, follow, max-snippet:-1, max-image-preview:large, max-video-preview:-1\" \/>\n<link rel=\"canonical\" href=\"https:\/\/www.alucomfort.be\/product\/stapelpallet-voor-vaten-2-x-200-l-vaten\/\" \/>\n<meta property=\"og:locale\" content=\"fr_FR\" \/>\n<meta property=\"og:type\" content=\"article\" \/>\n<meta property=\"og:title\" content=\"Bacs de R\u00e9tention Gerbables pour F\u00fbts | Alu Comfort |\" \/>\n<meta property=\"og:description\" content=\"Garantissez un stockage s\u00fbr pour liquides dangereux avec nos racks \u00e0 f\u00fbts. Conformes GHS et avec bac de r\u00e9tention 100% \u00e9tanche. Disponible chez Alu Comfort.\" \/>\n<meta property=\"og:url\" content=\"https:\/\/www.alucomfort.be\/product\/stapelpallet-voor-vaten-2-x-200-l-vaten\/\" \/>\n<meta property=\"og:site_name\" content=\"Alu Comfort\" \/>\n<meta property=\"article:modified_time\" content=\"2025-09-08T23:03:12+00:00\" \/>\n<meta property=\"og:image\" content=\"https:\/\/www.alucomfort.be\/wp-content\/uploads\/Vatenracks-BR-FSP-2.jpg\" \/>\n\t<meta property=\"og:image:width\" content=\"1722\" \/>\n\t<meta property=\"og:image:height\" content=\"3454\" \/>\n\t<meta property=\"og:image:type\" content=\"image\/jpeg\" \/>\n<meta name=\"twitter:card\" content=\"summary_large_image\" \/>\n<script type=\"application\/ld+json\" class=\"yoast-schema-graph\">{\"@context\":\"https:\/\/schema.org\",\"@graph\":[{\"@type\":\"WebPage\",\"@id\":\"https:\/\/www.alucomfort.be\/product\/stapelpallet-voor-vaten-2-x-200-l-vaten\/\",\"url\":\"https:\/\/www.alucomfort.be\/product\/stapelpallet-voor-vaten-2-x-200-l-vaten\/\",\"name\":\"Bacs de R\u00e9tention Gerbables pour F\u00fbts | Alu Comfort |\",\"isPartOf\":{\"@id\":\"https:\/\/www.alucomfort.be\/#website\"},\"primaryImageOfPage\":{\"@id\":\"https:\/\/www.alucomfort.be\/product\/stapelpallet-voor-vaten-2-x-200-l-vaten\/#primaryimage\"},\"image\":{\"@id\":\"https:\/\/www.alucomfort.be\/product\/stapelpallet-voor-vaten-2-x-200-l-vaten\/#primaryimage\"},\"thumbnailUrl\":\"https:\/\/www.alucomfort.be\/wp-content\/uploads\/Rack-a-futs-BR-FSP-5.jpg\",\"datePublished\":\"2025-08-07T23:28:51+00:00\",\"dateModified\":\"2025-09-08T23:03:12+00:00\",\"description\":\"Garantissez un stockage s\u00fbr pour liquides dangereux avec nos racks \u00e0 f\u00fbts. Conformes GHS et avec bac de r\u00e9tention 100% \u00e9tanche. Disponible chez Alu Comfort.\",\"breadcrumb\":{\"@id\":\"https:\/\/www.alucomfort.be\/product\/stapelpallet-voor-vaten-2-x-200-l-vaten\/#breadcrumb\"},\"inLanguage\":\"fr-FR\",\"potentialAction\":[{\"@type\":\"ReadAction\",\"target\":[\"https:\/\/www.alucomfort.be\/product\/stapelpallet-voor-vaten-2-x-200-l-vaten\/\"]}]},{\"@type\":\"ImageObject\",\"inLanguage\":\"fr-FR\",\"@id\":\"https:\/\/www.alucomfort.be\/product\/stapelpallet-voor-vaten-2-x-200-l-vaten\/#primaryimage\",\"url\":\"https:\/\/www.alucomfort.be\/wp-content\/uploads\/Rack-a-futs-BR-FSP-5.jpg\",\"contentUrl\":\"https:\/\/www.alucomfort.be\/wp-content\/uploads\/Rack-a-futs-BR-FSP-5.jpg\",\"width\":1744,\"height\":1329,\"caption\":\"OLYMPUS DIGITAL CAMERA\"},{\"@type\":\"BreadcrumbList\",\"@id\":\"https:\/\/www.alucomfort.be\/product\/stapelpallet-voor-vaten-2-x-200-l-vaten\/#breadcrumb\",\"itemListElement\":[{\"@type\":\"ListItem\",\"position\":1,\"name\":\"Home\",\"item\":\"https:\/\/www.alucomfort.be\/fr\/\"},{\"@type\":\"ListItem\",\"position\":2,\"name\":\"Producten\",\"item\":\"https:\/\/www.alucomfort.be\/producten\/\"},{\"@type\":\"ListItem\",\"position\":3,\"name\":\"Palette \u00e0 f\u00fbts &#8211; 2 x 200 l\"}]},{\"@type\":\"WebSite\",\"@id\":\"https:\/\/www.alucomfort.be\/#website\",\"url\":\"https:\/\/www.alucomfort.be\/\",\"name\":\"Alu Comfort\",\"description\":\"\",\"potentialAction\":[{\"@type\":\"SearchAction\",\"target\":{\"@type\":\"EntryPoint\",\"urlTemplate\":\"https:\/\/www.alucomfort.be\/?s={search_term_string}\"},\"query-input\":{\"@type\":\"PropertyValueSpecification\",\"valueRequired\":true,\"valueName\":\"search_term_string\"}}],\"inLanguage\":\"fr-FR\"}]}<\/script>\n<!-- \/ Yoast SEO plugin. -->","yoast_head_json":{"title":"Bacs de R\u00e9tention Gerbables pour F\u00fbts | Alu Comfort |","description":"Garantissez un stockage s\u00fbr pour liquides dangereux avec nos racks \u00e0 f\u00fbts. Conformes GHS et avec bac de r\u00e9tention 100% \u00e9tanche. Disponible chez Alu Comfort.","robots":{"index":"index","follow":"follow","max-snippet":"max-snippet:-1","max-image-preview":"max-image-preview:large","max-video-preview":"max-video-preview:-1"},"canonical":"https:\/\/www.alucomfort.be\/product\/stapelpallet-voor-vaten-2-x-200-l-vaten\/","og_locale":"fr_FR","og_type":"article","og_title":"Bacs de R\u00e9tention Gerbables pour F\u00fbts | Alu Comfort |","og_description":"Garantissez un stockage s\u00fbr pour liquides dangereux avec nos racks \u00e0 f\u00fbts. Conformes GHS et avec bac de r\u00e9tention 100% \u00e9tanche. Disponible chez Alu Comfort.","og_url":"https:\/\/www.alucomfort.be\/product\/stapelpallet-voor-vaten-2-x-200-l-vaten\/","og_site_name":"Alu Comfort","article_modified_time":"2025-09-08T23:03:12+00:00","og_image":[{"width":1722,"height":3454,"url":"https:\/\/www.alucomfort.be\/wp-content\/uploads\/Vatenracks-BR-FSP-2.jpg","type":"image\/jpeg"}],"twitter_card":"summary_large_image","schema":{"@context":"https:\/\/schema.org","@graph":[{"@type":"WebPage","@id":"https:\/\/www.alucomfort.be\/product\/stapelpallet-voor-vaten-2-x-200-l-vaten\/","url":"https:\/\/www.alucomfort.be\/product\/stapelpallet-voor-vaten-2-x-200-l-vaten\/","name":"Bacs de R\u00e9tention Gerbables pour F\u00fbts | Alu Comfort |","isPartOf":{"@id":"https:\/\/www.alucomfort.be\/#website"},"primaryImageOfPage":{"@id":"https:\/\/www.alucomfort.be\/product\/stapelpallet-voor-vaten-2-x-200-l-vaten\/#primaryimage"},"image":{"@id":"https:\/\/www.alucomfort.be\/product\/stapelpallet-voor-vaten-2-x-200-l-vaten\/#primaryimage"},"thumbnailUrl":"https:\/\/www.alucomfort.be\/wp-content\/uploads\/Rack-a-futs-BR-FSP-5.jpg","datePublished":"2025-08-07T23:28:51+00:00","dateModified":"2025-09-08T23:03:12+00:00","description":"Garantissez un stockage s\u00fbr pour liquides dangereux avec nos racks \u00e0 f\u00fbts. Conformes GHS et avec bac de r\u00e9tention 100% \u00e9tanche. Disponible chez Alu Comfort.","breadcrumb":{"@id":"https:\/\/www.alucomfort.be\/product\/stapelpallet-voor-vaten-2-x-200-l-vaten\/#breadcrumb"},"inLanguage":"fr-FR","potentialAction":[{"@type":"ReadAction","target":["https:\/\/www.alucomfort.be\/product\/stapelpallet-voor-vaten-2-x-200-l-vaten\/"]}]},{"@type":"ImageObject","inLanguage":"fr-FR","@id":"https:\/\/www.alucomfort.be\/product\/stapelpallet-voor-vaten-2-x-200-l-vaten\/#primaryimage","url":"https:\/\/www.alucomfort.be\/wp-content\/uploads\/Rack-a-futs-BR-FSP-5.jpg","contentUrl":"https:\/\/www.alucomfort.be\/wp-content\/uploads\/Rack-a-futs-BR-FSP-5.jpg","width":1744,"height":1329,"caption":"OLYMPUS DIGITAL CAMERA"},{"@type":"BreadcrumbList","@id":"https:\/\/www.alucomfort.be\/product\/stapelpallet-voor-vaten-2-x-200-l-vaten\/#breadcrumb","itemListElement":[{"@type":"ListItem","position":1,"name":"Home","item":"https:\/\/www.alucomfort.be\/fr\/"},{"@type":"ListItem","position":2,"name":"Producten","item":"https:\/\/www.alucomfort.be\/producten\/"},{"@type":"ListItem","position":3,"name":"Palette \u00e0 f\u00fbts &#8211; 2 x 200 l"}]},{"@type":"WebSite","@id":"https:\/\/www.alucomfort.be\/#website","url":"https:\/\/www.alucomfort.be\/","name":"Alu Comfort","description":"","potentialAction":[{"@type":"SearchAction","target":{"@type":"EntryPoint","urlTemplate":"https:\/\/www.alucomfort.be\/?s={search_term_string}"},"query-input":{"@type":"PropertyValueSpecification","valueRequired":true,"valueName":"search_term_string"}}],"inLanguage":"fr-FR"}]}},"_links":{"self":[{"href":"https:\/\/www.alucomfort.be\/fr\/wp-json\/wp\/v2\/product\/225277","targetHints":{"allow":["GET"]}}],"collection":[{"href":"https:\/\/www.alucomfort.be\/fr\/wp-json\/wp\/v2\/product"}],"about":[{"href":"https:\/\/www.alucomfort.be\/fr\/wp-json\/wp\/v2\/types\/product"}],"wp:featuredmedia":[{"embeddable":true,"href":"https:\/\/www.alucomfort.be\/fr\/wp-json\/wp\/v2\/media\/225226"}],"wp:attachment":[{"href":"https:\/\/www.alucomfort.be\/fr\/wp-json\/wp\/v2\/media?parent=225277"}],"wp:term":[{"taxonomy":"product_brand","embeddable":true,"href":"https:\/\/www.alucomfort.be\/fr\/wp-json\/wp\/v2\/product_brand?post=225277"},{"taxonomy":"product_cat","embeddable":true,"href":"https:\/\/www.alucomfort.be\/fr\/wp-json\/wp\/v2\/product_cat?post=225277"},{"taxonomy":"product_tag","embeddable":true,"href":"https:\/\/www.alucomfort.be\/fr\/wp-json\/wp\/v2\/product_tag?post=225277"}],"curies":[{"name":"wp","href":"https:\/\/api.w.org\/{rel}","templated":true}]}}