

{"id":225517,"date":"2025-09-09T18:59:13","date_gmt":"2025-09-09T16:59:13","guid":{"rendered":"https:\/\/www.alucomfort.be\/product\/basculeur-pour-futs-plastiques-et-metalliques\/"},"modified":"2025-09-09T22:05:00","modified_gmt":"2025-09-09T20:05:00","slug":"basculeur-pour-futs-plastiques-et-metalliques","status":"publish","type":"product","link":"https:\/\/www.alucomfort.be\/fr\/product\/basculeur-pour-futs-plastiques-et-metalliques\/","title":{"rendered":"Basculeur pour f\u00fbts plastiques et m\u00e9talliques"},"content":{"rendered":"<p>* Ch\u00e2ssis robuste et stable avec fourreaux pour fourches, * S\u00e9curit\u00e9 anti-glissement, * Plage de rotation 360\u00b0, * Manutentionnable par chariot \u00e9l\u00e9vateur ou par grue.<\/p>\n","protected":false},"excerpt":{"rendered":"<p>Saisir, transporter et basculer les f\u00fbts aussi bien plastiques que m\u00e9talliques<\/p>\n","protected":false},"featured_media":225514,"template":"","meta":{"_acf_changed":false},"product_brand":[],"product_cat":[2513],"product_tag":[],"class_list":{"0":"post-225517","1":"product","2":"type-product","3":"status-publish","4":"has-post-thumbnail","6":"product_cat-manutention-de-futs-plastiques","8":"first","9":"outofstock","10":"taxable","11":"shipping-taxable","12":"purchasable","13":"product-type-variable"},"acf":[],"yoast_head":"<!-- This site is optimized with the Yoast SEO plugin v24.8.1 - https:\/\/yoast.com\/wordpress\/plugins\/seo\/ -->\n<title>Pince \u00e0 F\u00fbts Plastiques | Alu Comfort | S\u00e9curit\u00e9<\/title>\n<meta name=\"description\" content=\"\u00c9vitez les accidents. Nos pinces \u00e0 f\u00fbts sont con\u00e7ues pour la manutention s\u00e9curis\u00e9e de vos f\u00fbts plastiques. Disponible chez Alu Comfort.\" \/>\n<meta name=\"robots\" content=\"index, follow, max-snippet:-1, max-image-preview:large, max-video-preview:-1\" \/>\n<link rel=\"canonical\" href=\"https:\/\/www.alucomfort.be\/product\/vatenkieper-voor-kunststof-en-metalen-vaten\/\" \/>\n<meta property=\"og:locale\" content=\"fr_FR\" \/>\n<meta property=\"og:type\" content=\"article\" \/>\n<meta property=\"og:title\" content=\"Pince \u00e0 F\u00fbts Plastiques | Alu Comfort | S\u00e9curit\u00e9\" \/>\n<meta property=\"og:description\" content=\"\u00c9vitez les accidents. Nos pinces \u00e0 f\u00fbts sont con\u00e7ues pour la manutention s\u00e9curis\u00e9e de vos f\u00fbts plastiques. Disponible chez Alu Comfort.\" \/>\n<meta property=\"og:url\" content=\"https:\/\/www.alucomfort.be\/product\/vatenkieper-voor-kunststof-en-metalen-vaten\/\" \/>\n<meta property=\"og:site_name\" content=\"Alu Comfort\" \/>\n<meta property=\"article:modified_time\" content=\"2025-09-09T20:05:00+00:00\" \/>\n<meta property=\"og:image\" content=\"https:\/\/www.alucomfort.be\/wp-content\/uploads\/Vatenkantelaar-Heftruck-en-Kraan-BR-FLEX-HK.jpg\" \/>\n\t<meta property=\"og:image:width\" content=\"1560\" \/>\n\t<meta property=\"og:image:height\" content=\"1324\" \/>\n\t<meta property=\"og:image:type\" content=\"image\/jpeg\" \/>\n<meta name=\"twitter:card\" content=\"summary_large_image\" \/>\n<script type=\"application\/ld+json\" class=\"yoast-schema-graph\">{\"@context\":\"https:\/\/schema.org\",\"@graph\":[{\"@type\":\"WebPage\",\"@id\":\"https:\/\/www.alucomfort.be\/product\/vatenkieper-voor-kunststof-en-metalen-vaten\/\",\"url\":\"https:\/\/www.alucomfort.be\/product\/vatenkieper-voor-kunststof-en-metalen-vaten\/\",\"name\":\"Pince \u00e0 F\u00fbts Plastiques | Alu Comfort | S\u00e9curit\u00e9\",\"isPartOf\":{\"@id\":\"https:\/\/www.alucomfort.be\/#website\"},\"primaryImageOfPage\":{\"@id\":\"https:\/\/www.alucomfort.be\/product\/vatenkieper-voor-kunststof-en-metalen-vaten\/#primaryimage\"},\"image\":{\"@id\":\"https:\/\/www.alucomfort.be\/product\/vatenkieper-voor-kunststof-en-metalen-vaten\/#primaryimage\"},\"thumbnailUrl\":\"https:\/\/www.alucomfort.be\/wp-content\/uploads\/Vatenkantelaar-Heftruck-en-Kraan-BR-FLEX-HK.jpg\",\"datePublished\":\"2025-09-09T16:59:13+00:00\",\"dateModified\":\"2025-09-09T20:05:00+00:00\",\"description\":\"\u00c9vitez les accidents. Nos pinces \u00e0 f\u00fbts sont con\u00e7ues pour la manutention s\u00e9curis\u00e9e de vos f\u00fbts plastiques. Disponible chez Alu Comfort.\",\"breadcrumb\":{\"@id\":\"https:\/\/www.alucomfort.be\/product\/vatenkieper-voor-kunststof-en-metalen-vaten\/#breadcrumb\"},\"inLanguage\":\"fr-FR\",\"potentialAction\":[{\"@type\":\"ReadAction\",\"target\":[\"https:\/\/www.alucomfort.be\/product\/vatenkieper-voor-kunststof-en-metalen-vaten\/\"]}]},{\"@type\":\"ImageObject\",\"inLanguage\":\"fr-FR\",\"@id\":\"https:\/\/www.alucomfort.be\/product\/vatenkieper-voor-kunststof-en-metalen-vaten\/#primaryimage\",\"url\":\"https:\/\/www.alucomfort.be\/wp-content\/uploads\/Vatenkantelaar-Heftruck-en-Kraan-BR-FLEX-HK.jpg\",\"contentUrl\":\"https:\/\/www.alucomfort.be\/wp-content\/uploads\/Vatenkantelaar-Heftruck-en-Kraan-BR-FLEX-HK.jpg\",\"width\":1560,\"height\":1324,\"caption\":\"OLYMPUS DIGITAL CAMERA\"},{\"@type\":\"BreadcrumbList\",\"@id\":\"https:\/\/www.alucomfort.be\/product\/vatenkieper-voor-kunststof-en-metalen-vaten\/#breadcrumb\",\"itemListElement\":[{\"@type\":\"ListItem\",\"position\":1,\"name\":\"Home\",\"item\":\"https:\/\/www.alucomfort.be\/fr\/\"},{\"@type\":\"ListItem\",\"position\":2,\"name\":\"Producten\",\"item\":\"https:\/\/www.alucomfort.be\/producten\/\"},{\"@type\":\"ListItem\",\"position\":3,\"name\":\"Basculeur pour f\u00fbts plastiques et m\u00e9talliques\"}]},{\"@type\":\"WebSite\",\"@id\":\"https:\/\/www.alucomfort.be\/#website\",\"url\":\"https:\/\/www.alucomfort.be\/\",\"name\":\"Alu Comfort\",\"description\":\"\",\"potentialAction\":[{\"@type\":\"SearchAction\",\"target\":{\"@type\":\"EntryPoint\",\"urlTemplate\":\"https:\/\/www.alucomfort.be\/?s={search_term_string}\"},\"query-input\":{\"@type\":\"PropertyValueSpecification\",\"valueRequired\":true,\"valueName\":\"search_term_string\"}}],\"inLanguage\":\"fr-FR\"}]}<\/script>\n<!-- \/ Yoast SEO plugin. -->","yoast_head_json":{"title":"Pince \u00e0 F\u00fbts Plastiques | Alu Comfort | S\u00e9curit\u00e9","description":"\u00c9vitez les accidents. Nos pinces \u00e0 f\u00fbts sont con\u00e7ues pour la manutention s\u00e9curis\u00e9e de vos f\u00fbts plastiques. Disponible chez Alu Comfort.","robots":{"index":"index","follow":"follow","max-snippet":"max-snippet:-1","max-image-preview":"max-image-preview:large","max-video-preview":"max-video-preview:-1"},"canonical":"https:\/\/www.alucomfort.be\/product\/vatenkieper-voor-kunststof-en-metalen-vaten\/","og_locale":"fr_FR","og_type":"article","og_title":"Pince \u00e0 F\u00fbts Plastiques | Alu Comfort | S\u00e9curit\u00e9","og_description":"\u00c9vitez les accidents. Nos pinces \u00e0 f\u00fbts sont con\u00e7ues pour la manutention s\u00e9curis\u00e9e de vos f\u00fbts plastiques. Disponible chez Alu Comfort.","og_url":"https:\/\/www.alucomfort.be\/product\/vatenkieper-voor-kunststof-en-metalen-vaten\/","og_site_name":"Alu Comfort","article_modified_time":"2025-09-09T20:05:00+00:00","og_image":[{"width":1560,"height":1324,"url":"https:\/\/www.alucomfort.be\/wp-content\/uploads\/Vatenkantelaar-Heftruck-en-Kraan-BR-FLEX-HK.jpg","type":"image\/jpeg"}],"twitter_card":"summary_large_image","schema":{"@context":"https:\/\/schema.org","@graph":[{"@type":"WebPage","@id":"https:\/\/www.alucomfort.be\/product\/vatenkieper-voor-kunststof-en-metalen-vaten\/","url":"https:\/\/www.alucomfort.be\/product\/vatenkieper-voor-kunststof-en-metalen-vaten\/","name":"Pince \u00e0 F\u00fbts Plastiques | Alu Comfort | S\u00e9curit\u00e9","isPartOf":{"@id":"https:\/\/www.alucomfort.be\/#website"},"primaryImageOfPage":{"@id":"https:\/\/www.alucomfort.be\/product\/vatenkieper-voor-kunststof-en-metalen-vaten\/#primaryimage"},"image":{"@id":"https:\/\/www.alucomfort.be\/product\/vatenkieper-voor-kunststof-en-metalen-vaten\/#primaryimage"},"thumbnailUrl":"https:\/\/www.alucomfort.be\/wp-content\/uploads\/Vatenkantelaar-Heftruck-en-Kraan-BR-FLEX-HK.jpg","datePublished":"2025-09-09T16:59:13+00:00","dateModified":"2025-09-09T20:05:00+00:00","description":"\u00c9vitez les accidents. Nos pinces \u00e0 f\u00fbts sont con\u00e7ues pour la manutention s\u00e9curis\u00e9e de vos f\u00fbts plastiques. Disponible chez Alu Comfort.","breadcrumb":{"@id":"https:\/\/www.alucomfort.be\/product\/vatenkieper-voor-kunststof-en-metalen-vaten\/#breadcrumb"},"inLanguage":"fr-FR","potentialAction":[{"@type":"ReadAction","target":["https:\/\/www.alucomfort.be\/product\/vatenkieper-voor-kunststof-en-metalen-vaten\/"]}]},{"@type":"ImageObject","inLanguage":"fr-FR","@id":"https:\/\/www.alucomfort.be\/product\/vatenkieper-voor-kunststof-en-metalen-vaten\/#primaryimage","url":"https:\/\/www.alucomfort.be\/wp-content\/uploads\/Vatenkantelaar-Heftruck-en-Kraan-BR-FLEX-HK.jpg","contentUrl":"https:\/\/www.alucomfort.be\/wp-content\/uploads\/Vatenkantelaar-Heftruck-en-Kraan-BR-FLEX-HK.jpg","width":1560,"height":1324,"caption":"OLYMPUS DIGITAL CAMERA"},{"@type":"BreadcrumbList","@id":"https:\/\/www.alucomfort.be\/product\/vatenkieper-voor-kunststof-en-metalen-vaten\/#breadcrumb","itemListElement":[{"@type":"ListItem","position":1,"name":"Home","item":"https:\/\/www.alucomfort.be\/fr\/"},{"@type":"ListItem","position":2,"name":"Producten","item":"https:\/\/www.alucomfort.be\/producten\/"},{"@type":"ListItem","position":3,"name":"Basculeur pour f\u00fbts plastiques et m\u00e9talliques"}]},{"@type":"WebSite","@id":"https:\/\/www.alucomfort.be\/#website","url":"https:\/\/www.alucomfort.be\/","name":"Alu Comfort","description":"","potentialAction":[{"@type":"SearchAction","target":{"@type":"EntryPoint","urlTemplate":"https:\/\/www.alucomfort.be\/?s={search_term_string}"},"query-input":{"@type":"PropertyValueSpecification","valueRequired":true,"valueName":"search_term_string"}}],"inLanguage":"fr-FR"}]}},"_links":{"self":[{"href":"https:\/\/www.alucomfort.be\/fr\/wp-json\/wp\/v2\/product\/225517","targetHints":{"allow":["GET"]}}],"collection":[{"href":"https:\/\/www.alucomfort.be\/fr\/wp-json\/wp\/v2\/product"}],"about":[{"href":"https:\/\/www.alucomfort.be\/fr\/wp-json\/wp\/v2\/types\/product"}],"wp:featuredmedia":[{"embeddable":true,"href":"https:\/\/www.alucomfort.be\/fr\/wp-json\/wp\/v2\/media\/225514"}],"wp:attachment":[{"href":"https:\/\/www.alucomfort.be\/fr\/wp-json\/wp\/v2\/media?parent=225517"}],"wp:term":[{"taxonomy":"product_brand","embeddable":true,"href":"https:\/\/www.alucomfort.be\/fr\/wp-json\/wp\/v2\/product_brand?post=225517"},{"taxonomy":"product_cat","embeddable":true,"href":"https:\/\/www.alucomfort.be\/fr\/wp-json\/wp\/v2\/product_cat?post=225517"},{"taxonomy":"product_tag","embeddable":true,"href":"https:\/\/www.alucomfort.be\/fr\/wp-json\/wp\/v2\/product_tag?post=225517"}],"curies":[{"name":"wp","href":"https:\/\/api.w.org\/{rel}","templated":true}]}}