

{"id":225690,"date":"2025-10-16T15:58:44","date_gmt":"2025-10-16T13:58:44","guid":{"rendered":"https:\/\/www.alucomfort.be\/product\/nacelle-de-travail-pour-grue\/"},"modified":"2025-10-16T15:58:44","modified_gmt":"2025-10-16T13:58:44","slug":"nacelle-de-travail-pour-grue","status":"publish","type":"product","link":"https:\/\/www.alucomfort.be\/fr\/product\/nacelle-de-travail-pour-grue\/","title":{"rendered":"Nacelle de travail pour grue"},"content":{"rendered":"<p>* Panier de levage pour grue pour grue, * Pour la Belgique: option obligatoire porte \u00e0 fermeture automatique, * Finition RAL2000 Orange, * Avec caisse \u00e0 outils, * Autoris\u00e9e pour 2 personnes, * Pieds, hauteur de passage 135 mm, * Avec toit, * En s\u00e9ries avec \u00e9lingues, * Avec points d&rsquo;ancrage pour PSA, * Fourreaux de s\u00e9curit\u00e9 anti-glissement, * V\u00e9rifi\u00e9 par contr\u00f4le technique T\u00fcv, selon DIN EN 14502-1.<\/p>\n","protected":false},"excerpt":{"rendered":"<p>Cage de levage de s\u00e9curit\u00e9 pour travaux de r\u00e9paration et d&rsquo;entretien<\/p>\n","protected":false},"featured_media":17795,"template":"","meta":{"_acf_changed":false},"product_brand":[],"product_cat":[9910],"product_tag":[],"class_list":{"0":"post-225690","1":"product","2":"type-product","3":"status-publish","4":"has-post-thumbnail","6":"product_cat-nacelle-de-travail-pour-grue","8":"first","9":"instock","10":"taxable","11":"shipping-taxable","12":"purchasable","13":"product-type-simple"},"acf":[],"yoast_head":"<!-- This site is optimized with the Yoast SEO plugin v24.8.1 - https:\/\/yoast.com\/wordpress\/plugins\/seo\/ -->\n<title>Nacelle de travail pour grue | Alu Comfort |Cage de levage<\/title>\n<meta name=\"description\" content=\"Nacelles de travail de s\u00e9curit\u00e9 lors de travaux de r\u00e9paration et d&#039;entretien.\" \/>\n<meta name=\"robots\" content=\"index, follow, max-snippet:-1, max-image-preview:large, max-video-preview:-1\" \/>\n<link rel=\"canonical\" href=\"https:\/\/www.alucomfort.be\/product\/werkkooi-voor-opname-met-kraan\/\" \/>\n<meta property=\"og:locale\" content=\"fr_FR\" \/>\n<meta property=\"og:type\" content=\"article\" \/>\n<meta property=\"og:title\" content=\"Nacelle de travail pour grue | Alu Comfort |Cage de levage\" \/>\n<meta property=\"og:description\" content=\"Nacelles de travail de s\u00e9curit\u00e9 lors de travaux de r\u00e9paration et d&#039;entretien.\" \/>\n<meta property=\"og:url\" content=\"https:\/\/www.alucomfort.be\/product\/werkkooi-voor-opname-met-kraan\/\" \/>\n<meta property=\"og:site_name\" content=\"Alu Comfort\" \/>\n<meta property=\"og:image\" content=\"https:\/\/www.alucomfort.be\/wp-content\/uploads\/BR-MB-K-IV-1.jpg\" \/>\n\t<meta property=\"og:image:width\" content=\"1497\" \/>\n\t<meta property=\"og:image:height\" content=\"3559\" \/>\n\t<meta property=\"og:image:type\" content=\"image\/jpeg\" \/>\n<meta name=\"twitter:card\" content=\"summary_large_image\" \/>\n<script type=\"application\/ld+json\" class=\"yoast-schema-graph\">{\"@context\":\"https:\/\/schema.org\",\"@graph\":[{\"@type\":\"WebPage\",\"@id\":\"https:\/\/www.alucomfort.be\/product\/werkkooi-voor-opname-met-kraan\/\",\"url\":\"https:\/\/www.alucomfort.be\/product\/werkkooi-voor-opname-met-kraan\/\",\"name\":\"Nacelle de travail pour grue | Alu Comfort |Cage de levage\",\"isPartOf\":{\"@id\":\"https:\/\/www.alucomfort.be\/#website\"},\"primaryImageOfPage\":{\"@id\":\"https:\/\/www.alucomfort.be\/product\/werkkooi-voor-opname-met-kraan\/#primaryimage\"},\"image\":{\"@id\":\"https:\/\/www.alucomfort.be\/product\/werkkooi-voor-opname-met-kraan\/#primaryimage\"},\"thumbnailUrl\":\"https:\/\/www.alucomfort.be\/wp-content\/uploads\/BR-MB-K-IV-1.jpg\",\"datePublished\":\"2025-10-16T13:58:44+00:00\",\"description\":\"Nacelles de travail de s\u00e9curit\u00e9 lors de travaux de r\u00e9paration et d'entretien.\",\"breadcrumb\":{\"@id\":\"https:\/\/www.alucomfort.be\/product\/werkkooi-voor-opname-met-kraan\/#breadcrumb\"},\"inLanguage\":\"fr-FR\",\"potentialAction\":[{\"@type\":\"ReadAction\",\"target\":[\"https:\/\/www.alucomfort.be\/product\/werkkooi-voor-opname-met-kraan\/\"]}]},{\"@type\":\"ImageObject\",\"inLanguage\":\"fr-FR\",\"@id\":\"https:\/\/www.alucomfort.be\/product\/werkkooi-voor-opname-met-kraan\/#primaryimage\",\"url\":\"https:\/\/www.alucomfort.be\/wp-content\/uploads\/BR-MB-K-IV-1.jpg\",\"contentUrl\":\"https:\/\/www.alucomfort.be\/wp-content\/uploads\/BR-MB-K-IV-1.jpg\",\"width\":1497,\"height\":3559,\"caption\":\"Nacelle de travail pour levage pour grue\"},{\"@type\":\"BreadcrumbList\",\"@id\":\"https:\/\/www.alucomfort.be\/product\/werkkooi-voor-opname-met-kraan\/#breadcrumb\",\"itemListElement\":[{\"@type\":\"ListItem\",\"position\":1,\"name\":\"Home\",\"item\":\"https:\/\/www.alucomfort.be\/fr\/\"},{\"@type\":\"ListItem\",\"position\":2,\"name\":\"Producten\",\"item\":\"https:\/\/www.alucomfort.be\/producten\/\"},{\"@type\":\"ListItem\",\"position\":3,\"name\":\"Nacelle de travail pour grue\"}]},{\"@type\":\"WebSite\",\"@id\":\"https:\/\/www.alucomfort.be\/#website\",\"url\":\"https:\/\/www.alucomfort.be\/\",\"name\":\"Alu Comfort\",\"description\":\"\",\"potentialAction\":[{\"@type\":\"SearchAction\",\"target\":{\"@type\":\"EntryPoint\",\"urlTemplate\":\"https:\/\/www.alucomfort.be\/?s={search_term_string}\"},\"query-input\":{\"@type\":\"PropertyValueSpecification\",\"valueRequired\":true,\"valueName\":\"search_term_string\"}}],\"inLanguage\":\"fr-FR\"}]}<\/script>\n<!-- \/ Yoast SEO plugin. -->","yoast_head_json":{"title":"Nacelle de travail pour grue | Alu Comfort |Cage de levage","description":"Nacelles de travail de s\u00e9curit\u00e9 lors de travaux de r\u00e9paration et d'entretien.","robots":{"index":"index","follow":"follow","max-snippet":"max-snippet:-1","max-image-preview":"max-image-preview:large","max-video-preview":"max-video-preview:-1"},"canonical":"https:\/\/www.alucomfort.be\/product\/werkkooi-voor-opname-met-kraan\/","og_locale":"fr_FR","og_type":"article","og_title":"Nacelle de travail pour grue | Alu Comfort |Cage de levage","og_description":"Nacelles de travail de s\u00e9curit\u00e9 lors de travaux de r\u00e9paration et d'entretien.","og_url":"https:\/\/www.alucomfort.be\/product\/werkkooi-voor-opname-met-kraan\/","og_site_name":"Alu Comfort","og_image":[{"width":1497,"height":3559,"url":"https:\/\/www.alucomfort.be\/wp-content\/uploads\/BR-MB-K-IV-1.jpg","type":"image\/jpeg"}],"twitter_card":"summary_large_image","schema":{"@context":"https:\/\/schema.org","@graph":[{"@type":"WebPage","@id":"https:\/\/www.alucomfort.be\/product\/werkkooi-voor-opname-met-kraan\/","url":"https:\/\/www.alucomfort.be\/product\/werkkooi-voor-opname-met-kraan\/","name":"Nacelle de travail pour grue | Alu Comfort |Cage de levage","isPartOf":{"@id":"https:\/\/www.alucomfort.be\/#website"},"primaryImageOfPage":{"@id":"https:\/\/www.alucomfort.be\/product\/werkkooi-voor-opname-met-kraan\/#primaryimage"},"image":{"@id":"https:\/\/www.alucomfort.be\/product\/werkkooi-voor-opname-met-kraan\/#primaryimage"},"thumbnailUrl":"https:\/\/www.alucomfort.be\/wp-content\/uploads\/BR-MB-K-IV-1.jpg","datePublished":"2025-10-16T13:58:44+00:00","description":"Nacelles de travail de s\u00e9curit\u00e9 lors de travaux de r\u00e9paration et d'entretien.","breadcrumb":{"@id":"https:\/\/www.alucomfort.be\/product\/werkkooi-voor-opname-met-kraan\/#breadcrumb"},"inLanguage":"fr-FR","potentialAction":[{"@type":"ReadAction","target":["https:\/\/www.alucomfort.be\/product\/werkkooi-voor-opname-met-kraan\/"]}]},{"@type":"ImageObject","inLanguage":"fr-FR","@id":"https:\/\/www.alucomfort.be\/product\/werkkooi-voor-opname-met-kraan\/#primaryimage","url":"https:\/\/www.alucomfort.be\/wp-content\/uploads\/BR-MB-K-IV-1.jpg","contentUrl":"https:\/\/www.alucomfort.be\/wp-content\/uploads\/BR-MB-K-IV-1.jpg","width":1497,"height":3559,"caption":"Nacelle de travail pour levage pour grue"},{"@type":"BreadcrumbList","@id":"https:\/\/www.alucomfort.be\/product\/werkkooi-voor-opname-met-kraan\/#breadcrumb","itemListElement":[{"@type":"ListItem","position":1,"name":"Home","item":"https:\/\/www.alucomfort.be\/fr\/"},{"@type":"ListItem","position":2,"name":"Producten","item":"https:\/\/www.alucomfort.be\/producten\/"},{"@type":"ListItem","position":3,"name":"Nacelle de travail pour grue"}]},{"@type":"WebSite","@id":"https:\/\/www.alucomfort.be\/#website","url":"https:\/\/www.alucomfort.be\/","name":"Alu Comfort","description":"","potentialAction":[{"@type":"SearchAction","target":{"@type":"EntryPoint","urlTemplate":"https:\/\/www.alucomfort.be\/?s={search_term_string}"},"query-input":{"@type":"PropertyValueSpecification","valueRequired":true,"valueName":"search_term_string"}}],"inLanguage":"fr-FR"}]}},"_links":{"self":[{"href":"https:\/\/www.alucomfort.be\/fr\/wp-json\/wp\/v2\/product\/225690","targetHints":{"allow":["GET"]}}],"collection":[{"href":"https:\/\/www.alucomfort.be\/fr\/wp-json\/wp\/v2\/product"}],"about":[{"href":"https:\/\/www.alucomfort.be\/fr\/wp-json\/wp\/v2\/types\/product"}],"wp:featuredmedia":[{"embeddable":true,"href":"https:\/\/www.alucomfort.be\/fr\/wp-json\/wp\/v2\/media\/17795"}],"wp:attachment":[{"href":"https:\/\/www.alucomfort.be\/fr\/wp-json\/wp\/v2\/media?parent=225690"}],"wp:term":[{"taxonomy":"product_brand","embeddable":true,"href":"https:\/\/www.alucomfort.be\/fr\/wp-json\/wp\/v2\/product_brand?post=225690"},{"taxonomy":"product_cat","embeddable":true,"href":"https:\/\/www.alucomfort.be\/fr\/wp-json\/wp\/v2\/product_cat?post=225690"},{"taxonomy":"product_tag","embeddable":true,"href":"https:\/\/www.alucomfort.be\/fr\/wp-json\/wp\/v2\/product_tag?post=225690"}],"curies":[{"name":"wp","href":"https:\/\/api.w.org\/{rel}","templated":true}]}}