

{"id":225705,"date":"2025-10-22T22:44:39","date_gmt":"2025-10-22T20:44:39","guid":{"rendered":"https:\/\/www.alucomfort.be\/product\/entonnoir-pour-chariot-elevatoir\/"},"modified":"2025-10-22T22:44:45","modified_gmt":"2025-10-22T20:44:45","slug":"entonnoir-pour-chariot-elevatoir","status":"publish","type":"product","link":"https:\/\/www.alucomfort.be\/fr\/product\/entonnoir-pour-chariot-elevatoir\/","title":{"rendered":"Entonnoir pour chariot \u00e9l\u00e9vatoir"},"content":{"rendered":"<p>* Pour le remplissage de Big Bag et conteneurs de mat\u00e9riaux en vrac, * Entonnoir en t\u00f4le d&rsquo;acier avec profil\u00e9 de renfort sur le pourtour, * Cadre de base robuste avec fourreaux et s\u00e9curis\u00e9 contre le glissement inintentionnel, * Avec pieds-support et avec 4 crochets sur les fourreaux, * Dim: 1320 x 1710 x 990 mm, * Ouverture de l&rsquo;entonnoir haut: 1200 x 1600 mm, * Ouverture de l&rsquo;entonnoir bas: 800 x 600 mm, * Poids: 221 kg<\/p>\n","protected":false},"excerpt":{"rendered":"<p>Entonnoir pour chariot \u00e9l\u00e9vatoir<\/p>\n","protected":false},"featured_media":3714,"template":"","meta":{"_acf_changed":false},"product_brand":[],"product_cat":[9913],"product_tag":[],"class_list":{"0":"post-225705","1":"product","2":"type-product","3":"status-publish","4":"has-post-thumbnail","6":"product_cat-tremie-de-remplissage-pour-big-bag","8":"first","9":"outofstock","10":"taxable","11":"shipping-taxable","12":"purchasable","13":"product-type-variable"},"acf":[],"yoast_head":"<!-- This site is optimized with the Yoast SEO plugin v24.8.1 - https:\/\/yoast.com\/wordpress\/plugins\/seo\/ -->\n<title>Entonnoir<\/title>\n<meta name=\"description\" content=\"Entonnoir pour chariot \u00e9l\u00e9vatoir.\" \/>\n<meta name=\"robots\" content=\"index, follow, max-snippet:-1, max-image-preview:large, max-video-preview:-1\" \/>\n<link rel=\"canonical\" href=\"https:\/\/www.alucomfort.be\/product\/vultrechter-voor-big-bag-en-containers-met-heftruck\/\" \/>\n<meta property=\"og:locale\" content=\"fr_FR\" \/>\n<meta property=\"og:type\" content=\"article\" \/>\n<meta property=\"og:title\" content=\"Entonnoir\" \/>\n<meta property=\"og:description\" content=\"Entonnoir pour chariot \u00e9l\u00e9vatoir.\" \/>\n<meta property=\"og:url\" content=\"https:\/\/www.alucomfort.be\/product\/vultrechter-voor-big-bag-en-containers-met-heftruck\/\" \/>\n<meta property=\"og:site_name\" content=\"Alu Comfort\" \/>\n<meta property=\"article:modified_time\" content=\"2025-10-22T20:44:45+00:00\" \/>\n<meta property=\"og:image\" content=\"https:\/\/www.alucomfort.be\/wp-content\/uploads\/BR-SBT-1.jpg\" \/>\n\t<meta property=\"og:image:width\" content=\"900\" \/>\n\t<meta property=\"og:image:height\" content=\"1138\" \/>\n\t<meta property=\"og:image:type\" content=\"image\/jpeg\" \/>\n<meta name=\"twitter:card\" content=\"summary_large_image\" \/>\n<script type=\"application\/ld+json\" class=\"yoast-schema-graph\">{\"@context\":\"https:\/\/schema.org\",\"@graph\":[{\"@type\":\"WebPage\",\"@id\":\"https:\/\/www.alucomfort.be\/product\/vultrechter-voor-big-bag-en-containers-met-heftruck\/\",\"url\":\"https:\/\/www.alucomfort.be\/product\/vultrechter-voor-big-bag-en-containers-met-heftruck\/\",\"name\":\"Entonnoir\",\"isPartOf\":{\"@id\":\"https:\/\/www.alucomfort.be\/#website\"},\"primaryImageOfPage\":{\"@id\":\"https:\/\/www.alucomfort.be\/product\/vultrechter-voor-big-bag-en-containers-met-heftruck\/#primaryimage\"},\"image\":{\"@id\":\"https:\/\/www.alucomfort.be\/product\/vultrechter-voor-big-bag-en-containers-met-heftruck\/#primaryimage\"},\"thumbnailUrl\":\"https:\/\/www.alucomfort.be\/wp-content\/uploads\/BR-SBT-1.jpg\",\"datePublished\":\"2025-10-22T20:44:39+00:00\",\"dateModified\":\"2025-10-22T20:44:45+00:00\",\"description\":\"Entonnoir pour chariot \u00e9l\u00e9vatoir.\",\"breadcrumb\":{\"@id\":\"https:\/\/www.alucomfort.be\/product\/vultrechter-voor-big-bag-en-containers-met-heftruck\/#breadcrumb\"},\"inLanguage\":\"fr-FR\",\"potentialAction\":[{\"@type\":\"ReadAction\",\"target\":[\"https:\/\/www.alucomfort.be\/product\/vultrechter-voor-big-bag-en-containers-met-heftruck\/\"]}]},{\"@type\":\"ImageObject\",\"inLanguage\":\"fr-FR\",\"@id\":\"https:\/\/www.alucomfort.be\/product\/vultrechter-voor-big-bag-en-containers-met-heftruck\/#primaryimage\",\"url\":\"https:\/\/www.alucomfort.be\/wp-content\/uploads\/BR-SBT-1.jpg\",\"contentUrl\":\"https:\/\/www.alucomfort.be\/wp-content\/uploads\/BR-SBT-1.jpg\",\"width\":900,\"height\":1138},{\"@type\":\"BreadcrumbList\",\"@id\":\"https:\/\/www.alucomfort.be\/product\/vultrechter-voor-big-bag-en-containers-met-heftruck\/#breadcrumb\",\"itemListElement\":[{\"@type\":\"ListItem\",\"position\":1,\"name\":\"Home\",\"item\":\"https:\/\/www.alucomfort.be\/fr\/\"},{\"@type\":\"ListItem\",\"position\":2,\"name\":\"Producten\",\"item\":\"https:\/\/www.alucomfort.be\/producten\/\"},{\"@type\":\"ListItem\",\"position\":3,\"name\":\"Entonnoir pour chariot \u00e9l\u00e9vatoir\"}]},{\"@type\":\"WebSite\",\"@id\":\"https:\/\/www.alucomfort.be\/#website\",\"url\":\"https:\/\/www.alucomfort.be\/\",\"name\":\"Alu Comfort\",\"description\":\"\",\"potentialAction\":[{\"@type\":\"SearchAction\",\"target\":{\"@type\":\"EntryPoint\",\"urlTemplate\":\"https:\/\/www.alucomfort.be\/?s={search_term_string}\"},\"query-input\":{\"@type\":\"PropertyValueSpecification\",\"valueRequired\":true,\"valueName\":\"search_term_string\"}}],\"inLanguage\":\"fr-FR\"}]}<\/script>\n<!-- \/ Yoast SEO plugin. -->","yoast_head_json":{"title":"Entonnoir","description":"Entonnoir pour chariot \u00e9l\u00e9vatoir.","robots":{"index":"index","follow":"follow","max-snippet":"max-snippet:-1","max-image-preview":"max-image-preview:large","max-video-preview":"max-video-preview:-1"},"canonical":"https:\/\/www.alucomfort.be\/product\/vultrechter-voor-big-bag-en-containers-met-heftruck\/","og_locale":"fr_FR","og_type":"article","og_title":"Entonnoir","og_description":"Entonnoir pour chariot \u00e9l\u00e9vatoir.","og_url":"https:\/\/www.alucomfort.be\/product\/vultrechter-voor-big-bag-en-containers-met-heftruck\/","og_site_name":"Alu Comfort","article_modified_time":"2025-10-22T20:44:45+00:00","og_image":[{"width":900,"height":1138,"url":"https:\/\/www.alucomfort.be\/wp-content\/uploads\/BR-SBT-1.jpg","type":"image\/jpeg"}],"twitter_card":"summary_large_image","schema":{"@context":"https:\/\/schema.org","@graph":[{"@type":"WebPage","@id":"https:\/\/www.alucomfort.be\/product\/vultrechter-voor-big-bag-en-containers-met-heftruck\/","url":"https:\/\/www.alucomfort.be\/product\/vultrechter-voor-big-bag-en-containers-met-heftruck\/","name":"Entonnoir","isPartOf":{"@id":"https:\/\/www.alucomfort.be\/#website"},"primaryImageOfPage":{"@id":"https:\/\/www.alucomfort.be\/product\/vultrechter-voor-big-bag-en-containers-met-heftruck\/#primaryimage"},"image":{"@id":"https:\/\/www.alucomfort.be\/product\/vultrechter-voor-big-bag-en-containers-met-heftruck\/#primaryimage"},"thumbnailUrl":"https:\/\/www.alucomfort.be\/wp-content\/uploads\/BR-SBT-1.jpg","datePublished":"2025-10-22T20:44:39+00:00","dateModified":"2025-10-22T20:44:45+00:00","description":"Entonnoir pour chariot \u00e9l\u00e9vatoir.","breadcrumb":{"@id":"https:\/\/www.alucomfort.be\/product\/vultrechter-voor-big-bag-en-containers-met-heftruck\/#breadcrumb"},"inLanguage":"fr-FR","potentialAction":[{"@type":"ReadAction","target":["https:\/\/www.alucomfort.be\/product\/vultrechter-voor-big-bag-en-containers-met-heftruck\/"]}]},{"@type":"ImageObject","inLanguage":"fr-FR","@id":"https:\/\/www.alucomfort.be\/product\/vultrechter-voor-big-bag-en-containers-met-heftruck\/#primaryimage","url":"https:\/\/www.alucomfort.be\/wp-content\/uploads\/BR-SBT-1.jpg","contentUrl":"https:\/\/www.alucomfort.be\/wp-content\/uploads\/BR-SBT-1.jpg","width":900,"height":1138},{"@type":"BreadcrumbList","@id":"https:\/\/www.alucomfort.be\/product\/vultrechter-voor-big-bag-en-containers-met-heftruck\/#breadcrumb","itemListElement":[{"@type":"ListItem","position":1,"name":"Home","item":"https:\/\/www.alucomfort.be\/fr\/"},{"@type":"ListItem","position":2,"name":"Producten","item":"https:\/\/www.alucomfort.be\/producten\/"},{"@type":"ListItem","position":3,"name":"Entonnoir pour chariot \u00e9l\u00e9vatoir"}]},{"@type":"WebSite","@id":"https:\/\/www.alucomfort.be\/#website","url":"https:\/\/www.alucomfort.be\/","name":"Alu Comfort","description":"","potentialAction":[{"@type":"SearchAction","target":{"@type":"EntryPoint","urlTemplate":"https:\/\/www.alucomfort.be\/?s={search_term_string}"},"query-input":{"@type":"PropertyValueSpecification","valueRequired":true,"valueName":"search_term_string"}}],"inLanguage":"fr-FR"}]}},"_links":{"self":[{"href":"https:\/\/www.alucomfort.be\/fr\/wp-json\/wp\/v2\/product\/225705","targetHints":{"allow":["GET"]}}],"collection":[{"href":"https:\/\/www.alucomfort.be\/fr\/wp-json\/wp\/v2\/product"}],"about":[{"href":"https:\/\/www.alucomfort.be\/fr\/wp-json\/wp\/v2\/types\/product"}],"wp:featuredmedia":[{"embeddable":true,"href":"https:\/\/www.alucomfort.be\/fr\/wp-json\/wp\/v2\/media\/3714"}],"wp:attachment":[{"href":"https:\/\/www.alucomfort.be\/fr\/wp-json\/wp\/v2\/media?parent=225705"}],"wp:term":[{"taxonomy":"product_brand","embeddable":true,"href":"https:\/\/www.alucomfort.be\/fr\/wp-json\/wp\/v2\/product_brand?post=225705"},{"taxonomy":"product_cat","embeddable":true,"href":"https:\/\/www.alucomfort.be\/fr\/wp-json\/wp\/v2\/product_cat?post=225705"},{"taxonomy":"product_tag","embeddable":true,"href":"https:\/\/www.alucomfort.be\/fr\/wp-json\/wp\/v2\/product_tag?post=225705"}],"curies":[{"name":"wp","href":"https:\/\/api.w.org\/{rel}","templated":true}]}}