

{"id":225729,"date":"2025-10-22T22:44:55","date_gmt":"2025-10-22T20:44:55","guid":{"rendered":"https:\/\/www.alucomfort.be\/product\/entonnoir-mobile-pour-remplir-big-bag\/"},"modified":"2025-10-22T22:45:03","modified_gmt":"2025-10-22T20:45:03","slug":"entonnoir-mobile-pour-remplir-big-bag","status":"publish","type":"product","link":"https:\/\/www.alucomfort.be\/fr\/product\/entonnoir-mobile-pour-remplir-big-bag\/","title":{"rendered":"Entonnoir mobile pour remplir Big-Bag"},"content":{"rendered":"<p>* Pour le remplissage de Big Bag et conteneurs de mat\u00e9riaux en vrac, * Entonnoir en t\u00f4le d&rsquo;acier avec profil\u00e9 de renfort sur le pourtour, * Cadre de base robuste avec fourreaux et s\u00e9curis\u00e9 contre le glissement inintentionnel, * Avec pieds-support et avec 4 crochets sur les fourreaux, * Version mobile, * Version mobile, * Dim: 1700 x 1980 x 2050 mm, * Ouverture de l&rsquo;entonnoir haut: 850 x 1875 mm, * Ouverture de l&rsquo;entonnoir bas: 500 x 700 mm, * Poids: 342 kg<\/p>\n","protected":false},"excerpt":{"rendered":"<p>Entonnoir mobile pour remplir Big-Bag<\/p>\n","protected":false},"featured_media":3705,"template":"","meta":{"_acf_changed":false},"product_brand":[],"product_cat":[9913],"product_tag":[],"class_list":{"0":"post-225729","1":"product","2":"type-product","3":"status-publish","4":"has-post-thumbnail","6":"product_cat-tremie-de-remplissage-pour-big-bag","8":"first","9":"outofstock","10":"taxable","11":"shipping-taxable","12":"purchasable","13":"product-type-variable"},"acf":[],"yoast_head":"<!-- This site is optimized with the Yoast SEO plugin v24.8.1 - https:\/\/yoast.com\/wordpress\/plugins\/seo\/ -->\n<title>Bac Silo Entonnoir<\/title>\n<meta name=\"description\" content=\"Entonnoir mobile pour remplir Big-Bag\" \/>\n<meta name=\"robots\" content=\"index, follow, max-snippet:-1, max-image-preview:large, max-video-preview:-1\" \/>\n<link rel=\"canonical\" href=\"https:\/\/www.alucomfort.be\/product\/mobiel-inzetbare-vultrechter-voor-big-bag-en-containers\/\" \/>\n<meta property=\"og:locale\" content=\"fr_FR\" \/>\n<meta property=\"og:type\" content=\"article\" \/>\n<meta property=\"og:title\" content=\"Bac Silo Entonnoir\" \/>\n<meta property=\"og:description\" content=\"Entonnoir mobile pour remplir Big-Bag\" \/>\n<meta property=\"og:url\" content=\"https:\/\/www.alucomfort.be\/product\/mobiel-inzetbare-vultrechter-voor-big-bag-en-containers\/\" \/>\n<meta property=\"og:site_name\" content=\"Alu Comfort\" \/>\n<meta property=\"article:modified_time\" content=\"2025-10-22T20:45:03+00:00\" \/>\n<meta property=\"og:image\" content=\"https:\/\/www.alucomfort.be\/wp-content\/uploads\/BR-BTM-1.jpg\" \/>\n\t<meta property=\"og:image:width\" content=\"900\" \/>\n\t<meta property=\"og:image:height\" content=\"837\" \/>\n\t<meta property=\"og:image:type\" content=\"image\/jpeg\" \/>\n<meta name=\"twitter:card\" content=\"summary_large_image\" \/>\n<script type=\"application\/ld+json\" class=\"yoast-schema-graph\">{\"@context\":\"https:\/\/schema.org\",\"@graph\":[{\"@type\":\"WebPage\",\"@id\":\"https:\/\/www.alucomfort.be\/product\/mobiel-inzetbare-vultrechter-voor-big-bag-en-containers\/\",\"url\":\"https:\/\/www.alucomfort.be\/product\/mobiel-inzetbare-vultrechter-voor-big-bag-en-containers\/\",\"name\":\"Bac Silo Entonnoir\",\"isPartOf\":{\"@id\":\"https:\/\/www.alucomfort.be\/#website\"},\"primaryImageOfPage\":{\"@id\":\"https:\/\/www.alucomfort.be\/product\/mobiel-inzetbare-vultrechter-voor-big-bag-en-containers\/#primaryimage\"},\"image\":{\"@id\":\"https:\/\/www.alucomfort.be\/product\/mobiel-inzetbare-vultrechter-voor-big-bag-en-containers\/#primaryimage\"},\"thumbnailUrl\":\"https:\/\/www.alucomfort.be\/wp-content\/uploads\/BR-BTM-1.jpg\",\"datePublished\":\"2025-10-22T20:44:55+00:00\",\"dateModified\":\"2025-10-22T20:45:03+00:00\",\"description\":\"Entonnoir mobile pour remplir Big-Bag\",\"breadcrumb\":{\"@id\":\"https:\/\/www.alucomfort.be\/product\/mobiel-inzetbare-vultrechter-voor-big-bag-en-containers\/#breadcrumb\"},\"inLanguage\":\"fr-FR\",\"potentialAction\":[{\"@type\":\"ReadAction\",\"target\":[\"https:\/\/www.alucomfort.be\/product\/mobiel-inzetbare-vultrechter-voor-big-bag-en-containers\/\"]}]},{\"@type\":\"ImageObject\",\"inLanguage\":\"fr-FR\",\"@id\":\"https:\/\/www.alucomfort.be\/product\/mobiel-inzetbare-vultrechter-voor-big-bag-en-containers\/#primaryimage\",\"url\":\"https:\/\/www.alucomfort.be\/wp-content\/uploads\/BR-BTM-1.jpg\",\"contentUrl\":\"https:\/\/www.alucomfort.be\/wp-content\/uploads\/BR-BTM-1.jpg\",\"width\":900,\"height\":837},{\"@type\":\"BreadcrumbList\",\"@id\":\"https:\/\/www.alucomfort.be\/product\/mobiel-inzetbare-vultrechter-voor-big-bag-en-containers\/#breadcrumb\",\"itemListElement\":[{\"@type\":\"ListItem\",\"position\":1,\"name\":\"Home\",\"item\":\"https:\/\/www.alucomfort.be\/fr\/\"},{\"@type\":\"ListItem\",\"position\":2,\"name\":\"Producten\",\"item\":\"https:\/\/www.alucomfort.be\/producten\/\"},{\"@type\":\"ListItem\",\"position\":3,\"name\":\"Entonnoir mobile pour remplir Big-Bag\"}]},{\"@type\":\"WebSite\",\"@id\":\"https:\/\/www.alucomfort.be\/#website\",\"url\":\"https:\/\/www.alucomfort.be\/\",\"name\":\"Alu Comfort\",\"description\":\"\",\"potentialAction\":[{\"@type\":\"SearchAction\",\"target\":{\"@type\":\"EntryPoint\",\"urlTemplate\":\"https:\/\/www.alucomfort.be\/?s={search_term_string}\"},\"query-input\":{\"@type\":\"PropertyValueSpecification\",\"valueRequired\":true,\"valueName\":\"search_term_string\"}}],\"inLanguage\":\"fr-FR\"}]}<\/script>\n<!-- \/ Yoast SEO plugin. -->","yoast_head_json":{"title":"Bac Silo Entonnoir","description":"Entonnoir mobile pour remplir Big-Bag","robots":{"index":"index","follow":"follow","max-snippet":"max-snippet:-1","max-image-preview":"max-image-preview:large","max-video-preview":"max-video-preview:-1"},"canonical":"https:\/\/www.alucomfort.be\/product\/mobiel-inzetbare-vultrechter-voor-big-bag-en-containers\/","og_locale":"fr_FR","og_type":"article","og_title":"Bac Silo Entonnoir","og_description":"Entonnoir mobile pour remplir Big-Bag","og_url":"https:\/\/www.alucomfort.be\/product\/mobiel-inzetbare-vultrechter-voor-big-bag-en-containers\/","og_site_name":"Alu Comfort","article_modified_time":"2025-10-22T20:45:03+00:00","og_image":[{"width":900,"height":837,"url":"https:\/\/www.alucomfort.be\/wp-content\/uploads\/BR-BTM-1.jpg","type":"image\/jpeg"}],"twitter_card":"summary_large_image","schema":{"@context":"https:\/\/schema.org","@graph":[{"@type":"WebPage","@id":"https:\/\/www.alucomfort.be\/product\/mobiel-inzetbare-vultrechter-voor-big-bag-en-containers\/","url":"https:\/\/www.alucomfort.be\/product\/mobiel-inzetbare-vultrechter-voor-big-bag-en-containers\/","name":"Bac Silo Entonnoir","isPartOf":{"@id":"https:\/\/www.alucomfort.be\/#website"},"primaryImageOfPage":{"@id":"https:\/\/www.alucomfort.be\/product\/mobiel-inzetbare-vultrechter-voor-big-bag-en-containers\/#primaryimage"},"image":{"@id":"https:\/\/www.alucomfort.be\/product\/mobiel-inzetbare-vultrechter-voor-big-bag-en-containers\/#primaryimage"},"thumbnailUrl":"https:\/\/www.alucomfort.be\/wp-content\/uploads\/BR-BTM-1.jpg","datePublished":"2025-10-22T20:44:55+00:00","dateModified":"2025-10-22T20:45:03+00:00","description":"Entonnoir mobile pour remplir Big-Bag","breadcrumb":{"@id":"https:\/\/www.alucomfort.be\/product\/mobiel-inzetbare-vultrechter-voor-big-bag-en-containers\/#breadcrumb"},"inLanguage":"fr-FR","potentialAction":[{"@type":"ReadAction","target":["https:\/\/www.alucomfort.be\/product\/mobiel-inzetbare-vultrechter-voor-big-bag-en-containers\/"]}]},{"@type":"ImageObject","inLanguage":"fr-FR","@id":"https:\/\/www.alucomfort.be\/product\/mobiel-inzetbare-vultrechter-voor-big-bag-en-containers\/#primaryimage","url":"https:\/\/www.alucomfort.be\/wp-content\/uploads\/BR-BTM-1.jpg","contentUrl":"https:\/\/www.alucomfort.be\/wp-content\/uploads\/BR-BTM-1.jpg","width":900,"height":837},{"@type":"BreadcrumbList","@id":"https:\/\/www.alucomfort.be\/product\/mobiel-inzetbare-vultrechter-voor-big-bag-en-containers\/#breadcrumb","itemListElement":[{"@type":"ListItem","position":1,"name":"Home","item":"https:\/\/www.alucomfort.be\/fr\/"},{"@type":"ListItem","position":2,"name":"Producten","item":"https:\/\/www.alucomfort.be\/producten\/"},{"@type":"ListItem","position":3,"name":"Entonnoir mobile pour remplir Big-Bag"}]},{"@type":"WebSite","@id":"https:\/\/www.alucomfort.be\/#website","url":"https:\/\/www.alucomfort.be\/","name":"Alu Comfort","description":"","potentialAction":[{"@type":"SearchAction","target":{"@type":"EntryPoint","urlTemplate":"https:\/\/www.alucomfort.be\/?s={search_term_string}"},"query-input":{"@type":"PropertyValueSpecification","valueRequired":true,"valueName":"search_term_string"}}],"inLanguage":"fr-FR"}]}},"_links":{"self":[{"href":"https:\/\/www.alucomfort.be\/fr\/wp-json\/wp\/v2\/product\/225729","targetHints":{"allow":["GET"]}}],"collection":[{"href":"https:\/\/www.alucomfort.be\/fr\/wp-json\/wp\/v2\/product"}],"about":[{"href":"https:\/\/www.alucomfort.be\/fr\/wp-json\/wp\/v2\/types\/product"}],"wp:featuredmedia":[{"embeddable":true,"href":"https:\/\/www.alucomfort.be\/fr\/wp-json\/wp\/v2\/media\/3705"}],"wp:attachment":[{"href":"https:\/\/www.alucomfort.be\/fr\/wp-json\/wp\/v2\/media?parent=225729"}],"wp:term":[{"taxonomy":"product_brand","embeddable":true,"href":"https:\/\/www.alucomfort.be\/fr\/wp-json\/wp\/v2\/product_brand?post=225729"},{"taxonomy":"product_cat","embeddable":true,"href":"https:\/\/www.alucomfort.be\/fr\/wp-json\/wp\/v2\/product_cat?post=225729"},{"taxonomy":"product_tag","embeddable":true,"href":"https:\/\/www.alucomfort.be\/fr\/wp-json\/wp\/v2\/product_tag?post=225729"}],"curies":[{"name":"wp","href":"https:\/\/api.w.org\/{rel}","templated":true}]}}