

{"id":225754,"date":"2025-10-29T23:05:22","date_gmt":"2025-10-29T21:05:22","guid":{"rendered":"https:\/\/www.alucomfort.be\/product\/plateforme-avec-double-acces-2-x-5\/"},"modified":"2025-10-29T23:05:22","modified_gmt":"2025-10-29T21:05:22","slug":"plateforme-avec-double-acces-2-x-5","status":"publish","type":"product","link":"https:\/\/www.alucomfort.be\/fr\/product\/plateforme-avec-double-acces-2-x-5\/","title":{"rendered":"Plateforme avec double acc\u00e8s &#8211; 2 x 5"},"content":{"rendered":"<p>* Hauteur libre de 1250 mm et largeur libre maximale de 900 mm sous la plateforme, * Id\u00e9al comme surplomb pour les obstacles fixes tels que les bandes transporteuses, les bordures,&#8230;, * Mod\u00e8le standard, aucune modification possible., * Double main courante, * Montage au sol en option. Contactez-nous!, * Fourni en kit (montage facile), * Platforme 600 x 1100 mm avec plinthes, * Cap. de charge maximale: 150 kg.<\/p>\n","protected":false},"excerpt":{"rendered":"<p>Plateforme pratique avec double acc\u00e8s et une hauteur libre de 1200 mm.<\/p>\n","protected":false},"featured_media":220086,"template":"","meta":{"_acf_changed":false},"product_brand":[],"product_cat":[9915],"product_tag":[],"class_list":{"0":"post-225754","1":"product","2":"type-product","3":"status-publish","4":"has-post-thumbnail","6":"product_cat-passerelle-de-franchissement","8":"first","9":"instock","10":"taxable","11":"shipping-taxable","12":"purchasable","13":"product-type-simple"},"acf":[],"yoast_head":"<!-- This site is optimized with the Yoast SEO plugin v24.8.1 - https:\/\/yoast.com\/wordpress\/plugins\/seo\/ -->\n<title>Plateforme de passage avec double acc\u00e8s | Alu Comfort |<\/title>\n<meta name=\"description\" content=\"Plateforme avec double acc\u00e8s. Id\u00e9al comme surplomp pour les obstacles fixes (bandes transporteuses, les bordures,\u0085)\" \/>\n<meta name=\"robots\" content=\"index, follow, max-snippet:-1, max-image-preview:large, max-video-preview:-1\" \/>\n<link rel=\"canonical\" href=\"https:\/\/www.alucomfort.be\/product\/overstapbordes-2-x-5-treden\/\" \/>\n<meta property=\"og:locale\" content=\"fr_FR\" \/>\n<meta property=\"og:type\" content=\"article\" \/>\n<meta property=\"og:title\" content=\"Plateforme de passage avec double acc\u00e8s | Alu Comfort |\" \/>\n<meta property=\"og:description\" content=\"Plateforme avec double acc\u00e8s. Id\u00e9al comme surplomp pour les obstacles fixes (bandes transporteuses, les bordures,\u0085)\" \/>\n<meta property=\"og:url\" content=\"https:\/\/www.alucomfort.be\/product\/overstapbordes-2-x-5-treden\/\" \/>\n<meta property=\"og:site_name\" content=\"Alu Comfort\" \/>\n<meta property=\"og:image\" content=\"https:\/\/www.alucomfort.be\/wp-content\/uploads\/Overstaptrap.jpg\" \/>\n\t<meta property=\"og:image:width\" content=\"1448\" \/>\n\t<meta property=\"og:image:height\" content=\"2048\" \/>\n\t<meta property=\"og:image:type\" content=\"image\/jpeg\" \/>\n<meta name=\"twitter:card\" content=\"summary_large_image\" \/>\n<script type=\"application\/ld+json\" class=\"yoast-schema-graph\">{\"@context\":\"https:\/\/schema.org\",\"@graph\":[{\"@type\":\"WebPage\",\"@id\":\"https:\/\/www.alucomfort.be\/product\/overstapbordes-2-x-5-treden\/\",\"url\":\"https:\/\/www.alucomfort.be\/product\/overstapbordes-2-x-5-treden\/\",\"name\":\"Plateforme de passage avec double acc\u00e8s | Alu Comfort |\",\"isPartOf\":{\"@id\":\"https:\/\/www.alucomfort.be\/#website\"},\"primaryImageOfPage\":{\"@id\":\"https:\/\/www.alucomfort.be\/product\/overstapbordes-2-x-5-treden\/#primaryimage\"},\"image\":{\"@id\":\"https:\/\/www.alucomfort.be\/product\/overstapbordes-2-x-5-treden\/#primaryimage\"},\"thumbnailUrl\":\"https:\/\/www.alucomfort.be\/wp-content\/uploads\/Overstaptrap.jpg\",\"datePublished\":\"2025-10-29T21:05:22+00:00\",\"description\":\"Plateforme avec double acc\u00e8s. Id\u00e9al comme surplomp pour les obstacles fixes (bandes transporteuses, les bordures,\u0085)\",\"breadcrumb\":{\"@id\":\"https:\/\/www.alucomfort.be\/product\/overstapbordes-2-x-5-treden\/#breadcrumb\"},\"inLanguage\":\"fr-FR\",\"potentialAction\":[{\"@type\":\"ReadAction\",\"target\":[\"https:\/\/www.alucomfort.be\/product\/overstapbordes-2-x-5-treden\/\"]}]},{\"@type\":\"ImageObject\",\"inLanguage\":\"fr-FR\",\"@id\":\"https:\/\/www.alucomfort.be\/product\/overstapbordes-2-x-5-treden\/#primaryimage\",\"url\":\"https:\/\/www.alucomfort.be\/wp-content\/uploads\/Overstaptrap.jpg\",\"contentUrl\":\"https:\/\/www.alucomfort.be\/wp-content\/uploads\/Overstaptrap.jpg\",\"width\":1448,\"height\":2048,\"caption\":\"Overstaptrap\"},{\"@type\":\"BreadcrumbList\",\"@id\":\"https:\/\/www.alucomfort.be\/product\/overstapbordes-2-x-5-treden\/#breadcrumb\",\"itemListElement\":[{\"@type\":\"ListItem\",\"position\":1,\"name\":\"Home\",\"item\":\"https:\/\/www.alucomfort.be\/fr\/\"},{\"@type\":\"ListItem\",\"position\":2,\"name\":\"Producten\",\"item\":\"https:\/\/www.alucomfort.be\/producten\/\"},{\"@type\":\"ListItem\",\"position\":3,\"name\":\"Plateforme avec double acc\u00e8s &#8211; 2 x 5\"}]},{\"@type\":\"WebSite\",\"@id\":\"https:\/\/www.alucomfort.be\/#website\",\"url\":\"https:\/\/www.alucomfort.be\/\",\"name\":\"Alu Comfort\",\"description\":\"\",\"potentialAction\":[{\"@type\":\"SearchAction\",\"target\":{\"@type\":\"EntryPoint\",\"urlTemplate\":\"https:\/\/www.alucomfort.be\/?s={search_term_string}\"},\"query-input\":{\"@type\":\"PropertyValueSpecification\",\"valueRequired\":true,\"valueName\":\"search_term_string\"}}],\"inLanguage\":\"fr-FR\"}]}<\/script>\n<!-- \/ Yoast SEO plugin. -->","yoast_head_json":{"title":"Plateforme de passage avec double acc\u00e8s | Alu Comfort |","description":"Plateforme avec double acc\u00e8s. Id\u00e9al comme surplomp pour les obstacles fixes (bandes transporteuses, les bordures,\u0085)","robots":{"index":"index","follow":"follow","max-snippet":"max-snippet:-1","max-image-preview":"max-image-preview:large","max-video-preview":"max-video-preview:-1"},"canonical":"https:\/\/www.alucomfort.be\/product\/overstapbordes-2-x-5-treden\/","og_locale":"fr_FR","og_type":"article","og_title":"Plateforme de passage avec double acc\u00e8s | Alu Comfort |","og_description":"Plateforme avec double acc\u00e8s. Id\u00e9al comme surplomp pour les obstacles fixes (bandes transporteuses, les bordures,\u0085)","og_url":"https:\/\/www.alucomfort.be\/product\/overstapbordes-2-x-5-treden\/","og_site_name":"Alu Comfort","og_image":[{"width":1448,"height":2048,"url":"https:\/\/www.alucomfort.be\/wp-content\/uploads\/Overstaptrap.jpg","type":"image\/jpeg"}],"twitter_card":"summary_large_image","schema":{"@context":"https:\/\/schema.org","@graph":[{"@type":"WebPage","@id":"https:\/\/www.alucomfort.be\/product\/overstapbordes-2-x-5-treden\/","url":"https:\/\/www.alucomfort.be\/product\/overstapbordes-2-x-5-treden\/","name":"Plateforme de passage avec double acc\u00e8s | Alu Comfort |","isPartOf":{"@id":"https:\/\/www.alucomfort.be\/#website"},"primaryImageOfPage":{"@id":"https:\/\/www.alucomfort.be\/product\/overstapbordes-2-x-5-treden\/#primaryimage"},"image":{"@id":"https:\/\/www.alucomfort.be\/product\/overstapbordes-2-x-5-treden\/#primaryimage"},"thumbnailUrl":"https:\/\/www.alucomfort.be\/wp-content\/uploads\/Overstaptrap.jpg","datePublished":"2025-10-29T21:05:22+00:00","description":"Plateforme avec double acc\u00e8s. Id\u00e9al comme surplomp pour les obstacles fixes (bandes transporteuses, les bordures,\u0085)","breadcrumb":{"@id":"https:\/\/www.alucomfort.be\/product\/overstapbordes-2-x-5-treden\/#breadcrumb"},"inLanguage":"fr-FR","potentialAction":[{"@type":"ReadAction","target":["https:\/\/www.alucomfort.be\/product\/overstapbordes-2-x-5-treden\/"]}]},{"@type":"ImageObject","inLanguage":"fr-FR","@id":"https:\/\/www.alucomfort.be\/product\/overstapbordes-2-x-5-treden\/#primaryimage","url":"https:\/\/www.alucomfort.be\/wp-content\/uploads\/Overstaptrap.jpg","contentUrl":"https:\/\/www.alucomfort.be\/wp-content\/uploads\/Overstaptrap.jpg","width":1448,"height":2048,"caption":"Overstaptrap"},{"@type":"BreadcrumbList","@id":"https:\/\/www.alucomfort.be\/product\/overstapbordes-2-x-5-treden\/#breadcrumb","itemListElement":[{"@type":"ListItem","position":1,"name":"Home","item":"https:\/\/www.alucomfort.be\/fr\/"},{"@type":"ListItem","position":2,"name":"Producten","item":"https:\/\/www.alucomfort.be\/producten\/"},{"@type":"ListItem","position":3,"name":"Plateforme avec double acc\u00e8s &#8211; 2 x 5"}]},{"@type":"WebSite","@id":"https:\/\/www.alucomfort.be\/#website","url":"https:\/\/www.alucomfort.be\/","name":"Alu Comfort","description":"","potentialAction":[{"@type":"SearchAction","target":{"@type":"EntryPoint","urlTemplate":"https:\/\/www.alucomfort.be\/?s={search_term_string}"},"query-input":{"@type":"PropertyValueSpecification","valueRequired":true,"valueName":"search_term_string"}}],"inLanguage":"fr-FR"}]}},"_links":{"self":[{"href":"https:\/\/www.alucomfort.be\/fr\/wp-json\/wp\/v2\/product\/225754","targetHints":{"allow":["GET"]}}],"collection":[{"href":"https:\/\/www.alucomfort.be\/fr\/wp-json\/wp\/v2\/product"}],"about":[{"href":"https:\/\/www.alucomfort.be\/fr\/wp-json\/wp\/v2\/types\/product"}],"wp:featuredmedia":[{"embeddable":true,"href":"https:\/\/www.alucomfort.be\/fr\/wp-json\/wp\/v2\/media\/220086"}],"wp:attachment":[{"href":"https:\/\/www.alucomfort.be\/fr\/wp-json\/wp\/v2\/media?parent=225754"}],"wp:term":[{"taxonomy":"product_brand","embeddable":true,"href":"https:\/\/www.alucomfort.be\/fr\/wp-json\/wp\/v2\/product_brand?post=225754"},{"taxonomy":"product_cat","embeddable":true,"href":"https:\/\/www.alucomfort.be\/fr\/wp-json\/wp\/v2\/product_cat?post=225754"},{"taxonomy":"product_tag","embeddable":true,"href":"https:\/\/www.alucomfort.be\/fr\/wp-json\/wp\/v2\/product_tag?post=225754"}],"curies":[{"name":"wp","href":"https:\/\/api.w.org\/{rel}","templated":true}]}}