

{"id":225760,"date":"2025-10-29T23:05:38","date_gmt":"2025-10-29T21:05:38","guid":{"rendered":"https:\/\/www.alucomfort.be\/product\/passerelle-stationnaire-60\/"},"modified":"2025-10-29T23:15:19","modified_gmt":"2025-10-29T21:15:19","slug":"passerelle-stationnaire-60","status":"publish","type":"product","link":"https:\/\/www.alucomfort.be\/fr\/product\/passerelle-stationnaire-60\/","title":{"rendered":"Passerelle stationnaire &#8211; 60\u00b0"},"content":{"rendered":"<p>* Passerelle stationnaire avec angle d&rsquo;inclinaison de 60\u00b0.  Fabrication dans le respect de la norme DIN EN ISO 14122, * Marches en profil\u00e9s d&rsquo;aluminium, alternativement possible avec des marches caillebotis, * Avec une main courante, deuxi\u00e8me main courante pour un suppl\u00e9ment, * Avec corni\u00e8res en bas, vissage au sol imp\u00e9ratif, * La livraison a lieu en modules pr\u00e9mont\u00e9s, * Les escaliers ne sont pas homologu\u00e9s pour des immeubles d&rsquo;habitation, * Disponible aussi avec des hauteurs, longueur ou largeur differents.  Veuillez prendre contacte avec nous.<\/p>\n","protected":false},"excerpt":{"rendered":"<p>* Passerelle stationnaire avec angle d&rsquo;inclinaison de 60\u00b0. Fabrication dans le respect de la norme DIN EN ISO 14122, * Marches en profil\u00e9s d&rsquo;aluminium, alternativement possible avec des marches caillebotis, * Avec une main courante, deuxi\u00e8me main courante pour un suppl\u00e9ment, * Avec corni\u00e8res en bas, vissage au sol imp\u00e9ratif, * La livraison a lieu<\/p>\n","protected":false},"featured_media":18475,"template":"","meta":{"_acf_changed":false},"product_brand":[],"product_cat":[9915],"product_tag":[],"class_list":{"0":"post-225760","1":"product","2":"type-product","3":"status-publish","4":"has-post-thumbnail","6":"product_cat-passerelle-de-franchissement","8":"first","9":"outofstock","10":"taxable","11":"shipping-taxable","12":"purchasable","13":"product-type-variable"},"acf":[],"yoast_head":"<!-- This site is optimized with the Yoast SEO plugin v24.8.1 - https:\/\/yoast.com\/wordpress\/plugins\/seo\/ -->\n<title>Passerelle d&#039;entretien stationnaire ou mobile | Alu Comfort |<\/title>\n<meta name=\"description\" content=\"Des passerelles stationnaires sont des escaliers avec plate-forme pour surmonter des obstacles comme des machines. Ce plateforme technique sur mesure est la solution d&#039;access aux machines.\" \/>\n<meta name=\"robots\" content=\"index, follow, max-snippet:-1, max-image-preview:large, max-video-preview:-1\" \/>\n<link rel=\"canonical\" href=\"https:\/\/www.alucomfort.be\/product\/overbruggingstrap-60\/\" \/>\n<meta property=\"og:locale\" content=\"fr_FR\" \/>\n<meta property=\"og:type\" content=\"article\" \/>\n<meta property=\"og:title\" content=\"Passerelle d&#039;entretien stationnaire ou mobile | Alu Comfort |\" \/>\n<meta property=\"og:description\" content=\"Des passerelles stationnaires sont des escaliers avec plate-forme pour surmonter des obstacles comme des machines. Ce plateforme technique sur mesure est la solution d&#039;access aux machines.\" \/>\n<meta property=\"og:url\" content=\"https:\/\/www.alucomfort.be\/product\/overbruggingstrap-60\/\" \/>\n<meta property=\"og:site_name\" content=\"Alu Comfort\" \/>\n<meta property=\"article:modified_time\" content=\"2025-10-29T21:15:19+00:00\" \/>\n<meta property=\"og:image\" content=\"https:\/\/www.alucomfort.be\/wp-content\/uploads\/KR-826497.png\" \/>\n\t<meta property=\"og:image:width\" content=\"530\" \/>\n\t<meta property=\"og:image:height\" content=\"497\" \/>\n\t<meta property=\"og:image:type\" content=\"image\/png\" \/>\n<meta name=\"twitter:card\" content=\"summary_large_image\" \/>\n<script type=\"application\/ld+json\" class=\"yoast-schema-graph\">{\"@context\":\"https:\/\/schema.org\",\"@graph\":[{\"@type\":\"WebPage\",\"@id\":\"https:\/\/www.alucomfort.be\/product\/overbruggingstrap-60\/\",\"url\":\"https:\/\/www.alucomfort.be\/product\/overbruggingstrap-60\/\",\"name\":\"Passerelle d'entretien stationnaire ou mobile | Alu Comfort |\",\"isPartOf\":{\"@id\":\"https:\/\/www.alucomfort.be\/#website\"},\"primaryImageOfPage\":{\"@id\":\"https:\/\/www.alucomfort.be\/product\/overbruggingstrap-60\/#primaryimage\"},\"image\":{\"@id\":\"https:\/\/www.alucomfort.be\/product\/overbruggingstrap-60\/#primaryimage\"},\"thumbnailUrl\":\"https:\/\/www.alucomfort.be\/wp-content\/uploads\/KR-826497.png\",\"datePublished\":\"2025-10-29T21:05:38+00:00\",\"dateModified\":\"2025-10-29T21:15:19+00:00\",\"description\":\"Des passerelles stationnaires sont des escaliers avec plate-forme pour surmonter des obstacles comme des machines. Ce plateforme technique sur mesure est la solution d'access aux machines.\",\"breadcrumb\":{\"@id\":\"https:\/\/www.alucomfort.be\/product\/overbruggingstrap-60\/#breadcrumb\"},\"inLanguage\":\"fr-FR\",\"potentialAction\":[{\"@type\":\"ReadAction\",\"target\":[\"https:\/\/www.alucomfort.be\/product\/overbruggingstrap-60\/\"]}]},{\"@type\":\"ImageObject\",\"inLanguage\":\"fr-FR\",\"@id\":\"https:\/\/www.alucomfort.be\/product\/overbruggingstrap-60\/#primaryimage\",\"url\":\"https:\/\/www.alucomfort.be\/wp-content\/uploads\/KR-826497.png\",\"contentUrl\":\"https:\/\/www.alucomfort.be\/wp-content\/uploads\/KR-826497.png\",\"width\":530,\"height\":497,\"caption\":\"Overstapbordes\"},{\"@type\":\"BreadcrumbList\",\"@id\":\"https:\/\/www.alucomfort.be\/product\/overbruggingstrap-60\/#breadcrumb\",\"itemListElement\":[{\"@type\":\"ListItem\",\"position\":1,\"name\":\"Home\",\"item\":\"https:\/\/www.alucomfort.be\/fr\/\"},{\"@type\":\"ListItem\",\"position\":2,\"name\":\"Producten\",\"item\":\"https:\/\/www.alucomfort.be\/producten\/\"},{\"@type\":\"ListItem\",\"position\":3,\"name\":\"Passerelle stationnaire &#8211; 60\u00b0\"}]},{\"@type\":\"WebSite\",\"@id\":\"https:\/\/www.alucomfort.be\/#website\",\"url\":\"https:\/\/www.alucomfort.be\/\",\"name\":\"Alu Comfort\",\"description\":\"\",\"potentialAction\":[{\"@type\":\"SearchAction\",\"target\":{\"@type\":\"EntryPoint\",\"urlTemplate\":\"https:\/\/www.alucomfort.be\/?s={search_term_string}\"},\"query-input\":{\"@type\":\"PropertyValueSpecification\",\"valueRequired\":true,\"valueName\":\"search_term_string\"}}],\"inLanguage\":\"fr-FR\"}]}<\/script>\n<!-- \/ Yoast SEO plugin. -->","yoast_head_json":{"title":"Passerelle d'entretien stationnaire ou mobile | Alu Comfort |","description":"Des passerelles stationnaires sont des escaliers avec plate-forme pour surmonter des obstacles comme des machines. Ce plateforme technique sur mesure est la solution d'access aux machines.","robots":{"index":"index","follow":"follow","max-snippet":"max-snippet:-1","max-image-preview":"max-image-preview:large","max-video-preview":"max-video-preview:-1"},"canonical":"https:\/\/www.alucomfort.be\/product\/overbruggingstrap-60\/","og_locale":"fr_FR","og_type":"article","og_title":"Passerelle d'entretien stationnaire ou mobile | Alu Comfort |","og_description":"Des passerelles stationnaires sont des escaliers avec plate-forme pour surmonter des obstacles comme des machines. Ce plateforme technique sur mesure est la solution d'access aux machines.","og_url":"https:\/\/www.alucomfort.be\/product\/overbruggingstrap-60\/","og_site_name":"Alu Comfort","article_modified_time":"2025-10-29T21:15:19+00:00","og_image":[{"width":530,"height":497,"url":"https:\/\/www.alucomfort.be\/wp-content\/uploads\/KR-826497.png","type":"image\/png"}],"twitter_card":"summary_large_image","schema":{"@context":"https:\/\/schema.org","@graph":[{"@type":"WebPage","@id":"https:\/\/www.alucomfort.be\/product\/overbruggingstrap-60\/","url":"https:\/\/www.alucomfort.be\/product\/overbruggingstrap-60\/","name":"Passerelle d'entretien stationnaire ou mobile | Alu Comfort |","isPartOf":{"@id":"https:\/\/www.alucomfort.be\/#website"},"primaryImageOfPage":{"@id":"https:\/\/www.alucomfort.be\/product\/overbruggingstrap-60\/#primaryimage"},"image":{"@id":"https:\/\/www.alucomfort.be\/product\/overbruggingstrap-60\/#primaryimage"},"thumbnailUrl":"https:\/\/www.alucomfort.be\/wp-content\/uploads\/KR-826497.png","datePublished":"2025-10-29T21:05:38+00:00","dateModified":"2025-10-29T21:15:19+00:00","description":"Des passerelles stationnaires sont des escaliers avec plate-forme pour surmonter des obstacles comme des machines. Ce plateforme technique sur mesure est la solution d'access aux machines.","breadcrumb":{"@id":"https:\/\/www.alucomfort.be\/product\/overbruggingstrap-60\/#breadcrumb"},"inLanguage":"fr-FR","potentialAction":[{"@type":"ReadAction","target":["https:\/\/www.alucomfort.be\/product\/overbruggingstrap-60\/"]}]},{"@type":"ImageObject","inLanguage":"fr-FR","@id":"https:\/\/www.alucomfort.be\/product\/overbruggingstrap-60\/#primaryimage","url":"https:\/\/www.alucomfort.be\/wp-content\/uploads\/KR-826497.png","contentUrl":"https:\/\/www.alucomfort.be\/wp-content\/uploads\/KR-826497.png","width":530,"height":497,"caption":"Overstapbordes"},{"@type":"BreadcrumbList","@id":"https:\/\/www.alucomfort.be\/product\/overbruggingstrap-60\/#breadcrumb","itemListElement":[{"@type":"ListItem","position":1,"name":"Home","item":"https:\/\/www.alucomfort.be\/fr\/"},{"@type":"ListItem","position":2,"name":"Producten","item":"https:\/\/www.alucomfort.be\/producten\/"},{"@type":"ListItem","position":3,"name":"Passerelle stationnaire &#8211; 60\u00b0"}]},{"@type":"WebSite","@id":"https:\/\/www.alucomfort.be\/#website","url":"https:\/\/www.alucomfort.be\/","name":"Alu Comfort","description":"","potentialAction":[{"@type":"SearchAction","target":{"@type":"EntryPoint","urlTemplate":"https:\/\/www.alucomfort.be\/?s={search_term_string}"},"query-input":{"@type":"PropertyValueSpecification","valueRequired":true,"valueName":"search_term_string"}}],"inLanguage":"fr-FR"}]}},"_links":{"self":[{"href":"https:\/\/www.alucomfort.be\/fr\/wp-json\/wp\/v2\/product\/225760","targetHints":{"allow":["GET"]}}],"collection":[{"href":"https:\/\/www.alucomfort.be\/fr\/wp-json\/wp\/v2\/product"}],"about":[{"href":"https:\/\/www.alucomfort.be\/fr\/wp-json\/wp\/v2\/types\/product"}],"wp:featuredmedia":[{"embeddable":true,"href":"https:\/\/www.alucomfort.be\/fr\/wp-json\/wp\/v2\/media\/18475"}],"wp:attachment":[{"href":"https:\/\/www.alucomfort.be\/fr\/wp-json\/wp\/v2\/media?parent=225760"}],"wp:term":[{"taxonomy":"product_brand","embeddable":true,"href":"https:\/\/www.alucomfort.be\/fr\/wp-json\/wp\/v2\/product_brand?post=225760"},{"taxonomy":"product_cat","embeddable":true,"href":"https:\/\/www.alucomfort.be\/fr\/wp-json\/wp\/v2\/product_cat?post=225760"},{"taxonomy":"product_tag","embeddable":true,"href":"https:\/\/www.alucomfort.be\/fr\/wp-json\/wp\/v2\/product_tag?post=225760"}],"curies":[{"name":"wp","href":"https:\/\/api.w.org\/{rel}","templated":true}]}}