

{"id":225802,"date":"2025-10-29T23:17:25","date_gmt":"2025-10-29T21:17:25","guid":{"rendered":"https:\/\/www.alucomfort.be\/product\/passerelle-de-franchissement-45\/"},"modified":"2025-10-29T23:26:58","modified_gmt":"2025-10-29T21:26:58","slug":"passerelle-de-franchissement-45","status":"publish","type":"product","link":"https:\/\/www.alucomfort.be\/fr\/product\/passerelle-de-franchissement-45\/","title":{"rendered":"Passerelle de franchissement &#8211; 45\u00b0"},"content":{"rendered":"<p>* Passerelle stationnaire avec angle d&rsquo;inclinaison de 45\u00b0.  Fabrication dans le respect de la norme DIN EN ISO 14122, * Marches en profil\u00e9s d&rsquo;aluminium, alternativement possible avec des marches caillebotis, * Avec une main courante, deuxi\u00e8me main courante pour un suppl\u00e9ment, * Avec corni\u00e8res en bas, vissage au sol imp\u00e9ratif, * La livraison a lieu en modules pr\u00e9mont\u00e9s, * Les escaliers ne sont pas homologu\u00e9s pour des immeubles d&rsquo;habitation, * Disponible aussi avec des hauteurs, longueurs ou largeurs differents.  Veuillez prendre contacte avec nous.<\/p>\n","protected":false},"excerpt":{"rendered":"<p>Passerelle de franchissement pour surmonter des obstacles comme des machines ou pour faciliter l&rsquo;entretien<\/p>\n","protected":false},"featured_media":2467,"template":"","meta":{"_acf_changed":false},"product_brand":[],"product_cat":[9915],"product_tag":[],"class_list":{"0":"post-225802","1":"product","2":"type-product","3":"status-publish","4":"has-post-thumbnail","6":"product_cat-passerelle-de-franchissement","8":"first","9":"outofstock","10":"taxable","11":"shipping-taxable","12":"purchasable","13":"product-type-variable"},"acf":[],"yoast_head":"<!-- This site is optimized with the Yoast SEO plugin v24.8.1 - https:\/\/yoast.com\/wordpress\/plugins\/seo\/ -->\n<title>Passerelle de franchissement | Alu Comfort |<\/title>\n<meta name=\"description\" content=\"Estrade pour l&#039;industrie en aluminium sur mesure. Passerelles stationnaires pour surmonter des obstacles comme des machines ou pour faciliter l&#039;entretien.\" \/>\n<meta name=\"robots\" content=\"index, follow, max-snippet:-1, max-image-preview:large, max-video-preview:-1\" \/>\n<link rel=\"canonical\" href=\"https:\/\/www.alucomfort.be\/product\/overbruggingstrap-45\/\" \/>\n<meta property=\"og:locale\" content=\"fr_FR\" \/>\n<meta property=\"og:type\" content=\"article\" \/>\n<meta property=\"og:title\" content=\"Passerelle de franchissement | Alu Comfort |\" \/>\n<meta property=\"og:description\" content=\"Estrade pour l&#039;industrie en aluminium sur mesure. Passerelles stationnaires pour surmonter des obstacles comme des machines ou pour faciliter l&#039;entretien.\" \/>\n<meta property=\"og:url\" content=\"https:\/\/www.alucomfort.be\/product\/overbruggingstrap-45\/\" \/>\n<meta property=\"og:site_name\" content=\"Alu Comfort\" \/>\n<meta property=\"article:modified_time\" content=\"2025-10-29T21:26:58+00:00\" \/>\n<meta property=\"og:image\" content=\"https:\/\/www.alucomfort.be\/wp-content\/uploads\/HR-2241-2.jpg\" \/>\n\t<meta property=\"og:image:width\" content=\"1837\" \/>\n\t<meta property=\"og:image:height\" content=\"1714\" \/>\n\t<meta property=\"og:image:type\" content=\"image\/jpeg\" \/>\n<meta name=\"twitter:card\" content=\"summary_large_image\" \/>\n<script type=\"application\/ld+json\" class=\"yoast-schema-graph\">{\"@context\":\"https:\/\/schema.org\",\"@graph\":[{\"@type\":\"WebPage\",\"@id\":\"https:\/\/www.alucomfort.be\/product\/overbruggingstrap-45\/\",\"url\":\"https:\/\/www.alucomfort.be\/product\/overbruggingstrap-45\/\",\"name\":\"Passerelle de franchissement | Alu Comfort |\",\"isPartOf\":{\"@id\":\"https:\/\/www.alucomfort.be\/#website\"},\"primaryImageOfPage\":{\"@id\":\"https:\/\/www.alucomfort.be\/product\/overbruggingstrap-45\/#primaryimage\"},\"image\":{\"@id\":\"https:\/\/www.alucomfort.be\/product\/overbruggingstrap-45\/#primaryimage\"},\"thumbnailUrl\":\"https:\/\/www.alucomfort.be\/wp-content\/uploads\/HR-2241-2.jpg\",\"datePublished\":\"2025-10-29T21:17:25+00:00\",\"dateModified\":\"2025-10-29T21:26:58+00:00\",\"description\":\"Estrade pour l'industrie en aluminium sur mesure. Passerelles stationnaires pour surmonter des obstacles comme des machines ou pour faciliter l'entretien.\",\"breadcrumb\":{\"@id\":\"https:\/\/www.alucomfort.be\/product\/overbruggingstrap-45\/#breadcrumb\"},\"inLanguage\":\"fr-FR\",\"potentialAction\":[{\"@type\":\"ReadAction\",\"target\":[\"https:\/\/www.alucomfort.be\/product\/overbruggingstrap-45\/\"]}]},{\"@type\":\"ImageObject\",\"inLanguage\":\"fr-FR\",\"@id\":\"https:\/\/www.alucomfort.be\/product\/overbruggingstrap-45\/#primaryimage\",\"url\":\"https:\/\/www.alucomfort.be\/wp-content\/uploads\/HR-2241-2.jpg\",\"contentUrl\":\"https:\/\/www.alucomfort.be\/wp-content\/uploads\/HR-2241-2.jpg\",\"width\":1837,\"height\":1714,\"caption\":\"OLYMPUS DIGITAL CAMERA\"},{\"@type\":\"BreadcrumbList\",\"@id\":\"https:\/\/www.alucomfort.be\/product\/overbruggingstrap-45\/#breadcrumb\",\"itemListElement\":[{\"@type\":\"ListItem\",\"position\":1,\"name\":\"Home\",\"item\":\"https:\/\/www.alucomfort.be\/fr\/\"},{\"@type\":\"ListItem\",\"position\":2,\"name\":\"Producten\",\"item\":\"https:\/\/www.alucomfort.be\/producten\/\"},{\"@type\":\"ListItem\",\"position\":3,\"name\":\"Passerelle de franchissement &#8211; 45\u00b0\"}]},{\"@type\":\"WebSite\",\"@id\":\"https:\/\/www.alucomfort.be\/#website\",\"url\":\"https:\/\/www.alucomfort.be\/\",\"name\":\"Alu Comfort\",\"description\":\"\",\"potentialAction\":[{\"@type\":\"SearchAction\",\"target\":{\"@type\":\"EntryPoint\",\"urlTemplate\":\"https:\/\/www.alucomfort.be\/?s={search_term_string}\"},\"query-input\":{\"@type\":\"PropertyValueSpecification\",\"valueRequired\":true,\"valueName\":\"search_term_string\"}}],\"inLanguage\":\"fr-FR\"}]}<\/script>\n<!-- \/ Yoast SEO plugin. -->","yoast_head_json":{"title":"Passerelle de franchissement | Alu Comfort |","description":"Estrade pour l'industrie en aluminium sur mesure. Passerelles stationnaires pour surmonter des obstacles comme des machines ou pour faciliter l'entretien.","robots":{"index":"index","follow":"follow","max-snippet":"max-snippet:-1","max-image-preview":"max-image-preview:large","max-video-preview":"max-video-preview:-1"},"canonical":"https:\/\/www.alucomfort.be\/product\/overbruggingstrap-45\/","og_locale":"fr_FR","og_type":"article","og_title":"Passerelle de franchissement | Alu Comfort |","og_description":"Estrade pour l'industrie en aluminium sur mesure. Passerelles stationnaires pour surmonter des obstacles comme des machines ou pour faciliter l'entretien.","og_url":"https:\/\/www.alucomfort.be\/product\/overbruggingstrap-45\/","og_site_name":"Alu Comfort","article_modified_time":"2025-10-29T21:26:58+00:00","og_image":[{"width":1837,"height":1714,"url":"https:\/\/www.alucomfort.be\/wp-content\/uploads\/HR-2241-2.jpg","type":"image\/jpeg"}],"twitter_card":"summary_large_image","schema":{"@context":"https:\/\/schema.org","@graph":[{"@type":"WebPage","@id":"https:\/\/www.alucomfort.be\/product\/overbruggingstrap-45\/","url":"https:\/\/www.alucomfort.be\/product\/overbruggingstrap-45\/","name":"Passerelle de franchissement | Alu Comfort |","isPartOf":{"@id":"https:\/\/www.alucomfort.be\/#website"},"primaryImageOfPage":{"@id":"https:\/\/www.alucomfort.be\/product\/overbruggingstrap-45\/#primaryimage"},"image":{"@id":"https:\/\/www.alucomfort.be\/product\/overbruggingstrap-45\/#primaryimage"},"thumbnailUrl":"https:\/\/www.alucomfort.be\/wp-content\/uploads\/HR-2241-2.jpg","datePublished":"2025-10-29T21:17:25+00:00","dateModified":"2025-10-29T21:26:58+00:00","description":"Estrade pour l'industrie en aluminium sur mesure. Passerelles stationnaires pour surmonter des obstacles comme des machines ou pour faciliter l'entretien.","breadcrumb":{"@id":"https:\/\/www.alucomfort.be\/product\/overbruggingstrap-45\/#breadcrumb"},"inLanguage":"fr-FR","potentialAction":[{"@type":"ReadAction","target":["https:\/\/www.alucomfort.be\/product\/overbruggingstrap-45\/"]}]},{"@type":"ImageObject","inLanguage":"fr-FR","@id":"https:\/\/www.alucomfort.be\/product\/overbruggingstrap-45\/#primaryimage","url":"https:\/\/www.alucomfort.be\/wp-content\/uploads\/HR-2241-2.jpg","contentUrl":"https:\/\/www.alucomfort.be\/wp-content\/uploads\/HR-2241-2.jpg","width":1837,"height":1714,"caption":"OLYMPUS DIGITAL CAMERA"},{"@type":"BreadcrumbList","@id":"https:\/\/www.alucomfort.be\/product\/overbruggingstrap-45\/#breadcrumb","itemListElement":[{"@type":"ListItem","position":1,"name":"Home","item":"https:\/\/www.alucomfort.be\/fr\/"},{"@type":"ListItem","position":2,"name":"Producten","item":"https:\/\/www.alucomfort.be\/producten\/"},{"@type":"ListItem","position":3,"name":"Passerelle de franchissement &#8211; 45\u00b0"}]},{"@type":"WebSite","@id":"https:\/\/www.alucomfort.be\/#website","url":"https:\/\/www.alucomfort.be\/","name":"Alu Comfort","description":"","potentialAction":[{"@type":"SearchAction","target":{"@type":"EntryPoint","urlTemplate":"https:\/\/www.alucomfort.be\/?s={search_term_string}"},"query-input":{"@type":"PropertyValueSpecification","valueRequired":true,"valueName":"search_term_string"}}],"inLanguage":"fr-FR"}]}},"_links":{"self":[{"href":"https:\/\/www.alucomfort.be\/fr\/wp-json\/wp\/v2\/product\/225802","targetHints":{"allow":["GET"]}}],"collection":[{"href":"https:\/\/www.alucomfort.be\/fr\/wp-json\/wp\/v2\/product"}],"about":[{"href":"https:\/\/www.alucomfort.be\/fr\/wp-json\/wp\/v2\/types\/product"}],"wp:featuredmedia":[{"embeddable":true,"href":"https:\/\/www.alucomfort.be\/fr\/wp-json\/wp\/v2\/media\/2467"}],"wp:attachment":[{"href":"https:\/\/www.alucomfort.be\/fr\/wp-json\/wp\/v2\/media?parent=225802"}],"wp:term":[{"taxonomy":"product_brand","embeddable":true,"href":"https:\/\/www.alucomfort.be\/fr\/wp-json\/wp\/v2\/product_brand?post=225802"},{"taxonomy":"product_cat","embeddable":true,"href":"https:\/\/www.alucomfort.be\/fr\/wp-json\/wp\/v2\/product_cat?post=225802"},{"taxonomy":"product_tag","embeddable":true,"href":"https:\/\/www.alucomfort.be\/fr\/wp-json\/wp\/v2\/product_tag?post=225802"}],"curies":[{"name":"wp","href":"https:\/\/api.w.org\/{rel}","templated":true}]}}