

{"id":226245,"date":"2026-04-23T23:17:04","date_gmt":"2026-04-23T21:17:04","guid":{"rendered":"https:\/\/www.alucomfort.be\/product\/echelle-de-laveur-de-vitres-a-marches-antiderapantes-r13\/"},"modified":"2026-04-23T23:22:30","modified_gmt":"2026-04-23T21:22:30","slug":"echelle-de-laveur-de-vitres-a-marches-antiderapantes-r13","status":"publish","type":"product","link":"https:\/\/www.alucomfort.be\/fr\/product\/echelle-de-laveur-de-vitres-a-marches-antiderapantes-r13\/","title":{"rendered":"\u00c9chelle de laveur de vitres \u00e0 marches antid\u00e9rapantes R13"},"content":{"rendered":"<p>* \u00c9chelle de laveur de vitres stable \u00e0 marches antid\u00e9rapantes R13 (80 mm), adapt\u00e9e \u00e0 un usage intensif, * Possibilit\u00e9 d&rsquo;acheter 2, 3 ou 4 plans. Il est toujours possible d&rsquo;acqu\u00e9rir des plans suppl\u00e9mentaires ult\u00e9rieurement, * \u00c9l\u00e9ment sup\u00e9rieur avec bloc d&rsquo;appui en caoutchouc souple non abrasif, dot\u00e9 d&rsquo;une d\u00e9coupe pour un positionnement parfait dans les angles et contre les profil\u00e9s de fen\u00eatres, * \u00c9quip\u00e9e d&rsquo;un large stabilisateur avec sabots antid\u00e9rapants, * Connexion embo\u00eetable stable avec verrouillage automatique et fixations rapides \u00e0 l&rsquo;int\u00e9rieur pour faciliter le rangement et le transport, * Hauteur de station debout maximale de pr\u00e8s de 5,00 m avec tous les plans assembl\u00e9s, * Capacit\u00e9 de charge \u00e9lev\u00e9e, jusqu&rsquo;\u00e0 150 kg.<\/p>\n","protected":false},"excerpt":{"rendered":"<p>\u00c9chelle lave-vitres antid\u00e9rapante R13<\/p>\n","protected":false},"featured_media":226210,"template":"","meta":{"_acf_changed":false},"product_brand":[],"product_cat":[9939],"product_tag":[],"class_list":{"0":"post-226245","1":"product","2":"type-product","3":"status-publish","4":"has-post-thumbnail","6":"product_cat-echelles-de-vitrier","8":"first","9":"outofstock","10":"taxable","11":"shipping-taxable","12":"purchasable","13":"product-type-variable"},"acf":[],"yoast_head":"<!-- This site is optimized with the Yoast SEO plugin v24.8.1 - https:\/\/yoast.com\/wordpress\/plugins\/seo\/ -->\n<title>\u00c9chelle Lave-Vitres R13 | Alu Comfort | Antid\u00e9rapante<\/title>\n<meta name=\"description\" content=\"Adh\u00e9rence maximale avec l&#039;\u00e9chelle de laveur de vitres \u00e0 marches antid\u00e9rapantes R13. Autonettoyante et certifi\u00e9e poste de travail. Achat s\u00e9curis\u00e9!\" \/>\n<meta name=\"robots\" content=\"index, follow, max-snippet:-1, max-image-preview:large, max-video-preview:-1\" \/>\n<link rel=\"canonical\" href=\"https:\/\/www.alucomfort.be\/product\/glazenwassersladder-met-r13-anti-slip-treden\/\" \/>\n<meta property=\"og:locale\" content=\"fr_FR\" \/>\n<meta property=\"og:type\" content=\"article\" \/>\n<meta property=\"og:title\" content=\"\u00c9chelle Lave-Vitres R13 | Alu Comfort | Antid\u00e9rapante\" \/>\n<meta property=\"og:description\" content=\"Adh\u00e9rence maximale avec l&#039;\u00e9chelle de laveur de vitres \u00e0 marches antid\u00e9rapantes R13. Autonettoyante et certifi\u00e9e poste de travail. Achat s\u00e9curis\u00e9!\" \/>\n<meta property=\"og:url\" content=\"https:\/\/www.alucomfort.be\/product\/glazenwassersladder-met-r13-anti-slip-treden\/\" \/>\n<meta property=\"og:site_name\" content=\"Alu Comfort\" \/>\n<meta property=\"article:modified_time\" content=\"2026-04-23T21:22:30+00:00\" \/>\n<meta name=\"twitter:card\" content=\"summary_large_image\" \/>\n<meta name=\"twitter:label1\" content=\"Dur\u00e9e de lecture estim\u00e9e\" \/>\n\t<meta name=\"twitter:data1\" content=\"1 minute\" \/>\n<script type=\"application\/ld+json\" class=\"yoast-schema-graph\">{\"@context\":\"https:\/\/schema.org\",\"@graph\":[{\"@type\":\"WebPage\",\"@id\":\"https:\/\/www.alucomfort.be\/product\/glazenwassersladder-met-r13-anti-slip-treden\/\",\"url\":\"https:\/\/www.alucomfort.be\/product\/glazenwassersladder-met-r13-anti-slip-treden\/\",\"name\":\"\u00c9chelle Lave-Vitres R13 | Alu Comfort | Antid\u00e9rapante\",\"isPartOf\":{\"@id\":\"https:\/\/www.alucomfort.be\/#website\"},\"primaryImageOfPage\":{\"@id\":\"https:\/\/www.alucomfort.be\/product\/glazenwassersladder-met-r13-anti-slip-treden\/#primaryimage\"},\"image\":{\"@id\":\"https:\/\/www.alucomfort.be\/product\/glazenwassersladder-met-r13-anti-slip-treden\/#primaryimage\"},\"thumbnailUrl\":\"https:\/\/www.alucomfort.be\/wp-content\/uploads\/Glazenwassersladder-Echelle-de-laveur-de-vitres.png\",\"datePublished\":\"2026-04-23T21:17:04+00:00\",\"dateModified\":\"2026-04-23T21:22:30+00:00\",\"description\":\"Adh\u00e9rence maximale avec l'\u00e9chelle de laveur de vitres \u00e0 marches antid\u00e9rapantes R13. Autonettoyante et certifi\u00e9e poste de travail. Achat s\u00e9curis\u00e9!\",\"breadcrumb\":{\"@id\":\"https:\/\/www.alucomfort.be\/product\/glazenwassersladder-met-r13-anti-slip-treden\/#breadcrumb\"},\"inLanguage\":\"fr-FR\",\"potentialAction\":[{\"@type\":\"ReadAction\",\"target\":[\"https:\/\/www.alucomfort.be\/product\/glazenwassersladder-met-r13-anti-slip-treden\/\"]}]},{\"@type\":\"ImageObject\",\"inLanguage\":\"fr-FR\",\"@id\":\"https:\/\/www.alucomfort.be\/product\/glazenwassersladder-met-r13-anti-slip-treden\/#primaryimage\",\"url\":\"https:\/\/www.alucomfort.be\/wp-content\/uploads\/Glazenwassersladder-Echelle-de-laveur-de-vitres.png\",\"contentUrl\":\"https:\/\/www.alucomfort.be\/wp-content\/uploads\/Glazenwassersladder-Echelle-de-laveur-de-vitres.png\",\"width\":1246,\"height\":1870,\"caption\":\"Glazenwassersladder \u00c9chelle de laveur de vitres\"},{\"@type\":\"BreadcrumbList\",\"@id\":\"https:\/\/www.alucomfort.be\/product\/glazenwassersladder-met-r13-anti-slip-treden\/#breadcrumb\",\"itemListElement\":[{\"@type\":\"ListItem\",\"position\":1,\"name\":\"Home\",\"item\":\"https:\/\/www.alucomfort.be\/fr\/\"},{\"@type\":\"ListItem\",\"position\":2,\"name\":\"Producten\",\"item\":\"https:\/\/www.alucomfort.be\/producten\/\"},{\"@type\":\"ListItem\",\"position\":3,\"name\":\"\u00c9chelle de laveur de vitres \u00e0 marches antid\u00e9rapantes R13\"}]},{\"@type\":\"WebSite\",\"@id\":\"https:\/\/www.alucomfort.be\/#website\",\"url\":\"https:\/\/www.alucomfort.be\/\",\"name\":\"Alu Comfort\",\"description\":\"\",\"potentialAction\":[{\"@type\":\"SearchAction\",\"target\":{\"@type\":\"EntryPoint\",\"urlTemplate\":\"https:\/\/www.alucomfort.be\/?s={search_term_string}\"},\"query-input\":{\"@type\":\"PropertyValueSpecification\",\"valueRequired\":true,\"valueName\":\"search_term_string\"}}],\"inLanguage\":\"fr-FR\"}]}<\/script>\n<!-- \/ Yoast SEO plugin. -->","yoast_head_json":{"title":"\u00c9chelle Lave-Vitres R13 | Alu Comfort | Antid\u00e9rapante","description":"Adh\u00e9rence maximale avec l'\u00e9chelle de laveur de vitres \u00e0 marches antid\u00e9rapantes R13. Autonettoyante et certifi\u00e9e poste de travail. Achat s\u00e9curis\u00e9!","robots":{"index":"index","follow":"follow","max-snippet":"max-snippet:-1","max-image-preview":"max-image-preview:large","max-video-preview":"max-video-preview:-1"},"canonical":"https:\/\/www.alucomfort.be\/product\/glazenwassersladder-met-r13-anti-slip-treden\/","og_locale":"fr_FR","og_type":"article","og_title":"\u00c9chelle Lave-Vitres R13 | Alu Comfort | Antid\u00e9rapante","og_description":"Adh\u00e9rence maximale avec l'\u00e9chelle de laveur de vitres \u00e0 marches antid\u00e9rapantes R13. Autonettoyante et certifi\u00e9e poste de travail. Achat s\u00e9curis\u00e9!","og_url":"https:\/\/www.alucomfort.be\/product\/glazenwassersladder-met-r13-anti-slip-treden\/","og_site_name":"Alu Comfort","article_modified_time":"2026-04-23T21:22:30+00:00","twitter_card":"summary_large_image","twitter_misc":{"Dur\u00e9e de lecture estim\u00e9e":"1 minute"},"schema":{"@context":"https:\/\/schema.org","@graph":[{"@type":"WebPage","@id":"https:\/\/www.alucomfort.be\/product\/glazenwassersladder-met-r13-anti-slip-treden\/","url":"https:\/\/www.alucomfort.be\/product\/glazenwassersladder-met-r13-anti-slip-treden\/","name":"\u00c9chelle Lave-Vitres R13 | Alu Comfort | Antid\u00e9rapante","isPartOf":{"@id":"https:\/\/www.alucomfort.be\/#website"},"primaryImageOfPage":{"@id":"https:\/\/www.alucomfort.be\/product\/glazenwassersladder-met-r13-anti-slip-treden\/#primaryimage"},"image":{"@id":"https:\/\/www.alucomfort.be\/product\/glazenwassersladder-met-r13-anti-slip-treden\/#primaryimage"},"thumbnailUrl":"https:\/\/www.alucomfort.be\/wp-content\/uploads\/Glazenwassersladder-Echelle-de-laveur-de-vitres.png","datePublished":"2026-04-23T21:17:04+00:00","dateModified":"2026-04-23T21:22:30+00:00","description":"Adh\u00e9rence maximale avec l'\u00e9chelle de laveur de vitres \u00e0 marches antid\u00e9rapantes R13. Autonettoyante et certifi\u00e9e poste de travail. Achat s\u00e9curis\u00e9!","breadcrumb":{"@id":"https:\/\/www.alucomfort.be\/product\/glazenwassersladder-met-r13-anti-slip-treden\/#breadcrumb"},"inLanguage":"fr-FR","potentialAction":[{"@type":"ReadAction","target":["https:\/\/www.alucomfort.be\/product\/glazenwassersladder-met-r13-anti-slip-treden\/"]}]},{"@type":"ImageObject","inLanguage":"fr-FR","@id":"https:\/\/www.alucomfort.be\/product\/glazenwassersladder-met-r13-anti-slip-treden\/#primaryimage","url":"https:\/\/www.alucomfort.be\/wp-content\/uploads\/Glazenwassersladder-Echelle-de-laveur-de-vitres.png","contentUrl":"https:\/\/www.alucomfort.be\/wp-content\/uploads\/Glazenwassersladder-Echelle-de-laveur-de-vitres.png","width":1246,"height":1870,"caption":"Glazenwassersladder \u00c9chelle de laveur de vitres"},{"@type":"BreadcrumbList","@id":"https:\/\/www.alucomfort.be\/product\/glazenwassersladder-met-r13-anti-slip-treden\/#breadcrumb","itemListElement":[{"@type":"ListItem","position":1,"name":"Home","item":"https:\/\/www.alucomfort.be\/fr\/"},{"@type":"ListItem","position":2,"name":"Producten","item":"https:\/\/www.alucomfort.be\/producten\/"},{"@type":"ListItem","position":3,"name":"\u00c9chelle de laveur de vitres \u00e0 marches antid\u00e9rapantes R13"}]},{"@type":"WebSite","@id":"https:\/\/www.alucomfort.be\/#website","url":"https:\/\/www.alucomfort.be\/","name":"Alu Comfort","description":"","potentialAction":[{"@type":"SearchAction","target":{"@type":"EntryPoint","urlTemplate":"https:\/\/www.alucomfort.be\/?s={search_term_string}"},"query-input":{"@type":"PropertyValueSpecification","valueRequired":true,"valueName":"search_term_string"}}],"inLanguage":"fr-FR"}]}},"_links":{"self":[{"href":"https:\/\/www.alucomfort.be\/fr\/wp-json\/wp\/v2\/product\/226245","targetHints":{"allow":["GET"]}}],"collection":[{"href":"https:\/\/www.alucomfort.be\/fr\/wp-json\/wp\/v2\/product"}],"about":[{"href":"https:\/\/www.alucomfort.be\/fr\/wp-json\/wp\/v2\/types\/product"}],"wp:featuredmedia":[{"embeddable":true,"href":"https:\/\/www.alucomfort.be\/fr\/wp-json\/wp\/v2\/media\/226210"}],"wp:attachment":[{"href":"https:\/\/www.alucomfort.be\/fr\/wp-json\/wp\/v2\/media?parent=226245"}],"wp:term":[{"taxonomy":"product_brand","embeddable":true,"href":"https:\/\/www.alucomfort.be\/fr\/wp-json\/wp\/v2\/product_brand?post=226245"},{"taxonomy":"product_cat","embeddable":true,"href":"https:\/\/www.alucomfort.be\/fr\/wp-json\/wp\/v2\/product_cat?post=226245"},{"taxonomy":"product_tag","embeddable":true,"href":"https:\/\/www.alucomfort.be\/fr\/wp-json\/wp\/v2\/product_tag?post=226245"}],"curies":[{"name":"wp","href":"https:\/\/api.w.org\/{rel}","templated":true}]}}